{"id":35490,"date":"2024-08-08T07:50:09","date_gmt":"2024-08-08T10:50:09","guid":{"rendered":"https:\/\/www.casadainjecao.com.br\/loja\/?post_type=product&#038;p=35490"},"modified":"2026-03-29T19:59:16","modified_gmt":"2026-03-29T22:59:16","slug":"sensor-temperatura-do-ar-vw-tiguan-tsi-06b905379d","status":"publish","type":"product","link":"https:\/\/www.casadainjecao.com.br\/loja\/autopecas\/motor\/sensor-temperatua\/sensor-temperatura-do-ar-vw-tiguan-tsi-06b905379d\/","title":{"rendered":"Sensor Temperatura do Ar VW Tiguan TSI &#8211; 06B905379D"},"content":{"rendered":"<h2 class=\"product-name\">Sensor Temperatura do Ar com Detalhes<\/h2>\n<p>&nbsp;<\/p>\n<p>&nbsp;<\/p>\n<ul>\n<li data-start=\"1411\" data-end=\"1460\">\n<p data-start=\"1413\" data-end=\"1460\"><strong data-start=\"1413\" data-end=\"1442\">Volkswagen Tiguan 2.0 TSI<\/strong> \u2014 <em data-start=\"1445\" data-end=\"1458\">\u00a02009 2010 2011 2012 2013 2014 2015 2016 2017<\/em><\/p>\n<\/li>\n<li data-start=\"1461\" data-end=\"1515\">\n<p data-start=\"1463\" data-end=\"1515\"><strong data-start=\"1463\" data-end=\"1497\">Volkswagen Jetta 1.8 \/ 2.0 TSI<\/strong> \u2014 <em data-start=\"1500\" data-end=\"1513\">2008 2009 2010 2011 2012 2013 2014 2015 2016 2017<\/em><\/p>\n<\/li>\n<li data-start=\"1516\" data-end=\"1569\">\n<p data-start=\"1518\" data-end=\"1569\"><strong data-start=\"1518\" data-end=\"1551\">Volkswagen Golf 1.8 \/ 2.0 TSI<\/strong> \u2014 <em data-start=\"1554\" data-end=\"1567\">\u00a02002 2003 2004 2005 2006 2007 2008 2009 2010 2011 2012 2013 2014 2015 2016 2017<\/em><\/p>\n<\/li>\n<li data-start=\"1570\" data-end=\"1626\">\n<p data-start=\"1572\" data-end=\"1626\"><strong data-start=\"1572\" data-end=\"1608\">Volkswagen Passat 2.0 TSI \/ 2.0T<\/strong> \u2014 <em data-start=\"1611\" data-end=\"1624\">\u00a02003 2004 2005 2006 2007 2008 2009 2010 2011 2012 2013 2014<\/em><\/p>\n<\/li>\n<li data-start=\"1627\" data-end=\"1673\">\n<p data-start=\"1629\" data-end=\"1673\"><strong data-start=\"1629\" data-end=\"1655\">Volkswagen Eos 2.0 TSI<\/strong> \u2014 <em data-start=\"1658\" data-end=\"1671\">\u00a02009 2010 2011<\/em><\/p>\n<\/li>\n<li data-start=\"1674\" data-end=\"1714\">\n<p data-start=\"1676\" data-end=\"1714\"><strong data-start=\"1676\" data-end=\"1696\">Audi A3 2.0 TFSI<\/strong> \u2014 <em data-start=\"1699\" data-end=\"1712\">\u00a02005 2006 2007 2008 2009 2010 2011 2012 2013<\/em><\/p>\n<\/li>\n<li data-start=\"1715\" data-end=\"1761\">\n<p data-start=\"1717\" data-end=\"1761\"><strong data-start=\"1717\" data-end=\"1743\">Audi A4 1.8 \/ 2.0 TFSI<\/strong> \u2014 <em data-start=\"1746\" data-end=\"1759\">\u00a02002 2003 2004 2005 2006 2007 2008 2009 2010 2011 2012 2013<\/em><\/p>\n<\/li>\n<li data-start=\"1762\" data-end=\"1802\">\n<p data-start=\"1764\" data-end=\"1802\"><strong data-start=\"1764\" data-end=\"1784\">Audi A5 2.0 TFSI<\/strong> \u2014 <em data-start=\"1787\" data-end=\"1800\">\u00a02010 2011 2012 2013<\/em><\/p>\n<\/li>\n<li data-start=\"1803\" data-end=\"1955\">\n<p data-start=\"1805\" data-end=\"1955\"><strong data-start=\"1805\" data-end=\"1825\">Audi Q5 2.0 TFSI<\/strong> \u2014 <em data-start=\"1828\" data-end=\"1841\">\u00a02009 2010 2011 2012<\/em><\/p>\n<\/li>\n<\/ul>\n<h4 class=\"product-name\">C\u00f3digo de Refer\u00eancia:<\/h4>\n<p class=\"product-name\">06B905379D<\/p>\n<h4><strong>Condi\u00e7\u00f5es:<\/strong><\/h4>\n<p>Produto Usado \/ Marca Luxembourg<\/p>\n<h4><strong>Garantia:<\/strong><\/h4>\n<p>3 Meses<\/p>\n<h3><strong>ATEN\u00c7\u00c3O: Antes de efetuar a compra verifique o c\u00f3digo da sua pe\u00e7a que est\u00e1 instalada no seu ve\u00edculo.<\/strong><\/h3>\n<h5><\/h5>\n<p>A Casa da Inje\u00e7\u00e3o oferece total garantia nos produtos comprados em nosso site.<\/p>\n<p>Cada item \u00e9 rigorosamente testado antes do envio<\/p>\n<p>Se os itens estiverem danificados ou parcialmente defeituosos, entre em contato conosco.<\/p>\n<p>Procure um profissional devidamente licenciado para a instala\u00e7\u00e3o e fa\u00e7a revis\u00f5es periodicamente. A empresa n\u00e3o se responsabiliza por problemas oriundos da m\u00e1 instala\u00e7\u00e3o ou com a falta de cuidados peri\u00f3dicos dos componentes.<\/p>\n<p>Se houver qualquer defeito, n\u00f3s lhe enviaremos uma substitui\u00e7\u00e3o ap\u00f3s receber o pacote ou devolvemos seu dinheiro.<\/p>\n<p>Leia nossa\u00a0<a href=\"https:\/\/www.casadainjecao.com.br\/loja\/politica-de-devolucao\">pol\u00edtica de devolu\u00e7\u00e3o aqui<\/a><\/p>\n<p>\u2014\u2014\u2014\u2014\u2014\u2014\u2014\u2014\u2014\u2014\u2014\u2014\u2014\u2014\u2014\u2014\u2014\u2014\u2014\u2013<\/p>\n<p>Tem alguma d\u00favida?<\/p>\n<p>Entre em contato que podemos ajudar!<\/p>\n<p>Confira as informa\u00e7\u00f5es adicionais abaixo:<\/p>\n<p>Todos os nossos produtos s\u00e3o novos, semi-novos, originais e paralelos possuem garantia.<\/p>\n<p>Todos os produtos anunciados est\u00e3o dispon\u00edveis em estoque e s\u00e3o enviados com extrema rapidez.<\/p>\n<p>O frete pode ser simulado antes de efetuar a compra, basta clicar em \u201cver custos de envio\u201d.<\/p>\n<p>Verifique o endere\u00e7o de entrega cadastrado e atualize caso necess\u00e1rio.<\/p>\n<p>Confirme se a pe\u00e7a \u00e9 correta para o seu modelo de ve\u00edculo.<\/p>\n<p>Para pe\u00e7as automotivas, recomendamos a instala\u00e7\u00e3o por um profissional especializado.<\/p>\n<p>Caso possua outras d\u00favidas, entre em contato.<\/p>\n","protected":false},"excerpt":{"rendered":"<h2>Sensor Temperatura do Ar VW Tiguan TSI &#8211; 06B905379D<\/h2>\n","protected":false},"featured_media":35544,"template":"","meta":{"_seopress_robots_primary_cat":"none","_seopress_titles_title":"","_seopress_titles_desc":"","_seopress_robots_index":"","_joinchat":[]},"product_cat":[22,2216,2217],"product_tag":[698,848,1475,1497],"berocket_brand":[396],"_links":{"self":[{"href":"https:\/\/www.casadainjecao.com.br\/loja\/wp-json\/wp\/v2\/product\/35490"}],"collection":[{"href":"https:\/\/www.casadainjecao.com.br\/loja\/wp-json\/wp\/v2\/product"}],"about":[{"href":"https:\/\/www.casadainjecao.com.br\/loja\/wp-json\/wp\/v2\/types\/product"}],"wp:featuredmedia":[{"embeddable":true,"href":"https:\/\/www.casadainjecao.com.br\/loja\/wp-json\/wp\/v2\/media\/35544"}],"wp:attachment":[{"href":"https:\/\/www.casadainjecao.com.br\/loja\/wp-json\/wp\/v2\/media?parent=35490"}],"wp:term":[{"taxonomy":"product_cat","embeddable":true,"href":"https:\/\/www.casadainjecao.com.br\/loja\/wp-json\/wp\/v2\/product_cat?post=35490"},{"taxonomy":"product_tag","embeddable":true,"href":"https:\/\/www.casadainjecao.com.br\/loja\/wp-json\/wp\/v2\/product_tag?post=35490"},{"taxonomy":"berocket_brand","embeddable":true,"href":"https:\/\/www.casadainjecao.com.br\/loja\/wp-json\/wp\/v2\/berocket_brand?post=35490"}],"curies":[{"name":"wp","href":"https:\/\/api.w.org\/{rel}","templated":true}]}}