{"id":35579,"date":"2024-08-13T08:46:08","date_gmt":"2024-08-13T11:46:08","guid":{"rendered":"https:\/\/www.casadainjecao.com.br\/loja\/?post_type=product&#038;p=35579"},"modified":"2024-09-09T14:48:22","modified_gmt":"2024-09-09T17:48:22","slug":"resistencia-eletroventilador-gm-corsa-classic-52466657","status":"publish","type":"product","link":"https:\/\/www.casadainjecao.com.br\/loja\/autopecas\/ar-condicionado\/comando-do-ar\/resistencia-eletroventilador-gm-corsa-classic-52466657\/","title":{"rendered":"Resistencia Eletroventilador Gm Corsa Classic &#8211; 524666"},"content":{"rendered":"<h1 class=\"ui-pdp-title\">Resistencia Eletroventilador Caixa de Ar = R27K\u00a0 R73K\u00a0 1R7K<\/h1>\n<h3>CHEVROLET<\/h3>\n<h3 class=\"ui-pdp-title\">CLASSIC LS 1.0 VHC FLEXPOWER 4P 2010\/ 2010<br \/>\nCORSA GL 1.6 MPFI \/ 1.4 EFI 2P E 4P &#8211; GASOLINA 1994\/2000<br \/>\nCORSA GLS 1.6 MPFI 5P &#8211; GASOLINA 1999\/2001<br \/>\nCORSA GSI 16V &#8211; GASOLINA 1995\/1996<br \/>\nCORSA PICK-UP GL\/ CHAMP 1.6 MPFI \/ EFI &#8211; GASOLINA 1995\/2001<br \/>\nCORSA PICK-UP SPORT 1.6 MPFI &#8211; GASOLINA 2002\/2003<br \/>\nCORSA PICK-UP STD\/ RODEIO 1.6 MPFI &#8211; GASOLINA 1998\/2003<br \/>\nCORSA SED CLAS.SPIRIT 1.6MPFI VHC 8V &#8211; GASOLINA 2005\/2006<br \/>\nCORSA SED CLAS.SUPER 1.6MPFI VHC 8V &#8211; GASOLINA 2005\/2005<br \/>\nCORSA SED CLASS.LIFE 1.0 FLEXPOWER 2005\/2009<br \/>\nCORSA SED CLASS.SPIRIT 1.0 FLEXPOWER 2005\/2009<br \/>\nCORSA SED CLASS.SUPER 1.0 FLEXPOWER 2005\/2009<br \/>\nCORSA SED CLASSIC LIFE 1.6 MPFI VHC 8V &#8211; GASOLINA 2005\/2007<br \/>\nCORSA SED CLASSIC SPIRIT 1.6 MPFI VHC 8V &#8211; GASOLINA 2005\/2007<br \/>\nCORSA SED CLASSIC SUPER 1.6 MPFI VHC 8V &#8211; GASOLINA 2004\/2006<br \/>\nCORSA SED.WIND 1.0\/MILLENIUM\/CLASSIC VHC &#8211; ALCOOL 2000\/2005<br \/>\nCORSA SED.WIND 1.0\/MILLENIUM\/CLASSIC VHC &#8211; GASOLINA 1999\/2005<br \/>\nCORSA SEDAN GL 1.6 MPFI 4P &#8211; GASOLINA 1995\/2001<br \/>\nCORSA SEDAN GLS 1.6 16V MPFI 4P &#8211; GASOLINA 1997\/2001<br \/>\nCORSA SEDAN GLS 1.6 MPFI 4P &#8211; GASOLINA 1996\/2001<br \/>\nCORSA SEDAN SUPER 1.0 MPFI 16V 4P &#8211; GASOLINA 1999\/2002<br \/>\nCORSA SEDAN SUPER 1.0 MPFI 4P &#8211; GASOLINA 1998\/1999<br \/>\nCORSA SEDAN SUPER MILENIUM 1.0 MPFI 16V &#8211; GASOLINA 1999\/2002<br \/>\nCORSA SEDAN SUPER\/ CLASSIC 1.6 MPFI 8V 4 &#8211; GASOLINA 2001\/2004<br \/>\nCORSA SUPER 1.0 MPFI \/ 2P E 4P &#8211; GASOLINA 1995\/1999<br \/>\nCORSA SUPER 1.0 MPFI 16V 3P &#8211; GASOLINA 1999\/2000<br \/>\nCORSA SUPER 1.0 MPFI 16V 5P &#8211; GASOLINA 1998\/2002<br \/>\nCORSA SUPER 1.6 MPFI 8V 5P &#8211; GASOLINA 2001\/2002<br \/>\nCORSA WAGON GL 1.6 MPFI 4P &#8211; GASOLINA 1997\/1999<br \/>\nCORSA WAGON GLS 1.6 16V MPFI 4P &#8211; GASOLINA 1997\/2001<br \/>\nCORSA WAGON GLS 1.6 8V 4P &#8211; GASOLINA 1997\/2001<br \/>\nCORSA WAGON SUPER 1.0 MPFI 16V &#8211; GASOLINA 1999\/2002<br \/>\nCORSA WAGON SUPER 1.6 MPFI 8V &#8211; GASOLINA 2001\/2002<br \/>\nCORSA WIND 1.0 MPF\/MILLENIUMI\/ EFI 4P &#8211; ALCOOL 1999\/2002<br \/>\nCORSA WIND 1.0 MPF\/MILLENIUMI\/ EFI 4P &#8211; GASOLINA 1996\/2002<br \/>\nCORSA WIND 1.0 MPFI \/ EFI 2P &#8211; ALCOOL 2000\/2000<br \/>\nCORSA WIND 1.0 MPFI \/ EFI 2P &#8211; GASOLINA 1994\/2002<br \/>\nCORSA WIND 1.6 MPFI 2P &#8211; GASOLINA 1998\/2002<br \/>\nCORSA WIND 1.6 MPFI 4P &#8211; GASOLINA 1998\/2002<br \/>\nCORSA WIND PIQUET\/ CHAMP 1.0 MPFI 2P &#8211; GASOLINA 1997\/1999<\/h3>\n<h3 class=\"ui-pdp-title\">C\u00f3digo de Refer\u00eancia:<\/h3>\n<h3 class=\"ui-pdp-title\">52466657<\/h3>\n<h5><strong>Condi\u00e7\u00f5es:<\/strong><\/h5>\n<h5><strong>Produto Novo Original \/ Marca Brose<\/strong><\/h5>\n<h5><strong>Garantia:<\/strong><\/h5>\n<h5><strong>3 Meses<\/strong><\/h5>\n<h3><strong>ATEN\u00c7\u00c3O: Antes de efetuar a compra verifique o c\u00f3digo da sua pe\u00e7a que est\u00e1 instalada no seu ve\u00edculo.<\/strong><\/h3>\n<h5><\/h5>\n<h5><strong>A Casa da Inje\u00e7\u00e3o oferece total garantia nos produtos comprados em nosso site.<\/strong><\/h5>\n<h5><strong>Cada item \u00e9 rigorosamente testado antes do envio<\/strong><\/h5>\n<h5><strong>Se os itens estiverem danificados ou parcialmente defeituosos, entre em contato conosco.<\/strong><\/h5>\n<h5><strong>Procure um profissional devidamente licenciado para a instala\u00e7\u00e3o e fa\u00e7a revis\u00f5es periodicamente. A empresa n\u00e3o se responsabiliza por problemas oriundos da m\u00e1 instala\u00e7\u00e3o ou com a falta de cuidados peri\u00f3dicos dos componentes.<\/strong><\/h5>\n<h5><strong>Se houver qualquer defeito, n\u00f3s lhe enviaremos uma substitui\u00e7\u00e3o ap\u00f3s receber o pacote ou devolvemos seu dinheiro.<\/strong><\/h5>\n<h5><strong>Leia nossa\u00a0<\/strong><a href=\"https:\/\/www.casadainjecao.com.br\/loja\/politica-de-devolucao\"><strong>pol\u00edtica de devolu\u00e7\u00e3o aqui<\/strong><\/a><\/h5>\n<h5><strong>\u2014\u2014\u2014\u2014\u2014\u2014\u2014\u2014\u2014\u2014\u2014\u2014\u2014\u2014\u2014\u2014\u2014\u2014\u2014\u2013<\/strong><\/h5>\n<h5><strong>Tem alguma d\u00favida?<\/strong><\/h5>\n<h5><strong>Entre em contato que podemos ajudar!<\/strong><\/h5>\n<h5><strong>Confira as informa\u00e7\u00f5es adicionais abaixo:<\/strong><\/h5>\n<h5><strong>Todos os nossos produtos s\u00e3o novos, semi-novos, originais e paralelos possuem garantia.<\/strong><\/h5>\n<h5><strong>Todos os produtos anunciados est\u00e3o dispon\u00edveis em estoque e s\u00e3o enviados com extrema rapidez.<\/strong><\/h5>\n<h5><strong>O frete pode ser simulado antes de efetuar a compra, basta clicar em \u201cver custos de envio\u201d.<\/strong><\/h5>\n<h5><strong>Verifique o endere\u00e7o de entrega cadastrado e atualize caso necess\u00e1rio.<\/strong><\/h5>\n<h5><strong>Confirme se a pe\u00e7a \u00e9 correta para o seu modelo de ve\u00edculo.<\/strong><\/h5>\n<h5><strong>Para pe\u00e7as automotivas, recomendamos a instala\u00e7\u00e3o por um profissional especializado.<\/strong><\/h5>\n<h5><strong>Caso possua outras d\u00favidas, entre em contato.<\/strong><\/h5>\n","protected":false},"excerpt":{"rendered":"<h2>Resistencia Eletroventilador Gm Corsa Classic &#8211; 52466657<\/h2>\n","protected":false},"featured_media":35582,"template":"","meta":{"_seopress_robots_primary_cat":"none","_seopress_titles_title":"","_seopress_titles_desc":"","_seopress_robots_index":"","_joinchat":[]},"product_cat":[16,58,79],"product_tag":[115],"berocket_brand":[381],"_links":{"self":[{"href":"https:\/\/www.casadainjecao.com.br\/loja\/wp-json\/wp\/v2\/product\/35579"}],"collection":[{"href":"https:\/\/www.casadainjecao.com.br\/loja\/wp-json\/wp\/v2\/product"}],"about":[{"href":"https:\/\/www.casadainjecao.com.br\/loja\/wp-json\/wp\/v2\/types\/product"}],"wp:featuredmedia":[{"embeddable":true,"href":"https:\/\/www.casadainjecao.com.br\/loja\/wp-json\/wp\/v2\/media\/35582"}],"wp:attachment":[{"href":"https:\/\/www.casadainjecao.com.br\/loja\/wp-json\/wp\/v2\/media?parent=35579"}],"wp:term":[{"taxonomy":"product_cat","embeddable":true,"href":"https:\/\/www.casadainjecao.com.br\/loja\/wp-json\/wp\/v2\/product_cat?post=35579"},{"taxonomy":"product_tag","embeddable":true,"href":"https:\/\/www.casadainjecao.com.br\/loja\/wp-json\/wp\/v2\/product_tag?post=35579"},{"taxonomy":"berocket_brand","embeddable":true,"href":"https:\/\/www.casadainjecao.com.br\/loja\/wp-json\/wp\/v2\/berocket_brand?post=35579"}],"curies":[{"name":"wp","href":"https:\/\/api.w.org\/{rel}","templated":true}]}}