{"id":35744,"date":"2024-08-19T09:19:35","date_gmt":"2024-08-19T12:19:35","guid":{"rendered":"https:\/\/www.casadainjecao.com.br\/loja\/autopecas\/sem%20categoria\/kit-4-bicos-injetor-idea-attractive-italia-1-4-0280156269\/"},"modified":"2026-05-01T13:30:14","modified_gmt":"2026-05-01T16:30:14","slug":"kit-4-bicos-injetor-idea-attractive-italia-1-4-0280156269","status":"publish","type":"product","link":"https:\/\/www.casadainjecao.com.br\/loja\/autopecas\/injecao-eletronica\/bico-injetor\/kit-4-bicos-injetor-idea-attractive-italia-1-4-0280156269\/","title":{"rendered":"Kit 4 Bicos Injetor Idea Attractive It\u00e1lia 1.4 &#8211; 0280"},"content":{"rendered":"<h2><span style=\"color: #666666; font-family: Proxima Nova, -apple-system, Roboto, Arial, sans-serif;\"><span style=\"font-size: 20px;\">Bico Injetor\/Valvula inje\u00e7\u00e3o<\/span><\/span><\/h2>\n<p><span style=\"color: #666666; font-family: Proxima Nova, -apple-system, Roboto, Arial, sans-serif;\"><span style=\"font-size: 20px;\">Kit 4 Bicos Injetores\u00a0<\/span><\/span><\/p>\n<p><span style=\"color: #666666; font-family: 'Proxima Nova', -apple-system, Roboto, Arial, sans-serif; font-size: 20px;\">Montadora: Fiat<\/span><br style=\"color: #666666; font-family: 'Proxima Nova', -apple-system, Roboto, Arial, sans-serif; font-size: 20px;\" \/><span style=\"color: #666666; font-family: 'Proxima Nova', -apple-system, Roboto, Arial, sans-serif; font-size: 20px;\">Ve\u00edculo: Idea<\/span><br style=\"color: #666666; font-family: 'Proxima Nova', -apple-system, Roboto, Arial, sans-serif; font-size: 20px;\" \/><span style=\"color: #666666; font-family: 'Proxima Nova', -apple-system, Roboto, Arial, sans-serif; font-size: 20px;\">Motor: 1.4 flex<\/span><br style=\"color: #666666; font-family: 'Proxima Nova', -apple-system, Roboto, Arial, sans-serif; font-size: 20px;\" \/><span style=\"color: #666666; font-family: 'Proxima Nova', -apple-system, Roboto, Arial, sans-serif; font-size: 20px;\">Ano de Fabrica\u00e7\u00e3o: 2005 2006 2007 2008 2009 2010 2011 2012 2013 2014 2015 2016<\/span><br style=\"color: #666666; font-family: 'Proxima Nova', -apple-system, Roboto, Arial, sans-serif; font-size: 20px;\" \/><br style=\"color: #666666; font-family: 'Proxima Nova', -apple-system, Roboto, Arial, sans-serif; font-size: 20px;\" \/><span style=\"color: #666666; font-family: 'Proxima Nova', -apple-system, Roboto, Arial, sans-serif; font-size: 20px;\">Ve\u00edculo: Idea Attractive<\/span><br style=\"color: #666666; font-family: 'Proxima Nova', -apple-system, Roboto, Arial, sans-serif; font-size: 20px;\" \/><span style=\"color: #666666; font-family: 'Proxima Nova', -apple-system, Roboto, Arial, sans-serif; font-size: 20px;\">Motor: 1.4 flex;<\/span><br style=\"color: #666666; font-family: 'Proxima Nova', -apple-system, Roboto, Arial, sans-serif; font-size: 20px;\" \/><span style=\"color: #666666; font-family: 'Proxima Nova', -apple-system, Roboto, Arial, sans-serif; font-size: 20px;\">Ano de Fabrica\u00e7\u00e3o: 2011 2012 2013 2014 2015 2016<\/span><br style=\"color: #666666; font-family: 'Proxima Nova', -apple-system, Roboto, Arial, sans-serif; font-size: 20px;\" \/><br style=\"color: #666666; font-family: 'Proxima Nova', -apple-system, Roboto, Arial, sans-serif; font-size: 20px;\" \/><span style=\"color: #666666; font-family: 'Proxima Nova', -apple-system, Roboto, Arial, sans-serif; font-size: 20px;\">Ve\u00edculo: Idea Elx<\/span><br style=\"color: #666666; font-family: 'Proxima Nova', -apple-system, Roboto, Arial, sans-serif; font-size: 20px;\" \/><span style=\"color: #666666; font-family: 'Proxima Nova', -apple-system, Roboto, Arial, sans-serif; font-size: 20px;\">Motor: 1.4 flex<\/span><br style=\"color: #666666; font-family: 'Proxima Nova', -apple-system, Roboto, Arial, sans-serif; font-size: 20px;\" \/><span style=\"color: #666666; font-family: 'Proxima Nova', -apple-system, Roboto, Arial, sans-serif; font-size: 20px;\">Ano de Fabrica\u00e7\u00e3o: 2006 2007 2008 2009 2010<\/span><br style=\"color: #666666; font-family: 'Proxima Nova', -apple-system, Roboto, Arial, sans-serif; font-size: 20px;\" \/><br style=\"color: #666666; font-family: 'Proxima Nova', -apple-system, Roboto, Arial, sans-serif; font-size: 20px;\" \/><span style=\"color: #666666; font-family: 'Proxima Nova', -apple-system, Roboto, Arial, sans-serif; font-size: 20px;\">Ve\u00edculo: Idea It\u00e1lia;<\/span><br style=\"color: #666666; font-family: 'Proxima Nova', -apple-system, Roboto, Arial, sans-serif; font-size: 20px;\" \/><span style=\"color: #666666; font-family: 'Proxima Nova', -apple-system, Roboto, Arial, sans-serif; font-size: 20px;\">Motor: 1.4 flex;<\/span><br style=\"color: #666666; font-family: 'Proxima Nova', -apple-system, Roboto, Arial, sans-serif; font-size: 20px;\" \/><span style=\"color: #666666; font-family: 'Proxima Nova', -apple-system, Roboto, Arial, sans-serif; font-size: 20px;\">Ano de Fabrica\u00e7\u00e3o: 2013<\/span><br style=\"color: #666666; font-family: 'Proxima Nova', -apple-system, Roboto, Arial, sans-serif; font-size: 20px;\" \/><br style=\"color: #666666; font-family: 'Proxima Nova', -apple-system, Roboto, Arial, sans-serif; font-size: 20px;\" \/><span style=\"color: #666666; font-family: 'Proxima Nova', -apple-system, Roboto, Arial, sans-serif; font-size: 20px;\">C\u00f3digos: &#8211; 0280156269<\/span><br style=\"color: #666666; font-family: 'Proxima Nova', -apple-system, Roboto, Arial, sans-serif; font-size: 20px;\" \/><br style=\"color: #666666; font-family: 'Proxima Nova', -apple-system, Roboto, Arial, sans-serif; font-size: 20px;\" \/><\/p>\n<h3><span data-contrast=\"none\">ATEN\u00c7\u00c3O: Antes de efetuar a compra, verifique o c\u00f3digo da pe\u00e7a instalada em seu ve\u00edculo. Recomendamos a instala\u00e7\u00e3o por um profissional licenciado e revis\u00f5es peri\u00f3dicas. A empresa n\u00e3o se responsabiliza por problemas decorrentes de m\u00e1 instala\u00e7\u00e3o ou falta de cuidados peri\u00f3dicos.<\/span><\/h3>\n<h5><\/h5>\n<h5><strong>A Casa da Inje\u00e7\u00e3o oferece total garantia nos produtos comprados em nosso site.<\/strong><\/h5>\n<h5><strong>Cada item \u00e9 rigorosamente testado antes do envio<\/strong><\/h5>\n<h5><strong>Se os itens estiverem danificados ou parcialmente defeituosos, entre em contato conosco.<\/strong><\/h5>\n<h5><strong>Procure um profissional devidamente licenciado para a instala\u00e7\u00e3o e fa\u00e7a revis\u00f5es periodicamente. A empresa n\u00e3o se responsabiliza por problemas oriundos da m\u00e1 instala\u00e7\u00e3o ou com a falta de cuidados peri\u00f3dicos dos componentes.<\/strong><\/h5>\n<h5><strong>Se houver qualquer defeito, n\u00f3s lhe enviaremos uma substitui\u00e7\u00e3o ap\u00f3s receber o pacote ou devolvemos seu dinheiro.<\/strong><\/h5>\n<h5><strong>Leia nossa\u00a0<\/strong><a href=\"https:\/\/www.casadainjecao.com.br\/loja\/politica-de-devolucao\">pol\u00edtica de devolu\u00e7\u00e3o aqui<\/a><\/h5>\n<h5><strong>\u2014\u2014\u2014\u2014\u2014\u2014\u2014\u2014\u2014\u2014\u2014\u2014\u2014\u2014\u2014\u2014\u2014\u2014\u2014\u2013<\/strong><\/h5>\n<h5><strong>Tem alguma d\u00favida?<\/strong><\/h5>\n<h5><strong>Entre em contato que podemos ajudar!<\/strong><\/h5>\n<h5><strong>Confira as informa\u00e7\u00f5es adicionais abaixo:<\/strong><\/h5>\n<h5><strong>Todos os nossos produtos s\u00e3o novos, semi-novos, originais e paralelos possuem garantia.<\/strong><\/h5>\n<h5><strong>Todos os produtos anunciados est\u00e3o dispon\u00edveis em estoque e s\u00e3o enviados com extrema rapidez.<\/strong><\/h5>\n<h5><strong>O frete pode ser simulado antes de efetuar a compra, basta clicar em \u201cver custos de envio\u201d.<\/strong><\/h5>\n<h5><strong>Verifique o endere\u00e7o de entrega cadastrado e atualize caso necess\u00e1rio.<\/strong><\/h5>\n<h5><strong>Confirme se a pe\u00e7a \u00e9 correta para o seu modelo de ve\u00edculo.<\/strong><\/h5>\n<h5><strong>Para pe\u00e7as automotivas, recomendamos a instala\u00e7\u00e3o por um profissional especializado.<\/strong><\/h5>\n<h5><strong>Caso possua outras d\u00favidas, entre em contato.<\/strong><\/h5>\n","protected":false},"excerpt":{"rendered":"<h2>Kit 4 Bicos Injetor Idea Attractive It\u00e1lia 1.4 &#8211; 0280156269<\/h2>\n","protected":false},"featured_media":44980,"template":"","meta":{"_seopress_robots_primary_cat":"none","_seopress_titles_title":"","_seopress_titles_desc":"","_seopress_robots_index":"","_kad_blocks_custom_css":"","_kad_blocks_head_custom_js":"","_kad_blocks_body_custom_js":"","_kad_blocks_footer_custom_js":"","_joinchat":[]},"product_cat":[256,21],"product_tag":[709],"berocket_brand":[383],"taxonomy_info":{"product_cat":[{"value":256,"label":"Bico Injetor"},{"value":21,"label":"Inje\u00e7\u00e3o Eletr\u00f4nica"}],"product_tag":[{"value":709,"label":"Idea"}],"berocket_brand":[{"value":383,"label":"Fiat"}]},"featured_image_src_large":["https:\/\/www.casadainjecao.com.br\/loja\/wp-content\/uploads\/2024\/08\/0280156269-920x920.jpg",640,640,true],"author_info":[],"comment_info":"","_links":{"self":[{"href":"https:\/\/www.casadainjecao.com.br\/loja\/wp-json\/wp\/v2\/product\/35744"}],"collection":[{"href":"https:\/\/www.casadainjecao.com.br\/loja\/wp-json\/wp\/v2\/product"}],"about":[{"href":"https:\/\/www.casadainjecao.com.br\/loja\/wp-json\/wp\/v2\/types\/product"}],"wp:featuredmedia":[{"embeddable":true,"href":"https:\/\/www.casadainjecao.com.br\/loja\/wp-json\/wp\/v2\/media\/44980"}],"wp:attachment":[{"href":"https:\/\/www.casadainjecao.com.br\/loja\/wp-json\/wp\/v2\/media?parent=35744"}],"wp:term":[{"taxonomy":"product_cat","embeddable":true,"href":"https:\/\/www.casadainjecao.com.br\/loja\/wp-json\/wp\/v2\/product_cat?post=35744"},{"taxonomy":"product_tag","embeddable":true,"href":"https:\/\/www.casadainjecao.com.br\/loja\/wp-json\/wp\/v2\/product_tag?post=35744"},{"taxonomy":"berocket_brand","embeddable":true,"href":"https:\/\/www.casadainjecao.com.br\/loja\/wp-json\/wp\/v2\/berocket_brand?post=35744"}],"curies":[{"name":"wp","href":"https:\/\/api.w.org\/{rel}","templated":true}]}}