{"id":35837,"date":"2024-08-27T17:10:35","date_gmt":"2024-08-27T20:10:35","guid":{"rendered":"https:\/\/www.casadainjecao.com.br\/loja\/?post_type=product&#038;p=35837"},"modified":"2026-04-29T18:43:05","modified_gmt":"2026-04-29T21:43:05","slug":"bobina-ignicao-renault-clio-sandero-1-0-1-6-8v-7700274008","status":"publish","type":"product","link":"https:\/\/www.casadainjecao.com.br\/loja\/autopecas\/eletrica\/bobina-de-ignicao\/bobina-ignicao-renault-clio-sandero-1-0-1-6-8v-7700274008\/","title":{"rendered":"Bobina Igni\u00e7\u00e3o Clio Kangoo Sandero Logan 7700274008"},"content":{"rendered":"<h2>Bobina de Igni\u00e7\u00e3o<\/h2>\n<h2>Aplica\u00e7\u00e3o:<br \/>\nCompat\u00edvel com ve\u00edculos da linha Renault<\/h2>\n<p>&#8211; Clio 1.0 8V \u2013 2000 2001 2002 2003 2004 2005 2006 2007 2008 (Gera\u00e7\u00e3o II)<br \/>\n&#8211; Kangoo 1.0 8V \u2013 2000 2001 2002<br \/>\n&#8211; Logan 1.6 8V \u2013 2014 2005 2006 2007 2008 2009 2010 2011 2012 2013 2014 2015 2016 2017 (Gera\u00e7\u00e3o II)<br \/>\n&#8211; Sandero 1.6 8V \u2013 2008 2009 2010 2011 2012 2013 2014 (Gera\u00e7\u00e3o I)<br \/>\n&#8211; Twingo 1.0 8V \u2013 1999 2000 2001<\/p>\n<p>C\u00f3digos de refer\u00eancia:<br \/>\n7700274008 | F000ZS0221 | 155016 | CE20048 | 2526151A | 245105 | 30551 | 7901015<\/p>\n<p>Condi\u00e7\u00e3o:<br \/>\nProduto novo<br \/>\nMarca: Torken<\/p>\n<h3>Garantia:<br \/>\n3 meses<\/h3>\n<h3>ATEN\u00c7\u00c3O:<br \/>\nAntes de efetuar a compra, verifique se o c\u00f3digo da pe\u00e7a instalada em seu ve\u00edculo \u00e9 compat\u00edvel com este produto.<\/h3>\n<p>A Casa da Inje\u00e7\u00e3o oferece total garantia nos produtos comprados em nosso site.<\/p>\n<p>Cada item \u00e9 rigorosamente testado antes do envio<br \/>\nSe os itens estiverem danificados ou parcialmente defeituosos, entre em contato conosco.<br \/>\nSe houver qualquer defeito, n\u00f3s lhe enviaremos uma substitui\u00e7\u00e3o ap\u00f3s receber o pacote ou devolvemos seu dinheiro.<\/p>\n<p>Leia nossa\u00a0pol\u00edtica de devolu\u00e7\u00e3o aqui<br \/>\n\u2014\u2014\u2014\u2014\u2014\u2014\u2014\u2014\u2014\u2014\u2014\u2014\u2014\u2014\u2014\u2014\u2014\u2014\u2014\u2013<\/p>\n<p>Tem alguma d\u00favida?<\/p>\n<p>Entre em contato que podemos ajudar!<\/p>\n<p>Confira as informa\u00e7\u00f5es adicionais abaixo:<\/p>\n<p>Todos os nossos produtos s\u00e3o novos, semi-novos, originais e paralelos possuem garantia.<br \/>\nTodos os produtos anunciados est\u00e3o dispon\u00edveis em estoque e s\u00e3o enviados com extrema rapidez.<br \/>\nO frete pode ser simulado antes de efetuar a compra, basta clicar em \u201cver custos de envio\u201d.<br \/>\nVerifique o endere\u00e7o de entrega cadastrado e atualize caso necess\u00e1rio.<br \/>\nConfirme se a pe\u00e7a \u00e9 correta para o seu modelo de ve\u00edculo.<br \/>\nPara pe\u00e7as automotivas, recomendamos a instala\u00e7\u00e3o por um profissional especializado.<br \/>\nCaso possua outras d\u00favidas, entre em contato<\/p>\n","protected":false},"excerpt":{"rendered":"<h2>Bobina Igni\u00e7\u00e3o Renault Clio Kangoo Sandero Logan 1.0 1.6 8V 7700274008<\/h2>\n","protected":false},"featured_media":22699,"template":"","meta":{"_seopress_robots_primary_cat":"none","_seopress_titles_title":"","_seopress_titles_desc":"","_seopress_robots_index":"","_joinchat":[]},"product_cat":[106,17],"product_tag":[49,57,66,91,53],"berocket_brand":[394],"_links":{"self":[{"href":"https:\/\/www.casadainjecao.com.br\/loja\/wp-json\/wp\/v2\/product\/35837"}],"collection":[{"href":"https:\/\/www.casadainjecao.com.br\/loja\/wp-json\/wp\/v2\/product"}],"about":[{"href":"https:\/\/www.casadainjecao.com.br\/loja\/wp-json\/wp\/v2\/types\/product"}],"wp:featuredmedia":[{"embeddable":true,"href":"https:\/\/www.casadainjecao.com.br\/loja\/wp-json\/wp\/v2\/media\/22699"}],"wp:attachment":[{"href":"https:\/\/www.casadainjecao.com.br\/loja\/wp-json\/wp\/v2\/media?parent=35837"}],"wp:term":[{"taxonomy":"product_cat","embeddable":true,"href":"https:\/\/www.casadainjecao.com.br\/loja\/wp-json\/wp\/v2\/product_cat?post=35837"},{"taxonomy":"product_tag","embeddable":true,"href":"https:\/\/www.casadainjecao.com.br\/loja\/wp-json\/wp\/v2\/product_tag?post=35837"},{"taxonomy":"berocket_brand","embeddable":true,"href":"https:\/\/www.casadainjecao.com.br\/loja\/wp-json\/wp\/v2\/berocket_brand?post=35837"}],"curies":[{"name":"wp","href":"https:\/\/api.w.org\/{rel}","templated":true}]}}