{"id":35918,"date":"2024-09-03T17:28:36","date_gmt":"2024-09-03T20:28:36","guid":{"rendered":"https:\/\/www.casadainjecao.com.br\/loja\/autopecas\/sem%20categoria\/junta-da-tampa-valvulas-original-fiat-bravo-doblo-55242412\/"},"modified":"2024-09-04T14:12:43","modified_gmt":"2024-09-04T17:12:43","slug":"junta-da-tampa-valvulas-original-fiat-bravo-doblo-55242412","status":"publish","type":"product","link":"https:\/\/www.casadainjecao.com.br\/loja\/autopecas\/escapamento\/juntas\/junta-da-tampa-valvulas-original-fiat-bravo-doblo-55242412\/","title":{"rendered":"Junta Da Tampa Valvulas Original Fiat Bravo Doblo &#8211; 55"},"content":{"rendered":"<p><strong>Junta da Tampa de V\u00e1lvula Original<\/strong><\/p>\n<p><strong>Compatibilidade:<\/strong><\/p>\n<ul>\n<li><strong>Motores:<\/strong> 1.6 e 1.8 E-TORQ<\/li>\n<li><strong>Modelos e Anos:<\/strong>\n<ul>\n<li><strong>Bravo:<\/strong> Absolute, Essence, Sporting (2011-2020)<\/li>\n<li><strong>Doblo:<\/strong> Advent, Cargo, Essence (2010-2020)<\/li>\n<li><strong>Dodge:<\/strong> Vision (2015-2020)<\/li>\n<li><strong>Grand Siena:<\/strong> Essence (2013-2020)<\/li>\n<li><strong>Idea:<\/strong> Adventure, Essence, Sporting (2011-2020)<\/li>\n<li><strong>Linea:<\/strong> 16v (2011-2016)<\/li>\n<li><strong>Novo Palio:<\/strong> Essence, Sporting (2012-2020)<\/li>\n<li><strong>Palio:<\/strong> Adventure (2013-2014)<\/li>\n<li><strong>Punto:<\/strong> Blackmotion, Essence, Sporting (2013-2020)<\/li>\n<li><strong>Ram 700:<\/strong> Club Adventure, Single, Trekking (2015-2020)<\/li>\n<li><strong>Siena:<\/strong> El (2016-2020)<\/li>\n<li><strong>Strada:<\/strong> Adventure, Trekking (2011-2020)<\/li>\n<li><strong>Weekend:<\/strong> Adventure, Trekking (2015-2020)<\/li>\n<\/ul>\n<\/li>\n<\/ul>\n<p><strong>Detalhes do Produto:<\/strong><\/p>\n<ul>\n<li><strong>C\u00f3digo:<\/strong> 55242412<\/li>\n<li><strong>Condi\u00e7\u00e3o:<\/strong> Novo, Original<\/li>\n<\/ul>\n<p><strong>ATEN\u00c7\u00c3O: Antes de efetuar a compra verifique o c\u00f3digo da sua pe\u00e7a que est\u00e1 instalado no seu ve\u00edculo.<\/strong><\/p>\n<ul>\n<li>MOPAR\u00ae \u00e9 a marca de pe\u00e7as de reposi\u00e7\u00e3o genu\u00ednas do Grupo Stellantis, respons\u00e1vel pelas marcas Fiat, Jeep, Peugeot, Citro\u00ebn e RAM. As pe\u00e7as e acess\u00f3rios MOPAR\u00ae s\u00e3o criadas pelas mesmas equipes que projetaram seu ve\u00edculo, atendendo a todos os padr\u00f5es de f\u00e1brica, que garantem excelente desempenho.<\/li>\n<\/ul>\n<p>&nbsp;<\/p>\n<h5><strong>A Casa da Inje\u00e7\u00e3o oferece total garantia nos produtos comprados em nosso site.<\/strong><\/h5>\n<h5><strong>Cada item \u00e9 rigorosamente testado antes do envio<\/strong><\/h5>\n<h5><strong>Se os itens estiverem danificados ou parcialmente defeituosos, entre em contato conosco.<\/strong><\/h5>\n<h5><strong>Procure um profissional devidamente licenciado para a instala\u00e7\u00e3o e fa\u00e7a revis\u00f5es periodicamente. A empresa n\u00e3o se responsabiliza por problemas oriundos da m\u00e1 instala\u00e7\u00e3o ou com a falta de cuidados peri\u00f3dicos dos componentes.<\/strong><\/h5>\n<h5><strong>Se houver qualquer defeito, n\u00f3s lhe enviaremos uma substitui\u00e7\u00e3o ap\u00f3s receber o pacote ou devolvemos seu dinheiro.<\/strong><\/h5>\n<h5><strong>Leia nossa <\/strong><a href=\"https:\/\/www.casadainjecao.com.br\/loja\/politica-de-devolucao\">pol\u00edtica de devolu\u00e7\u00e3o aqui<\/a><\/h5>\n<h5><strong>\u2014\u2014\u2014\u2014\u2014\u2014\u2014\u2014\u2014\u2014\u2014\u2014\u2014\u2014\u2014\u2014\u2014\u2014\u2014\u2013<\/strong><\/h5>\n<h5><strong>Tem alguma d\u00favida?<\/strong><\/h5>\n<h5><strong>Entre em contato que podemos ajudar!<\/strong><\/h5>\n<h5><strong>Confira as informa\u00e7\u00f5es adicionais abaixo:<\/strong><\/h5>\n<h5><strong>Todos os nossos produtos s\u00e3o novos, semi-novos, originais e paralelos possuem garantia.<\/strong><\/h5>\n<h5><strong>Todos os produtos anunciados est\u00e3o dispon\u00edveis em estoque e s\u00e3o enviados com extrema rapidez.<\/strong><\/h5>\n<h5><strong>O frete pode ser simulado antes de efetuar a compra, basta clicar em \u201cver custos de envio\u201d.<\/strong><\/h5>\n<h5><strong>Verifique o endere\u00e7o de entrega cadastrado e atualize caso necess\u00e1rio.<\/strong><\/h5>\n<h5><strong>Confirme se a pe\u00e7a \u00e9 correta para o seu modelo de ve\u00edculo.<\/strong><\/h5>\n<h5><strong>Para pe\u00e7as automotivas, recomendamos a instala\u00e7\u00e3o por um profissional especializado.<\/strong><\/h5>\n<h5><strong>Caso possua outras d\u00favidas, entre em contato.<\/strong><\/h5>\n<p>&nbsp;<\/p>\n<p>&nbsp;<\/p>\n","protected":false},"excerpt":{"rendered":"<h1 class=\"ui-pdp-title\" style=\"line-height: 1.18; margin: 0px 28px 0px 0px; font-family: 'Proxima Nova', -apple-system, Roboto, Arial, sans-serif; font-size: 22px; padding: 0px; flex: 1 1 auto;\">Junta Da Tampa De Valvulas Original Fiat Bravo Doblo Strada &#8211;\u00a055242412<\/h1>\n","protected":false},"featured_media":35969,"template":"","meta":{"_seopress_robots_primary_cat":"none","_seopress_titles_title":"","_seopress_titles_desc":"","_seopress_robots_index":"","_seopress_analysis_target_kw":"","_kad_blocks_custom_css":"","_kad_blocks_head_custom_js":"","_kad_blocks_body_custom_js":"","_kad_blocks_footer_custom_js":"","_kadence_starter_templates_imported_post":false,"_joinchat":[]},"product_brand":[],"product_cat":[165,222,22],"product_tag":[1489,247,709,1100,119,108,121],"berocket_brand":[383],"class_list":{"0":"post-35918","1":"product","2":"type-product","3":"status-publish","4":"has-post-thumbnail","6":"product_cat-juntas","7":"product_cat-juntas-motor","8":"product_cat-motor","9":"product_tag-bravo","10":"product_tag-doblo","11":"product_tag-idea","12":"product_tag-linea","13":"product_tag-palio","14":"product_tag-punto","15":"product_tag-strada","16":"berocket_brand-fiat","17":"thunk-woo-product-list","18":"big-store-woo-hover-zoom","19":"open-single-product-tab-horizontal","20":"open-shadow-","21":"open-shadow-hover-","23":"first","24":"instock","25":"taxable","26":"shipping-taxable","27":"purchasable","28":"product-type-simple"},"taxonomy_info":{"product_cat":[{"value":165,"label":"Juntas"},{"value":222,"label":"Juntas"},{"value":22,"label":"Motor"}],"product_tag":[{"value":1489,"label":"Bravo"},{"value":247,"label":"Doblo"},{"value":709,"label":"Idea"},{"value":1100,"label":"Linea"},{"value":119,"label":"Palio"},{"value":108,"label":"Punto"},{"value":121,"label":"Strada"}],"berocket_brand":[{"value":383,"label":"Fiat"}]},"featured_image_src_large":["https:\/\/www.casadainjecao.com.br\/loja\/wp-content\/uploads\/2024\/09\/Junta-Da-Tampa-Valvula-Orig-Bravo-55242412-920x920.jpg",640,640,true],"author_info":[],"comment_info":"","_links":{"self":[{"href":"https:\/\/www.casadainjecao.com.br\/loja\/wp-json\/wp\/v2\/product\/35918","targetHints":{"allow":["GET"]}}],"collection":[{"href":"https:\/\/www.casadainjecao.com.br\/loja\/wp-json\/wp\/v2\/product"}],"about":[{"href":"https:\/\/www.casadainjecao.com.br\/loja\/wp-json\/wp\/v2\/types\/product"}],"wp:featuredmedia":[{"embeddable":true,"href":"https:\/\/www.casadainjecao.com.br\/loja\/wp-json\/wp\/v2\/media\/35969"}],"wp:attachment":[{"href":"https:\/\/www.casadainjecao.com.br\/loja\/wp-json\/wp\/v2\/media?parent=35918"}],"wp:term":[{"taxonomy":"product_brand","embeddable":true,"href":"https:\/\/www.casadainjecao.com.br\/loja\/wp-json\/wp\/v2\/product_brand?post=35918"},{"taxonomy":"product_cat","embeddable":true,"href":"https:\/\/www.casadainjecao.com.br\/loja\/wp-json\/wp\/v2\/product_cat?post=35918"},{"taxonomy":"product_tag","embeddable":true,"href":"https:\/\/www.casadainjecao.com.br\/loja\/wp-json\/wp\/v2\/product_tag?post=35918"},{"taxonomy":"berocket_brand","embeddable":true,"href":"https:\/\/www.casadainjecao.com.br\/loja\/wp-json\/wp\/v2\/berocket_brand?post=35918"}],"curies":[{"name":"wp","href":"https:\/\/api.w.org\/{rel}","templated":true}]}}