{"id":35931,"date":"2024-09-03T18:00:38","date_gmt":"2024-09-03T21:00:38","guid":{"rendered":"https:\/\/www.casadainjecao.com.br\/loja\/autopecas\/sem%20categoria\/comutador-interruptor-ar-condicionado-fiat-palio-7082589\/"},"modified":"2026-05-04T10:50:00","modified_gmt":"2026-05-04T13:50:00","slug":"comutador-interruptor-ar-condicionado-fiat-palio-7082589","status":"publish","type":"product","link":"https:\/\/www.casadainjecao.com.br\/loja\/autopecas\/interior\/comutador\/comutador-interruptor-ar-condicionado-fiat-palio-7082589\/","title":{"rendered":"Interruptor Ar Condicionado Fiat Palio &#8211; 7082589"},"content":{"rendered":"<h1><strong>Comutador Interruptor do Ventilador do Ar Condicionado Mopar Original<\/strong><\/h1>\n<p><strong> FIAT<\/strong><\/p>\n<ul>\n<li><strong>Grand Siena<\/strong>\u00a0&#8211; 2012 a 2021<\/li>\n<li><strong>Idea<\/strong>\u00a0&#8211; 2006 a 2010<\/li>\n<li><strong>Idea Fase 1<\/strong>\u00a0&#8211; 2011 a 2016<\/li>\n<li><strong>Linea<\/strong>\u00a0&#8211; 2009 a 2014<\/li>\n<li><strong>Novo Fiorino<\/strong>\u00a0&#8211; 2011 a 2021<\/li>\n<li><strong>Novo Palio<\/strong>\u00a0&#8211; 2012 a 2017<\/li>\n<li><strong>Novo Uno<\/strong>\u00a0&#8211; 2011 a 2014<\/li>\n<li><strong>Novo Uno Fase 1<\/strong>\u00a0&#8211; 2015 a 2016<\/li>\n<li><strong>Novo Uno Fase 2<\/strong>\u00a0&#8211; 2016 a 2021<\/li>\n<li><strong>Novo Uno Furgoneta<\/strong>\u00a0&#8211; 2011 a 2016<\/li>\n<li><strong>Palio Fase 1<\/strong>\u00a0&#8211; 2001 a 2007<\/li>\n<li><strong>Palio Fase 2<\/strong>\u00a0&#8211; 2004 a 2017<\/li>\n<li><strong>Palio Fase 3<\/strong>\u00a0&#8211; 2008 a 2012<\/li>\n<li><strong>Palio Weekend Fase 1<\/strong>\u00a0&#8211; 2001 a 2007<\/li>\n<li><strong>Palio Weekend Fase 2<\/strong>\u00a0&#8211; 2004 a 2008<\/li>\n<li><strong>Palio Weekend Fase 3<\/strong>\u00a0&#8211; 2008 a 2012<\/li>\n<li><strong>Punto<\/strong>\u00a0&#8211; 2008 a 2012<\/li>\n<li><strong>Punto Fase 1<\/strong>\u00a0&#8211; 2013 a 2017<\/li>\n<li><strong>Siena Fase 1<\/strong>\u00a0&#8211; 2001 a 2007<\/li>\n<li><strong>Siena Fase 2<\/strong>\u00a0&#8211; 2004 a 2013<\/li>\n<li><strong>Siena Fase 3<\/strong>\u00a0&#8211; 2008 a 2012<\/li>\n<li><strong>Strada Fase 1<\/strong>\u00a0&#8211; 2001 a 2007<\/li>\n<li><strong>Strada Fase 2<\/strong>\u00a0&#8211; 2004 a 2013<\/li>\n<li><strong>Strada Fase 3<\/strong>\u00a0&#8211; 2008 a 2012<\/li>\n<li><strong>Strada Fase 4<\/strong>\u00a0&#8211; 2013 a 2020<\/li>\n<\/ul>\n<h3><span style=\"color: #666666; font-family: 'Proxima Nova', -apple-system, Roboto, Arial, sans-serif; font-size: 20px;\">Ficha Tecnica:<\/span><\/h3>\n<h3><span style=\"color: #666666; font-family: 'Proxima Nova', -apple-system, Roboto, Arial, sans-serif; font-size: 20px;\">C\u00f3digo: &#8211; 7082589<\/span><\/h3>\n<h3><span style=\"color: #666666; font-family: 'Proxima Nova', -apple-system, Roboto, Arial, sans-serif; font-size: 20px;\">Marca: Mopar<\/span><\/h3>\n<h3><span style=\"color: #666666; font-family: 'Proxima Nova', -apple-system, Roboto, Arial, sans-serif; font-size: 20px;\">Produto Novo Original<\/span><\/h3>\n<h3><span style=\"color: #666666; font-family: 'Proxima Nova', -apple-system, Roboto, Arial, sans-serif; font-size: 20px;\">Grantia: 3 Meses<\/span><\/h3>\n<p><strong>Aten\u00e7\u00e3o:<\/strong> Antes de comprar, verifique o c\u00f3digo da pe\u00e7a instalado no seu ve\u00edculo.<\/p>\n<p class=\"MsoListParagraph\" style=\"margin-bottom: 0cm; text-indent: -18.0pt;\"><!-- [if !supportLists]--><span style=\"font-family: Symbol;\">\u00b7<span style=\"font-size: 7pt; line-height: normal; font-family: 'Times New Roman';\">\u00a0\u00a0\u00a0\u00a0\u00a0\u00a0\u00a0\u00a0 <\/span><\/span><!--[endif]--><span style=\"font-family: 'Times New Roman',serif;\">MOPAR\u00ae \u00e9 a marca de pe\u00e7as de reposi\u00e7\u00e3o genu\u00ednas do Grupo Stellantis, respons\u00e1vel pelas marcas Fiat, Jeep, Peugeot, Citro\u00ebn e RAM. As pe\u00e7as e acess\u00f3rios MOPAR\u00ae s\u00e3o criadas pelas mesmas equipes que projetaram seu ve\u00edculo, atendendo a todos os padr\u00f5es de f\u00e1brica, que garantem excelente desempenho.<\/span><\/p>\n<p>&nbsp;<\/p>\n<p><strong>ATEN\u00c7\u00c3O: Antes de efetuar a compra verifique o c\u00f3digo da sua pe\u00e7a que est\u00e1 instalado no seu ve\u00edculo.<\/strong><\/p>\n<h5><strong>A Casa da Inje\u00e7\u00e3o oferece total garantia nos produtos comprados em nosso site.<\/strong><\/h5>\n<h5><strong>Cada item \u00e9 rigorosamente testado antes do envio<\/strong><\/h5>\n<h5><strong>Se os itens estiverem danificados ou parcialmente defeituosos, entre em contato conosco.<\/strong><\/h5>\n<h5><strong>Procure um profissional devidamente licenciado para a instala\u00e7\u00e3o e fa\u00e7a revis\u00f5es periodicamente. A empresa n\u00e3o se responsabiliza por problemas oriundos da m\u00e1 instala\u00e7\u00e3o ou com a falta de cuidados peri\u00f3dicos dos componentes.<\/strong><\/h5>\n<h5><strong>Se houver qualquer defeito, n\u00f3s lhe enviaremos uma substitui\u00e7\u00e3o ap\u00f3s receber o pacote ou devolvemos seu dinheiro.<\/strong><\/h5>\n<h5><strong>Leia nossa <\/strong><a href=\"https:\/\/www.casadainjecao.com.br\/loja\/politica-de-devolucao\">pol\u00edtica de devolu\u00e7\u00e3o aqui<\/a><\/h5>\n<h5><strong>\u2014\u2014\u2014\u2014\u2014\u2014\u2014\u2014\u2014\u2014\u2014\u2014\u2014\u2014\u2014\u2014\u2014\u2014\u2014\u2013<\/strong><\/h5>\n<h5><strong>Tem alguma d\u00favida?<\/strong><\/h5>\n<h5><strong>Entre em contato que podemos ajudar!<\/strong><\/h5>\n<h5><strong>Confira as informa\u00e7\u00f5es adicionais abaixo:<\/strong><\/h5>\n<h5><strong>Todos os nossos produtos s\u00e3o novos, semi-novos, originais e paralelos possuem garantia.<\/strong><\/h5>\n<h5><strong>Todos os produtos anunciados est\u00e3o dispon\u00edveis em estoque e s\u00e3o enviados com extrema rapidez.<\/strong><\/h5>\n<h5><strong>O frete pode ser simulado antes de efetuar a compra, basta clicar em \u201cver custos de envio\u201d.<\/strong><\/h5>\n<h5><strong>Verifique o endere\u00e7o de entrega cadastrado e atualize caso necess\u00e1rio.<\/strong><\/h5>\n<h5><strong>Confirme se a pe\u00e7a \u00e9 correta para o seu modelo de ve\u00edculo.<\/strong><\/h5>\n<h5><strong>Para pe\u00e7as automotivas, recomendamos a instala\u00e7\u00e3o por um profissional especializado.<\/strong><\/h5>\n<h5><strong>Caso possua outras d\u00favidas, entre em contato.<\/strong><\/h5>\n<h3><strong>\u00a0<\/strong><\/h3>\n","protected":false},"excerpt":{"rendered":"<h1 class=\"ui-pdp-title\" style=\"line-height: 1.18; margin: 0px 28px 0px 0px; font-family: 'Proxima Nova', -apple-system, Roboto, Arial, sans-serif; font-size: 22px; padding: 0px; flex: 1 1 auto;\">Comutador Interruptor Ar Condicionado Original<\/h1>\n<h1 class=\"ui-pdp-title\" style=\"line-height: 1.18; margin: 0px 28px 0px 0px; font-family: 'Proxima Nova', -apple-system, Roboto, Arial, sans-serif; font-size: 22px; padding: 0px; flex: 1 1 auto;\">Fiat Palio Uno Fiorino Idea &#8211; 7082589<\/h1>\n","protected":false},"featured_media":40428,"template":"","meta":{"_seopress_robots_primary_cat":"none","_seopress_titles_title":"","_seopress_titles_desc":"","_seopress_robots_index":"","_joinchat":[]},"product_cat":[16,58,1970,24],"product_tag":[1713,709,1600,119,108,120],"berocket_brand":[383],"_links":{"self":[{"href":"https:\/\/www.casadainjecao.com.br\/loja\/wp-json\/wp\/v2\/product\/35931"}],"collection":[{"href":"https:\/\/www.casadainjecao.com.br\/loja\/wp-json\/wp\/v2\/product"}],"about":[{"href":"https:\/\/www.casadainjecao.com.br\/loja\/wp-json\/wp\/v2\/types\/product"}],"wp:featuredmedia":[{"embeddable":true,"href":"https:\/\/www.casadainjecao.com.br\/loja\/wp-json\/wp\/v2\/media\/40428"}],"wp:attachment":[{"href":"https:\/\/www.casadainjecao.com.br\/loja\/wp-json\/wp\/v2\/media?parent=35931"}],"wp:term":[{"taxonomy":"product_cat","embeddable":true,"href":"https:\/\/www.casadainjecao.com.br\/loja\/wp-json\/wp\/v2\/product_cat?post=35931"},{"taxonomy":"product_tag","embeddable":true,"href":"https:\/\/www.casadainjecao.com.br\/loja\/wp-json\/wp\/v2\/product_tag?post=35931"},{"taxonomy":"berocket_brand","embeddable":true,"href":"https:\/\/www.casadainjecao.com.br\/loja\/wp-json\/wp\/v2\/berocket_brand?post=35931"}],"curies":[{"name":"wp","href":"https:\/\/api.w.org\/{rel}","templated":true}]}}