{"id":35945,"date":"2024-09-04T11:27:26","date_gmt":"2024-09-04T14:27:26","guid":{"rendered":"https:\/\/www.casadainjecao.com.br\/loja\/?post_type=product&#038;p=35945"},"modified":"2024-10-10T08:55:00","modified_gmt":"2024-10-10T11:55:00","slug":"sensor-posicao-borboleta-tps-bosch-gm-astra-vectra-0280122001","status":"publish","type":"product","link":"https:\/\/www.casadainjecao.com.br\/loja\/autopecas\/injecao-eletronica\/corpo-de-borboleta\/sensor-posicao-borboleta-tps-bosch-gm-astra-vectra-0280122001\/","title":{"rendered":"Sensor Posi\u00e7\u00e3o Borboleta Tps Bosch Gm Astra Vectra &#8211;"},"content":{"rendered":"<h2>Sensor Posi\u00e7\u00e3o Borboleta Tps Bosch<\/h2>\n<p><strong>Chevrolet<\/strong><\/p>\n<p>Astra 2.0 MPFI 10\/1994 a 12\/1996<br \/>\nAstra 2.0 SFI 16V 02\/1999 a 06\/2005<br \/>\nAstra SW 2.0 MPFI 09\/1994 a 12\/1996<br \/>\nAstra Sedan 2.0 SFI 16V 02\/1999 a 03\/2004<br \/>\nBlazer 2.4 MPFI 05\/2000 a 01\/2007<br \/>\nC20 4.1 MPFI 01\/1996 a 12\/1996<br \/>\nCalibra 2.0 16V 10\/1993 a 03\/1996<br \/>\nKadett 2.0 MPFI 12\/1996 a 1998<br \/>\nOmega 3.0 MPFI 09\/1992 a 12\/1994<br \/>\nOmega Suprema 3.0 MPFI 04\/1993 a 12\/1994<br \/>\nS10 2.4 MPFI 05\/2000 a 01\/2012<br \/>\nVectra 2.0 Gsi SFI 16V 10\/1993 a 03\/1996<br \/>\nVectra 2.0 SFI 16V 04\/1996 a 11\/1997<br \/>\nVectra 2.2 8v 1998 a 2002<br \/>\nVectra 2.2 SFI 16V 12\/1997 a 06\/2005<br \/>\nZafira 2.0 SFI 16V 04\/2001 a 06\/2005<\/p>\n<p><strong>Chana Picape e Van<\/strong><\/p>\n<p>Alfa Romeo 145 1.7 4Cil Boxer 16v Gasolina 94 &gt; 96<br \/>\nAlfa Romeo 145 1.8 4Cil 16v Gasolina 96 &gt; 98 TS<br \/>\nAlfa Romeo 145 2.0 4Cil 16v Gasolina 94 &gt; 99 TS<br \/>\nAlfa Romeo 146 1.6 4Cil 16v Gasolina 96 &gt; 99 TS<br \/>\nAlfa Romeo 146 1.7 4Cil Boxer 16v Gasolina 94 &gt; 96<br \/>\nAlfa Romeo 146 2.0 4Cil 16v Gasolina 96 &gt; 98 TS<br \/>\nAlfa Romeo 155 2.0 4Cil 16v Gasolina 95 &gt; 97 TS<br \/>\nAlfa Romeo 155 2.0 4Cil 8v Gasolina 93 &gt; 95 TS<br \/>\nAlfa Romeo 155 2.5 V6 12v Gasolina 92 &gt; 96<br \/>\nAlfa Romeo 164 2.0 4Cil 8v Gasolina 92 &gt; 98 TS<br \/>\nAlfa Romeo 164 3.0 V6 12v Gasolina 92 &gt; 98<br \/>\nAlfa Romeo 164 3.0 V6 24v Gasolina 92 &gt; 98<br \/>\nAlfa Romeo 33 1.7 4Cil Boxer 8v Gasolina 92 &gt; 94<br \/>\nAlfa Romeo GTV 2.0 4Cil 16v Gasolina 92 &gt; 98 TS<br \/>\nAlfa Romeo GTV 3.0 V6 24v Gasolina 96 &gt; 05<br \/>\nAlfa Romeo Spider 2.0 4Cil 16v Gasolina 95 &gt; 98 TS<br \/>\nAlfa Romeo Spider 3.0 V6 12v Gasolina 95 &gt; 06<br \/>\nAlfa Romeo Spider 3.0 V6 24v Gasolina 00 &gt; 03<br \/>\nAsia Towner 0.8 3Cil 6v Gasolina 98 &gt; 03<\/p>\n<p><strong>Citroen<\/strong><\/p>\n<p>Citro\u00ebn AX 1.4 4Cil 8v Gasolina 86 &gt; 96<br \/>\nCitro\u00ebn BX 1.9 4Cil 8v Gasolina 90 &gt; 93<br \/>\nCitro\u00ebn Evasion 2.0 4Cil 8v Gasolina 94 &gt; 97 Turbo<br \/>\nCitro\u00ebn Evasion 2.0 4Cil 8v Diesel 94 &gt; 02 Hdi<br \/>\nCitro\u00ebn Saxo 1.6 4Cil 8v Gasolina 96 &gt; 98<br \/>\nCitro\u00ebn XM 2.0 4Cil 16v Gasolina 94 &gt; 00<br \/>\nCitro\u00ebn XM 3.0 V6 12v Gasolina 94 &gt; 97<br \/>\nCitro\u00ebn Xantia 1.8 4Cil 16v Gasolina 97 &gt; 01<br \/>\nCitro\u00ebn Xantia 2.0 4Cil 16v Gasolina 93 &gt; 01<br \/>\nCitro\u00ebn Xantia 2.0 4Cil 8v Gasolina 97 &gt; 01 Turbo<br \/>\nCitro\u00ebn Xsara 1.6 4Cil 8v Gasolina 97 &gt; 98<br \/>\nCitro\u00ebn Xsara 1.8 4Cil 16v Gasolina 97 &gt; 00<br \/>\nCitro\u00ebn Xsara 2.0 4Cil 16v Gasolina 97 &gt; 00<br \/>\nCitro\u00ebn ZX 1.6 4Cil 8v Gasolina 96 &gt; 97<br \/>\nCitro\u00ebn ZX 1.8 4Cil 16v Gasolina 96 &gt; 98<br \/>\nCitro\u00ebn ZX 2.0 4Cil 16v Gasolina 91 &gt; 95<\/p>\n<p><strong>Ferrari<\/strong><\/p>\n<p>Ferrari 456 GT 5.5 V12 48v Gasolina 93 &gt; 96<br \/>\nFerrari 512 TR 4.9 V12 48v Gasolina 92 &gt; 94<br \/>\nFerrari F355 3.5 V8 40v Gasolina 94 &gt; 95<\/p>\n<p><strong>Fiat<\/strong><\/p>\n<p>Fiat Coupe 2.0 5Cil 20v Gasolina 94 &gt; 98 MPI<br \/>\nFiat Elba 1.6 4Cil 8v Gasolina 86 &gt; 93 MPI<br \/>\nFiat Fiorino 1.6 4Cil 8v Gasolina 95 &gt; 96 MPI<br \/>\nFiat Marea 2.0 5Cil 20v Gasolina 95 &gt; 00 MPI<br \/>\nFiat Marea 2.0 5Cil 20v Gasolina 95 &gt; 07 MPI Turbo<br \/>\nFiat Punto 1.4 4Cil 8v Gasolina 93 &gt; 99 Turbo<br \/>\nFiat Tempra 2.0 4Cil 8v Gasolina 95 &gt; 98 MPI Turbo<br \/>\nFiat Tipo 1.6 4Cil 8v Gasolina 96 &gt; 97 MPI<br \/>\nFiat Uno 1.6 4Cil 8v Gasolina 94 &gt; 95 MP<\/p>\n<p><strong>GM<\/strong><\/p>\n<p>GM Astra 1.8 4Cil 8v Gasolina 98 &gt; 01<br \/>\nGM Astra 1.8 4Cil 8v Etanol 98 &gt;<br \/>\nGM Astra 2.0 4Cil 16v Gasolina 99 &gt; 05<br \/>\nGM Astra 2.0 4Cil 8v Gasolina 94 &gt; 96<br \/>\nGM Blazer 2.2 4Cil 8v Gasolina 97 &gt; 00<br \/>\nGM Blazer 2.4 4Cil 8v Gasolina 00 &gt; 07<br \/>\nGM Blazer 4.3 V6 12v Gasolina 00 &gt; 04<br \/>\nGM C-20 4.1 6Cil 18v Gasolina 96<br \/>\nGM Calibra 2.0 4Cil 16v Gasolina 93 &gt; 96<br \/>\nGM Ipanema 2.0 4Cil 8v Gasolina 97<br \/>\nGM Kadett 2.0 4Cil 8v Gasolina 96 &gt; 98<br \/>\nGM Omega 2.0 4Cil 8v Etanol 92 &gt;<br \/>\nGM Omega 3.0 6Cil 12v Gasolina 92 &gt; 94<br \/>\nGM Omega 4.1 6Cil 12v Gasolina 94 &gt;<br \/>\nGM S10 2.4 4Cil 8v Gasolina 00 &gt;<br \/>\nGM Silverado 4.1 6Cil 18v Gasolina 96<br \/>\nGM Suprema 2.0 4Cil 8v Etanol 92 &gt; 98<br \/>\nGM Suprema 3.0 6Cil 12v Gasolina 93 &gt; 94<br \/>\nGM Suprema 4.1 6Cil 12v Gasolina 94 &gt; 98<br \/>\nGM Vectra 2.0 4Cil 16v Gasolina 93 &gt; 97<br \/>\nGM Vectra 2.0 4Cil 8v Gasolina 93 &gt; 96<br \/>\nGM Vectra 2.2 4Cil 16v Gasolina 97 &gt; 05<br \/>\nGM Zafira 2.0 4Cil 16v Gasolina 01 &gt; 05<\/p>\n<p><strong>Hyundai<\/strong><\/p>\n<p>Hyundai Accent 1.3 4Cil 12v Gasolina 94 &gt; 99<br \/>\nHyundai Accent 1.5 4Cil 12v Gasolina 94 &gt; 00<br \/>\nHyundai Accent 1.5 4Cil 16v Gasolina 95 &gt; 00<br \/>\nHyundai Coupe FX 2.0 4Cil 16v Gasolina 96 &gt; 01<br \/>\nHyundai Elantra 1.5 4Cil 12v Gasolina 94 &gt; 00<br \/>\nHyundai Elantra 1.6 4Cil 16v Gasolina 94 &gt; 00<br \/>\nHyundai Elantra 1.8 4Cil 16v Gasolina 94 &gt; 00<br \/>\nHyundai Excel 1.3 4Cil 8v Gasolina 94 &gt; 99<br \/>\nHyundai Excel 1.5 4Cil 8v Gasolina 95 &gt; 99<br \/>\nHyundai Lantra 1.5 4Cil 12v Gasolina 94 &gt; 00<br \/>\nHyundai Lantra 1.6 4Cil 16v Gasolina 94 &gt; 00<\/p>\n<p>Hyundai Lantra 1.8 4Cil 16v Gasolina 94 &gt; 00<br \/>\nHyundai Pony 1.3 4Cil 8v Gasolina 94 &gt; 99<br \/>\nHyundai S-Coupe 1.5 4Cil 12v Gasolina 90 &gt; 95<br \/>\nHyundai S-Coupe 1.5 4Cil 12v Gasolina 90 &gt; 95 Turbo<\/p>\n<p>Hyundai Tiburon 2.0 4Cil 16v Gasolina 96<\/p>\n<p><strong>Kia<\/strong><\/p>\n<p>Kia Clarus 1.8 4Cil 16v Gasolina 96 &gt; 98<br \/>\nKia Sephia 1.8 4Cil 16v Gasolina 93<br \/>\nKia Sportage 2.0 4Cil 16v Gasolina 92 &gt; 04<\/p>\n<p><strong>Opel<\/strong><\/p>\n<p>Lancia Kappa 3.0 V6 24v Gasolina 94 &gt; 98<br \/>\nOpel Astra 1.8 4Cil 8v Gasolina 95 &gt; 98<br \/>\nOpel Astra 2.0 4Cil 8v Gasolina 91 &gt; 98<br \/>\nOpel Calibra 2.0 4Cil 16v Gasolina 90 &gt; 97<br \/>\nOpel Calibra 2.0 4Cil 8v Gasolina 90 &gt; 97<br \/>\nOpel Omega 2.0 4Cil 8v Gasolina 86 &gt; 99<br \/>\nOpel Omega 2.4 4Cil 8v Gasolina 86 &gt; 94<br \/>\nOpel Omega 2.5 V6 24v Gasolina 94 &gt; 00<br \/>\nOpel Omega 2.6 6Cil 12v Gasolina 86 &gt; 94<br \/>\nOpel Omega 3.0 V6 12v Gasolina 94 &gt; 01<br \/>\nOpel Vectra 1.8 4Cil 16v Gasolina 95 &gt; 00<\/p>\n<p><strong>Peugeot<\/strong><\/p>\n<p>Peugeot 106 1.4 4Cil 8v Gasolina 91 &gt; 96<br \/>\nPeugeot 106 1.6 4Cil 8v Gasolina 96 &gt; 05<br \/>\nPeugeot 306 1.6 4Cil 8v Gasolina 93 &gt; 98<br \/>\nPeugeot 306 1.8 4Cil 16v Gasolina 97 &gt; 03<br \/>\nPeugeot 306 2.0 4Cil 16v Gasolina 93 &gt; 03<br \/>\nPeugeot 405 1.9 4Cil 8v Diesel 92 &gt; 97 TDi<br \/>\nPeugeot 405 2.0 4Cil 16v Gasolina 87 &gt; 97<\/p>\n<h4>C\u00f3digo da Pe\u00e7a:<\/h4>\n<p>0280122001, 0280122019, 0280122008, 7637025, 9946862, 0280122003, 0280122013, 0280122004, 500799, 1628L1, 72408124, 96038938, 16281E, 708010, ESB744, ESB001, 142434, 158170, 60549359, 7637025, 960389388, 9617220680, 9946862, 90323839, 3517022010, 3517022001<\/p>\n<p><strong>Condi\u00e7\u00f5es:<\/strong><\/p>\n<p>Produto Usado Original \/ Marca Bosch<\/p>\n<p><strong>Garantia:<\/strong><\/p>\n<p>3 Meses<\/p>\n<p><strong>ATEN\u00c7\u00c3O: Antes de efetuar a compra verifique o c\u00f3digo da sua pe\u00e7a que est\u00e1 instalado no seu ve\u00edculo.<\/strong><\/p>\n<h5><\/h5>\n<p>A Casa da Inje\u00e7\u00e3o oferece total garantia nos produtos comprados em nosso site.<\/p>\n<p>Cada item \u00e9 rigorosamente testado antes do envio<\/p>\n<p>Se os itens estiverem danificados ou parcialmente defeituosos, entre em contato conosco.<\/p>\n<p>Procure um profissional devidamente licenciado para a instala\u00e7\u00e3o e fa\u00e7a revis\u00f5es periodicamente. A empresa n\u00e3o se responsabiliza por problemas oriundos da m\u00e1 instala\u00e7\u00e3o ou com a falta de cuidados peri\u00f3dicos dos componentes.<\/p>\n<p>Se houver qualquer defeito, n\u00f3s lhe enviaremos uma substitui\u00e7\u00e3o ap\u00f3s receber o pacote ou devolvemos seu dinheiro.<\/p>\n<p>Leia nossa\u00a0<a href=\"https:\/\/www.casadainjecao.com.br\/loja\/politica-de-devolucao\">pol\u00edtica de devolu\u00e7\u00e3o aqui<\/a><\/p>\n<p>\u2014\u2014\u2014\u2014\u2014\u2014\u2014\u2014\u2014\u2014\u2014\u2014\u2014\u2014\u2014\u2014\u2014\u2014\u2014\u2013<\/p>\n<p>Tem alguma d\u00favida?<\/p>\n<p>Entre em contato que podemos ajudar!<\/p>\n<p>Confira as informa\u00e7\u00f5es adicionais abaixo:<\/p>\n<p>Todos os nossos produtos s\u00e3o novos, semi-novos, originais e paralelos possuem garantia.<\/p>\n<p>Todos os produtos anunciados est\u00e3o dispon\u00edveis em estoque e s\u00e3o enviados com extrema rapidez.<\/p>\n<p>O frete pode ser simulado antes de efetuar a compra, basta clicar em \u201cver custos de envio\u201d.<\/p>\n<p>Verifique o endere\u00e7o de entrega cadastrado e atualize caso necess\u00e1rio.<\/p>\n<p>Confirme se a pe\u00e7a \u00e9 correta para o seu modelo de ve\u00edculo.<\/p>\n<p>Para pe\u00e7as automotivas, recomendamos a instala\u00e7\u00e3o por um profissional especializado<strong>.<\/strong><\/p>\n<p>Caso possua outras d\u00favidas, entre em contato.<\/p>\n","protected":false},"excerpt":{"rendered":"<h2>Sensor Posi\u00e7\u00e3o Borboleta Tps Bosch Gm Astra Vectra &#8211; 0280122001<\/h2>\n","protected":false},"featured_media":35957,"template":"","meta":{"_seopress_robots_primary_cat":"none","_seopress_titles_title":"","_seopress_titles_desc":"","_seopress_robots_index":"","_seopress_analysis_target_kw":"","_kad_blocks_custom_css":"","_kad_blocks_head_custom_js":"","_kad_blocks_body_custom_js":"","_kad_blocks_footer_custom_js":"","_kadence_starter_templates_imported_post":false,"_joinchat":[]},"product_brand":[],"product_cat":[258,21,1610,269],"product_tag":[116,1641,2234,1391,109,1408],"berocket_brand":[1326,381],"class_list":{"0":"post-35945","1":"product","2":"type-product","3":"status-publish","4":"has-post-thumbnail","6":"product_cat-corpo-de-borboleta","7":"product_cat-injecao-eletronica","8":"product_cat-sensor-map","9":"product_cat-sensores-injecao-eletronica","10":"product_tag-astra","11":"product_tag-blaser","12":"product_tag-chana","13":"product_tag-s10","14":"product_tag-vectra","15":"product_tag-zafira","16":"berocket_brand-asia-motors","17":"berocket_brand-chevrolet","18":"thunk-woo-product-list","19":"big-store-woo-hover-zoom","20":"open-single-product-tab-horizontal","21":"open-shadow-","22":"open-shadow-hover-","24":"first","25":"outofstock","26":"sale","27":"taxable","28":"shipping-taxable","29":"purchasable","30":"product-type-simple"},"taxonomy_info":{"product_cat":[{"value":258,"label":"Corpo de Borboleta"},{"value":21,"label":"Inje\u00e7\u00e3o Eletr\u00f4nica"},{"value":1610,"label":"Sensor Map"},{"value":269,"label":"Sensores"}],"product_tag":[{"value":116,"label":"Astra"},{"value":1641,"label":"Blaser"},{"value":2234,"label":"Chana"},{"value":1391,"label":"S10"},{"value":109,"label":"Vectra"},{"value":1408,"label":"Zafira"}],"berocket_brand":[{"value":1326,"label":"Asia Motors"},{"value":381,"label":"Chevrolet"}]},"featured_image_src_large":["https:\/\/www.casadainjecao.com.br\/loja\/wp-content\/uploads\/2024\/09\/sensor-posicao-borboleta-tps-gm-astra-0280122001-920x920.jpg",640,640,true],"author_info":[],"comment_info":"","_links":{"self":[{"href":"https:\/\/www.casadainjecao.com.br\/loja\/wp-json\/wp\/v2\/product\/35945","targetHints":{"allow":["GET"]}}],"collection":[{"href":"https:\/\/www.casadainjecao.com.br\/loja\/wp-json\/wp\/v2\/product"}],"about":[{"href":"https:\/\/www.casadainjecao.com.br\/loja\/wp-json\/wp\/v2\/types\/product"}],"wp:featuredmedia":[{"embeddable":true,"href":"https:\/\/www.casadainjecao.com.br\/loja\/wp-json\/wp\/v2\/media\/35957"}],"wp:attachment":[{"href":"https:\/\/www.casadainjecao.com.br\/loja\/wp-json\/wp\/v2\/media?parent=35945"}],"wp:term":[{"taxonomy":"product_brand","embeddable":true,"href":"https:\/\/www.casadainjecao.com.br\/loja\/wp-json\/wp\/v2\/product_brand?post=35945"},{"taxonomy":"product_cat","embeddable":true,"href":"https:\/\/www.casadainjecao.com.br\/loja\/wp-json\/wp\/v2\/product_cat?post=35945"},{"taxonomy":"product_tag","embeddable":true,"href":"https:\/\/www.casadainjecao.com.br\/loja\/wp-json\/wp\/v2\/product_tag?post=35945"},{"taxonomy":"berocket_brand","embeddable":true,"href":"https:\/\/www.casadainjecao.com.br\/loja\/wp-json\/wp\/v2\/berocket_brand?post=35945"}],"curies":[{"name":"wp","href":"https:\/\/api.w.org\/{rel}","templated":true}]}}