{"id":35992,"date":"2024-09-06T07:40:12","date_gmt":"2024-09-06T10:40:12","guid":{"rendered":"https:\/\/www.casadainjecao.com.br\/loja\/?post_type=product&#038;p=35992"},"modified":"2026-02-09T15:32:57","modified_gmt":"2026-02-09T18:32:57","slug":"sensor-pressao-admissao-volks-golf-audi-a3-1-4-tsi-5q0906207","status":"publish","type":"product","link":"https:\/\/www.casadainjecao.com.br\/loja\/autopecas\/injecao-eletronica\/sensores-injecao-eletronica\/sensor-pressao-admissao-volks-golf-audi-a3-1-4-tsi-5q0906207\/","title":{"rendered":"Sensor Press\u00e3o Admiss\u00e3o Volks Golf Audi A3 1.4 Tsi &#8211;"},"content":{"rendered":"<h2>Sensor Press\u00e3o Map Admiss\u00e3o<\/h2>\n<p><strong>VOLKSWAGEN<\/strong><\/p>\n<p>Volkswagen Golf (1.4 TSI)\u00a0\u2013\u00a02014 2015 2016 2017 2018 2019<br data-start=\"1058\" data-end=\"1061\" \/>Volkswagen Golf GTI 2.0 TSI\u00a0\u2013\u00a02014 2015 2016 2017 2018 2019<br data-start=\"1153\" data-end=\"1156\" \/>Volkswagen Jetta \/ Jetta Variant 1.4 TSI\u00a0\u2013\u00a02017 2018\u00a0 2019<br data-start=\"1261\" data-end=\"1264\" \/>Volkswagen Tiguan 1.4 TSI\u00a0\u2013\u00a02017 2018 2019<\/p>\n<p data-start=\"1631\" data-end=\"1815\">\n<p data-start=\"1358\" data-end=\"1629\">Volkswagen Virtus 1.0 TSI\u00a0\u2013\u00a02018\u00a0 2019<br data-start=\"1446\" data-end=\"1449\" \/>Volkswagen Polo 1.0 TSI\u00a0\u2013\u00a02018\u00a0 2019<br data-start=\"1537\" data-end=\"1540\" \/>Volkswagen Up! 1.0 TSI\u00a0\u2013\u00a02014 2015 2016 2017 2018 2019<\/p>\n<p data-start=\"1358\" data-end=\"1629\">\n<p><strong>AUDI<\/strong><\/p>\n<p>Audi A3 1.4 16V Turbo\u00a0\u2013\u00a02013 2014 2015 2016 2017 2018 2019<br data-start=\"792\" data-end=\"795\" \/>Audi A1 1.4 TSI\u00a0\u2013\u00a02014 2015 2016 2017 2018 2019<br data-start=\"875\" data-end=\"878\" \/>Audi Q3 1.4 16V Turbo\u00a0\u2013\u00a02014 2015 2016 2017 2018 2019<\/p>\n<h4>C\u00f3digo de Refer\u00eancia:<\/h4>\n<p>5q0906207, 1906280456552, 500611933j<\/p>\n<h4><strong>Condi\u00e7\u00f5es:<\/strong><\/h4>\n<p>Produto Novo Original \/ Marca Volkswagen<\/p>\n<h4><strong>Garantia:<\/strong><\/h4>\n<p>3 Meses<\/p>\n<h3><strong>ATEN\u00c7\u00c3O: Antes de efetuar a compra verifique o c\u00f3digo da sua pe\u00e7a que est\u00e1 instalada no seu ve\u00edculo.<\/strong><\/h3>\n<h5><\/h5>\n<p>A Casa da Inje\u00e7\u00e3o oferece total garantia nos produtos comprados em nosso site.<\/p>\n<p>Cada item \u00e9 rigorosamente testado antes do envio<\/p>\n<p>Se os itens estiverem danificados ou parcialmente defeituosos, entre em contato conosco.<\/p>\n<p>Procure um profissional devidamente licenciado para a instala\u00e7\u00e3o e fa\u00e7a revis\u00f5es periodicamente. A empresa n\u00e3o se responsabiliza por problemas oriundos da m\u00e1 instala\u00e7\u00e3o ou com a falta de cuidados peri\u00f3dicos dos componentes.<\/p>\n<p>Se houver qualquer defeito, n\u00f3s lhe enviaremos uma substitui\u00e7\u00e3o ap\u00f3s receber o pacote ou devolvemos seu dinheiro.<\/p>\n<p>Leia nossa\u00a0<a href=\"https:\/\/www.casadainjecao.com.br\/loja\/politica-de-devolucao\">pol\u00edtica de devolu\u00e7\u00e3o aqui<\/a><\/p>\n<p>\u2014\u2014\u2014\u2014\u2014\u2014\u2014\u2014\u2014\u2014\u2014\u2014\u2014\u2014\u2014\u2014\u2014\u2014\u2014\u2013<\/p>\n<p>Tem alguma d\u00favida?<\/p>\n<p>Entre em contato que podemos ajudar!<\/p>\n<p>Confira as informa\u00e7\u00f5es adicionais abaixo:<\/p>\n<p>Todos os nossos produtos s\u00e3o novos, semi-novos, originais e paralelos possuem garantia.<\/p>\n<p>Todos os produtos anunciados est\u00e3o dispon\u00edveis em estoque e s\u00e3o enviados com extrema rapidez.<\/p>\n<p>O frete pode ser simulado antes de efetuar a compra, basta clicar em \u201cver custos de envio\u201d.<\/p>\n<p>Verifique o endere\u00e7o de entrega cadastrado e atualize caso necess\u00e1rio.<\/p>\n<p>Confirme se a pe\u00e7a \u00e9 correta para o seu modelo de ve\u00edculo.<\/p>\n<p>Para pe\u00e7as automotivas, recomendamos a instala\u00e7\u00e3o por um profissional especializado.<\/p>\n<p>Caso possua outras d\u00favidas, entre em contato.<\/p>\n","protected":false},"excerpt":{"rendered":"<h2>Sensor Press\u00e3o Admiss\u00e3o Volks Golf Audi A3 1.4 Tsi &#8211; 5q0906207<\/h2>\n","protected":false},"featured_media":36109,"template":"","meta":{"_seopress_robots_primary_cat":"none","_seopress_titles_title":"","_seopress_titles_desc":"","_seopress_robots_index":"","_joinchat":[]},"product_cat":[21,1610,269],"product_tag":[77,698],"berocket_brand":[396],"_links":{"self":[{"href":"https:\/\/www.casadainjecao.com.br\/loja\/wp-json\/wp\/v2\/product\/35992"}],"collection":[{"href":"https:\/\/www.casadainjecao.com.br\/loja\/wp-json\/wp\/v2\/product"}],"about":[{"href":"https:\/\/www.casadainjecao.com.br\/loja\/wp-json\/wp\/v2\/types\/product"}],"wp:featuredmedia":[{"embeddable":true,"href":"https:\/\/www.casadainjecao.com.br\/loja\/wp-json\/wp\/v2\/media\/36109"}],"wp:attachment":[{"href":"https:\/\/www.casadainjecao.com.br\/loja\/wp-json\/wp\/v2\/media?parent=35992"}],"wp:term":[{"taxonomy":"product_cat","embeddable":true,"href":"https:\/\/www.casadainjecao.com.br\/loja\/wp-json\/wp\/v2\/product_cat?post=35992"},{"taxonomy":"product_tag","embeddable":true,"href":"https:\/\/www.casadainjecao.com.br\/loja\/wp-json\/wp\/v2\/product_tag?post=35992"},{"taxonomy":"berocket_brand","embeddable":true,"href":"https:\/\/www.casadainjecao.com.br\/loja\/wp-json\/wp\/v2\/berocket_brand?post=35992"}],"curies":[{"name":"wp","href":"https:\/\/api.w.org\/{rel}","templated":true}]}}