{"id":36126,"date":"2024-09-12T14:29:29","date_gmt":"2024-09-12T17:29:29","guid":{"rendered":"https:\/\/www.casadainjecao.com.br\/loja\/?post_type=product&#038;p=36126"},"modified":"2025-07-07T12:02:12","modified_gmt":"2025-07-07T15:02:12","slug":"filtro-ar-condicionado-renault-logan-sandero-8660089502","status":"publish","type":"product","link":"https:\/\/www.casadainjecao.com.br\/loja\/autopecas\/ar-condicionado\/filtro\/filtro-ar-condicionado-renault-logan-sandero-8660089502\/","title":{"rendered":"Filtro Ar Condicionado Renault Logan Sandero &#8211; 8660089"},"content":{"rendered":"<h1>Filtro Ar Condicionado Motrio Original 200x28x220<\/h1>\n<h3><strong>RENAULT<\/strong><\/h3>\n<h3>DUSTER &#8211; 1.6 16V H4M &#8211; 2016 em diante<\/h3>\n<h3>DUSTER &#8211; 1.6 16V K4M &#8211; 2012 A 2015<\/h3>\n<h3>DUSTER &#8211; 2.0 16V F4R &#8211; 2015 em diante<\/h3>\n<h3>DUSTER &#8211; 2.0 16V F4R &#8211; 2016 em diante<\/h3>\n<h3>LOGAN &#8211; 1.0 16V D4D &#8211; 2007 A 2010<\/h3>\n<h3>LOGAN &#8211; 1.0 16V D4D &#8211; 2010 A 2013<\/h3>\n<h3>LOGAN &#8211; 1.0 16V D4D &#8211; 2012 A 2014<\/h3>\n<h3>LOGAN &#8211; 1.6 16V K4M &#8211; 2010 A 2014<\/h3>\n<h3>LOGAN &#8211; 1.6 8V K7M &#8211; 2007 A 2010<\/h3>\n<h3>LOGAN &#8211; 1.6 8V K7M &#8211; 2010 A 2013<\/h3>\n<h3>OROCH &#8211; 1.6 16V H4M &#8211; 2016 em diante<\/h3>\n<h3>OROCH &#8211; 1.6 16V K4M &#8211; 2012 A 2015<\/h3>\n<h3>OROCH &#8211; 2.0 16V F4R &#8211; 2014 em diante<\/h3>\n<h3>OROCH &#8211; 2.0 16V F4R &#8211; 2015 em diante<\/h3>\n<h3>SANDERO &#8211; 1.0 16V D4D &#8211; 2008 A 2011<\/h3>\n<h3>SANDERO &#8211; 1.0 16V D4D &#8211; 2011 A 2014<\/h3>\n<h3>SANDERO &#8211; 1.6 16V K4M &#8211; 2008 A 2011<\/h3>\n<h3>SANDERO &#8211; 1.6 16V K4M &#8211; 2008 A 2014<\/h3>\n<h3>SANDERO &#8211; 1.6 16V K4M &#8211; 2010 A 2014<\/h3>\n<h3>SANDERO &#8211; 1.6 8V K7M &#8211; 2008 A 2011<\/h3>\n<h3>SANDERO &#8211; 1.6 8V K7M &#8211; 2011 A 2014<\/h3>\n<h3>C\u00f3digo de Refer\u00eancia:<\/h3>\n<h3>8660089502, HB01200015<\/h3>\n<h5><strong>Condi\u00e7\u00f5es:<\/strong><\/h5>\n<h5>Produto Novo Original \/ Marca Motrio<\/h5>\n<h5><strong>Garantia:<\/strong><\/h5>\n<h5>3 Meses<\/h5>\n<h5><strong>ATEN\u00c7\u00c3O: Antes de efetuar a compra verifique o c\u00f3digo da sua pe\u00e7a que est\u00e1 instalada no seu ve\u00edculo.<\/strong><\/h5>\n<h5><\/h5>\n<h5>A Casa da Inje\u00e7\u00e3o oferece total garantia nos produtos comprados em nosso site.<\/h5>\n<h5>Cada item \u00e9 rigorosamente testado antes do envio<\/h5>\n<h5>Se os itens estiverem danificados ou parcialmente defeituosos, entre em contato conosco.<\/h5>\n<h5>Procure um profissional devidamente licenciado para a instala\u00e7\u00e3o e fa\u00e7a revis\u00f5es periodicamente. A empresa n\u00e3o se responsabiliza por problemas oriundos da m\u00e1 instala\u00e7\u00e3o ou com a falta de cuidados peri\u00f3dicos dos componentes.<\/h5>\n<h5>Se houver qualquer defeito, n\u00f3s lhe enviaremos uma substitui\u00e7\u00e3o ap\u00f3s receber o pacote ou devolvemos seu dinheiro.<\/h5>\n<h5>Leia nossa\u00a0<a href=\"https:\/\/www.casadainjecao.com.br\/loja\/politica-de-devolucao\">pol\u00edtica de devolu\u00e7\u00e3o aqui<\/a><\/h5>\n<h5>\u2014\u2014\u2014\u2014\u2014\u2014\u2014\u2014\u2014\u2014\u2014\u2014\u2014\u2014\u2014\u2014\u2014\u2014\u2014\u2013<\/h5>\n<h5>Tem alguma d\u00favida?<\/h5>\n<h5>Entre em contato que podemos ajudar!<\/h5>\n<h5>Confira as informa\u00e7\u00f5es adicionais abaixo:<\/h5>\n<h5>Todos os nossos produtos s\u00e3o novos, semi-novos, originais e paralelos possuem garantia.<\/h5>\n<h5>Todos os produtos anunciados est\u00e3o dispon\u00edveis em estoque e s\u00e3o enviados com extrema rapidez.<\/h5>\n<h5>O frete pode ser simulado antes de efetuar a compra, basta clicar em \u201cver custos de envio\u201d.<\/h5>\n<h5>Verifique o endere\u00e7o de entrega cadastrado e atualize caso necess\u00e1rio.<\/h5>\n<h5>Confirme se a pe\u00e7a \u00e9 correta para o seu modelo de ve\u00edculo.<\/h5>\n<h5>Para pe\u00e7as automotivas, recomendamos a instala\u00e7\u00e3o por um profissional especializado.<\/h5>\n<h5>Caso possua outras d\u00favidas, entre em contato.<\/h5>\n","protected":false},"excerpt":{"rendered":"<h2>Filtro Ar Condicionado Renault Logan Sandero &#8211; 8660089502<\/h2>\n","protected":false},"featured_media":40466,"template":"","meta":{"_seopress_robots_primary_cat":"none","_seopress_titles_title":"","_seopress_titles_desc":"","_seopress_robots_index":"","_kad_blocks_custom_css":"","_kad_blocks_head_custom_js":"","_kad_blocks_body_custom_js":"","_kad_blocks_footer_custom_js":"","_joinchat":[]},"product_cat":[16,1253,1311],"product_tag":[52,66,1203,91],"berocket_brand":[394],"taxonomy_info":{"product_cat":[{"value":16,"label":"Ar Condicionado"},{"value":1253,"label":"Filtro"},{"value":1311,"label":"Filtro de ar"}],"product_tag":[{"value":52,"label":"Duster"},{"value":66,"label":"Logan"},{"value":1203,"label":"Oroch"},{"value":91,"label":"Sandero"}],"berocket_brand":[{"value":394,"label":"Renault"}]},"featured_image_src_large":["https:\/\/www.casadainjecao.com.br\/loja\/wp-content\/uploads\/2024\/09\/filtro-ar-condicionado-renault-logan-sandero-i-8660089502-920x920.jpg",640,640,true],"author_info":[],"comment_info":"","_links":{"self":[{"href":"https:\/\/www.casadainjecao.com.br\/loja\/wp-json\/wp\/v2\/product\/36126"}],"collection":[{"href":"https:\/\/www.casadainjecao.com.br\/loja\/wp-json\/wp\/v2\/product"}],"about":[{"href":"https:\/\/www.casadainjecao.com.br\/loja\/wp-json\/wp\/v2\/types\/product"}],"wp:featuredmedia":[{"embeddable":true,"href":"https:\/\/www.casadainjecao.com.br\/loja\/wp-json\/wp\/v2\/media\/40466"}],"wp:attachment":[{"href":"https:\/\/www.casadainjecao.com.br\/loja\/wp-json\/wp\/v2\/media?parent=36126"}],"wp:term":[{"taxonomy":"product_cat","embeddable":true,"href":"https:\/\/www.casadainjecao.com.br\/loja\/wp-json\/wp\/v2\/product_cat?post=36126"},{"taxonomy":"product_tag","embeddable":true,"href":"https:\/\/www.casadainjecao.com.br\/loja\/wp-json\/wp\/v2\/product_tag?post=36126"},{"taxonomy":"berocket_brand","embeddable":true,"href":"https:\/\/www.casadainjecao.com.br\/loja\/wp-json\/wp\/v2\/berocket_brand?post=36126"}],"curies":[{"name":"wp","href":"https:\/\/api.w.org\/{rel}","templated":true}]}}