{"id":36210,"date":"2024-09-16T13:50:41","date_gmt":"2024-09-16T16:50:41","guid":{"rendered":"https:\/\/www.casadainjecao.com.br\/loja\/autopecas\/sem%20categoria\/mangueira-filtro-ar-original-peugeot-208-c3-1-5-144029\/"},"modified":"2025-10-04T09:16:43","modified_gmt":"2025-10-04T12:16:43","slug":"mangueira-filtro-ar-original-peugeot-208-c3-1-5-144029","status":"publish","type":"product","link":"https:\/\/www.casadainjecao.com.br\/loja\/autopecas\/motor\/mangueiras-motor\/mangueira-filtro-ar-original-peugeot-208-c3-1-5-144029\/","title":{"rendered":"Mangueira Filtro Ar Original Peugeot 208 C3 &#8211; 144029"},"content":{"rendered":"<p><span style=\"color: #666666; font-family: 'Proxima Nova', -apple-system, Roboto, Arial, sans-serif; font-size: 20px;\">Mangueira do Filtro de Ar Peugeot e Citro\u00ebn<\/span><\/p>\n<p><span style=\"color: #666666; font-family: 'Proxima Nova', -apple-system, Roboto, Arial, sans-serif; font-size: 20px;\">\u2022Citroen C3 de 2003 a 2021 &#8211; 1.4,1.5,1.6<\/span><br style=\"color: #666666; font-family: 'Proxima Nova', -apple-system, Roboto, Arial, sans-serif; font-size: 20px;\" \/><span style=\"color: #666666; font-family: 'Proxima Nova', -apple-system, Roboto, Arial, sans-serif; font-size: 20px;\">\u2022Citroen Aircross de 2010 a 2021 &#8211; 1.4,1.5,1.6<\/span><br style=\"color: #666666; font-family: 'Proxima Nova', -apple-system, Roboto, Arial, sans-serif; font-size: 20px;\" \/><span style=\"color: #666666; font-family: 'Proxima Nova', -apple-system, Roboto, Arial, sans-serif; font-size: 20px;\">\u2022Citroen C4 Cactus de 2018 a 2022 &#8211; 1.6<\/span><br style=\"color: #666666; font-family: 'Proxima Nova', -apple-system, Roboto, Arial, sans-serif; font-size: 20px;\" \/><span style=\"color: #666666; font-family: 'Proxima Nova', -apple-system, Roboto, Arial, sans-serif; font-size: 20px;\">\u2022Peugeot Peugeot 208 de 2019 a 2022 &#8211; 1.5,1.6<\/span><br style=\"color: #666666; font-family: 'Proxima Nova', -apple-system, Roboto, Arial, sans-serif; font-size: 20px;\" \/><span style=\"color: #666666; font-family: 'Proxima Nova', -apple-system, Roboto, Arial, sans-serif; font-size: 20px;\">\u2022Peugeot Peugeot 2008 de 2019 a 2022 &#8211; 1.5<\/span><br style=\"color: #666666; font-family: 'Proxima Nova', -apple-system, Roboto, Arial, sans-serif; font-size: 20px;\" \/><span style=\"color: #666666; font-family: 'Proxima Nova', -apple-system, Roboto, Arial, sans-serif; font-size: 20px;\">\u2022Peugeot Peugeot 1007 de 2005 a 2009 &#8211; 1.4,1.6<\/span><\/p>\n<p>Ficha T\u00e9cnica<br \/>\n\u2013 Genu\u00edna FIAT MOPAR (mesma pe\u00e7a que vem da montadora)<br \/>\n\u2013 Fotos reais da pe\u00e7a<br \/>\n\u2013\u00a0C\u00f3digo Original: 144029<br \/>\n\u2013\u00a0Produto Novo<\/p>\n<p><span style=\"color: #666666; font-family: 'Proxima Nova', -apple-system, Roboto, Arial, sans-serif; font-size: 20px;\">Garantia: 3 Meses<\/span><\/p>\n<p class=\"MsoListParagraph\" style=\"margin-bottom: 0cm; text-indent: -18.0pt;\"><!-- [if !supportLists]--><span style=\"font-family: Symbol;\">\u00b7<span style=\"font: 7.0pt 'Times New Roman';\">\u00a0\u00a0\u00a0\u00a0\u00a0\u00a0\u00a0\u00a0 <\/span><\/span><!--[endif]--><span style=\"font-family: 'Times New Roman',serif;\">MOPAR\u00ae \u00e9 a marca de pe\u00e7as de reposi\u00e7\u00e3o genu\u00ednas do Grupo Stellantis, respons\u00e1vel pelas marcas Fiat, Jeep, Peugeot, Citro\u00ebn e RAM. As pe\u00e7as e acess\u00f3rios MOPAR\u00ae s\u00e3o criadas pelas mesmas equipes que projetaram seu ve\u00edculo, atendendo a todos os padr\u00f5es de f\u00e1brica, que garantem excelente desempenho.<\/span><\/p>\n<h3><strong>ATEN\u00c7\u00c3O: Antes de efetuar a compra verifique o c\u00f3digo da sua pe\u00e7a que est\u00e1 instalado no seu ve\u00edculo.<\/strong><\/h3>\n<h5><strong>A Casa da Inje\u00e7\u00e3o oferece total garantia nos produtos comprados em nosso site.<\/strong><\/h5>\n<h5><strong>Cada item \u00e9 rigorosamente testado antes do envio<\/strong><\/h5>\n<h5><strong>Se os itens estiverem danificados ou parcialmente defeituosos, entre em contato conosco.<\/strong><\/h5>\n<h5><strong>Procure um profissional devidamente licenciado para a instala\u00e7\u00e3o e fa\u00e7a revis\u00f5es periodicamente. A empresa n\u00e3o se responsabiliza por problemas oriundos da m\u00e1 instala\u00e7\u00e3o ou com a falta de cuidados peri\u00f3dicos dos componentes.<\/strong><\/h5>\n<h5><strong>Se houver qualquer defeito, n\u00f3s lhe enviaremos uma substitui\u00e7\u00e3o ap\u00f3s receber o pacote ou devolvemos seu dinheiro.<\/strong><\/h5>\n<h5><strong>Leia nossa <\/strong><a href=\"https:\/\/www.casadainjecao.com.br\/loja\/politica-de-devolucao\">pol\u00edtica de devolu\u00e7\u00e3o aqui<\/a><\/h5>\n<h5><strong>\u2014\u2014\u2014\u2014\u2014\u2014\u2014\u2014\u2014\u2014\u2014\u2014\u2014\u2014\u2014\u2014\u2014\u2014\u2014\u2013<\/strong><\/h5>\n<h5><strong>Tem alguma d\u00favida?<\/strong><\/h5>\n<h5><strong>Entre em contato que podemos ajudar!<\/strong><\/h5>\n<h5><strong>Confira as informa\u00e7\u00f5es adicionais abaixo:<\/strong><\/h5>\n<h5><strong>Todos os nossos produtos s\u00e3o novos, semi-novos, originais e paralelos possuem garantia.<\/strong><\/h5>\n<h5><strong>Todos os produtos anunciados est\u00e3o dispon\u00edveis em estoque e s\u00e3o enviados com extrema rapidez.<\/strong><\/h5>\n<h5><strong>O frete pode ser simulado antes de efetuar a compra, basta clicar em \u201cver custos de envio\u201d.<\/strong><\/h5>\n<h5><strong>Verifique o endere\u00e7o de entrega cadastrado e atualize caso necess\u00e1rio.<\/strong><\/h5>\n<h5><strong>Confirme se a pe\u00e7a \u00e9 correta para o seu modelo de ve\u00edculo.<\/strong><\/h5>\n<h5><strong>Para pe\u00e7as automotivas, recomendamos a instala\u00e7\u00e3o por um profissional especializado.<\/strong><\/h5>\n<h5><strong>Caso possua outras d\u00favidas, entre em contato.<\/strong><\/h5>\n<h3><strong>\u00a0<\/strong><\/h3>\n","protected":false},"excerpt":{"rendered":"<h2 class=\"ui-pdp-title\">Mangueira Filtro Ar<\/h2>\n<h2 class=\"ui-pdp-title\">Peugeot Citroen 208 C3 Air Cross 1.5\/1.6 <span style=\"font-family: 'Proxima Nova', -apple-system, Roboto, Arial, sans-serif; font-size: 22px;\">&#8211; 144029<\/span><\/h2>\n","protected":false},"featured_media":36209,"template":"","meta":{"_seopress_robots_primary_cat":"none","_seopress_titles_title":"","_seopress_titles_desc":"","_seopress_robots_index":"","_joinchat":[]},"product_cat":[223,22],"product_tag":[2241,782,783,2242,1367],"berocket_brand":[382,393],"_links":{"self":[{"href":"https:\/\/www.casadainjecao.com.br\/loja\/wp-json\/wp\/v2\/product\/36210"}],"collection":[{"href":"https:\/\/www.casadainjecao.com.br\/loja\/wp-json\/wp\/v2\/product"}],"about":[{"href":"https:\/\/www.casadainjecao.com.br\/loja\/wp-json\/wp\/v2\/types\/product"}],"wp:featuredmedia":[{"embeddable":true,"href":"https:\/\/www.casadainjecao.com.br\/loja\/wp-json\/wp\/v2\/media\/36209"}],"wp:attachment":[{"href":"https:\/\/www.casadainjecao.com.br\/loja\/wp-json\/wp\/v2\/media?parent=36210"}],"wp:term":[{"taxonomy":"product_cat","embeddable":true,"href":"https:\/\/www.casadainjecao.com.br\/loja\/wp-json\/wp\/v2\/product_cat?post=36210"},{"taxonomy":"product_tag","embeddable":true,"href":"https:\/\/www.casadainjecao.com.br\/loja\/wp-json\/wp\/v2\/product_tag?post=36210"},{"taxonomy":"berocket_brand","embeddable":true,"href":"https:\/\/www.casadainjecao.com.br\/loja\/wp-json\/wp\/v2\/berocket_brand?post=36210"}],"curies":[{"name":"wp","href":"https:\/\/api.w.org\/{rel}","templated":true}]}}