{"id":36317,"date":"2024-09-19T17:07:06","date_gmt":"2024-09-19T20:07:06","guid":{"rendered":"https:\/\/www.casadainjecao.com.br\/loja\/?post_type=product&#038;p=36317"},"modified":"2026-04-27T12:02:35","modified_gmt":"2026-04-27T15:02:35","slug":"sensor-temperatura-ford-new-fiesta-ecosport-ka-original-7m5112a648aa","status":"publish","type":"product","link":"https:\/\/www.casadainjecao.com.br\/loja\/autopecas\/motor\/sensor-temperatua\/sensor-temperatura-ford-new-fiesta-ecosport-ka-original-7m5112a648aa\/","title":{"rendered":"Sensor Temperatura Ford New Fiesta Ecosport Ka  Original &#8"},"content":{"rendered":"<h2 class=\"product-details__name\">Sensor Temperatura \u00c1gua Semi Novo Original com Detalhes<\/h2>\n<p>FORD<\/p>\n<p>Ford EcoSport: Modelos de 2003 em diante, especialmente com motor 2.0 16V<\/p>\n<p>Ford Focus Hatch e Sedan: Modelos a partir de 2008 com motor 2.0 16V<\/p>\n<p>Ford Fiesta: Modelos entre 2010 e 2014 com motores Sigma 1.5 16V e 1.6 16V<\/p>\n<p>Ford Fusion: Modelos de 2013 a 2019.Ford Ka: Modelos de 2015 a 2021<\/p>\n<p>Ford Mondeo: Modelos de 1997 a 2001<\/p>\n<p>VOLVO<\/p>\n<p>Volvo C30 2006 a 2012<\/p>\n<p>Volvo S40 2004 a 2012<\/p>\n<p>Volvo S60 2010 a 2014<\/p>\n<p>Volvo S80 2008 a 2014<\/p>\n<p>Volvo V50 2004 a 2012<\/p>\n<p>Volvo V60 2010 a 2014<\/p>\n<p>Volvo V70 2008 a 2014<\/p>\n<p>Volvo XC60 2010 a 2014<\/p>\n<p>Rover Ranger Rover Evoque 2.0 Turbo 2012 a 2018<\/p>\n<p>Land Rover, Mazda, Citroen, Peugeot Motor Sigma 1.5 1.6 16v<\/p>\n<h4>C\u00f3digos Originais Compat\u00edveis:<\/h4>\n<p>LAND ROVER LR000241, LAND ROVER LR000318, LAND ROVER LR025045, LAND ROVER LR044930, JAGUAR JDE28626, MAZDA 1F2218840, MAZDA 1F6018840, MAZDA AJ0318840, MAZDA AJ0318840A, MAZDA U20218840, VOLVO 31216653, VOLVO 31272434, VOLVO 31401576, VOLVO 31422342, FORD 1109340, FORD 1458378, FORD 1484876, FORD 1540574, FORD 1702985, FORD 1802332, FORD 1803883, FORD 1892398, FORD 1L2A12A648AA, FORD 1L2Z12A648AA, FORD 3L8A12A648BA, FORD 3L8A12A648BB, FORD 3L8Z12A648A, FORD 3L8Z12A648BA, FORD 4093827, FORD 4529853, FORD 7C1112A648AA, FORD 7C1112A648AB, FORD 7C1112A648AC, FORD 7M5112A648AA, FORD 7M5112A648BA, FORD IL2Z12A648AAFORD XS6F12A648, FORD XS6F12A648CA, FORD XS6F12A648CB, FORD XS6Z12A648CA, GM-CHEVROLET 89053229, PEUGEOT 9675342080, CITROEN 9675342080<\/p>\n<h4 class=\"product-details__name\">C\u00f3digo de Refer\u00eancia:<\/h4>\n<p class=\"product-details__name\">7m5112a648aa, 7M51-12A648-AA, R60Ja, LR000241, 31216653, 9675342080, AJ0318840A, 1802332, xs6f12a648ba<\/p>\n<h4><strong>Condi\u00e7\u00f5es:<\/strong><\/h4>\n<p>Produto Semi Novo Original \/ Com Avaria<\/p>\n<h4><strong>Garantia:<\/strong><\/h4>\n<p>3 Meses<\/p>\n<h3><strong>ATEN\u00c7\u00c3O: Antes de efetuar a compra verifique o c\u00f3digo da sua pe\u00e7a que est\u00e1 instalada no seu ve\u00edculo.<\/strong><\/h3>\n<h5><\/h5>\n<p>A Casa da Inje\u00e7\u00e3o oferece total garantia nos produtos comprados em nosso site.<\/p>\n<p>Cada item \u00e9 rigorosamente testado antes do envio<\/p>\n<p>Se os itens estiverem danificados ou parcialmente defeituosos, entre em contato conosco.<\/p>\n<p>Procure um profissional devidamente licenciado para a instala\u00e7\u00e3o e fa\u00e7a revis\u00f5es periodicamente. A empresa n\u00e3o se responsabiliza por problemas oriundos da m\u00e1 instala\u00e7\u00e3o ou com a falta de cuidados peri\u00f3dicos dos componentes.<\/p>\n<p>Se houver qualquer defeito, n\u00f3s lhe enviaremos uma substitui\u00e7\u00e3o ap\u00f3s receber o pacote ou devolvemos seu dinheiro.<\/p>\n<p>Leia nossa\u00a0<a href=\"https:\/\/www.casadainjecao.com.br\/loja\/politica-de-devolucao\">pol\u00edtica de devolu\u00e7\u00e3o aqui<\/a><\/p>\n<p>\u2014\u2014\u2014\u2014\u2014\u2014\u2014\u2014\u2014\u2014\u2014\u2014\u2014\u2014\u2014\u2014\u2014\u2014\u2014\u2013<\/p>\n<p>Tem alguma d\u00favida?<\/p>\n<p>Entre em contato que podemos ajudar!<\/p>\n<p>Confira as informa\u00e7\u00f5es adicionais abaixo:<\/p>\n<p>Todos os nossos produtos s\u00e3o novos, semi-novos, originais e paralelos possuem garantia.<\/p>\n<p>Todos os produtos anunciados est\u00e3o dispon\u00edveis em estoque e s\u00e3o enviados com extrema rapidez.<\/p>\n<p>O frete pode ser simulado antes de efetuar a compra, basta clicar em \u201cver custos de envio\u201d.<\/p>\n<p>Verifique o endere\u00e7o de entrega cadastrado e atualize caso necess\u00e1rio.<\/p>\n<p>Confirme se a pe\u00e7a \u00e9 correta para o seu modelo de ve\u00edculo.<\/p>\n<p>Para pe\u00e7as automotivas, recomendamos a instala\u00e7\u00e3o por um profissional especializado.<\/p>\n<p>Caso possua outras d\u00favidas, entre em contato.<\/p>\n","protected":false},"excerpt":{"rendered":"<h2>Sensor Temperatura Ford New Fiesta Ecosport Ka Original &#8211; 7M5112A648AA<\/h2>\n","protected":false},"featured_media":44238,"template":"","meta":{"_seopress_robots_primary_cat":"none","_seopress_titles_title":"","_seopress_titles_desc":"","_seopress_robots_index":"","_joinchat":[]},"product_cat":[21,22,2216,269],"product_tag":[274,429,693],"berocket_brand":[384],"_links":{"self":[{"href":"https:\/\/www.casadainjecao.com.br\/loja\/wp-json\/wp\/v2\/product\/36317"}],"collection":[{"href":"https:\/\/www.casadainjecao.com.br\/loja\/wp-json\/wp\/v2\/product"}],"about":[{"href":"https:\/\/www.casadainjecao.com.br\/loja\/wp-json\/wp\/v2\/types\/product"}],"wp:featuredmedia":[{"embeddable":true,"href":"https:\/\/www.casadainjecao.com.br\/loja\/wp-json\/wp\/v2\/media\/44238"}],"wp:attachment":[{"href":"https:\/\/www.casadainjecao.com.br\/loja\/wp-json\/wp\/v2\/media?parent=36317"}],"wp:term":[{"taxonomy":"product_cat","embeddable":true,"href":"https:\/\/www.casadainjecao.com.br\/loja\/wp-json\/wp\/v2\/product_cat?post=36317"},{"taxonomy":"product_tag","embeddable":true,"href":"https:\/\/www.casadainjecao.com.br\/loja\/wp-json\/wp\/v2\/product_tag?post=36317"},{"taxonomy":"berocket_brand","embeddable":true,"href":"https:\/\/www.casadainjecao.com.br\/loja\/wp-json\/wp\/v2\/berocket_brand?post=36317"}],"curies":[{"name":"wp","href":"https:\/\/api.w.org\/{rel}","templated":true}]}}