{"id":36362,"date":"2024-09-20T12:16:58","date_gmt":"2024-09-20T15:16:58","guid":{"rendered":"https:\/\/www.casadainjecao.com.br\/loja\/?post_type=product&#038;p=36362"},"modified":"2025-08-01T12:39:38","modified_gmt":"2025-08-01T15:39:38","slug":"bobina-ignicao-fiat-palio-uno-punto-1-4-evo-6-pinos-55280978","status":"publish","type":"product","link":"https:\/\/www.casadainjecao.com.br\/loja\/autopecas\/eletrica\/bobina-de-ignicao\/bobina-ignicao-fiat-palio-uno-punto-1-4-evo-6-pinos-55280978\/","title":{"rendered":"Bobina Igni\u00e7\u00e3o Fiat Palio Uno Punto 1.4 Evo 6 Pinos &#8211"},"content":{"rendered":"<h1>Bobina de Igni\u00e7\u00e3o Delphi 6 Pinos Original<\/h1>\n<h3>Fiat 500 1.4 Fire EVO &#8211; 2010 EM DIANTE<br \/>\nFiat FIORINO 1.4 Fire EVO &#8211; 2011 EM DIANTE<br \/>\nFiat GRAND SIENA 1.4 Fire EVO &#8211; 2013 EM DIANTE<br \/>\nFiat PALIO 1.4 Fire EVO &#8211; 2011 EM DIANTE<br \/>\nFiat PUNTO 1.4 Fire EVO &#8211; 2011 EM DIANTE<br \/>\nFiat UNO 1.4 Fire EVO &#8211; 2011 EM DIANTE.<\/h3>\n<p>C\u00d3DIGO REFER\u00caNCIA:<br \/>\nFIAT: 55200112 , 55200486 , 55228006, 880091,55280978<br \/>\nFORD: 1535713, 9S51-12029-AAA<br \/>\nBERU: ZS 079<br \/>\nBI0076MMA \/ U6061 \/ 55228006<\/p>\n<h5><strong>Condi\u00e7\u00f5es:<\/strong><\/h5>\n<h5><strong>Produto Novo Original<\/strong><\/h5>\n<h5><strong>Garantia:<\/strong><\/h5>\n<h5><strong>3 Meses<\/strong><\/h5>\n<h5><strong>ATEN\u00c7\u00c3O: Antes de efetuar a compra verifique o c\u00f3digo da sua pe\u00e7a que est\u00e1 instalado no seu ve\u00edculo.<\/strong><\/h5>\n<h5><strong>A Casa da Inje\u00e7\u00e3o oferece total garantia nos produtos comprados em nosso site.<\/strong><\/h5>\n<h5><strong>Cada item \u00e9 rigorosamente testado antes do envio<\/strong><\/h5>\n<h5><strong>Se os itens estiverem danificados ou parcialmente defeituosos, entre em contato conosco.<\/strong><\/h5>\n<h5><strong>Procure um profissional devidamente licenciado para a instala\u00e7\u00e3o e fa\u00e7a revis\u00f5es periodicamente. A empresa n\u00e3o se responsabiliza por problemas oriundos da m\u00e1 instala\u00e7\u00e3o ou com a falta de cuidados peri\u00f3dicos dos componentes.<\/strong><\/h5>\n<h5><strong>Se houver qualquer defeito, n\u00f3s lhe enviaremos uma substitui\u00e7\u00e3o ap\u00f3s receber o pacote ou devolvemos seu dinheiro.<\/strong><\/h5>\n<h5><strong>Leia nossa\u00a0<\/strong><a href=\"https:\/\/www.casadainjecao.com.br\/loja\/politica-de-devolucao\"><strong>pol\u00edtica de devolu\u00e7\u00e3o aqui<\/strong><\/a><\/h5>\n<h5><strong>\u2014\u2014\u2014\u2014\u2014\u2014\u2014\u2014\u2014\u2014\u2014\u2014\u2014\u2014\u2014\u2014\u2014\u2014\u2014\u2013<\/strong><\/h5>\n<h5><strong>Tem alguma d\u00favida?<\/strong><\/h5>\n<h5><strong>Entre em contato que podemos ajudar!<\/strong><\/h5>\n<h5><strong>Confira as informa\u00e7\u00f5es adicionais abaixo:<\/strong><\/h5>\n<h5><strong>Todos os nossos produtos s\u00e3o novos, semi-novos, originais e paralelos possuem garantia.<\/strong><\/h5>\n<h5><strong>Todos os produtos anunciados est\u00e3o dispon\u00edveis em estoque e s\u00e3o enviados com extrema rapidez.<\/strong><\/h5>\n<h5><strong>O frete pode ser simulado antes de efetuar a compra, basta clicar em \u201cver custos de envio\u201d.<\/strong><\/h5>\n<h5><strong>Verifique o endere\u00e7o de entrega cadastrado e atualize caso necess\u00e1rio.<\/strong><\/h5>\n<h5><strong>Confirme se a pe\u00e7a \u00e9 correta para o seu modelo de ve\u00edculo.<\/strong><\/h5>\n<h5><strong>Para pe\u00e7as automotivas, recomendamos a instala\u00e7\u00e3o por um profissional especializado.<\/strong><\/h5>\n<h5><strong>Caso possua outras d\u00favidas, entre em contato.<\/strong><\/h5>\n","protected":false},"excerpt":{"rendered":"<h2>Bobina Igni\u00e7\u00e3o Fiat Palio Uno Punto 1.4 Motor Fire Evo 6 Pinos &#8211; 55280978<\/h2>\n","protected":false},"featured_media":36366,"template":"","meta":{"_seopress_robots_primary_cat":"none","_seopress_titles_title":"","_seopress_titles_desc":"","_seopress_robots_index":"","_kad_blocks_custom_css":"","_kad_blocks_head_custom_js":"","_kad_blocks_body_custom_js":"","_kad_blocks_footer_custom_js":"","_joinchat":[]},"product_cat":[106,17],"product_tag":[280,1392,119,108,120,214],"berocket_brand":[383],"taxonomy_info":{"product_cat":[{"value":106,"label":"Bobina de Igni\u00e7\u00e3o"},{"value":17,"label":"El\u00e9trica"}],"product_tag":[{"value":280,"label":"FIORINO"},{"value":1392,"label":"Gran Siena"},{"value":119,"label":"Palio"},{"value":108,"label":"Punto"},{"value":120,"label":"Siena"},{"value":214,"label":"Uno"}],"berocket_brand":[{"value":383,"label":"Fiat"}]},"featured_image_src_large":["https:\/\/www.casadainjecao.com.br\/loja\/wp-content\/uploads\/2024\/09\/Bobina-Ignicao-Fiat-Palio-Uno-Punto-1.4-Evo-6-Pinos-55280978-1-1003x920.jpg",640,587,true],"author_info":[],"comment_info":"","_links":{"self":[{"href":"https:\/\/www.casadainjecao.com.br\/loja\/wp-json\/wp\/v2\/product\/36362"}],"collection":[{"href":"https:\/\/www.casadainjecao.com.br\/loja\/wp-json\/wp\/v2\/product"}],"about":[{"href":"https:\/\/www.casadainjecao.com.br\/loja\/wp-json\/wp\/v2\/types\/product"}],"wp:featuredmedia":[{"embeddable":true,"href":"https:\/\/www.casadainjecao.com.br\/loja\/wp-json\/wp\/v2\/media\/36366"}],"wp:attachment":[{"href":"https:\/\/www.casadainjecao.com.br\/loja\/wp-json\/wp\/v2\/media?parent=36362"}],"wp:term":[{"taxonomy":"product_cat","embeddable":true,"href":"https:\/\/www.casadainjecao.com.br\/loja\/wp-json\/wp\/v2\/product_cat?post=36362"},{"taxonomy":"product_tag","embeddable":true,"href":"https:\/\/www.casadainjecao.com.br\/loja\/wp-json\/wp\/v2\/product_tag?post=36362"},{"taxonomy":"berocket_brand","embeddable":true,"href":"https:\/\/www.casadainjecao.com.br\/loja\/wp-json\/wp\/v2\/berocket_brand?post=36362"}],"curies":[{"name":"wp","href":"https:\/\/api.w.org\/{rel}","templated":true}]}}