{"id":364,"date":"2020-07-27T13:04:14","date_gmt":"2020-07-27T16:04:14","guid":{"rendered":"http:\/\/casadainjecao.com.br\/loja\/?post_type=product&#038;p=364"},"modified":"2025-06-09T11:26:43","modified_gmt":"2025-06-09T14:26:43","slug":"suporte-chave-de-seta-renault-scenic-megane-7701045859-2","status":"publish","type":"product","link":"https:\/\/www.casadainjecao.com.br\/loja\/autopecas\/eletrica\/chave-de-seta\/suporte-chave-de-seta-renault-scenic-megane-7701045859-2\/","title":{"rendered":"Suporte Chave de Seta Renault Scenic &#8211; 7701045859"},"content":{"rendered":"<h1>Suporte da Chave de Seta<\/h1>\n<h3><strong>RENAULT<\/strong><\/h3>\n<h3>Renault Sc\u00e9nic I RT, RN, RXE, Egeus, Expression, Privil\u00e9ge, Alize, Authentique, Privil\u00e9ge flex, Sportway 1.6 16v 2.0 8v 2.0 16v (1996 a 2017)<\/h3>\n<h3>C\u00f3digo de Refer\u00eancia:<\/h3>\n<h3>7701045859<\/h3>\n<h5>Condi\u00e7\u00f5es:<\/h5>\n<h5>Novo Original \/ Marca Renault<\/h5>\n<h5><strong>Garantia:<\/strong><\/h5>\n<h5>3 Meses<strong>\u00a0<\/strong><\/h5>\n<h5>ATEN\u00c7\u00c3O: Antes de efetuar a compra verifique o c\u00f3digo da sua pe\u00e7a que est\u00e1 instalada no seu ve\u00edculo.<\/h5>\n<h5><strong>APLICA\u00c7\u00c3O:<\/strong><\/h5>\n<h5>Linha Renault<\/h5>\n<h5><strong>\u00a0O que \u00e9 e para que serve o Suporte da Chave de Seta?<\/strong><\/h5>\n<h5>O Suporte da Chave de Seta faz parte do sistema de controle de seta ou pisca-pisca de um ve\u00edculo. Esse suporte \u00e9 geralmente uma estrutura que abriga ou sustenta uma chave de seta, tamb\u00e9m conhecida como alavanca de seta ou interruptor de seta. A chave de seta \u00e9 uma pe\u00e7a que os motoristas usam para indicar a dire\u00e7\u00e3o em que pretendem virar, seja para a esquerda ou para a direita.<\/h5>\n<h5><\/h5>\n<h5>A Casa da Inje\u00e7\u00e3o oferece total garantia nos produtos comprados em nosso site.<\/h5>\n<ol>\n<li>\n<h5>Cada item \u00e9 rigorosamente testado antes do envio<\/h5>\n<\/li>\n<li>\n<h5>Se os itens estiverem danificados ou parcialmente defeituosos, entre em contato conosco.<\/h5>\n<\/li>\n<\/ol>\n<h5>Se houver qualquer defeito, n\u00f3s lhe enviaremos uma substitui\u00e7\u00e3o ap\u00f3s receber o pacote ou devolvemos seu dinheiro.<\/h5>\n<h5>Leia nossa<span style=\"color: #ff0000;\">\u00a0<a style=\"color: #ff0000;\" href=\"https:\/\/www.casadainjecao.com.br\/loja\/politica-de-devolucao\">pol\u00edtica de devolu\u00e7\u00e3o aqui<\/a><\/span><\/h5>\n<h5>\u2014\u2014\u2014\u2014\u2014\u2014\u2014\u2014\u2014\u2014\u2014\u2014\u2014\u2014\u2014\u2014\u2014\u2014\u2014\u2013<\/h5>\n<h5><strong>Tem alguma d\u00favida?<\/strong><\/h5>\n<h5>Entre em contato que podemos ajudar!<\/h5>\n<h5>Confira as informa\u00e7\u00f5es adicionais abaixo:<\/h5>\n<ul>\n<li>\n<h5>Todos os nossos produtos s\u00e3o novos, semi-novos, originais e paralelos possuem garantia.<\/h5>\n<\/li>\n<li>\n<h5>Todos os produtos anunciados est\u00e3o dispon\u00edveis em estoque e s\u00e3o enviados com extrema rapidez.<\/h5>\n<\/li>\n<li>\n<h5>O frete pode ser simulado antes de efetuar a compra, basta clicar em \u201cver custos de envio\u201d.<\/h5>\n<\/li>\n<li>\n<h5>Verifique o endere\u00e7o de entrega cadastrado e atualize caso necess\u00e1rio.<\/h5>\n<\/li>\n<li>\n<h5>Confirme se a pe\u00e7a \u00e9 correta para o seu modelo de ve\u00edculo.<\/h5>\n<\/li>\n<li>\n<h5>Para pe\u00e7as automotivas, recomendamos a instala\u00e7\u00e3o por um profissional especializado.<\/h5>\n<\/li>\n<\/ul>\n<h5>Caso possua outras d\u00favidas, entre em contato.<\/h5>\n","protected":false},"excerpt":{"rendered":"<h2>Suporte da Chave de Seta Renault Scenic &#8211; 7701045859<\/h2>\n","protected":false},"featured_media":40689,"template":"","meta":{"_seopress_robots_primary_cat":"none","_seopress_titles_title":"","_seopress_titles_desc":"","_seopress_robots_index":"","_joinchat":[]},"product_cat":[130,17],"product_tag":[1274],"berocket_brand":[394],"_links":{"self":[{"href":"https:\/\/www.casadainjecao.com.br\/loja\/wp-json\/wp\/v2\/product\/364"}],"collection":[{"href":"https:\/\/www.casadainjecao.com.br\/loja\/wp-json\/wp\/v2\/product"}],"about":[{"href":"https:\/\/www.casadainjecao.com.br\/loja\/wp-json\/wp\/v2\/types\/product"}],"wp:featuredmedia":[{"embeddable":true,"href":"https:\/\/www.casadainjecao.com.br\/loja\/wp-json\/wp\/v2\/media\/40689"}],"wp:attachment":[{"href":"https:\/\/www.casadainjecao.com.br\/loja\/wp-json\/wp\/v2\/media?parent=364"}],"wp:term":[{"taxonomy":"product_cat","embeddable":true,"href":"https:\/\/www.casadainjecao.com.br\/loja\/wp-json\/wp\/v2\/product_cat?post=364"},{"taxonomy":"product_tag","embeddable":true,"href":"https:\/\/www.casadainjecao.com.br\/loja\/wp-json\/wp\/v2\/product_tag?post=364"},{"taxonomy":"berocket_brand","embeddable":true,"href":"https:\/\/www.casadainjecao.com.br\/loja\/wp-json\/wp\/v2\/berocket_brand?post=364"}],"curies":[{"name":"wp","href":"https:\/\/api.w.org\/{rel}","templated":true}]}}