{"id":36483,"date":"2024-09-23T18:28:04","date_gmt":"2024-09-23T21:28:04","guid":{"rendered":"https:\/\/www.casadainjecao.com.br\/loja\/autopecas\/sem%20categoria\/trilho-guia-vidro-da-porta-traseira-esq-scenic-8200200815\/"},"modified":"2024-11-13T11:57:45","modified_gmt":"2024-11-13T14:57:45","slug":"trilho-guia-vidro-da-porta-traseira-esq-scenic-8200200815","status":"publish","type":"product","link":"https:\/\/www.casadainjecao.com.br\/loja\/autopecas\/carroceria\/portas\/trilho-guia-vidro-da-porta-traseira-esq-scenic-8200200815\/","title":{"rendered":"Trilho Guia Vidro Da Porta Traseira Esq Scenic &#8211; 82002"},"content":{"rendered":"<h2><span style=\"color: #000000; font-family: 'Proxima Nova', -apple-system, Roboto, Arial, sans-serif; font-size: 20px;\">Trilho Guia Do Vidro Porta Traseira Original\u00a0<\/span><\/h2>\n<p><span style=\"font-family: 'Proxima Nova', -apple-system, Roboto, Arial, sans-serif; font-size: 20px; color: #000000;\">Renault Scenic 1996 ate 2017<\/span><\/p>\n<h4><span style=\"color: #000000;\"><span style=\"font-family: 'Proxima Nova', -apple-system, Roboto, Arial, sans-serif; font-size: 20px;\">C\u00f3digo de Refer\u00eancia<\/span><\/span><span style=\"color: #000000;\"><span style=\"font-family: 'Proxima Nova', -apple-system, Roboto, Arial, sans-serif; font-size: 20px;\">:<\/span><\/span><\/h4>\n<p><span style=\"color: #000000;\"><span style=\"font-family: 'Proxima Nova', -apple-system, Roboto, Arial, sans-serif; font-size: 20px;\"> 8200200815, 7700410944, <\/span><span style=\"font-family: 'Proxima Nova', -apple-system, Roboto, Arial, sans-serif;\"><span style=\"font-size: 20px;\">8200029980<\/span><\/span><\/span><\/p>\n<h4><span style=\"color: #000000; font-family: Proxima Nova, -apple-system, Roboto, Arial, sans-serif;\"><span style=\"font-size: 20px;\">Condi\u00e7\u00f5es:<\/span><\/span><\/h4>\n<p><span style=\"font-family: 'Proxima Nova', -apple-system, Roboto, Arial, sans-serif; color: #000000;\"><span style=\"font-size: 20px;\">Novo Original \/\u00a0<\/span><\/span><span style=\"font-family: 'Proxima Nova', -apple-system, Roboto, Arial, sans-serif; color: #000000;\"><span style=\"font-size: 20px;\">Marca Renault<\/span><\/span><\/p>\n<h4>Especifica\u00e7\u00f5es:<\/h4>\n<p><span style=\"font-family: 'Proxima Nova', -apple-system, Roboto, Arial, sans-serif; font-size: 20px; color: #000000;\">Lado Esquerdo (LADO DO MOTORISTA)<\/span><\/p>\n<h3><strong>ATEN\u00c7\u00c3O: Antes de efetuar a compra verifique o c\u00f3digo da sua pe\u00e7a que est\u00e1 instalada no seu ve\u00edculo.<\/strong><\/h3>\n<p>&nbsp;<\/p>\n<p>A Casa da Inje\u00e7\u00e3o oferece total garantia nos produtos comprados em nosso site.<\/p>\n<p>Cada item \u00e9 rigorosamente testado antes do envio<\/p>\n<p>Se os itens estiverem danificados ou parcialmente defeituosos, entre em contato conosco.<\/p>\n<p>Procure um profissional devidamente licenciado para a instala\u00e7\u00e3o e fa\u00e7a revis\u00f5es periodicamente. A empresa n\u00e3o se responsabiliza por problemas oriundos da m\u00e1 instala\u00e7\u00e3o ou com a falta de cuidados peri\u00f3dicos dos componentes.<\/p>\n<p>Se houver qualquer defeito, n\u00f3s lhe enviaremos uma substitui\u00e7\u00e3o ap\u00f3s receber o pacote ou devolvemos seu dinheiro.<\/p>\n<p>Leia nossa <a href=\"https:\/\/www.casadainjecao.com.br\/loja\/politica-de-devolucao\">pol\u00edtica de devolu\u00e7\u00e3o aqui<\/a><\/p>\n<p>\u2014\u2014\u2014\u2014\u2014\u2014\u2014\u2014\u2014\u2014\u2014\u2014\u2014\u2014\u2014\u2014\u2014\u2014\u2014\u2013<\/p>\n<p>Tem alguma d\u00favida?<\/p>\n<p>Entre em contato que podemos ajudar!<\/p>\n<p>Confira as informa\u00e7\u00f5es adicionais abaixo:<\/p>\n<p>Todos os nossos produtos s\u00e3o novos, semi-novos, originais e paralelos possuem garantia.<\/p>\n<p>Todos os produtos anunciados est\u00e3o dispon\u00edveis em estoque e s\u00e3o enviados com extrema rapidez.<\/p>\n<p>O frete pode ser simulado antes de efetuar a compra, basta clicar em \u201cver custos de envio\u201d.<\/p>\n<p>Verifique o endere\u00e7o de entrega cadastrado e atualize caso necess\u00e1rio.<\/p>\n<p>Confirme se a pe\u00e7a \u00e9 correta para o seu modelo de ve\u00edculo.<\/p>\n<p>Para pe\u00e7as automotivas, recomendamos a instala\u00e7\u00e3o por um profissional especializado.<\/p>\n<p>Caso possua outras d\u00favidas, entre em contato.<\/p>\n","protected":false},"excerpt":{"rendered":"<h2>Trilho Guia Vidro Da Porta Traseira Esquerda Renault Scenic &#8211; 8200200815<\/h2>\n","protected":false},"featured_media":36482,"template":"","meta":{"_seopress_robots_primary_cat":"none","_seopress_titles_title":"","_seopress_titles_desc":"","_seopress_robots_index":"","_joinchat":[]},"product_cat":[83,23,97,1200],"product_tag":[51],"berocket_brand":[394],"_links":{"self":[{"href":"https:\/\/www.casadainjecao.com.br\/loja\/wp-json\/wp\/v2\/product\/36483"}],"collection":[{"href":"https:\/\/www.casadainjecao.com.br\/loja\/wp-json\/wp\/v2\/product"}],"about":[{"href":"https:\/\/www.casadainjecao.com.br\/loja\/wp-json\/wp\/v2\/types\/product"}],"wp:featuredmedia":[{"embeddable":true,"href":"https:\/\/www.casadainjecao.com.br\/loja\/wp-json\/wp\/v2\/media\/36482"}],"wp:attachment":[{"href":"https:\/\/www.casadainjecao.com.br\/loja\/wp-json\/wp\/v2\/media?parent=36483"}],"wp:term":[{"taxonomy":"product_cat","embeddable":true,"href":"https:\/\/www.casadainjecao.com.br\/loja\/wp-json\/wp\/v2\/product_cat?post=36483"},{"taxonomy":"product_tag","embeddable":true,"href":"https:\/\/www.casadainjecao.com.br\/loja\/wp-json\/wp\/v2\/product_tag?post=36483"},{"taxonomy":"berocket_brand","embeddable":true,"href":"https:\/\/www.casadainjecao.com.br\/loja\/wp-json\/wp\/v2\/berocket_brand?post=36483"}],"curies":[{"name":"wp","href":"https:\/\/api.w.org\/{rel}","templated":true}]}}