{"id":36489,"date":"2024-09-23T18:45:03","date_gmt":"2024-09-23T21:45:03","guid":{"rendered":"https:\/\/www.casadainjecao.com.br\/loja\/autopecas\/sem%20categoria\/tucho-hidraulico-motor-1-6-jumpy-citroen-094253\/"},"modified":"2026-03-30T15:06:47","modified_gmt":"2026-03-30T18:06:47","slug":"tucho-hidraulico-motor-1-6-jumpy-citroen-094253","status":"publish","type":"product","link":"https:\/\/www.casadainjecao.com.br\/loja\/autopecas\/motor\/tucho-hidraulico\/tucho-hidraulico-motor-1-6-jumpy-citroen-094253\/","title":{"rendered":"Tucho Hidr\u00e1ulico Motor 1.6 Jumpy Citro\u00ebn &#8211; 094253"},"content":{"rendered":"<h2><strong>Tucho Hidr\u00e1ulico Motor 1.6 &#8211; Citro\u00ebn Original<\/strong><\/h2>\n<ul>\n<li>Citro\u00ebn Jumpy Furg\u00e3o 1.6 16V Turbo Diesel Mec. (2018\/2023)<\/li>\n<li>Citro\u00ebn Jumpy Furg\u00e3o 1.6 Pack Td Blue HDi 5p (2018\/2022)<\/li>\n<li>Citro\u00ebn Jumpy Furg\u00e3o 1.6 Td Blue HDi 5p (2018\/2020)<\/li>\n<li>Citro\u00ebn Jumpy Furg\u00e3o Pack 1.6 16V Turbo Diesel Mec. (2018\/2023)<\/li>\n<li>Citro\u00ebn Jumpy Minibus 1.6 (11l) Td Blue HDi 5p (2018\/2022)<\/li>\n<li>Citro\u00ebn Jumpy Minibus 1.6 16V Turbo Diesel Mec. (2018\/2023)<\/li>\n<li>Citro\u00ebn Jumpy Vitr\u00e9 1.6 16V Turbo Diesel Mec. (2018\/2023)<\/li>\n<li>Citro\u00ebn Jumpy Vitr\u00e9 1.6 Td Blue HDi 5p (2021\/2022)<\/li>\n<\/ul>\n<p><strong>Caracter\u00edsticas:<\/strong><\/p>\n<ul>\n<li><strong>C\u00f3digo:<\/strong> 094253<\/li>\n<li><strong>Condi\u00e7\u00e3o:<\/strong> Novo<\/li>\n<li><strong>Marca:<\/strong> Citro\u00ebn<\/li>\n<li><strong>Origem:<\/strong> Alemanha<\/li>\n<li><strong>Garantia:<\/strong> 3 meses (Garantia de f\u00e1brica)<\/li>\n<\/ul>\n<p>MOPAR\u00ae \u00e9 a marca de pe\u00e7as de reposi\u00e7\u00e3o genu\u00ednas do Grupo Stellantis, que abrange Fiat, Jeep, Peugeot, Citro\u00ebn e RAM. As pe\u00e7as e acess\u00f3rios MOPAR\u00ae s\u00e3o desenvolvidas pelas mesmas equipes que projetaram seu ve\u00edculo, garantindo que atendam aos rigorosos padr\u00f5es de f\u00e1brica para um desempenho excepcional.<\/p>\n<p>Mantenha seu ve\u00edculo em excelente estado com pe\u00e7as originais de alta qualidade!<\/p>\n<h3><strong>ATEN\u00c7\u00c3O: Antes de efetuar a compra verifique o c\u00f3digo da sua pe\u00e7a que est\u00e1 instalada no seu ve\u00edculo.<\/strong><\/h3>\n<h5><strong>A Casa da Inje\u00e7\u00e3o oferece total garantia nos produtos comprados em nosso site.<\/strong><\/h5>\n<h5><strong>Cada item \u00e9 rigorosamente testado antes do envio<\/strong><\/h5>\n<h5><strong>Se os itens estiverem danificados ou parcialmente defeituosos, entre em contato conosco.<\/strong><\/h5>\n<h5><strong>Procure um profissional devidamente licenciado para a instala\u00e7\u00e3o e fa\u00e7a revis\u00f5es periodicamente. A empresa n\u00e3o se responsabiliza por problemas oriundos da m\u00e1 instala\u00e7\u00e3o ou com a falta de cuidados peri\u00f3dicos dos componentes.<\/strong><\/h5>\n<h5><strong>Se houver qualquer defeito, n\u00f3s lhe enviaremos uma substitui\u00e7\u00e3o ap\u00f3s receber o pacote ou devolvemos seu dinheiro.<\/strong><\/h5>\n<h5><strong>Leia nossa <\/strong><a href=\"https:\/\/www.casadainjecao.com.br\/loja\/politica-de-devolucao\">pol\u00edtica de devolu\u00e7\u00e3o aqui<\/a><\/h5>\n<h5><strong>\u2014\u2014\u2014\u2014\u2014\u2014\u2014\u2014\u2014\u2014\u2014\u2014\u2014\u2014\u2014\u2014\u2014\u2014\u2014\u2013<\/strong><\/h5>\n<h5><strong>Tem alguma d\u00favida?<\/strong><\/h5>\n<h5><strong>Entre em contato que podemos ajudar!<\/strong><\/h5>\n<h5><strong>Confira as informa\u00e7\u00f5es adicionais abaixo:<\/strong><\/h5>\n<h5><strong>Todos os nossos produtos s\u00e3o novos, semi-novos, originais e paralelos possuem garantia.<\/strong><\/h5>\n<h5><strong>Todos os produtos anunciados est\u00e3o dispon\u00edveis em estoque e s\u00e3o enviados com extrema rapidez.<\/strong><\/h5>\n<h5><strong>O frete pode ser simulado antes de efetuar a compra, basta clicar em \u201cver custos de envio\u201d.<\/strong><\/h5>\n<h5><strong>Verifique o endere\u00e7o de entrega cadastrado e atualize caso necess\u00e1rio.<\/strong><\/h5>\n<h5><strong>Confirme se a pe\u00e7a \u00e9 correta para o seu modelo de ve\u00edculo.<\/strong><\/h5>\n<h5><strong>Para pe\u00e7as automotivas, recomendamos a instala\u00e7\u00e3o por um profissional especializado.<\/strong><\/h5>\n<h5><strong>Caso possua outras d\u00favidas, entre em contato.<\/strong><\/h5>\n<p>&nbsp;<\/p>\n","protected":false},"excerpt":{"rendered":"<h2>Tucho Hidr\u00e1ulico Motor 1.6 Citro\u00ebn Jumpy Original &#8211; 094253<\/h2>\n","protected":false},"featured_media":36488,"template":"","meta":{"_seopress_robots_primary_cat":"none","_seopress_titles_title":"","_seopress_titles_desc":"","_seopress_robots_index":"","_joinchat":[]},"product_cat":[22,1972],"product_tag":[2248],"berocket_brand":[382],"_links":{"self":[{"href":"https:\/\/www.casadainjecao.com.br\/loja\/wp-json\/wp\/v2\/product\/36489"}],"collection":[{"href":"https:\/\/www.casadainjecao.com.br\/loja\/wp-json\/wp\/v2\/product"}],"about":[{"href":"https:\/\/www.casadainjecao.com.br\/loja\/wp-json\/wp\/v2\/types\/product"}],"wp:featuredmedia":[{"embeddable":true,"href":"https:\/\/www.casadainjecao.com.br\/loja\/wp-json\/wp\/v2\/media\/36488"}],"wp:attachment":[{"href":"https:\/\/www.casadainjecao.com.br\/loja\/wp-json\/wp\/v2\/media?parent=36489"}],"wp:term":[{"taxonomy":"product_cat","embeddable":true,"href":"https:\/\/www.casadainjecao.com.br\/loja\/wp-json\/wp\/v2\/product_cat?post=36489"},{"taxonomy":"product_tag","embeddable":true,"href":"https:\/\/www.casadainjecao.com.br\/loja\/wp-json\/wp\/v2\/product_tag?post=36489"},{"taxonomy":"berocket_brand","embeddable":true,"href":"https:\/\/www.casadainjecao.com.br\/loja\/wp-json\/wp\/v2\/berocket_brand?post=36489"}],"curies":[{"name":"wp","href":"https:\/\/api.w.org\/{rel}","templated":true}]}}