{"id":36913,"date":"2024-10-17T19:52:20","date_gmt":"2024-10-17T22:52:20","guid":{"rendered":"https:\/\/www.casadainjecao.com.br\/loja\/autopecas\/sem%20categoria\/4-bicos-injetores-mitsubishi-pajero-tr4-2-0-16v-cdh240\/"},"modified":"2026-05-11T16:26:51","modified_gmt":"2026-05-11T19:26:51","slug":"4-bicos-injetores-mitsubishi-pajero-tr4-2-0-16v-cdh240","status":"publish","type":"product","link":"https:\/\/www.casadainjecao.com.br\/loja\/autopecas\/injecao-eletronica\/bico-injetor\/4-bicos-injetores-mitsubishi-pajero-tr4-2-0-16v-cdh240\/","title":{"rendered":"4 Bicos Injetores Mitsubishi Pajero Tr4 2.0 16v &#8211; Cdh2"},"content":{"rendered":"<h1>Kit 4 Bicos Injetores Mitsubishi Pajero<\/h1>\n<h3>MITSUBISHI<\/h3>\n<h3>ECLIPSE GASOLINA 3.0 24V V6 2000 EM DIANTE<\/h3>\n<h3>GALANT GASOLINA 2.4 16V 1994 a 1996<\/h3>\n<h3>LANCER GASOLINA 1.8 16V 1999 a 2005<\/h3>\n<h3>PAJERO IO GASOLINA 1.8 16V 1999 a 2005<\/h3>\n<h3>PAJERO TR4 GASOLINA 2.0 16V 1999 a 2005<\/h3>\n<h3>SAZUKI VITARA 2.0 16V GASOLINA 1999 a 2003<\/h3>\n<h3>C\u00f3digo de Refer\u00eancia:<\/h3>\n<h3>CDH240, MR507252, 10660<\/h3>\n<h5>Condi\u00e7\u00f5es:<\/h5>\n<h5>Produto Novo Importado \/ Marca Torken<\/h5>\n<h5>Garantia:<\/h5>\n<h5>3 meses<\/h5>\n<h5><strong>ATEN\u00c7\u00c3O: Antes de efetuar a compra verifique o c\u00f3digo da sua pe\u00e7a que est\u00e1 instalado no seu ve\u00edculo.<\/strong><\/h5>\n<h5><strong>A Casa da Inje\u00e7\u00e3o oferece total garantia nos produtos comprados em nosso site.<\/strong><\/h5>\n<h5><strong>A Casa da Inje\u00e7\u00e3o oferece total garantia nos produtos comprados em nosso site.<\/strong><\/h5>\n<h5><strong>Cada item \u00e9 rigorosamente testado antes do envio<\/strong><\/h5>\n<h5><strong>Se os itens estiverem danificados ou parcialmente defeituosos, entre em contato conosco.<\/strong><\/h5>\n<h5><strong>Procure um profissional devidamente licenciado para a instala\u00e7\u00e3o e fa\u00e7a revis\u00f5es periodicamente. A empresa n\u00e3o se responsabiliza por problemas oriundos da m\u00e1 instala\u00e7\u00e3o ou com a falta de cuidados peri\u00f3dicos dos componentes.<\/strong><\/h5>\n<h5><strong>Se houver qualquer defeito, n\u00f3s lhe enviaremos uma substitui\u00e7\u00e3o ap\u00f3s receber o pacote ou devolvemos seu dinheiro.<\/strong><\/h5>\n<h5><strong>Leia nossa\u00a0<\/strong><a href=\"https:\/\/www.casadainjecao.com.br\/loja\/politica-de-devolucao\"><strong>pol\u00edtica de devolu\u00e7\u00e3o aqui<\/strong><\/a><\/h5>\n<h5><strong>\u2014\u2014\u2014\u2014\u2014\u2014\u2014\u2014\u2014\u2014\u2014\u2014\u2014\u2014\u2014\u2014\u2014\u2014\u2014\u2013<\/strong><\/h5>\n<h5><strong>Tem alguma d\u00favida?<\/strong><\/h5>\n<h5><strong>Entre em contato que podemos ajudar!<\/strong><\/h5>\n<h5><strong>Confira as informa\u00e7\u00f5es adicionais abaixo:<\/strong><\/h5>\n<h5><strong>Todos os nossos produtos s\u00e3o novos, semi-novos, originais e paralelos possuem garantia.<\/strong><\/h5>\n<h5><strong>Todos os produtos anunciados est\u00e3o dispon\u00edveis em estoque e s\u00e3o enviados com extrema rapidez.<\/strong><\/h5>\n<h5><strong>O frete pode ser simulado antes de efetuar a compra, basta clicar em \u201cver custos de envio\u201d.<\/strong><\/h5>\n<h5><strong>Verifique o endere\u00e7o de entrega cadastrado e atualize caso necess\u00e1rio.<\/strong><\/h5>\n<h5><strong>Confirme se a pe\u00e7a \u00e9 correta para o seu modelo de ve\u00edculo.<\/strong><\/h5>\n<h5><strong>Para pe\u00e7as automotivas, recomendamos a instala\u00e7\u00e3o por um profissional especializado.<\/strong><\/h5>\n<h5><strong>Caso possua outras d\u00favidas, entre em contato.<\/strong><\/h5>\n","protected":false},"excerpt":{"rendered":"<h2>Kit 4 Bicos Injetores Mitsubishi Pajero Tr4 2.0 16v &#8211; Cdh240 Mr507252<\/h2>\n","protected":false},"featured_media":44634,"template":"","meta":{"_seopress_robots_primary_cat":"none","_seopress_titles_title":"","_seopress_titles_desc":"","_seopress_robots_index":"","_seopress_analysis_target_kw":"","_kad_blocks_custom_css":"","_kad_blocks_head_custom_js":"","_kad_blocks_body_custom_js":"","_kad_blocks_footer_custom_js":"","_kadence_starter_templates_imported_post":false,"_joinchat":[]},"product_brand":[],"product_cat":[256,21],"product_tag":[1753,1754,1755,1517,1686],"berocket_brand":[391,1672],"class_list":{"0":"post-36913","1":"product","2":"type-product","3":"status-publish","4":"has-post-thumbnail","6":"product_cat-bico-injetor","7":"product_cat-injecao-eletronica","8":"product_tag-eclipse","9":"product_tag-galant","10":"product_tag-lancer","11":"product_tag-pajero-tr4","12":"product_tag-vitara","13":"berocket_brand-mitsubishi","14":"berocket_brand-suzuki","15":"thunk-woo-product-list","16":"big-store-woo-hover-zoom","17":"open-single-product-tab-horizontal","18":"open-shadow-","19":"open-shadow-hover-","21":"first","22":"instock","23":"sale","24":"taxable","25":"shipping-taxable","26":"purchasable","27":"product-type-simple"},"taxonomy_info":{"product_cat":[{"value":256,"label":"Bico Injetor"},{"value":21,"label":"Inje\u00e7\u00e3o Eletr\u00f4nica"}],"product_tag":[{"value":1753,"label":"ECLIPSE"},{"value":1754,"label":"Galant"},{"value":1755,"label":"LANCER"},{"value":1517,"label":"Pajero Tr4"},{"value":1686,"label":"Vitara"}],"berocket_brand":[{"value":391,"label":"Mitsubishi"},{"value":1672,"label":"Suzuki"}]},"featured_image_src_large":["https:\/\/www.casadainjecao.com.br\/loja\/wp-content\/uploads\/2025\/08\/Mr507252-6-920x920.jpg",640,640,true],"author_info":[],"comment_info":"","_links":{"self":[{"href":"https:\/\/www.casadainjecao.com.br\/loja\/wp-json\/wp\/v2\/product\/36913","targetHints":{"allow":["GET"]}}],"collection":[{"href":"https:\/\/www.casadainjecao.com.br\/loja\/wp-json\/wp\/v2\/product"}],"about":[{"href":"https:\/\/www.casadainjecao.com.br\/loja\/wp-json\/wp\/v2\/types\/product"}],"wp:featuredmedia":[{"embeddable":true,"href":"https:\/\/www.casadainjecao.com.br\/loja\/wp-json\/wp\/v2\/media\/44634"}],"wp:attachment":[{"href":"https:\/\/www.casadainjecao.com.br\/loja\/wp-json\/wp\/v2\/media?parent=36913"}],"wp:term":[{"taxonomy":"product_brand","embeddable":true,"href":"https:\/\/www.casadainjecao.com.br\/loja\/wp-json\/wp\/v2\/product_brand?post=36913"},{"taxonomy":"product_cat","embeddable":true,"href":"https:\/\/www.casadainjecao.com.br\/loja\/wp-json\/wp\/v2\/product_cat?post=36913"},{"taxonomy":"product_tag","embeddable":true,"href":"https:\/\/www.casadainjecao.com.br\/loja\/wp-json\/wp\/v2\/product_tag?post=36913"},{"taxonomy":"berocket_brand","embeddable":true,"href":"https:\/\/www.casadainjecao.com.br\/loja\/wp-json\/wp\/v2\/berocket_brand?post=36913"}],"curies":[{"name":"wp","href":"https:\/\/api.w.org\/{rel}","templated":true}]}}