{"id":37098,"date":"2024-11-05T15:38:29","date_gmt":"2024-11-05T18:38:29","guid":{"rendered":"https:\/\/www.casadainjecao.com.br\/loja\/?post_type=product&#038;p=37098"},"modified":"2026-02-12T10:45:36","modified_gmt":"2026-02-12T13:45:36","slug":"carcaca-valvula-termostatica-volkswagen-polo-gol-032121026cp","status":"publish","type":"product","link":"https:\/\/www.casadainjecao.com.br\/loja\/autopecas\/motor\/carcaca-valvula-termostatica\/carcaca-valvula-termostatica-volkswagen-polo-gol-032121026cp\/","title":{"rendered":"Carca\u00e7a Valvula Termostatica Volkswagen Polo Gol &#8211; 03"},"content":{"rendered":"<h2>Carca\u00e7a Valvula Termostatica<\/h2>\n<p>&nbsp;<\/p>\n<p>&nbsp;<\/p>\n<h3 data-start=\"276\" data-end=\"309\"><strong data-start=\"283\" data-end=\"307\">Volkswagen Gol (1.6)<\/strong><\/h3>\n<p data-start=\"310\" data-end=\"457\">\u2714\ufe0f <strong data-start=\"313\" data-end=\"330\">1996 1997 1998 1999 2000 2001 2002 2003 2004 2005 2006 2007 2008 2009 2010 2011 2012 2013 2014<\/strong><br data-start=\"330\" data-end=\"333\" \/>A carca\u00e7a 032121026CP \u00e9 compat\u00edvel com a maioria das vers\u00f5es de Gol com motor <strong data-start=\"411\" data-end=\"429\">1.6 (8V e 16V)<\/strong> produzidas nesse intervalo.<\/p>\n<p data-start=\"310\" data-end=\"457\">\n<p data-start=\"310\" data-end=\"457\">\n<h3 data-start=\"464\" data-end=\"501\"><strong data-start=\"471\" data-end=\"499\">Volkswagen Saveiro (1.6)<\/strong><\/h3>\n<p data-start=\"502\" data-end=\"587\">\u2714\ufe0f <strong data-start=\"505\" data-end=\"522\">1997\u00a01998 1999 2000 2001 2002 2003 2004 2005 2006 2007 2008 2009 2010 2011 2012 2013 2014<\/strong><br data-start=\"522\" data-end=\"525\" \/>Mesma base mec\u00e2nica do Gol \u2014 a carca\u00e7a termost\u00e1tica \u00e9 a mesma.<\/p>\n<p data-start=\"502\" data-end=\"587\">\n<p data-start=\"502\" data-end=\"587\">\n<h3 data-start=\"594\" data-end=\"630\"><strong data-start=\"601\" data-end=\"628\">Volkswagen Voyage (1.6)<\/strong><\/h3>\n<p data-start=\"631\" data-end=\"722\">\u2714\ufe0f <strong data-start=\"505\" data-end=\"522\">1998 1999 2000 2001 2002 2003 2004 2005 2006 2007 2008 2009 2010 2011 2012 2013 2014<\/strong><br data-start=\"651\" data-end=\"654\" \/>Plataforma MD\/SD semelhante ao Gol \u2014 compat\u00edvel com essa refer\u00eancia.<\/p>\n<p data-start=\"631\" data-end=\"722\">\n<p data-start=\"631\" data-end=\"722\">\n<h3 data-start=\"729\" data-end=\"763\"><strong data-start=\"736\" data-end=\"761\">Volkswagen Polo (1.6)<\/strong><\/h3>\n<p data-start=\"764\" data-end=\"846\">\u2714\ufe0f <strong data-start=\"767\" data-end=\"784\">1998 1999 2000 2001 2002 2003 2004 2005 2006 2007 2008 2009 2010 2011 2012 2013 2014<\/strong><br data-start=\"784\" data-end=\"787\" \/>Aplica\u00e7\u00e3o comum em motores 1.6 com arrefecimento padr\u00e3o VW.<\/p>\n<p data-start=\"764\" data-end=\"846\">\n<p data-start=\"764\" data-end=\"846\">\n<h3 data-start=\"853\" data-end=\"886\"><strong data-start=\"860\" data-end=\"884\">Volkswagen Fox (1.6)<\/strong><\/h3>\n<p data-start=\"887\" data-end=\"978\">\u2714\ufe0f <strong data-start=\"890\" data-end=\"907\">2003 2004 2005 2006 2007 2008 2009 2010 2011 2012 2013 2014<\/strong><br data-start=\"907\" data-end=\"910\" \/>Compartilha carca\u00e7a e termostato com Gol\/Polo 1.6 em muitas vers\u00f5es.<\/p>\n<p data-start=\"887\" data-end=\"978\">\n<p data-start=\"887\" data-end=\"978\">\n<h3 data-start=\"985\" data-end=\"1023\"><strong data-start=\"992\" data-end=\"1021\">Volkswagen SpaceFox (1.6)<\/strong><\/h3>\n<p data-start=\"1024\" data-end=\"1113\">\u2714\ufe0f <strong data-start=\"1027\" data-end=\"1044\">2006 2007 2008 2009 2010 2011 2012 2013 2014<\/strong><br data-start=\"1044\" data-end=\"1047\" \/>Mesmo sistema de arrefecimento 1.6 usado nos outros modelos acima.<\/p>\n<p data-start=\"1024\" data-end=\"1113\">\n<p data-start=\"1024\" data-end=\"1113\">\n<p data-start=\"1024\" data-end=\"1113\">Sempre confirme o <strong data-start=\"1946\" data-end=\"1986\">c\u00f3digo estampado na carca\u00e7a original<\/strong> antes da Compra.<br data-start=\"2002\" data-end=\"2005\" \/>Em motores 1.6 VAG, a montagem do sistema de arrefecimento \u00e9 muito parecida entre esses modelos \u2014 por isso essa refer\u00eancia atende a v\u00e1rios deles.<br data-start=\"2153\" data-end=\"2156\" \/>Se o carro tiver motor <strong data-start=\"2182\" data-end=\"2209\">1.8 \/ 2.0 \/ TSI \/ Turbo<\/strong>, provavelmente usa outro c\u00f3digo (n\u00e3o essa carca\u00e7a).<\/p>\n<p data-start=\"1024\" data-end=\"1113\">\n<p data-start=\"1024\" data-end=\"1113\">\n<h4>C\u00f3digo de Refer\u00eancia:<\/h4>\n<p>032121026CP, BR.032.121.026CP, 032121026CF, 032121026CG, 032121026CJ, 032121026CN<\/p>\n<h4><strong>Condi\u00e7\u00f5es:<\/strong><\/h4>\n<p>Produto Novo Original \/ Marca Volkswagen<\/p>\n<h4><strong>Garantia:<\/strong><\/h4>\n<p>3 Meses<\/p>\n<h3><strong>ATEN\u00c7\u00c3O: Antes de efetuar a compra verifique o c\u00f3digo da sua pe\u00e7a que est\u00e1 instalada no seu ve\u00edculo.<\/strong><\/h3>\n<h5><\/h5>\n<p>A Casa da Inje\u00e7\u00e3o oferece total garantia nos produtos comprados em nosso site.<\/p>\n<p>Cada item \u00e9 rigorosamente testado antes do envio<\/p>\n<p>Se os itens estiverem danificados ou parcialmente defeituosos, entre em contato conosco.<\/p>\n<p>Procure um profissional devidamente licenciado para a instala\u00e7\u00e3o e fa\u00e7a revis\u00f5es periodicamente. A empresa n\u00e3o se responsabiliza por problemas oriundos da m\u00e1 instala\u00e7\u00e3o ou com a falta de cuidados peri\u00f3dicos dos componentes.<\/p>\n<p>Se houver qualquer defeito, n\u00f3s lhe enviaremos uma substitui\u00e7\u00e3o ap\u00f3s receber o pacote ou devolvemos seu dinheiro.<\/p>\n<p>Leia nossa\u00a0<a href=\"https:\/\/www.casadainjecao.com.br\/loja\/politica-de-devolucao\">pol\u00edtica de devolu\u00e7\u00e3o aqui<\/a><\/p>\n<p>\u2014\u2014\u2014\u2014\u2014\u2014\u2014\u2014\u2014\u2014\u2014\u2014\u2014\u2014\u2014\u2014\u2014\u2014\u2014\u2013<\/p>\n<p>Tem alguma d\u00favida?<\/p>\n<p>Entre em contato que podemos ajudar!<\/p>\n<p>Confira as informa\u00e7\u00f5es adicionais abaixo:<\/p>\n<p>Todos os nossos produtos s\u00e3o novos, semi-novos, originais e paralelos possuem garantia.<\/p>\n<p>Todos os produtos anunciados est\u00e3o dispon\u00edveis em estoque e s\u00e3o enviados com extrema rapidez.<\/p>\n<p>O frete pode ser simulado antes de efetuar a compra, basta clicar em \u201cver custos de envio\u201d.<\/p>\n<p>Verifique o endere\u00e7o de entrega cadastrado e atualize caso necess\u00e1rio.<\/p>\n<p>Confirme se a pe\u00e7a \u00e9 correta para o seu modelo de ve\u00edculo.<\/p>\n<p>Para pe\u00e7as automotivas, recomendamos a instala\u00e7\u00e3o por um profissional especializado.<\/p>\n<p>Caso possua outras d\u00favidas, entre em contato.<\/p>\n","protected":false},"excerpt":{"rendered":"<h2>Carca\u00e7a Valvula Termostatica Volkswagen Polo Gol &#8211; 032121026CP<\/h2>\n","protected":false},"featured_media":37111,"template":"","meta":{"_seopress_robots_primary_cat":"none","_seopress_titles_title":"","_seopress_titles_desc":"","_seopress_robots_index":"","_kad_blocks_custom_css":"","_kad_blocks_head_custom_js":"","_kad_blocks_body_custom_js":"","_kad_blocks_footer_custom_js":"","_joinchat":[]},"product_cat":[1361,22,1813],"product_tag":[59,75],"berocket_brand":[396],"taxonomy_info":{"product_cat":[{"value":1361,"label":"Carca\u00e7a Valvula Termostatica"},{"value":22,"label":"Motor"},{"value":1813,"label":"V\u00e1lvula Termost\u00e1tica"}],"product_tag":[{"value":59,"label":"gol"},{"value":75,"label":"polo"}],"berocket_brand":[{"value":396,"label":"Volkswagen"}]},"featured_image_src_large":["https:\/\/www.casadainjecao.com.br\/loja\/wp-content\/uploads\/2024\/11\/carcaca-valvula-termostatica-volkswagen-polo-gol-032121026cp.jpg",640,640,false],"author_info":[],"comment_info":"","_links":{"self":[{"href":"https:\/\/www.casadainjecao.com.br\/loja\/wp-json\/wp\/v2\/product\/37098"}],"collection":[{"href":"https:\/\/www.casadainjecao.com.br\/loja\/wp-json\/wp\/v2\/product"}],"about":[{"href":"https:\/\/www.casadainjecao.com.br\/loja\/wp-json\/wp\/v2\/types\/product"}],"wp:featuredmedia":[{"embeddable":true,"href":"https:\/\/www.casadainjecao.com.br\/loja\/wp-json\/wp\/v2\/media\/37111"}],"wp:attachment":[{"href":"https:\/\/www.casadainjecao.com.br\/loja\/wp-json\/wp\/v2\/media?parent=37098"}],"wp:term":[{"taxonomy":"product_cat","embeddable":true,"href":"https:\/\/www.casadainjecao.com.br\/loja\/wp-json\/wp\/v2\/product_cat?post=37098"},{"taxonomy":"product_tag","embeddable":true,"href":"https:\/\/www.casadainjecao.com.br\/loja\/wp-json\/wp\/v2\/product_tag?post=37098"},{"taxonomy":"berocket_brand","embeddable":true,"href":"https:\/\/www.casadainjecao.com.br\/loja\/wp-json\/wp\/v2\/berocket_brand?post=37098"}],"curies":[{"name":"wp","href":"https:\/\/api.w.org\/{rel}","templated":true}]}}