{"id":37534,"date":"2024-12-11T15:53:14","date_gmt":"2024-12-11T18:53:14","guid":{"rendered":"https:\/\/www.casadainjecao.com.br\/loja\/?post_type=product&#038;p=37534"},"modified":"2026-05-12T17:13:21","modified_gmt":"2026-05-12T20:13:21","slug":"par-molduras-farol-milha-e-neblina-t-cross-2019","status":"publish","type":"product","link":"https:\/\/www.casadainjecao.com.br\/loja\/autopecas\/exterior\/farol\/par-molduras-farol-milha-e-neblina-t-cross-2019\/","title":{"rendered":"Par Molduras Farol Milha E Neblina T-Cross \u2013 2019"},"content":{"rendered":"<h2 aria-level=\"1\"><b>Par Molduras Farol De Milha E Neblina Lado Esquerdo e Direito<\/b><\/h2>\n<h2>Com Detalhes Apresenta algumas Avarias<\/h2>\n<p>Volkswagen T-Cross 2019 em diante<\/p>\n<h4 aria-level=\"4\"><b>C\u00f3digo de Refer\u00eancia:<\/b><\/h4>\n<p>2GP.853.101, 2GP.853.102<\/p>\n<h4 aria-level=\"4\"><b>Condi\u00e7\u00f5es:<\/b><\/h4>\n<p>Novo Original \/ Marca Volkswagen<\/p>\n<h4 aria-level=\"4\"><b>Especifica\u00e7\u00f5es:<\/b><\/h4>\n<p>Lado Esquerdo Motorista<\/p>\n<p>Lado Direito Passageiro<\/p>\n<p>Serve apenas nos Modelos com Fura\u00e7\u00e3o para a Moldura Fixa\u00e7\u00e3o por Encaixe<\/p>\n<h4 aria-level=\"4\"><b>Garantia:<\/b><\/h4>\n<p>3 Meses<\/p>\n<h3><span data-contrast=\"none\">ATEN\u00c7\u00c3O: Antes de efetuar a compra verifique o c\u00f3digo da sua pe\u00e7a que est\u00e1 instalada no seu ve\u00edculo.<\/span><span data-ccp-props=\"{}\">\u00a0<\/span><\/h3>\n<p><span data-ccp-props=\"{&quot;134233117&quot;:false,&quot;134233118&quot;:false,&quot;335551550&quot;:0,&quot;335551620&quot;:0,&quot;335559738&quot;:0,&quot;335559739&quot;:375}\">\u00a0<\/span><\/p>\n<p><span data-contrast=\"none\">A Casa da Inje\u00e7\u00e3o oferece total garantia nos produtos comprados em nosso site.<\/span><span data-ccp-props=\"{&quot;134233117&quot;:false,&quot;134233118&quot;:false,&quot;335551550&quot;:0,&quot;335551620&quot;:0,&quot;335559738&quot;:0,&quot;335559739&quot;:375}\">\u00a0<\/span><\/p>\n<p><span data-contrast=\"none\">Cada item \u00e9 rigorosamente testado antes do envio<\/span><span data-ccp-props=\"{&quot;134233117&quot;:false,&quot;134233118&quot;:false,&quot;335551550&quot;:0,&quot;335551620&quot;:0,&quot;335559738&quot;:0,&quot;335559739&quot;:375}\">\u00a0<\/span><\/p>\n<p><span data-contrast=\"none\">Se os itens estiverem danificados ou parcialmente defeituosos, entre em contato conosco.<\/span><span data-ccp-props=\"{&quot;134233117&quot;:false,&quot;134233118&quot;:false,&quot;335551550&quot;:0,&quot;335551620&quot;:0,&quot;335559738&quot;:0,&quot;335559739&quot;:375}\">\u00a0<\/span><\/p>\n<p><span data-contrast=\"none\">Procure um profissional devidamente licenciado para a instala\u00e7\u00e3o e fa\u00e7a revis\u00f5es periodicamente. A empresa n\u00e3o se responsabiliza por problemas oriundos da m\u00e1 instala\u00e7\u00e3o ou com a falta de cuidados peri\u00f3dicos dos componentes.<\/span><span data-ccp-props=\"{&quot;134233117&quot;:false,&quot;134233118&quot;:false,&quot;335551550&quot;:0,&quot;335551620&quot;:0,&quot;335559738&quot;:0,&quot;335559739&quot;:375}\">\u00a0<\/span><\/p>\n<p><span data-contrast=\"none\">Se houver qualquer defeito, n\u00f3s lhe enviaremos uma substitui\u00e7\u00e3o ap\u00f3s receber o pacote ou devolvemos seu dinheiro.<\/span><span data-ccp-props=\"{&quot;134233117&quot;:false,&quot;134233118&quot;:false,&quot;335551550&quot;:0,&quot;335551620&quot;:0,&quot;335559738&quot;:0,&quot;335559739&quot;:375}\">\u00a0<\/span><\/p>\n<p><span data-contrast=\"none\">Leia nossa\u00a0<\/span><a href=\"https:\/\/www.casadainjecao.com.br\/loja\/politica-de-devolucao\"><span data-contrast=\"none\">pol\u00edtica de devolu\u00e7\u00e3o aqui<\/span><\/a><span data-ccp-props=\"{&quot;134233117&quot;:false,&quot;134233118&quot;:false,&quot;335551550&quot;:0,&quot;335551620&quot;:0,&quot;335559738&quot;:0,&quot;335559739&quot;:375}\">\u00a0<\/span><\/p>\n<p><span data-contrast=\"none\">\u2014\u2014\u2014\u2014\u2014\u2014\u2014\u2014\u2014\u2014\u2014\u2014\u2014\u2014\u2014\u2014\u2014\u2014\u2014\u2013<\/span><span data-ccp-props=\"{&quot;134233117&quot;:false,&quot;134233118&quot;:false,&quot;335551550&quot;:0,&quot;335551620&quot;:0,&quot;335559738&quot;:0,&quot;335559739&quot;:375}\">\u00a0<\/span><\/p>\n<p><span data-contrast=\"none\">Tem alguma d\u00favida?<\/span><span data-ccp-props=\"{&quot;134233117&quot;:false,&quot;134233118&quot;:false,&quot;335551550&quot;:0,&quot;335551620&quot;:0,&quot;335559738&quot;:0,&quot;335559739&quot;:375}\">\u00a0<\/span><\/p>\n<p><span data-contrast=\"none\">Entre em contato que podemos ajudar!<\/span><span data-ccp-props=\"{&quot;134233117&quot;:false,&quot;134233118&quot;:false,&quot;335551550&quot;:0,&quot;335551620&quot;:0,&quot;335559738&quot;:0,&quot;335559739&quot;:375}\">\u00a0<\/span><\/p>\n<p><span data-contrast=\"none\">Confira as informa\u00e7\u00f5es adicionais abaixo:<\/span><span data-ccp-props=\"{&quot;134233117&quot;:false,&quot;134233118&quot;:false,&quot;335551550&quot;:0,&quot;335551620&quot;:0,&quot;335559738&quot;:0,&quot;335559739&quot;:375}\">\u00a0<\/span><\/p>\n<p><span data-contrast=\"none\">Todos os nossos produtos s\u00e3o novos, semi-novos, originais e paralelos possuem garantia.<\/span><span data-ccp-props=\"{&quot;134233117&quot;:false,&quot;134233118&quot;:false,&quot;335551550&quot;:0,&quot;335551620&quot;:0,&quot;335559738&quot;:0,&quot;335559739&quot;:375}\">\u00a0<\/span><\/p>\n<p><span data-contrast=\"none\">Todos os produtos anunciados est\u00e3o dispon\u00edveis em estoque e s\u00e3o enviados com extrema rapidez.<\/span><span data-ccp-props=\"{&quot;134233117&quot;:false,&quot;134233118&quot;:false,&quot;335551550&quot;:0,&quot;335551620&quot;:0,&quot;335559738&quot;:0,&quot;335559739&quot;:375}\">\u00a0<\/span><\/p>\n<p><span data-contrast=\"none\">O frete pode ser simulado antes de efetuar a compra, basta clicar em \u201cver custos de envio\u201d.<\/span><span data-ccp-props=\"{&quot;134233117&quot;:false,&quot;134233118&quot;:false,&quot;335551550&quot;:0,&quot;335551620&quot;:0,&quot;335559738&quot;:0,&quot;335559739&quot;:375}\">\u00a0<\/span><\/p>\n<p><span data-contrast=\"none\">Verifique o endere\u00e7o de entrega cadastrado e atualize caso necess\u00e1rio.<\/span><span data-ccp-props=\"{&quot;134233117&quot;:false,&quot;134233118&quot;:false,&quot;335551550&quot;:0,&quot;335551620&quot;:0,&quot;335559738&quot;:0,&quot;335559739&quot;:375}\">\u00a0<\/span><\/p>\n<p><span data-contrast=\"none\">Confirme se a pe\u00e7a \u00e9 correta para o seu modelo de ve\u00edculo.<\/span><span data-ccp-props=\"{&quot;134233117&quot;:false,&quot;134233118&quot;:false,&quot;335551550&quot;:0,&quot;335551620&quot;:0,&quot;335559738&quot;:0,&quot;335559739&quot;:375}\">\u00a0<\/span><\/p>\n<p><span data-contrast=\"none\">Para pe\u00e7as automotivas, recomendamos a instala\u00e7\u00e3o por um profissional especializado.<\/span><span data-ccp-props=\"{&quot;134233117&quot;:false,&quot;134233118&quot;:false,&quot;335551550&quot;:0,&quot;335551620&quot;:0,&quot;335559738&quot;:0,&quot;335559739&quot;:375}\">\u00a0<\/span><\/p>\n<p><span data-contrast=\"none\">Caso possua outras d\u00favidas, entre em contato.<\/span><span data-ccp-props=\"{&quot;134233117&quot;:false,&quot;134233118&quot;:false,&quot;335551550&quot;:0,&quot;335551620&quot;:0,&quot;335559738&quot;:0,&quot;335559739&quot;:375}\">\u00a0<\/span><\/p>\n","protected":false},"excerpt":{"rendered":"<h2><span class=\"TextRun SCXW114916861 BCX0\" lang=\"PT-PT\" xml:lang=\"PT-PT\" data-contrast=\"auto\"><span class=\"NormalTextRun SCXW114916861 BCX0\">Par Molduras Farol De Milha E Neblina T-<\/span><span class=\"NormalTextRun SCXW114916861 BCX0\">C<\/span><span class=\"NormalTextRun SCXW114916861 BCX0\">ross<\/span><span class=\"NormalTextRun SCXW114916861 BCX0\"> \u2013 <\/span><\/span><span class=\"TextRun SCXW114916861 BCX0\" lang=\"PT-PT\" xml:lang=\"PT-PT\" data-contrast=\"none\"><span class=\"NormalTextRun SCXW114916861 BCX0\">2019<\/span><\/span><\/h2>\n","protected":false},"featured_media":37536,"template":"","meta":{"_seopress_robots_primary_cat":"none","_seopress_titles_title":"","_seopress_titles_desc":"","_seopress_robots_index":"","_seopress_analysis_target_kw":"","_kad_blocks_custom_css":"","_kad_blocks_head_custom_js":"","_kad_blocks_body_custom_js":"","_kad_blocks_footer_custom_js":"","_kadence_starter_templates_imported_post":false,"_joinchat":[]},"product_brand":[],"product_cat":[23,1302],"product_tag":[1963],"berocket_brand":[396],"class_list":{"0":"post-37534","1":"product","2":"type-product","3":"status-publish","4":"has-post-thumbnail","6":"product_cat-exterior","7":"product_cat-farol","8":"product_tag-t-cross","9":"berocket_brand-volkswagen","10":"thunk-woo-product-list","11":"big-store-woo-hover-zoom","12":"open-single-product-tab-horizontal","13":"open-shadow-","14":"open-shadow-hover-","16":"first","17":"instock","18":"sale","19":"taxable","20":"shipping-taxable","21":"purchasable","22":"product-type-simple"},"taxonomy_info":{"product_cat":[{"value":23,"label":"Exterior"},{"value":1302,"label":"Farol"}],"product_tag":[{"value":1963,"label":"T-Cross"}],"berocket_brand":[{"value":396,"label":"Volkswagen"}]},"featured_image_src_large":["https:\/\/www.casadainjecao.com.br\/loja\/wp-content\/uploads\/2024\/12\/Par-Molduras-Farol-Milha-E-Neblina-T-Cross-2019-1.jpg",640,480,false],"author_info":[],"comment_info":"","_links":{"self":[{"href":"https:\/\/www.casadainjecao.com.br\/loja\/wp-json\/wp\/v2\/product\/37534","targetHints":{"allow":["GET"]}}],"collection":[{"href":"https:\/\/www.casadainjecao.com.br\/loja\/wp-json\/wp\/v2\/product"}],"about":[{"href":"https:\/\/www.casadainjecao.com.br\/loja\/wp-json\/wp\/v2\/types\/product"}],"wp:featuredmedia":[{"embeddable":true,"href":"https:\/\/www.casadainjecao.com.br\/loja\/wp-json\/wp\/v2\/media\/37536"}],"wp:attachment":[{"href":"https:\/\/www.casadainjecao.com.br\/loja\/wp-json\/wp\/v2\/media?parent=37534"}],"wp:term":[{"taxonomy":"product_brand","embeddable":true,"href":"https:\/\/www.casadainjecao.com.br\/loja\/wp-json\/wp\/v2\/product_brand?post=37534"},{"taxonomy":"product_cat","embeddable":true,"href":"https:\/\/www.casadainjecao.com.br\/loja\/wp-json\/wp\/v2\/product_cat?post=37534"},{"taxonomy":"product_tag","embeddable":true,"href":"https:\/\/www.casadainjecao.com.br\/loja\/wp-json\/wp\/v2\/product_tag?post=37534"},{"taxonomy":"berocket_brand","embeddable":true,"href":"https:\/\/www.casadainjecao.com.br\/loja\/wp-json\/wp\/v2\/berocket_brand?post=37534"}],"curies":[{"name":"wp","href":"https:\/\/api.w.org\/{rel}","templated":true}]}}