{"id":37612,"date":"2024-12-13T17:33:17","date_gmt":"2024-12-13T20:33:17","guid":{"rendered":"https:\/\/www.casadainjecao.com.br\/loja\/?post_type=product&#038;p=37612"},"modified":"2026-04-08T01:00:25","modified_gmt":"2026-04-08T04:00:25","slug":"sonda-lambda-renault-clio-twingo-kangoo-0258003715","status":"publish","type":"product","link":"https:\/\/www.casadainjecao.com.br\/loja\/autopecas\/injecao-eletronica\/sonda-lambda\/sonda-lambda-renault-clio-twingo-kangoo-0258003715\/","title":{"rendered":"Sonda Lambda Renault Clio Twingo Kangoo &#8211; 0258003715"},"content":{"rendered":"<h3>Torken do Brasil Refer\u00eancia em qualidade e Confian\u00e7a em Pe\u00e7as Automotivas.<\/h3>\n<h2>Sonda Lambda \/ Sensor de Oxig\u00eanio<\/h2>\n<p>Aplica\u00e7\u00e3o:<\/p>\n<p>Renault Clio 1.0 8V<br \/>\nAno: 1999 2000 2001 2002 2003 2004 2005 2006<\/p>\n<p>Renault Kangoo 1.0 8V<br \/>\nAno: 2002 2003 2004 2005 2006 2007<\/p>\n<p>Renault Twingo 1.0<br \/>\nAno: 2000 2001 2002 2003 2004 2005 2006 2007 2008<\/p>\n<p>Especifica\u00e7\u00f5es T\u00e9cnicas:<\/p>\n<p>Posi\u00e7\u00e3o: Pr\u00e9-catalisador<br \/>\nTipo: Convencional<br \/>\nConector: 3 pinos<br \/>\nQuantidade de fios: 3 (2 brancos e 1 preto)<br \/>\nComprimento: 44 cm<\/p>\n<p>C\u00f3digos de Refer\u00eancia:<br \/>\n0258003715<br \/>\n7700872878<\/p>\n<p>Condi\u00e7\u00e3o:<br \/>\nProduto novo<br \/>\nMarca: Torken<\/p>\n<h3>Garantia:<br \/>\n3 meses<\/h3>\n<h3>Aten\u00e7\u00e3o:<br \/>\nAntes de efetuar a compra, verifique se o c\u00f3digo da pe\u00e7a \u00e9 compat\u00edvel com a pe\u00e7a instalada em seu ve\u00edculo.<\/h3>\n<p>A Casa da Inje\u00e7\u00e3o oferece total garantia nos produtos comprados em nosso site.<\/p>\n<p>Cada item \u00e9 rigorosamente testado antes do envio<\/p>\n<p>Se os itens estiverem danificados ou parcialmente defeituosos, entre em contato conosco.<\/p>\n<p>Se houver qualquer defeito, n\u00f3s lhe enviaremos uma substitui\u00e7\u00e3o ap\u00f3s receber o pacote ou devolvemos seu dinheiro.<\/p>\n<p>Leia nossa\u00a0pol\u00edtica de devolu\u00e7\u00e3o aqui<\/p>\n<p>\u2014\u2014\u2014\u2014\u2014\u2014\u2014\u2014\u2014\u2014\u2014\u2014\u2014\u2014\u2014\u2014\u2014\u2014\u2014\u2013<\/p>\n<p>Tem alguma d\u00favida?<\/p>\n<p>Entre em contato que podemos ajudar!<\/p>\n<p>Confira as informa\u00e7\u00f5es adicionais abaixo:<\/p>\n<p>Todos os nossos produtos s\u00e3o novos, semi-novos, originais, paralelos e possuem garantia.<\/p>\n<p>Todos os produtos anunciados est\u00e3o dispon\u00edveis em estoque e s\u00e3o enviados com extrema rapidez.<\/p>\n<p>O frete pode ser simulado antes de efetuar a compra, basta clicar em \u201cver custos de envio\u201d.<\/p>\n<p>Verifique o endere\u00e7o de entrega cadastrado e atualize caso necess\u00e1rio.<\/p>\n<p>Confirme se a pe\u00e7a \u00e9 correta para o seu modelo de ve\u00edculo.<\/p>\n<p>Para pe\u00e7as automotivas, recomendamos a instala\u00e7\u00e3o por um profissional especializado.<\/p>\n<p>Caso possua outras d\u00favidas, entre em contato.<\/p>\n","protected":false},"excerpt":{"rendered":"<h2>Sonda Lambda Renault Clio Twingo Kangoo &#8211; 0258003715<\/h2>\n","protected":false},"featured_media":37616,"template":"","meta":{"_seopress_robots_primary_cat":"none","_seopress_titles_title":"","_seopress_titles_desc":"","_seopress_robots_index":"","_kad_blocks_custom_css":"","_kad_blocks_head_custom_js":"","_kad_blocks_body_custom_js":"","_kad_blocks_footer_custom_js":"","_joinchat":[]},"product_cat":[21,270],"product_tag":[49,57,53],"berocket_brand":[394],"taxonomy_info":{"product_cat":[{"value":21,"label":"Inje\u00e7\u00e3o Eletr\u00f4nica"},{"value":270,"label":"Sonda Lambda"}],"product_tag":[{"value":49,"label":"Clio"},{"value":57,"label":"Kangoo"},{"value":53,"label":"Twingo"}],"berocket_brand":[{"value":394,"label":"Renault"}]},"featured_image_src_large":["https:\/\/www.casadainjecao.com.br\/loja\/wp-content\/uploads\/2024\/12\/Sonda-Lambda-Renault-Clio-Twingo-Kangoo-0258003715-1-1001x920.jpg",640,588,true],"author_info":[],"comment_info":"","_links":{"self":[{"href":"https:\/\/www.casadainjecao.com.br\/loja\/wp-json\/wp\/v2\/product\/37612"}],"collection":[{"href":"https:\/\/www.casadainjecao.com.br\/loja\/wp-json\/wp\/v2\/product"}],"about":[{"href":"https:\/\/www.casadainjecao.com.br\/loja\/wp-json\/wp\/v2\/types\/product"}],"wp:featuredmedia":[{"embeddable":true,"href":"https:\/\/www.casadainjecao.com.br\/loja\/wp-json\/wp\/v2\/media\/37616"}],"wp:attachment":[{"href":"https:\/\/www.casadainjecao.com.br\/loja\/wp-json\/wp\/v2\/media?parent=37612"}],"wp:term":[{"taxonomy":"product_cat","embeddable":true,"href":"https:\/\/www.casadainjecao.com.br\/loja\/wp-json\/wp\/v2\/product_cat?post=37612"},{"taxonomy":"product_tag","embeddable":true,"href":"https:\/\/www.casadainjecao.com.br\/loja\/wp-json\/wp\/v2\/product_tag?post=37612"},{"taxonomy":"berocket_brand","embeddable":true,"href":"https:\/\/www.casadainjecao.com.br\/loja\/wp-json\/wp\/v2\/berocket_brand?post=37612"}],"curies":[{"name":"wp","href":"https:\/\/api.w.org\/{rel}","templated":true}]}}