{"id":37839,"date":"2025-01-09T15:20:26","date_gmt":"2025-01-09T18:20:26","guid":{"rendered":"https:\/\/www.casadainjecao.com.br\/loja\/?post_type=product&#038;p=37839"},"modified":"2025-01-09T17:15:26","modified_gmt":"2025-01-09T20:15:26","slug":"rele-auxiliar-caixa-diodo-siemens-5-terminais-vdo09235","status":"publish","type":"product","link":"https:\/\/www.casadainjecao.com.br\/loja\/autopecas\/eletrica\/fusiveis\/rele-auxiliar-caixa-diodo-siemens-5-terminais-vdo09235\/","title":{"rendered":"Rele Auxiliar Caixa Diodo Siemens 5 Terminais &#8211; D22075"},"content":{"rendered":"<h2 class=\"ui-pdp-title\">Rele Auxiliar Caixa Diodo Siemens 5 Terminais Original\u00a0 Com Suporte<\/h2>\n<h3 class=\"ui-pdp-title\">Tens\u00e3o (V): 10V a 28V<\/h3>\n<h3 class=\"ui-pdp-title\">Corrente (A): 1A<\/h3>\n<p class=\"ui-pdp-title\">Caminh\u00e3o Mercedes Bens 1981 a 2004<\/p>\n<p>1113 * Diesel * 01\/70 &#8211; 12\/85<br \/>\n1114 * Diesel * 01\/88 &#8211; 12\/89<br \/>\n1116 * Diesel * 01\/70 &#8211; 12\/85<br \/>\n1117 * Diesel * 01\/86 &#8211; 12\/87<br \/>\n1118 * Diesel * 01\/88 &#8211; 12\/89<br \/>\n1214 * Diesel * 01\/89 &#8211; 12\/95<br \/>\n1218 * Diesel * 01\/89 &#8211; 12\/95<br \/>\n1313 * Diesel * 01\/70 &#8211; 12\/85<br \/>\n1314 * Diesel * 01\/88 &#8211; 12\/89<br \/>\n1316 * Diesel * 01\/70 &#8211; 12\/85<br \/>\n1317 * Diesel * 01\/86 &#8211; 12\/87<br \/>\n1318 * Diesel * 01\/88 &#8211; 12\/89<br \/>\n1414 * Diesel * 01\/89 &#8211; 12\/95<br \/>\n1418 * Diesel * 01\/89 &#8211; 12\/95<br \/>\n1513 * Diesel * 01\/70 &#8211; 12\/85<br \/>\n1514 * Diesel * 01\/88 &#8211; 12\/89<br \/>\n1516 * Diesel * 01\/70 &#8211; 12\/85<br \/>\n1517 * Diesel * 01\/86 &#8211; 12\/87<br \/>\n1518 * Diesel * 01\/88 &#8211; 12\/89<br \/>\n1614 * Diesel * 01\/89 &#8211; 12\/95<br \/>\n1618 * Diesel * 01\/89 &#8211; 12\/95<br \/>\n1714 * Diesel * 01\/89 &#8211; 12\/95<br \/>\n1718 * Diesel * 01\/89 &#8211; 12\/95<br \/>\n1721 * Diesel * 01\/89 &#8211; 12\/95<br \/>\n2013 * Diesel * 01\/70 &#8211; 12\/85<br \/>\n2014 * Diesel * 01\/88 &#8211; 12\/89<br \/>\n2017 * Diesel * 01\/86 &#8211; 12\/87<br \/>\n2018 * Diesel * 01\/88 &#8211; 12\/89<br \/>\n2213 * Diesel * 01\/70 &#8211; 12\/85<br \/>\n2214 * Diesel * 01\/88 &#8211; 12\/89<br \/>\n2217 * Diesel * 01\/86 &#8211; 12\/87<br \/>\n2218 * Diesel * 01\/88 &#8211; 12\/89<br \/>\n2318 * Diesel * 01\/89 &#8211; 12\/95<br \/>\n2418 * Diesel * 01\/89 &#8211; 12\/95<\/p>\n<h4>C\u00f3digo de Refer\u00eancia:<\/h4>\n<p>3645407550, 6885407550,VDO09235, PD16P, D22075<\/p>\n<h4><strong>Condi\u00e7\u00f5es:<\/strong><\/h4>\n<p>Produto Novo Original \/ Siemens<\/p>\n<h4><strong>Garantia:<\/strong><\/h4>\n<p>3 Meses<\/p>\n<h3><strong>ATEN\u00c7\u00c3O: Antes de efetuar a compra verifique o c\u00f3digo da sua pe\u00e7a que est\u00e1 instalada no seu ve\u00edculo.<\/strong><\/h3>\n<h5><\/h5>\n<p>A Casa da Inje\u00e7\u00e3o oferece total garantia nos produtos comprados em nosso site.<\/p>\n<p>Cada item \u00e9 rigorosamente testado antes do envio<\/p>\n<p>Se os itens estiverem danificados ou parcialmente defeituosos, entre em contato conosco.<\/p>\n<p>Procure um profissional devidamente licenciado para a instala\u00e7\u00e3o e fa\u00e7a revis\u00f5es periodicamente. A empresa n\u00e3o se responsabiliza por problemas oriundos da m\u00e1 instala\u00e7\u00e3o ou com a falta de cuidados peri\u00f3dicos dos componentes.<\/p>\n<p>Se houver qualquer defeito, n\u00f3s lhe enviaremos uma substitui\u00e7\u00e3o ap\u00f3s receber o pacote ou devolvemos seu dinheiro.<\/p>\n<p>Leia nossa\u00a0<a href=\"https:\/\/www.casadainjecao.com.br\/loja\/politica-de-devolucao\">pol\u00edtica de devolu\u00e7\u00e3o aqui<\/a><\/p>\n<p>\u2014\u2014\u2014\u2014\u2014\u2014\u2014\u2014\u2014\u2014\u2014\u2014\u2014\u2014\u2014\u2014\u2014\u2014\u2014\u2013<\/p>\n<p>Tem alguma d\u00favida?<\/p>\n<p>Entre em contato que podemos ajudar!<\/p>\n<p>Confira as informa\u00e7\u00f5es adicionais abaixo:<\/p>\n<p>Todos os nossos produtos s\u00e3o novos, semi-novos, originais e paralelos possuem garantia.<\/p>\n<p>Todos os produtos anunciados est\u00e3o dispon\u00edveis em estoque e s\u00e3o enviados com extrema rapidez.<\/p>\n<p>O frete pode ser simulado antes de efetuar a compra, basta clicar em \u201cver custos de envio\u201d.<\/p>\n<p>Verifique o endere\u00e7o de entrega cadastrado e atualize caso necess\u00e1rio.<\/p>\n<p>Confirme se a pe\u00e7a \u00e9 correta para o seu modelo de ve\u00edculo.<\/p>\n<p>Para pe\u00e7as automotivas, recomendamos a instala\u00e7\u00e3o por um profissional especializado.<\/p>\n<p>Caso possua outras d\u00favidas, entre em contato.<\/p>\n","protected":false},"excerpt":{"rendered":"<h2 class=\"ui-pdp-title\">Rele Auxiliar Caixa Diodo Siemens 5 Terminais Mercedes Bens 1113 &#8211; D22075<\/h2>\n","protected":false},"featured_media":37843,"template":"","meta":{"_seopress_robots_primary_cat":"none","_seopress_titles_title":"","_seopress_titles_desc":"","_seopress_robots_index":"","_kad_blocks_custom_css":"","_kad_blocks_head_custom_js":"","_kad_blocks_body_custom_js":"","_kad_blocks_footer_custom_js":"","_joinchat":[]},"product_cat":[17,136,153],"product_tag":[1409,2279],"berocket_brand":[390],"taxonomy_info":{"product_cat":[{"value":17,"label":"El\u00e9trica"},{"value":136,"label":"Fusiveis"},{"value":153,"label":"Reles"}],"product_tag":[{"value":1409,"label":"Mercedes Bens"},{"value":2279,"label":"Mercedes Bens 1113"}],"berocket_brand":[{"value":390,"label":"Mercedes-Benz"}]},"featured_image_src_large":["https:\/\/www.casadainjecao.com.br\/loja\/wp-content\/uploads\/2025\/01\/rele-auxiliar-siemens-5-terminais-caminhao-mercedes-bens-pd16p.jpg",640,445,false],"author_info":[],"comment_info":"","_links":{"self":[{"href":"https:\/\/www.casadainjecao.com.br\/loja\/wp-json\/wp\/v2\/product\/37839"}],"collection":[{"href":"https:\/\/www.casadainjecao.com.br\/loja\/wp-json\/wp\/v2\/product"}],"about":[{"href":"https:\/\/www.casadainjecao.com.br\/loja\/wp-json\/wp\/v2\/types\/product"}],"wp:featuredmedia":[{"embeddable":true,"href":"https:\/\/www.casadainjecao.com.br\/loja\/wp-json\/wp\/v2\/media\/37843"}],"wp:attachment":[{"href":"https:\/\/www.casadainjecao.com.br\/loja\/wp-json\/wp\/v2\/media?parent=37839"}],"wp:term":[{"taxonomy":"product_cat","embeddable":true,"href":"https:\/\/www.casadainjecao.com.br\/loja\/wp-json\/wp\/v2\/product_cat?post=37839"},{"taxonomy":"product_tag","embeddable":true,"href":"https:\/\/www.casadainjecao.com.br\/loja\/wp-json\/wp\/v2\/product_tag?post=37839"},{"taxonomy":"berocket_brand","embeddable":true,"href":"https:\/\/www.casadainjecao.com.br\/loja\/wp-json\/wp\/v2\/berocket_brand?post=37839"}],"curies":[{"name":"wp","href":"https:\/\/api.w.org\/{rel}","templated":true}]}}