{"id":37923,"date":"2025-01-13T10:48:29","date_gmt":"2025-01-13T13:48:29","guid":{"rendered":"https:\/\/www.casadainjecao.com.br\/loja\/?post_type=product&#038;p=37923"},"modified":"2025-12-08T17:29:29","modified_gmt":"2025-12-08T20:29:29","slug":"filtro-de-oleo-renault-sandero-8200768927","status":"publish","type":"product","link":"https:\/\/www.casadainjecao.com.br\/loja\/autopecas\/motor\/filtros\/filtro-de-oleo-renault-sandero-8200768927\/","title":{"rendered":"Filtro de Oleo Renault Sandero &#8211; 8200768927"},"content":{"rendered":"<h1>Filtro de \u00d3leo com Detalhes<\/h1>\n<p><span style=\"font-size: 16px;\"><span class=\"TextRun SCXW156886368 BCX0\" lang=\"PT-PT\" xml:lang=\"PT-PT\" data-contrast=\"none\"><span class=\"NormalTextRun SCXW156886368 BCX0\">Renault Novo <\/span><span class=\"SpellingError SCXW156886368 BCX0\">Sandero<\/span><span class=\"NormalTextRun SCXW156886368 BCX0\"> de 2017 a 2018 1.0 16v 3 cilindro Bloco B4<span class=\"ContextualSpellingAndGrammarError SCXW156886368 BCX0\">D<\/span><\/span><\/span><\/span><\/p>\n<p><span style=\"font-size: 16px;\"><span class=\"TextRun SCXW156886368 BCX0\" lang=\"PT-PT\" xml:lang=\"PT-PT\" data-contrast=\"none\"><span class=\"NormalTextRun SCXW156886368 BCX0\">Renault Novo <\/span><span class=\"SpellingError SCXW156886368 BCX0\">Logan<\/span><span class=\"NormalTextRun SCXW156886368 BCX0\"> de 2017 a 2018 <\/span><\/span><\/span><span style=\"font-size: 16px;\"><span class=\"TextRun SCXW156886368 BCX0\" lang=\"PT-PT\" xml:lang=\"PT-PT\" data-contrast=\"none\"><span class=\"NormalTextRun SCXW156886368 BCX0\">1.0 16v 3 cilindro Bloco B4<span class=\"ContextualSpellingAndGrammarError SCXW156886368 BCX0\">D<\/span><\/span><\/span><\/span><\/p>\n<p><span style=\"font-size: 16px;\"><span class=\"TextRun SCXW156886368 BCX0\" lang=\"PT-PT\" xml:lang=\"PT-PT\" data-contrast=\"none\"><span class=\"NormalTextRun SCXW156886368 BCX0\">Renault <\/span><span class=\"SpellingError SCXW156886368 BCX0\">Fluence<\/span><span class=\"NormalTextRun SCXW156886368 BCX0\"> de 2017 a 2018 <\/span><\/span><\/span><span style=\"font-size: 16px;\"><span class=\"TextRun SCXW156886368 BCX0\" lang=\"PT-PT\" xml:lang=\"PT-PT\" data-contrast=\"none\"><span class=\"NormalTextRun SCXW156886368 BCX0\">GT Turbo 2.0 16v Bloco F4R<\/span><\/span><\/span><\/p>\n<h4>C\u00f3digo de refer\u00eancia:<\/h4>\n<p><span class=\"TextRun SCXW156886368 BCX0\" lang=\"PT-PT\" xml:lang=\"PT-PT\" data-contrast=\"none\"><span class=\"NormalTextRun SCXW156886368 BCX0\">8200768927<\/span><\/span><\/p>\n<h4>Condi\u00e7\u00f5es:<\/h4>\n<p>Semi-Novo Original \/ Marca Renault<\/p>\n<h4>Garantia:<\/h4>\n<p>3 Meses<\/p>\n<h4><span style=\"font-size: 16px;\">O que \u00e9 e para que serve o Filtro de \u00d3leo?<\/span><\/h4>\n<p>O filtro de \u00f3leo serve para remover impurezas e part\u00edculas indesejadas do \u00f3leo do motor de um ve\u00edculo. Ele ajuda a garantir que o \u00f3leo que circula pelo sistema fique limpo e livre de contaminantes.<\/p>\n<h3><span class=\"TextRun SCXW88083246 BCX0\" lang=\"PT-PT\" xml:lang=\"PT-PT\" data-contrast=\"none\"><span class=\"NormalTextRun SCXW88083246 BCX0\" data-ccp-parastyle=\"heading 3\">ATEN\u00c7\u00c3O: Antes de efetuar a compra verifique o c\u00f3digo da pe\u00e7a que est\u00e1 instalada no seu ve\u00edculo.<\/span><\/span><span class=\"EOP SCXW88083246 BCX0\" data-ccp-props=\"{&quot;134233117&quot;:false,&quot;134233118&quot;:false,&quot;134245418&quot;:true,&quot;134245529&quot;:true,&quot;335559738&quot;:281,&quot;335559739&quot;:281}\">\u00a0<\/span><\/h3>\n<p>&nbsp;<\/p>\n<p>A Casa da Inje\u00e7\u00e3o oferece total garantia nos produtos comprados em nosso site.<\/p>\n<ol>\n<li>Cada item \u00e9 rigorosamente testado antes do envio<\/li>\n<li>Se os itens estiverem danificados ou parcialmente defeituosos, entre em contato conosco.<\/li>\n<\/ol>\n<p>Se houver qualquer defeito, n\u00f3s lhe enviaremos uma substitui\u00e7\u00e3o ap\u00f3s receber o pacote ou devolvemos seu dinheiro.<\/p>\n<p>Leia nossa\u00a0<a href=\"https:\/\/www.casadainjecao.com.br\/loja\/politica-de-devolucao\">pol\u00edtica de devolu\u00e7\u00e3o aqui<\/a><\/p>\n<h4>Tem alguma d\u00favida?<\/h4>\n<p>Entre em contato que podemos ajudar!<\/p>\n<p>Confira as informa\u00e7\u00f5es adicionais abaixo:<\/p>\n<ul>\n<li>Todos os nossos produtos s\u00e3o novos, semi-novos, originais, paralelos e possuem garantia.<\/li>\n<li>Todos os produtos anunciados est\u00e3o dispon\u00edveis em estoque e s\u00e3o enviados com extrema rapidez.<\/li>\n<li>O frete pode ser simulado antes de efetuar a compra, basta clicar em \u201cver custos de envio\u201d.<\/li>\n<li>Verifique o endere\u00e7o de entrega cadastrado e atualize caso necess\u00e1rio.<\/li>\n<li>Confirme se a pe\u00e7a \u00e9 correta para o seu modelo de ve\u00edculo.<\/li>\n<li>Para pe\u00e7as automotivas, recomendamos a instala\u00e7\u00e3o por um profissional especializado.<\/li>\n<\/ul>\n<p>Caso possua outras d\u00favidas, entre em contato.<\/p>\n","protected":false},"excerpt":{"rendered":"<h2>Filtro de Oleo Renault Sandero &#8211; 8200768927<\/h2>\n","protected":false},"featured_media":37928,"template":"","meta":{"_seopress_robots_primary_cat":"none","_seopress_titles_title":"","_seopress_titles_desc":"","_seopress_robots_index":"","_joinchat":[]},"product_cat":[221,22],"product_tag":[139,333,332],"berocket_brand":[394],"_links":{"self":[{"href":"https:\/\/www.casadainjecao.com.br\/loja\/wp-json\/wp\/v2\/product\/37923"}],"collection":[{"href":"https:\/\/www.casadainjecao.com.br\/loja\/wp-json\/wp\/v2\/product"}],"about":[{"href":"https:\/\/www.casadainjecao.com.br\/loja\/wp-json\/wp\/v2\/types\/product"}],"wp:featuredmedia":[{"embeddable":true,"href":"https:\/\/www.casadainjecao.com.br\/loja\/wp-json\/wp\/v2\/media\/37928"}],"wp:attachment":[{"href":"https:\/\/www.casadainjecao.com.br\/loja\/wp-json\/wp\/v2\/media?parent=37923"}],"wp:term":[{"taxonomy":"product_cat","embeddable":true,"href":"https:\/\/www.casadainjecao.com.br\/loja\/wp-json\/wp\/v2\/product_cat?post=37923"},{"taxonomy":"product_tag","embeddable":true,"href":"https:\/\/www.casadainjecao.com.br\/loja\/wp-json\/wp\/v2\/product_tag?post=37923"},{"taxonomy":"berocket_brand","embeddable":true,"href":"https:\/\/www.casadainjecao.com.br\/loja\/wp-json\/wp\/v2\/berocket_brand?post=37923"}],"curies":[{"name":"wp","href":"https:\/\/api.w.org\/{rel}","templated":true}]}}