{"id":38210,"date":"2025-01-23T13:29:53","date_gmt":"2025-01-23T16:29:53","guid":{"rendered":"https:\/\/www.casadainjecao.com.br\/loja\/?post_type=product&#038;p=38210"},"modified":"2026-02-28T21:51:58","modified_gmt":"2026-03-01T00:51:58","slug":"torneira-sangria-radiador-palio-siena-strada-46815896","status":"publish","type":"product","link":"https:\/\/www.casadainjecao.com.br\/loja\/autopecas\/ar-condicionado\/radiador\/torneira-sangria-radiador-palio-siena-strada-46815896\/","title":{"rendered":"Torneira Sangria Radiador Palio Siena Strada &#8211; 4681589"},"content":{"rendered":"<h2>Torneira <span class=\"TextRun SCXW22052140 BCX0\" lang=\"PT-PT\" xml:lang=\"PT-PT\" data-contrast=\"auto\"><span class=\"NormalTextRun SCXW22052140 BCX0\">Buj\u00e3o<\/span><\/span> Sangria Radiador Original<\/h2>\n<p><span class=\"TextRun SCXW268022452 BCX0\" lang=\"PT-PT\" xml:lang=\"PT-PT\" data-contrast=\"auto\"><span class=\"NormalTextRun SCXW268022452 BCX0\">FIAT &#8211; 9B FIORINO MCA<\/span><\/span><span class=\"LineBreakBlob BlobObject DragDrop SCXW268022452 BCX0\"><span class=\"SCXW268022452 BCX0\">\u00a0<\/span><br class=\"SCXW268022452 BCX0\" \/><\/span><\/p>\n<p><span class=\"TextRun SCXW268022452 BCX0\" lang=\"PT-PT\" xml:lang=\"PT-PT\" data-contrast=\"auto\"><span class=\"NormalTextRun SCXW268022452 BCX0\">FIAT &#8211; 43 IDEA (2006-2010)<\/span><\/span><span class=\"LineBreakBlob BlobObject DragDrop SCXW268022452 BCX0\"><span class=\"SCXW268022452 BCX0\">\u00a0<\/span><br class=\"SCXW268022452 BCX0\" \/><\/span><\/p>\n<p><span class=\"TextRun SCXW268022452 BCX0\" lang=\"PT-PT\" xml:lang=\"PT-PT\" data-contrast=\"auto\"><span class=\"NormalTextRun SCXW268022452 BCX0\">FIAT &#8211; 58 IDEA FASE 1 (2011-2016)<\/span><\/span><span class=\"LineBreakBlob BlobObject DragDrop SCXW268022452 BCX0\"><span class=\"SCXW268022452 BCX0\">\u00a0<\/span><br class=\"SCXW268022452 BCX0\" \/><\/span><\/p>\n<p><span class=\"TextRun SCXW268022452 BCX0\" lang=\"PT-PT\" xml:lang=\"PT-PT\" data-contrast=\"auto\"><span class=\"NormalTextRun SCXW268022452 BCX0\">FIAT &#8211; 82 NOVO FIORINO (2011 &#8211; 2021)<\/span><\/span><span class=\"LineBreakBlob BlobObject DragDrop SCXW268022452 BCX0\"><span class=\"SCXW268022452 BCX0\">\u00a0<\/span><br class=\"SCXW268022452 BCX0\" \/><\/span><\/p>\n<p><span class=\"TextRun SCXW268022452 BCX0\" lang=\"PT-PT\" xml:lang=\"PT-PT\" data-contrast=\"auto\"><span class=\"NormalTextRun SCXW268022452 BCX0\">FIAT &#8211; 25 PALIO FASE 1 (2001-2007)<\/span><\/span><span class=\"LineBreakBlob BlobObject DragDrop SCXW268022452 BCX0\"><span class=\"SCXW268022452 BCX0\">\u00a0<\/span><br class=\"SCXW268022452 BCX0\" \/><\/span><\/p>\n<p><span class=\"TextRun SCXW268022452 BCX0\" lang=\"PT-PT\" xml:lang=\"PT-PT\" data-contrast=\"auto\"><span class=\"NormalTextRun SCXW268022452 BCX0\">FIAT &#8211; 34 PALIO FASE 2 (2004-2017)<\/span><\/span><span class=\"LineBreakBlob BlobObject DragDrop SCXW268022452 BCX0\"><span class=\"SCXW268022452 BCX0\">\u00a0<\/span><br class=\"SCXW268022452 BCX0\" \/><\/span><\/p>\n<p><span class=\"TextRun SCXW268022452 BCX0\" lang=\"PT-PT\" xml:lang=\"PT-PT\" data-contrast=\"auto\"><span class=\"NormalTextRun SCXW268022452 BCX0\">FIAT &#8211; 47 PALIO FASE 3 (2008-2012)<\/span><\/span><span class=\"LineBreakBlob BlobObject DragDrop SCXW268022452 BCX0\"><span class=\"SCXW268022452 BCX0\">\u00a0<\/span><br class=\"SCXW268022452 BCX0\" \/><\/span><\/p>\n<p><span class=\"TextRun SCXW268022452 BCX0\" lang=\"PT-PT\" xml:lang=\"PT-PT\" data-contrast=\"auto\"><span class=\"NormalTextRun SCXW268022452 BCX0\">FIAT &#8211; 26 PALIO WEEKEND FASE 1 (2001-2007)<\/span><\/span><span class=\"LineBreakBlob BlobObject DragDrop SCXW268022452 BCX0\"><span class=\"SCXW268022452 BCX0\">\u00a0<\/span><br class=\"SCXW268022452 BCX0\" \/><\/span><\/p>\n<p><span class=\"TextRun SCXW268022452 BCX0\" lang=\"PT-PT\" xml:lang=\"PT-PT\" data-contrast=\"auto\"><span class=\"NormalTextRun SCXW268022452 BCX0\">FIAT &#8211; 38 PALIO WEEKEND FASE 2 (2004-2008)<\/span><\/span><span class=\"LineBreakBlob BlobObject DragDrop SCXW268022452 BCX0\"><span class=\"SCXW268022452 BCX0\">\u00a0<\/span><br class=\"SCXW268022452 BCX0\" \/><\/span><\/p>\n<p><span class=\"TextRun SCXW268022452 BCX0\" lang=\"PT-PT\" xml:lang=\"PT-PT\" data-contrast=\"auto\"><span class=\"NormalTextRun SCXW268022452 BCX0\">FIAT &#8211; 52 PALIO WEEKEND FASE 3 (2008-2012)<\/span><\/span><span class=\"LineBreakBlob BlobObject DragDrop SCXW268022452 BCX0\"><span class=\"SCXW268022452 BCX0\">\u00a0<\/span><br class=\"SCXW268022452 BCX0\" \/><\/span><\/p>\n<p><span class=\"TextRun SCXW268022452 BCX0\" lang=\"PT-PT\" xml:lang=\"PT-PT\" data-contrast=\"auto\"><span class=\"NormalTextRun SCXW268022452 BCX0\">FIAT &#8211; 66 PALIO WEEKEND FASE 4 (2013-2020)<\/span><\/span><span class=\"LineBreakBlob BlobObject DragDrop SCXW268022452 BCX0\"><span class=\"SCXW268022452 BCX0\">\u00a0<\/span><br class=\"SCXW268022452 BCX0\" \/><\/span><\/p>\n<p><span class=\"TextRun SCXW268022452 BCX0\" lang=\"PT-PT\" xml:lang=\"PT-PT\" data-contrast=\"auto\"><span class=\"NormalTextRun SCXW268022452 BCX0\">FIAT &#8211; 27 SIENA FASE 1 (2001-2007)<\/span><\/span><span class=\"LineBreakBlob BlobObject DragDrop SCXW268022452 BCX0\"><span class=\"SCXW268022452 BCX0\">\u00a0<\/span><br class=\"SCXW268022452 BCX0\" \/><\/span><\/p>\n<p><span class=\"TextRun SCXW268022452 BCX0\" lang=\"PT-PT\" xml:lang=\"PT-PT\" data-contrast=\"auto\"><span class=\"NormalTextRun SCXW268022452 BCX0\">FIAT &#8211; 39 SIENA FASE 2 (2004-2013)<\/span><\/span><span class=\"LineBreakBlob BlobObject DragDrop SCXW268022452 BCX0\"><span class=\"SCXW268022452 BCX0\">\u00a0<\/span><br class=\"SCXW268022452 BCX0\" \/><\/span><\/p>\n<p><span class=\"TextRun SCXW268022452 BCX0\" lang=\"PT-PT\" xml:lang=\"PT-PT\" data-contrast=\"auto\"><span class=\"NormalTextRun SCXW268022452 BCX0\">FIAT &#8211; 51 SIENA FASE 3 (2008-2012)<\/span><\/span><span class=\"LineBreakBlob BlobObject DragDrop SCXW268022452 BCX0\"><span class=\"SCXW268022452 BCX0\">\u00a0<\/span><br class=\"SCXW268022452 BCX0\" \/><\/span><\/p>\n<p><span class=\"TextRun SCXW268022452 BCX0\" lang=\"PT-PT\" xml:lang=\"PT-PT\" data-contrast=\"auto\"><span class=\"NormalTextRun SCXW268022452 BCX0\">FIAT &#8211; 32 STRADA FASE 1 (2001-2007)<\/span><\/span><span class=\"LineBreakBlob BlobObject DragDrop SCXW268022452 BCX0\"><span class=\"SCXW268022452 BCX0\">\u00a0<\/span><br class=\"SCXW268022452 BCX0\" \/><\/span><\/p>\n<p><span class=\"TextRun SCXW268022452 BCX0\" lang=\"PT-PT\" xml:lang=\"PT-PT\" data-contrast=\"auto\"><span class=\"NormalTextRun SCXW268022452 BCX0\">FIAT &#8211; 40 STRADA FASE 2 (2004-2013)<\/span><\/span><span class=\"LineBreakBlob BlobObject DragDrop SCXW268022452 BCX0\"><span class=\"SCXW268022452 BCX0\">\u00a0<\/span><br class=\"SCXW268022452 BCX0\" \/><\/span><\/p>\n<p><span class=\"TextRun SCXW268022452 BCX0\" lang=\"PT-PT\" xml:lang=\"PT-PT\" data-contrast=\"auto\"><span class=\"NormalTextRun SCXW268022452 BCX0\">FIAT &#8211; 53 STRADA FASE 3 (2008-2012)<\/span><\/span><span class=\"LineBreakBlob BlobObject DragDrop SCXW268022452 BCX0\"><span class=\"SCXW268022452 BCX0\">\u00a0<\/span><br class=\"SCXW268022452 BCX0\" \/><\/span><\/p>\n<p><span class=\"TextRun SCXW268022452 BCX0\" lang=\"PT-PT\" xml:lang=\"PT-PT\" data-contrast=\"auto\"><span class=\"NormalTextRun SCXW268022452 BCX0\">FIAT &#8211; 67 STRADA FASE 4 (2013-2020)<\/span><\/span><span class=\"LineBreakBlob BlobObject DragDrop SCXW268022452 BCX0\"><span class=\"SCXW268022452 BCX0\">\u00a0<\/span><br class=\"SCXW268022452 BCX0\" \/><\/span><\/p>\n<h4 aria-level=\"4\"><span data-contrast=\"none\">C\u00f3digo de Refer\u00eancia:<\/span><span data-ccp-props=\"{&quot;134233117&quot;:false,&quot;134233118&quot;:false,&quot;134245418&quot;:true,&quot;134245529&quot;:true,&quot;335559738&quot;:319,&quot;335559739&quot;:319}\">\u00a0<\/span><\/h4>\n<p>46815896<\/p>\n<p aria-level=\"4\"><span data-contrast=\"none\">Condi\u00e7\u00f5es:<\/span><span data-ccp-props=\"{&quot;134233117&quot;:false,&quot;134233118&quot;:false,&quot;134245418&quot;:true,&quot;134245529&quot;:true,&quot;335559738&quot;:319,&quot;335559739&quot;:319}\">\u00a0<\/span><\/p>\n<p><span data-contrast=\"auto\">Novo Original \/ Marca Fiat Mopar<\/span><\/p>\n<h4><span data-contrast=\"auto\">Garantia:<\/span><span data-ccp-props=\"{&quot;134233117&quot;:false,&quot;134233118&quot;:false,&quot;335559738&quot;:240,&quot;335559739&quot;:240}\">\u00a0<\/span><\/h4>\n<p><span data-contrast=\"auto\">3 Meses<\/span><span data-ccp-props=\"{&quot;134233117&quot;:false,&quot;134233118&quot;:false,&quot;335559738&quot;:240,&quot;335559739&quot;:240}\">\u00a0<\/span><\/p>\n<h3 aria-level=\"3\"><span data-contrast=\"none\">ATEN\u00c7\u00c3O: Antes de efetuar a compra verifique o c\u00f3digo da pe\u00e7a que est\u00e1 instalada no seu ve\u00edculo.<\/span><span data-ccp-props=\"{&quot;134233117&quot;:false,&quot;134233118&quot;:false,&quot;134245418&quot;:true,&quot;134245529&quot;:true,&quot;335559738&quot;:281,&quot;335559739&quot;:281}\">\u00a0<\/span><\/h3>\n<p><span data-contrast=\"auto\">\u00a0<\/span><span data-ccp-props=\"{&quot;134233117&quot;:false,&quot;134233118&quot;:false,&quot;335559738&quot;:240,&quot;335559739&quot;:240}\">\u00a0<\/span><\/p>\n<p><span data-contrast=\"auto\">A Casa da Inje\u00e7\u00e3o oferece total garantia nos produtos comprados em nosso site.<\/span><span data-ccp-props=\"{&quot;134233117&quot;:false,&quot;134233118&quot;:false,&quot;335559738&quot;:240,&quot;335559739&quot;:240}\">\u00a0<\/span><\/p>\n<ol>\n<li data-leveltext=\"%1.\" data-font=\"Arial\" data-listid=\"3\" data-list-defn-props=\"{&quot;335552541&quot;:0,&quot;335559685&quot;:720,&quot;335559991&quot;:360,&quot;469769242&quot;:[65533,0],&quot;469777803&quot;:&quot;left&quot;,&quot;469777804&quot;:&quot;%1.&quot;,&quot;469777815&quot;:&quot;hybridMultilevel&quot;}\" aria-setsize=\"-1\" data-aria-posinset=\"1\" data-aria-level=\"1\"><span data-contrast=\"auto\">Cada item \u00e9 rigorosamente testado antes do envio<\/span><span data-ccp-props=\"{&quot;134233117&quot;:false,&quot;134233118&quot;:false,&quot;335559738&quot;:0,&quot;335559739&quot;:0}\">\u00a0<\/span><\/li>\n<\/ol>\n<ol>\n<li data-leveltext=\"%1.\" data-font=\"Arial\" data-listid=\"3\" data-list-defn-props=\"{&quot;335552541&quot;:0,&quot;335559685&quot;:720,&quot;335559991&quot;:360,&quot;469769242&quot;:[65533,0],&quot;469777803&quot;:&quot;left&quot;,&quot;469777804&quot;:&quot;%1.&quot;,&quot;469777815&quot;:&quot;hybridMultilevel&quot;}\" aria-setsize=\"-1\" data-aria-posinset=\"2\" data-aria-level=\"1\"><span data-contrast=\"auto\">Se os itens estiverem danificados ou parcialmente defeituosos, entre em contato conosco.<\/span><span data-ccp-props=\"{&quot;134233117&quot;:false,&quot;134233118&quot;:false,&quot;335559738&quot;:0,&quot;335559739&quot;:0}\">\u00a0<\/span><\/li>\n<\/ol>\n<p><span data-contrast=\"auto\">Se houver qualquer defeito, n\u00f3s lhe enviaremos uma substitui\u00e7\u00e3o ap\u00f3s receber o pacote ou devolvemos seu dinheiro.<\/span><span data-ccp-props=\"{&quot;134233117&quot;:false,&quot;134233118&quot;:false,&quot;335559738&quot;:240,&quot;335559739&quot;:240}\">\u00a0<\/span><\/p>\n<p><span data-contrast=\"auto\">Leia nossa <\/span><a href=\"https:\/\/www.casadainjecao.com.br\/loja\/politica-de-devolucao\"><span data-contrast=\"none\">pol\u00edtica de devolu\u00e7\u00e3o aqui<\/span><\/a><span data-ccp-props=\"{&quot;134233117&quot;:false,&quot;134233118&quot;:false,&quot;335559738&quot;:240,&quot;335559739&quot;:240}\">\u00a0<\/span><\/p>\n<p><span data-contrast=\"auto\">\u2014\u2014\u2014\u2014\u2014\u2014\u2014\u2014\u2014\u2014\u2014\u2014\u2014\u2014\u2014\u2014\u2014\u2014\u2014\u2013<\/span><span data-ccp-props=\"{&quot;134233117&quot;:false,&quot;134233118&quot;:false,&quot;335559738&quot;:240,&quot;335559739&quot;:240}\">\u00a0<\/span><\/p>\n<p aria-level=\"4\"><span data-contrast=\"none\">Tem alguma d\u00favida<\/span><b><i><span data-contrast=\"none\">?<\/span><\/i><\/b><span data-ccp-props=\"{&quot;134233117&quot;:false,&quot;134233118&quot;:false,&quot;134245418&quot;:true,&quot;134245529&quot;:true,&quot;335559738&quot;:319,&quot;335559739&quot;:319}\">\u00a0<\/span><\/p>\n<p><span data-contrast=\"auto\">Entre em contato que podemos ajudar!<\/span><span data-ccp-props=\"{&quot;134233117&quot;:false,&quot;134233118&quot;:false,&quot;335559738&quot;:240,&quot;335559739&quot;:240}\">\u00a0<\/span><\/p>\n<p><span data-contrast=\"auto\">Confira as informa\u00e7\u00f5es adicionais abaixo:<\/span><span data-ccp-props=\"{&quot;134233117&quot;:false,&quot;134233118&quot;:false,&quot;335551550&quot;:1,&quot;335551620&quot;:1,&quot;335559738&quot;:240,&quot;335559739&quot;:240}\">\u00a0<\/span><\/p>\n<p><span data-contrast=\"auto\">Todos os nossos produtos s\u00e3o novos, semi-novos, originais, paralelos e possuem garantia.<\/span><span data-ccp-props=\"{&quot;134233117&quot;:false,&quot;134233118&quot;:false,&quot;335551550&quot;:1,&quot;335551620&quot;:1,&quot;335559685&quot;:720,&quot;335559738&quot;:0,&quot;335559739&quot;:0}\">\u00a0<\/span><\/p>\n<p><span data-contrast=\"auto\">Todos os produtos anunciados est\u00e3o dispon\u00edveis em estoque e s\u00e3o enviados com extrema rapidez.<\/span><span data-ccp-props=\"{&quot;134233117&quot;:false,&quot;134233118&quot;:false,&quot;335551550&quot;:1,&quot;335551620&quot;:1,&quot;335559685&quot;:720,&quot;335559738&quot;:0,&quot;335559739&quot;:0}\">\u00a0<\/span><\/p>\n<p><span data-contrast=\"auto\">O frete pode ser simulado antes de efetuar a compra, basta clicar em \u201cver custos de envio\u201d.<\/span><span data-ccp-props=\"{&quot;134233117&quot;:false,&quot;134233118&quot;:false,&quot;335551550&quot;:1,&quot;335551620&quot;:1,&quot;335559685&quot;:720,&quot;335559738&quot;:0,&quot;335559739&quot;:0}\">\u00a0<\/span><\/p>\n<p><span data-contrast=\"auto\">Verifique o endere\u00e7o de entrega cadastrado e atualize caso necess\u00e1rio.<\/span><span data-ccp-props=\"{&quot;134233117&quot;:false,&quot;134233118&quot;:false,&quot;335551550&quot;:1,&quot;335551620&quot;:1,&quot;335559685&quot;:720,&quot;335559738&quot;:0,&quot;335559739&quot;:0}\">\u00a0<\/span><\/p>\n<p><span data-contrast=\"auto\">Confirme se a pe\u00e7a \u00e9 correta para o seu modelo de ve\u00edculo.<\/span><span data-ccp-props=\"{&quot;134233117&quot;:false,&quot;134233118&quot;:false,&quot;335551550&quot;:1,&quot;335551620&quot;:1,&quot;335559685&quot;:720,&quot;335559738&quot;:0,&quot;335559739&quot;:0}\">\u00a0<\/span><\/p>\n<p><span data-contrast=\"auto\">Para pe\u00e7as automotivas, recomendamos a instala\u00e7\u00e3o por um profissional especializado.<\/span><span data-ccp-props=\"{&quot;134233117&quot;:false,&quot;134233118&quot;:false,&quot;335551550&quot;:1,&quot;335551620&quot;:1,&quot;335559685&quot;:720,&quot;335559738&quot;:0,&quot;335559739&quot;:0}\">\u00a0<\/span><\/p>\n<p><span data-contrast=\"auto\">Caso possua outras d\u00favidas, entre em contato.<\/span><span data-ccp-props=\"{&quot;134233117&quot;:false,&quot;134233118&quot;:false,&quot;335551550&quot;:1,&quot;335551620&quot;:1,&quot;335559685&quot;:720,&quot;335559738&quot;:0,&quot;335559739&quot;:0}\">\u00a0<\/span><\/p>\n<p><span data-ccp-props=\"{&quot;134233117&quot;:false,&quot;134233118&quot;:false,&quot;335551550&quot;:1,&quot;335551620&quot;:1,&quot;335559685&quot;:720,&quot;335559738&quot;:0,&quot;335559739&quot;:0}\">\u00a0<\/span><\/p>\n","protected":false},"excerpt":{"rendered":"<h2><span class=\"TextRun SCXW246660144 BCX0\" lang=\"PT-PT\" xml:lang=\"PT-PT\" data-contrast=\"auto\"><span class=\"NormalTextRun SCXW246660144 BCX0\">Torneira Sangria Radiador Palio Siena <\/span><span class=\"NormalTextRun SpellingErrorV2Themed SCXW246660144 BCX0\">Strada<\/span><span class=\"NormalTextRun SCXW246660144 BCX0\"> &#8211; <\/span><\/span><span class=\"TextRun SCXW246660144 BCX0\" lang=\"PT-PT\" xml:lang=\"PT-PT\" data-contrast=\"auto\"><span class=\"NormalTextRun SCXW246660144 BCX0\">46815896<\/span><\/span><span class=\"EOP SCXW246660144 BCX0\" data-ccp-props=\"{}\">\u00a0<\/span><\/h2>\n","protected":false},"featured_media":38213,"template":"","meta":{"_seopress_robots_primary_cat":"none","_seopress_titles_title":"","_seopress_titles_desc":"","_seopress_robots_index":"","_joinchat":[]},"product_cat":[16,74],"product_tag":[709,119,120,121],"berocket_brand":[383],"_links":{"self":[{"href":"https:\/\/www.casadainjecao.com.br\/loja\/wp-json\/wp\/v2\/product\/38210"}],"collection":[{"href":"https:\/\/www.casadainjecao.com.br\/loja\/wp-json\/wp\/v2\/product"}],"about":[{"href":"https:\/\/www.casadainjecao.com.br\/loja\/wp-json\/wp\/v2\/types\/product"}],"wp:featuredmedia":[{"embeddable":true,"href":"https:\/\/www.casadainjecao.com.br\/loja\/wp-json\/wp\/v2\/media\/38213"}],"wp:attachment":[{"href":"https:\/\/www.casadainjecao.com.br\/loja\/wp-json\/wp\/v2\/media?parent=38210"}],"wp:term":[{"taxonomy":"product_cat","embeddable":true,"href":"https:\/\/www.casadainjecao.com.br\/loja\/wp-json\/wp\/v2\/product_cat?post=38210"},{"taxonomy":"product_tag","embeddable":true,"href":"https:\/\/www.casadainjecao.com.br\/loja\/wp-json\/wp\/v2\/product_tag?post=38210"},{"taxonomy":"berocket_brand","embeddable":true,"href":"https:\/\/www.casadainjecao.com.br\/loja\/wp-json\/wp\/v2\/berocket_brand?post=38210"}],"curies":[{"name":"wp","href":"https:\/\/api.w.org\/{rel}","templated":true}]}}