{"id":38236,"date":"2025-01-23T17:03:00","date_gmt":"2025-01-23T20:03:00","guid":{"rendered":"https:\/\/www.casadainjecao.com.br\/loja\/?post_type=product&#038;p=38236"},"modified":"2026-03-11T15:02:22","modified_gmt":"2026-03-11T18:02:22","slug":"mangueira-retorno-novo-uno-firefly-1-0-2016-52022888","status":"publish","type":"product","link":"https:\/\/www.casadainjecao.com.br\/loja\/autopecas\/motor\/reservatorio-de-agua\/mangueira-retorno-novo-uno-firefly-1-0-2016-52022888\/","title":{"rendered":"Mangueira Retorno Novo Uno Firefly 1.0 2016 &#8211; 52022888"},"content":{"rendered":"<h2><span class=\"TextRun SCXW50858377 BCX0\" lang=\"PT-PT\" xml:lang=\"PT-PT\" data-contrast=\"auto\"><span class=\"NormalTextRun SCXW50858377 BCX0\">MANGUEIRA <\/span><\/span><span class=\"TextRun SCXW50858377 BCX0\" lang=\"PT-PT\" xml:lang=\"PT-PT\" data-contrast=\"auto\"><span class=\"NormalTextRun SCXW50858377 BCX0\">RETORNO <\/span><\/span><span class=\"TextRun SCXW50858377 BCX0\" lang=\"PT-PT\" xml:lang=\"PT-PT\" data-contrast=\"auto\"><span class=\"NormalTextRun SCXW50858377 BCX0\">DO RESPIRO ORIGINAL <\/span><\/span><\/h2>\n<p><span data-contrast=\"auto\">FITA NOVO UNO 1.0 3CIL FIREFLY 2016 EM DIANTE<\/span><\/p>\n<p><span data-contrast=\"auto\">FIAT MOBI 1.0 3CIL FLEX 2017 EM DIANTE<\/span><\/p>\n<h4>C\u00f3digo de Refer\u00eancia:<\/h4>\n<p><span data-contrast=\"auto\">\u00a052022888<\/span><span data-ccp-props=\"{}\">\u00a0<\/span><\/p>\n<h4>Condi\u00e7\u00f5es:<\/h4>\n<p>Produto Novo Original \/ Marca Fiat<\/p>\n<h4>Garantia:<\/h4>\n<p>3 meses<\/p>\n<h3><b><span data-contrast=\"none\">ATEN\u00c7\u00c3O: Antes de efetuar a compra verifique o c\u00f3digo da sua pe\u00e7a que est\u00e1 instalada no seu ve\u00edculo.<\/span><\/b><span data-ccp-props=\"{&quot;201341983&quot;:0,&quot;335559739&quot;:160,&quot;335559740&quot;:279}\">\u00a0<\/span><\/h3>\n<p aria-level=\"5\">A Casa da Inje\u00e7\u00e3o oferece total garantia nos produtos comprados em nosso site.<\/p>\n<p aria-level=\"5\">Cada item \u00e9 rigorosamente testado antes do envio<\/p>\n<p aria-level=\"5\">Se os itens estiverem danificados ou parcialmente defeituosos, entre em contato conosco.<\/p>\n<p aria-level=\"5\">Procure um profissional devidamente licenciado para a instala\u00e7\u00e3o e fa\u00e7a revis\u00f5es periodicamente. A empresa n\u00e3o se responsabiliza por problemas oriundos da m\u00e1 instala\u00e7\u00e3o ou com a falta de cuidados peri\u00f3dicos dos componentes.<\/p>\n<p aria-level=\"5\">Se houver qualquer defeito, n\u00f3s lhe enviaremos uma substitui\u00e7\u00e3o ap\u00f3s receber o pacote ou devolvemos seu dinheiro.<\/p>\n<p aria-level=\"5\">Leia nossa <a href=\"https:\/\/www.casadainjecao.com.br\/loja\/politica-de-devolucao\">pol\u00edtica de devolu\u00e7\u00e3o aqui<\/a><\/p>\n<p aria-level=\"5\">\u2014\u2014\u2014\u2014\u2014\u2014\u2014\u2014\u2014\u2014\u2014\u2014\u2014\u2014\u2014\u2014\u2014\u2014\u2014\u2013<\/p>\n<p aria-level=\"5\">Tem alguma d\u00favida?<\/p>\n<p aria-level=\"5\">Entre em contato que podemos ajudar!<\/p>\n<p aria-level=\"5\">Confira as informa\u00e7\u00f5es adicionais abaixo:<\/p>\n<p aria-level=\"5\">Todos os nossos produtos s\u00e3o novos, semi-novos, originais e paralelos possuem garantia.<\/p>\n<p aria-level=\"5\">Todos os produtos anunciados est\u00e3o dispon\u00edveis em estoque e s\u00e3o enviados com extrema rapidez.<\/p>\n<p aria-level=\"5\">O frete pode ser simulado antes de efetuar a compra, basta clicar em \u201cver custos de envio\u201d.<\/p>\n<p aria-level=\"5\">Verifique o endere\u00e7o de entrega cadastrado e atualize caso necess\u00e1rio.<\/p>\n<p aria-level=\"5\">Confirme se a pe\u00e7a \u00e9 correta para o seu modelo de ve\u00edculo.<\/p>\n<p aria-level=\"5\">Para pe\u00e7as automotivas, recomendamos a instala\u00e7\u00e3o por um profissional especializado.<\/p>\n<p aria-level=\"5\">Caso possua outras d\u00favidas, entre em contato.<\/p>\n","protected":false},"excerpt":{"rendered":"<h2>Mangueira Retorno Novo Uno Firefly 1.0 2016 &#8211; 52022888<\/h2>\n","protected":false},"featured_media":38237,"template":"","meta":{"_seopress_robots_primary_cat":"none","_seopress_titles_title":"","_seopress_titles_desc":"","_seopress_robots_index":"","_joinchat":[]},"product_cat":[16,72,1110],"product_tag":[298,1600],"berocket_brand":[383],"_links":{"self":[{"href":"https:\/\/www.casadainjecao.com.br\/loja\/wp-json\/wp\/v2\/product\/38236"}],"collection":[{"href":"https:\/\/www.casadainjecao.com.br\/loja\/wp-json\/wp\/v2\/product"}],"about":[{"href":"https:\/\/www.casadainjecao.com.br\/loja\/wp-json\/wp\/v2\/types\/product"}],"wp:featuredmedia":[{"embeddable":true,"href":"https:\/\/www.casadainjecao.com.br\/loja\/wp-json\/wp\/v2\/media\/38237"}],"wp:attachment":[{"href":"https:\/\/www.casadainjecao.com.br\/loja\/wp-json\/wp\/v2\/media?parent=38236"}],"wp:term":[{"taxonomy":"product_cat","embeddable":true,"href":"https:\/\/www.casadainjecao.com.br\/loja\/wp-json\/wp\/v2\/product_cat?post=38236"},{"taxonomy":"product_tag","embeddable":true,"href":"https:\/\/www.casadainjecao.com.br\/loja\/wp-json\/wp\/v2\/product_tag?post=38236"},{"taxonomy":"berocket_brand","embeddable":true,"href":"https:\/\/www.casadainjecao.com.br\/loja\/wp-json\/wp\/v2\/berocket_brand?post=38236"}],"curies":[{"name":"wp","href":"https:\/\/api.w.org\/{rel}","templated":true}]}}