{"id":38242,"date":"2025-01-24T08:57:31","date_gmt":"2025-01-24T11:57:31","guid":{"rendered":"https:\/\/www.casadainjecao.com.br\/loja\/?post_type=product&#038;p=38242"},"modified":"2026-04-13T10:25:24","modified_gmt":"2026-04-13T13:25:24","slug":"macaneta-externa-porta-dianteira-traseira-l-e-9101w3","status":"publish","type":"product","link":"https:\/\/www.casadainjecao.com.br\/loja\/autopecas\/interior\/porta-luvas\/macaneta-externa-porta-dianteira-traseira-l-e-9101w3\/","title":{"rendered":"Macaneta Externa Porta Dianteira Traseira L\/E &#8211; 9101w3"},"content":{"rendered":"<h2><span data-contrast=\"auto\">MA\u00c7ANETA EXTERNA PORTA DIANTEIRA\/TRASEIRA\u00a0LADO ESQUERDO (MOTORISTA)<\/span><span data-ccp-props=\"{}\">\u00a0<\/span><\/h2>\n<p><span data-contrast=\"auto\">CITROEN C3 2002 A 2012 <\/span><span data-ccp-props=\"{}\">\u00a0<\/span><\/p>\n<p><span data-contrast=\"auto\">PEUGEOT 307 2002 A 2011<\/span><span data-ccp-props=\"{}\">\u00a0<\/span><\/p>\n<h4><span data-contrast=\"auto\">C\u00f3digo de Refer\u00eancia:<\/span><span data-ccp-props=\"{}\">\u00a0<\/span><\/h4>\n<p><span data-contrast=\"auto\">9101W3<\/span><\/p>\n<h4>Condi\u00e7\u00f5es:<\/h4>\n<p class=\"MsoNormal\" style=\"margin-bottom: 18.75pt;\"><span lang=\"PT\" style=\"font-size: 12.0pt; line-height: 107%; color: #1c1d1e;\">Produto Novo Original \/ Fiat<\/span><\/p>\n<h4><strong><span style=\"color: #1c1d1e; font-size: 18px;\">Especifica\u00e7\u00f5es:<\/span><\/strong><\/h4>\n<p>Lado Esquerdo (lado do motorista)<\/p>\n<h4 style=\"margin-top: 0cm; line-height: 21.75pt;\"><span lang=\"PT\" style=\"font-size: 13.5pt; color: #1c1d1e; font-style: normal;\">Garantia:<\/span><\/h4>\n<p class=\"MsoNormal\" style=\"margin-bottom: 18.75pt;\"><span lang=\"PT\" style=\"font-size: 12.0pt; line-height: 107%; color: #1c1d1e;\">3 meses<\/span><\/p>\n<h3 style=\"margin-top: 0cm; line-height: 24.0pt;\"><span class=\"TextRun SCXW146930457 BCX0\" lang=\"PT-PT\" xml:lang=\"PT-PT\" data-contrast=\"none\"><span class=\"NormalTextRun SCXW146930457 BCX0\" data-ccp-parastyle=\"heading 3\">ATEN\u00c7\u00c3O: Antes de efetuar a compra verifique o c\u00f3digo da pe\u00e7a que est\u00e1 instalada no seu ve\u00edculo.<\/span><\/span><\/h3>\n<p>MOPAR\u00ae \u00e9 a marca de pe\u00e7as de reposi\u00e7\u00e3o genu\u00ednas do Grupo Stellantis, respons\u00e1vel pelas marcas Fiat, Jeep, Peugeot, Citro\u00ebn e RAM. As pe\u00e7as e acess\u00f3rios MOPAR\u00ae s\u00e3o criadas pelas mesmas equipes que projetaram seu ve\u00edculo, atendendo a todos os padr\u00f5es de f\u00e1brica, que garantem excelente desempenho.<\/p>\n<p>&nbsp;<\/p>\n<p>A Casa da Inje\u00e7\u00e3o oferece total garantia nos produtos comprados em nosso site.<\/p>\n<ol>\n<li>Cada item \u00e9 rigorosamente testado antes do envio<\/li>\n<li>Se os itens estiverem danificados ou parcialmente defeituosos, entre em contato conosco.<\/li>\n<\/ol>\n<p>Se houver qualquer defeito, n\u00f3s lhe enviaremos uma substitui\u00e7\u00e3o ap\u00f3s receber o pacote ou devolvemos seu dinheiro.<\/p>\n<p>Leia nossa <a href=\"https:\/\/www.casadainjecao.com.br\/loja\/politica-de-devolucao\">pol\u00edtica de devolu\u00e7\u00e3o aqui<\/a><\/p>\n<p>\u2014\u2014\u2014\u2014\u2014\u2014\u2014\u2014\u2014\u2014\u2014\u2014\u2014\u2014\u2014\u2014\u2014\u2014\u2014\u2013<\/p>\n<p>Tem alguma d\u00favida?<\/p>\n<p>Entre em contato que podemos ajudar!<\/p>\n<p>Confira as informa\u00e7\u00f5es adicionais abaixo:<\/p>\n<ul>\n<li>Todos os nossos produtos s\u00e3o novos, semi-novos, originais e paralelos possuem garantia.<\/li>\n<li>Todos os produtos anunciados est\u00e3o dispon\u00edveis em estoque e s\u00e3o enviados com extrema rapidez.<\/li>\n<li>O frete pode ser simulado antes de efetuar a compra, basta clicar em \u201cver custos de envio\u201d.<\/li>\n<li>Verifique o endere\u00e7o de entrega cadastrado e atualize caso necess\u00e1rio.<\/li>\n<li>Confirme se a pe\u00e7a \u00e9 correta para o seu modelo de ve\u00edculo.<\/li>\n<li>Para pe\u00e7as automotivas, recomendamos a instala\u00e7\u00e3o por um profissional especializado.<\/li>\n<\/ul>\n<p>Caso possua outras d\u00favidas, entre em contato.<\/p>\n","protected":false},"excerpt":{"rendered":"<h2 style=\"margin-top: 0cm; line-height: 21.75pt;\">Ma\u00e7aneta Externa Porta Dianteira Traseira L\/E &#8211; 9101w3<\/h2>\n","protected":false},"featured_media":38243,"template":"","meta":{"_seopress_robots_primary_cat":"none","_seopress_titles_title":"","_seopress_titles_desc":"","_seopress_robots_index":"","_joinchat":[]},"product_cat":[24,1865,1124],"product_tag":[782,245],"berocket_brand":[382,393],"_links":{"self":[{"href":"https:\/\/www.casadainjecao.com.br\/loja\/wp-json\/wp\/v2\/product\/38242"}],"collection":[{"href":"https:\/\/www.casadainjecao.com.br\/loja\/wp-json\/wp\/v2\/product"}],"about":[{"href":"https:\/\/www.casadainjecao.com.br\/loja\/wp-json\/wp\/v2\/types\/product"}],"wp:featuredmedia":[{"embeddable":true,"href":"https:\/\/www.casadainjecao.com.br\/loja\/wp-json\/wp\/v2\/media\/38243"}],"wp:attachment":[{"href":"https:\/\/www.casadainjecao.com.br\/loja\/wp-json\/wp\/v2\/media?parent=38242"}],"wp:term":[{"taxonomy":"product_cat","embeddable":true,"href":"https:\/\/www.casadainjecao.com.br\/loja\/wp-json\/wp\/v2\/product_cat?post=38242"},{"taxonomy":"product_tag","embeddable":true,"href":"https:\/\/www.casadainjecao.com.br\/loja\/wp-json\/wp\/v2\/product_tag?post=38242"},{"taxonomy":"berocket_brand","embeddable":true,"href":"https:\/\/www.casadainjecao.com.br\/loja\/wp-json\/wp\/v2\/berocket_brand?post=38242"}],"curies":[{"name":"wp","href":"https:\/\/api.w.org\/{rel}","templated":true}]}}