{"id":38252,"date":"2025-01-24T11:12:23","date_gmt":"2025-01-24T14:12:23","guid":{"rendered":"https:\/\/www.casadainjecao.com.br\/loja\/?post_type=product&#038;p=38252"},"modified":"2026-04-25T17:26:26","modified_gmt":"2026-04-25T20:26:26","slug":"modulo-rele-controle-bomba-combustivel-vw-tiguan-2-0-5n0906093b","status":"publish","type":"product","link":"https:\/\/www.casadainjecao.com.br\/loja\/autopecas\/eletrica\/modulos\/modulo-rele-controle-bomba-combustivel-vw-tiguan-2-0-5n0906093b\/","title":{"rendered":"Modulo Rele Controle Bomba Combust\u00edvel Vw Tiguan 2.0 &#8211"},"content":{"rendered":"<h2><span class=\"TextRun SCXW165403294 BCX0\" lang=\"PT-PT\" xml:lang=\"PT-PT\" data-contrast=\"none\"><span class=\"NormalTextRun SCXW165403294 BCX0\" data-ccp-parastyle=\"heading 1\">M\u00f3dulo Rel\u00ea Controle Bomba Combust\u00edvel<\/span><\/span><\/h2>\n<p><span class=\"TextRun SCXW23430972 BCX0\" lang=\"PT-PT\" xml:lang=\"PT-PT\" data-contrast=\"none\"><span class=\"NormalTextRun SpellingErrorV2Themed SCXW23430972 BCX0\" data-ccp-parastyle=\"heading 1\">Volkswagen Tiguan<\/span><span class=\"NormalTextRun SCXW23430972 BCX0\" data-ccp-parastyle=\"heading 1\"> 2.0 2009 <\/span><span class=\"NormalTextRun ContextualSpellingAndGrammarErrorV2Themed SCXW23430972 BCX0\" data-ccp-parastyle=\"heading 1\">\u00e0<\/span><span class=\"NormalTextRun SCXW23430972 BCX0\" data-ccp-parastyle=\"heading 1\"> 2019<\/span><\/span><span class=\"LineBreakBlob BlobObject DragDrop SCXW23430972 BCX0\"><span class=\"SCXW23430972 BCX0\">\u00a0<\/span><br class=\"SCXW23430972 BCX0\" \/><\/span><\/p>\n<p><span class=\"TextRun SCXW23430972 BCX0\" lang=\"PT-PT\" xml:lang=\"PT-PT\" data-contrast=\"none\"><span class=\"NormalTextRun SpellingErrorV2Themed SCXW23430972 BCX0\" data-ccp-parastyle=\"heading 1\">Volkswagen Amarok<\/span><span class=\"NormalTextRun SCXW23430972 BCX0\" data-ccp-parastyle=\"heading 1\"> 2.0 2011 <\/span><span class=\"NormalTextRun ContextualSpellingAndGrammarErrorV2Themed SCXW23430972 BCX0\" data-ccp-parastyle=\"heading 1\">\u00e0<\/span><span class=\"NormalTextRun SCXW23430972 BCX0\" data-ccp-parastyle=\"heading 1\"> 2019<\/span><\/span><span class=\"LineBreakBlob BlobObject DragDrop SCXW23430972 BCX0\"><span class=\"SCXW23430972 BCX0\">\u00a0<\/span><br class=\"SCXW23430972 BCX0\" \/><\/span><\/p>\n<p><span class=\"TextRun SCXW23430972 BCX0\" lang=\"PT-PT\" xml:lang=\"PT-PT\" data-contrast=\"none\"><span class=\"NormalTextRun SpellingErrorV2Themed SCXW23430972 BCX0\" data-ccp-parastyle=\"heading 1\">Volkswagen Transporter<\/span><span class=\"NormalTextRun SCXW23430972 BCX0\" data-ccp-parastyle=\"heading 1\"> 2.0 2012 <\/span><span class=\"NormalTextRun ContextualSpellingAndGrammarErrorV2Themed SCXW23430972 BCX0\" data-ccp-parastyle=\"heading 1\">\u00e0<\/span><span class=\"NormalTextRun SCXW23430972 BCX0\" data-ccp-parastyle=\"heading 1\"> 2018<\/span><\/span><span class=\"LineBreakBlob BlobObject DragDrop SCXW23430972 BCX0\"><span class=\"SCXW23430972 BCX0\">\u00a0<\/span><br class=\"SCXW23430972 BCX0\" \/><\/span><span class=\"LineBreakBlob BlobObject DragDrop SCXW23430972 BCX0\"><span class=\"SCXW23430972 BCX0\">\u00a0<\/span><br class=\"SCXW23430972 BCX0\" \/><\/span><span class=\"TextRun SCXW23430972 BCX0\" lang=\"PT-PT\" xml:lang=\"PT-PT\" data-contrast=\"none\"><span class=\"NormalTextRun SCXW23430972 BCX0\" data-ccp-parastyle=\"heading 1\">Audi <\/span><\/span><span class=\"TextRun SCXW23430972 BCX0\" lang=\"PT-PT\" xml:lang=\"PT-PT\" data-contrast=\"none\"><span class=\"NormalTextRun SCXW23430972 BCX0\" data-ccp-parastyle=\"heading 1\">Q3 2.0 2013 <\/span><span class=\"NormalTextRun ContextualSpellingAndGrammarErrorV2Themed SCXW23430972 BCX0\" data-ccp-parastyle=\"heading 1\">\u00e0<\/span><span class=\"NormalTextRun SCXW23430972 BCX0\" data-ccp-parastyle=\"heading 1\"> 2019<\/span><\/span><span class=\"LineBreakBlob BlobObject DragDrop SCXW23430972 BCX0\"><span class=\"SCXW23430972 BCX0\">\u00a0<\/span><\/span><span class=\"LineBreakBlob BlobObject DragDrop SCXW23430972 BCX0\"><br class=\"SCXW23430972 BCX0\" \/><\/span><\/p>\n<h4>C\u00f3digo de Refer\u00eancia:<\/h4>\n<p><span class=\"TextRun SCXW113060528 BCX0\" lang=\"PT-PT\" xml:lang=\"PT-PT\" data-contrast=\"auto\"><span class=\"NormalTextRun SCXW113060528 BCX0\">5N0906093B, 5N0906093C, ARL1009<\/span><\/span><\/p>\n<h4><strong>Condi\u00e7\u00f5es:<\/strong><\/h4>\n<p>Produto Novo Importado \/ Marca Torken<\/p>\n<h4>Especifica\u00e7\u00f5es:<\/h4>\n<p><span class=\"TextRun SCXW163915783 BCX0\" lang=\"PT-PT\" xml:lang=\"PT-PT\" data-contrast=\"none\"><span class=\"NormalTextRun SpellingErrorV2Themed SCXW163915783 BCX0\" data-ccp-parastyle=\"heading 1\">Conector<\/span><span class=\"NormalTextRun SCXW163915783 BCX0\" data-ccp-parastyle=\"heading 1\">: 5 Pinos<\/span><\/span><span class=\"LineBreakBlob BlobObject DragDrop SCXW163915783 BCX0\"><span class=\"SCXW163915783 BCX0\">\u00a0<\/span><br class=\"SCXW163915783 BCX0\" \/><\/span><\/p>\n<h4><strong>Garantia:<\/strong><\/h4>\n<p>3 Meses<\/p>\n<h3><strong>ATEN\u00c7\u00c3O: Antes de efetuar a compra verifique o c\u00f3digo da sua pe\u00e7a que est\u00e1 instalada no seu ve\u00edculo.<\/strong><\/h3>\n<h5><\/h5>\n<p>A Casa da Inje\u00e7\u00e3o oferece total garantia nos produtos comprados em nosso site.<\/p>\n<p>Cada item \u00e9 rigorosamente testado antes do envio<\/p>\n<p>Se os itens estiverem danificados ou parcialmente defeituosos, entre em contato conosco.<\/p>\n<p>Procure um profissional devidamente licenciado para a instala\u00e7\u00e3o e fa\u00e7a revis\u00f5es periodicamente. A empresa n\u00e3o se responsabiliza por problemas oriundos da m\u00e1 instala\u00e7\u00e3o ou com a falta de cuidados peri\u00f3dicos dos componentes.<\/p>\n<p>Se houver qualquer defeito, n\u00f3s lhe enviaremos uma substitui\u00e7\u00e3o ap\u00f3s receber o pacote ou devolvemos seu dinheiro.<\/p>\n<p>Leia nossa\u00a0<a href=\"https:\/\/www.casadainjecao.com.br\/loja\/politica-de-devolucao\">pol\u00edtica de devolu\u00e7\u00e3o aqui<\/a><\/p>\n<p>\u2014\u2014\u2014\u2014\u2014\u2014\u2014\u2014\u2014\u2014\u2014\u2014\u2014\u2014\u2014\u2014\u2014\u2014\u2014\u2013<\/p>\n<p>Tem alguma d\u00favida?<\/p>\n<p>Entre em contato que podemos ajudar!<\/p>\n<p>Confira as informa\u00e7\u00f5es adicionais abaixo:<\/p>\n<p>Todos os nossos produtos s\u00e3o novos, semi-novos, originais e paralelos possuem garantia.<\/p>\n<p>Todos os produtos anunciados est\u00e3o dispon\u00edveis em estoque e s\u00e3o enviados com extrema rapidez.<\/p>\n<p>O frete pode ser simulado antes de efetuar a compra, basta clicar em \u201cver custos de envio\u201d.<\/p>\n<p>Verifique o endere\u00e7o de entrega cadastrado e atualize caso necess\u00e1rio.<\/p>\n<p>Confirme se a pe\u00e7a \u00e9 correta para o seu modelo de ve\u00edculo.<\/p>\n<p>Para pe\u00e7as automotivas, recomendamos a instala\u00e7\u00e3o por um profissional especializado.<\/p>\n<p>Caso possua outras d\u00favidas, entre em contato.<\/p>\n","protected":false},"excerpt":{"rendered":"<h2>Modulo Rele Controle Bomba Combust\u00edvel Vw Tiguan 2.0 &#8211; 5N0906093B<\/h2>\n","protected":false},"featured_media":44937,"template":"","meta":{"_seopress_robots_primary_cat":"none","_seopress_titles_title":"","_seopress_titles_desc":"","_seopress_robots_index":"","_joinchat":[]},"product_cat":[1514,17,138,153],"product_tag":[428,2284,1497,2283],"berocket_brand":[396],"_links":{"self":[{"href":"https:\/\/www.casadainjecao.com.br\/loja\/wp-json\/wp\/v2\/product\/38252"}],"collection":[{"href":"https:\/\/www.casadainjecao.com.br\/loja\/wp-json\/wp\/v2\/product"}],"about":[{"href":"https:\/\/www.casadainjecao.com.br\/loja\/wp-json\/wp\/v2\/types\/product"}],"wp:featuredmedia":[{"embeddable":true,"href":"https:\/\/www.casadainjecao.com.br\/loja\/wp-json\/wp\/v2\/media\/44937"}],"wp:attachment":[{"href":"https:\/\/www.casadainjecao.com.br\/loja\/wp-json\/wp\/v2\/media?parent=38252"}],"wp:term":[{"taxonomy":"product_cat","embeddable":true,"href":"https:\/\/www.casadainjecao.com.br\/loja\/wp-json\/wp\/v2\/product_cat?post=38252"},{"taxonomy":"product_tag","embeddable":true,"href":"https:\/\/www.casadainjecao.com.br\/loja\/wp-json\/wp\/v2\/product_tag?post=38252"},{"taxonomy":"berocket_brand","embeddable":true,"href":"https:\/\/www.casadainjecao.com.br\/loja\/wp-json\/wp\/v2\/berocket_brand?post=38252"}],"curies":[{"name":"wp","href":"https:\/\/api.w.org\/{rel}","templated":true}]}}