{"id":38317,"date":"2025-01-28T17:05:22","date_gmt":"2025-01-28T20:05:22","guid":{"rendered":"https:\/\/www.casadainjecao.com.br\/loja\/?post_type=product&#038;p=38317"},"modified":"2025-01-29T09:38:48","modified_gmt":"2025-01-29T12:38:48","slug":"circuito-lanterna-soquete-volkswagen-voyage-g6-2013","status":"publish","type":"product","link":"https:\/\/www.casadainjecao.com.br\/loja\/autopecas\/exterior\/lanterna\/circuito-lanterna-soquete-volkswagen-voyage-g6-2013\/","title":{"rendered":"Circuito Lanterna Soquete Volkswagen Voyage G6 2013"},"content":{"rendered":"<h2><span class=\"TextRun SCXW205557464 BCX0\" lang=\"PT-PT\" xml:lang=\"PT-PT\" data-contrast=\"auto\"><span class=\"NormalTextRun SCXW205557464 BCX0\">Circuito Lanterna Soquete<\/span><\/span><\/h2>\n<p><span class=\"NormalTextRun SCXW152373513 BCX0\">Volkswagen\u00a0<\/span><span class=\"NormalTextRun SpellingErrorV2Themed SCXW152373513 BCX0\">Voyage<\/span><span class=\"NormalTextRun SCXW152373513 BCX0\"> G6 G7 G8 2013 a 2022<\/span><\/p>\n<h4>C\u00f3digo de Refer\u00eancia:<\/h4>\n<p>RY10W, PPT40<\/p>\n<h4><strong>Condi\u00e7\u00f5es:<\/strong><\/h4>\n<p>Novo Original \/ Marca Volkswagen<\/p>\n<h4>Garantia:<\/h4>\n<p>3 Meses<\/p>\n<h4>Especifica\u00e7\u00f5es:<\/h4>\n<p><span data-contrast=\"auto\">Lado: direito (lado do passageiro)<\/span> <span data-contrast=\"auto\">Cor: Cinza<\/span> P21\/5W<\/p>\n<h3>ATEN\u00c7\u00c3O: Antes de efetuar a compra verifique o c\u00f3digo da sua pe\u00e7a que est\u00e1 instalada no seu ve\u00edculo.<\/h3>\n<h4><strong>O que \u00e9 e para que serve o Circuito da Lanterna?<\/strong><\/h4>\n<p>O Circuito da Lanterna est\u00e1 ligado ao sistema el\u00e9trico que alimenta e controla a luz da lanterna. A lanternas t\u00eam v\u00e1rias fun\u00e7\u00f5es importantes no ve\u00edculo, contribuindo para a seguran\u00e7a e visibilidade. Isso \u00e9 crucial para que outros motoristas possam ver o ve\u00edculo \u00e0 noite, ajudando a evitar colis\u00f5es e melhorando a seguran\u00e7a na estrada.<\/p>\n<p>&nbsp;<\/p>\n<p>A Casa da Inje\u00e7\u00e3o oferece total garantia nos produtos comprados em nosso site.<\/p>\n<ol>\n<li>Cada item \u00e9 rigorosamente testado antes do envio<\/li>\n<li>Se os itens estiverem danificados ou parcialmente defeituosos, entre em contato conosco.<\/li>\n<\/ol>\n<p>Se houver qualquer defeito, n\u00f3s lhe enviaremos uma substitui\u00e7\u00e3o ap\u00f3s receber o pacote ou devolvemos seu dinheiro.<\/p>\n<p>Leia nossa\u00a0<span style=\"color: #ff0000;\"><a style=\"color: #ff0000;\" href=\"https:\/\/www.casadainjecao.com.br\/loja\/politica-de-devolucao\">pol\u00edtica de devolu\u00e7\u00e3o aqui<\/a><\/span><\/p>\n<p>\u2014\u2014\u2014\u2014\u2014\u2014\u2014\u2014\u2014\u2014\u2014\u2014\u2014\u2014\u2014\u2014\u2014\u2014\u2014\u2013<\/p>\n<p><strong>ATEN\u00c7\u00c3O<\/strong>: Antes de efetuar a compra verifique o c\u00f3digo da sua pe\u00e7a que est\u00e1 instalada no seu ve\u00edculo.<\/p>\n<p><strong>Tem alguma d\u00favida?<\/strong><\/p>\n<p>Entre em contato que podemos ajudar!<\/p>\n<p>Confira as informa\u00e7\u00f5es adicionais abaixo:<\/p>\n<ul>\n<li>Todos os nossos produtos s\u00e3o novos, semi-novos, originais e paralelos possuem garantia.<\/li>\n<li>Todos os produtos anunciados est\u00e3o dispon\u00edveis em estoque e s\u00e3o enviados com extrema rapidez.<\/li>\n<li>O frete pode ser simulado antes de efetuar a compra, basta clicar em \u201cver custos de envio\u201d.<\/li>\n<li>Verifique o endere\u00e7o de entrega cadastrado e atualize caso necess\u00e1rio.<\/li>\n<li>Confirme se a pe\u00e7a \u00e9 correta para o seu modelo de ve\u00edculo.<\/li>\n<li>Para pe\u00e7as automotivas, recomendamos a instala\u00e7\u00e3o por um profissional especializado.<\/li>\n<\/ul>\n<p>Caso possua outras d\u00favidas, entre em contato.<\/p>\n","protected":false},"excerpt":{"rendered":"<h2>Circuito Lanterna Soquete Volkswagen Voyage G6 2013<\/h2>\n","protected":false},"featured_media":38318,"template":"","meta":{"_seopress_robots_primary_cat":"none","_seopress_titles_title":"","_seopress_titles_desc":"","_seopress_robots_index":"","_joinchat":[]},"product_cat":[1346,17,23,308],"product_tag":[2288],"berocket_brand":[396],"_links":{"self":[{"href":"https:\/\/www.casadainjecao.com.br\/loja\/wp-json\/wp\/v2\/product\/38317"}],"collection":[{"href":"https:\/\/www.casadainjecao.com.br\/loja\/wp-json\/wp\/v2\/product"}],"about":[{"href":"https:\/\/www.casadainjecao.com.br\/loja\/wp-json\/wp\/v2\/types\/product"}],"wp:featuredmedia":[{"embeddable":true,"href":"https:\/\/www.casadainjecao.com.br\/loja\/wp-json\/wp\/v2\/media\/38318"}],"wp:attachment":[{"href":"https:\/\/www.casadainjecao.com.br\/loja\/wp-json\/wp\/v2\/media?parent=38317"}],"wp:term":[{"taxonomy":"product_cat","embeddable":true,"href":"https:\/\/www.casadainjecao.com.br\/loja\/wp-json\/wp\/v2\/product_cat?post=38317"},{"taxonomy":"product_tag","embeddable":true,"href":"https:\/\/www.casadainjecao.com.br\/loja\/wp-json\/wp\/v2\/product_tag?post=38317"},{"taxonomy":"berocket_brand","embeddable":true,"href":"https:\/\/www.casadainjecao.com.br\/loja\/wp-json\/wp\/v2\/berocket_brand?post=38317"}],"curies":[{"name":"wp","href":"https:\/\/api.w.org\/{rel}","templated":true}]}}