{"id":38322,"date":"2025-01-28T17:43:48","date_gmt":"2025-01-28T20:43:48","guid":{"rendered":"https:\/\/www.casadainjecao.com.br\/loja\/?post_type=product&#038;p=38322"},"modified":"2025-08-13T14:27:37","modified_gmt":"2025-08-13T17:27:37","slug":"circuito-lanterna-soquete-volkswagen-polo-virtus-2017-2022","status":"publish","type":"product","link":"https:\/\/www.casadainjecao.com.br\/loja\/autopecas\/eletrica\/circuito\/circuito-lanterna-soquete-volkswagen-polo-virtus-2017-2022\/","title":{"rendered":"Circuito Lanterna Soquete Volkswagen Polo Virtus 2017 a 2022"},"content":{"rendered":"<h2><span class=\"TextRun SCXW205557464 BCX0\" lang=\"PT-PT\" xml:lang=\"PT-PT\" data-contrast=\"auto\"><span class=\"NormalTextRun SCXW205557464 BCX0\">Circuito Lanterna Soquete com Detalhe<\/span><\/span><\/h2>\n<p><span class=\"TextRun SCXW145553740 BCX0\" lang=\"PT-PT\" xml:lang=\"PT-PT\" data-contrast=\"auto\"><span class=\"NormalTextRun SCXW145553740 BCX0\">Volkswagen Polo 2018 a 2022<\/span><\/span><span class=\"LineBreakBlob BlobObject DragDrop SCXW145553740 BCX0\"><span class=\"SCXW145553740 BCX0\">\u00a0<\/span><br class=\"SCXW145553740 BCX0\" \/><\/span><\/p>\n<p><span class=\"NormalTextRun SpellingErrorV2Themed SCXW141171504 BCX0\"><span class=\"TextRun SCXW145553740 BCX0\" lang=\"PT-PT\" xml:lang=\"PT-PT\" data-contrast=\"auto\"><span class=\"NormalTextRun SCXW145553740 BCX0\">Volkswagen <\/span><\/span>Virtus<\/span><span class=\"NormalTextRun SCXW141171504 BCX0\">\u00a02018 a 2022<\/span><\/p>\n<h4>C\u00f3digo de Refer\u00eancia:<\/h4>\n<p><span class=\"TextRun SCXW141171504 BCX0\" lang=\"PT-PT\" xml:lang=\"PT-PT\" data-contrast=\"auto\"><span class=\"NormalTextRun SCXW141171504 BCX0\"> 6EA945257, wy1 6w, w1 6w<\/span><\/span><\/p>\n<h4><strong>Condi\u00e7\u00f5es:<\/strong><\/h4>\n<p>Novo Original \/ Marca Volkswagen<\/p>\n<h4>Garantia:<\/h4>\n<p>3 Meses<\/p>\n<h4>Especifica\u00e7\u00f5es:<\/h4>\n<p><span data-contrast=\"auto\">Lado: esquerdo (lado do motorista)<\/span> <span data-contrast=\"auto\">Cor: Cinza<\/span> P21\/5W<\/p>\n<h3>ATEN\u00c7\u00c3O: Antes de efetuar a compra verifique o c\u00f3digo da sua pe\u00e7a que est\u00e1 instalada no seu ve\u00edculo.<\/h3>\n<h4><strong>O que \u00e9 e para que serve o Circuito da Lanterna?<\/strong><\/h4>\n<p>O Circuito da Lanterna est\u00e1 ligado ao sistema el\u00e9trico que alimenta e controla a luz da lanterna. A lanternas t\u00eam v\u00e1rias fun\u00e7\u00f5es importantes no ve\u00edculo, contribuindo para a seguran\u00e7a e visibilidade. Isso \u00e9 crucial para que outros motoristas possam ver o ve\u00edculo \u00e0 noite, ajudando a evitar colis\u00f5es e melhorando a seguran\u00e7a na estrada.<\/p>\n<p>&nbsp;<\/p>\n<p>A Casa da Inje\u00e7\u00e3o oferece total garantia nos produtos comprados em nosso site.<\/p>\n<ol>\n<li>Cada item \u00e9 rigorosamente testado antes do envio<\/li>\n<li>Se os itens estiverem danificados ou parcialmente defeituosos, entre em contato conosco.<\/li>\n<\/ol>\n<p>Se houver qualquer defeito, n\u00f3s lhe enviaremos uma substitui\u00e7\u00e3o ap\u00f3s receber o pacote ou devolvemos seu dinheiro.<\/p>\n<p>Leia nossa\u00a0<span style=\"color: #ff0000;\"><a style=\"color: #ff0000;\" href=\"https:\/\/www.casadainjecao.com.br\/loja\/politica-de-devolucao\">pol\u00edtica de devolu\u00e7\u00e3o aqui<\/a><\/span><\/p>\n<p>\u2014\u2014\u2014\u2014\u2014\u2014\u2014\u2014\u2014\u2014\u2014\u2014\u2014\u2014\u2014\u2014\u2014\u2014\u2014\u2013<\/p>\n<p><strong>ATEN\u00c7\u00c3O<\/strong>: Antes de efetuar a compra verifique o c\u00f3digo da sua pe\u00e7a que est\u00e1 instalada no seu ve\u00edculo.<\/p>\n<p><strong>Tem alguma d\u00favida?<\/strong><\/p>\n<p>Entre em contato que podemos ajudar!<\/p>\n<p>Confira as informa\u00e7\u00f5es adicionais abaixo:<\/p>\n<ul>\n<li>Todos os nossos produtos s\u00e3o novos, semi-novos, originais e paralelos possuem garantia.<\/li>\n<li>Todos os produtos anunciados est\u00e3o dispon\u00edveis em estoque e s\u00e3o enviados com extrema rapidez.<\/li>\n<li>O frete pode ser simulado antes de efetuar a compra, basta clicar em \u201cver custos de envio\u201d.<\/li>\n<li>Verifique o endere\u00e7o de entrega cadastrado e atualize caso necess\u00e1rio.<\/li>\n<li>Confirme se a pe\u00e7a \u00e9 correta para o seu modelo de ve\u00edculo.<\/li>\n<li>Para pe\u00e7as automotivas, recomendamos a instala\u00e7\u00e3o por um profissional especializado.<\/li>\n<\/ul>\n<p>Caso possua outras d\u00favidas, entre em contato.<\/p>\n","protected":false},"excerpt":{"rendered":"<h2>Circuito Lanterna Soquete Volkswagen Polo Virtus 2017 a 2022<\/h2>\n","protected":false},"featured_media":38324,"template":"","meta":{"_seopress_robots_primary_cat":"none","_seopress_titles_title":"","_seopress_titles_desc":"","_seopress_robots_index":"","_seopress_analysis_target_kw":"","_kad_blocks_custom_css":"","_kad_blocks_head_custom_js":"","_kad_blocks_body_custom_js":"","_kad_blocks_footer_custom_js":"","_kadence_starter_templates_imported_post":false,"_joinchat":[]},"product_brand":[],"product_cat":[1346,17,23,308],"product_tag":[75,1354],"berocket_brand":[396],"class_list":{"0":"post-38322","1":"product","2":"type-product","3":"status-publish","4":"has-post-thumbnail","6":"product_cat-circuito","7":"product_cat-eletrica","8":"product_cat-exterior","9":"product_cat-lanterna","10":"product_tag-polo","11":"product_tag-virtus","12":"berocket_brand-volkswagen","13":"thunk-woo-product-list","14":"big-store-woo-hover-zoom","15":"open-single-product-tab-horizontal","16":"open-shadow-","17":"open-shadow-hover-","19":"first","20":"outofstock","21":"sale","22":"taxable","23":"shipping-taxable","24":"purchasable","25":"product-type-simple"},"taxonomy_info":{"product_cat":[{"value":1346,"label":"Circuito"},{"value":17,"label":"El\u00e9trica"},{"value":23,"label":"Exterior"},{"value":308,"label":"Lanterna"}],"product_tag":[{"value":75,"label":"polo"},{"value":1354,"label":"Virtus"}],"berocket_brand":[{"value":396,"label":"Volkswagen"}]},"featured_image_src_large":["https:\/\/www.casadainjecao.com.br\/loja\/wp-content\/uploads\/2025\/01\/Circuito-Lanterna-Soquete-Volkswagen-Polo-Virtus-2017-2022-2-920x920.jpg",640,640,true],"author_info":[],"comment_info":"","_links":{"self":[{"href":"https:\/\/www.casadainjecao.com.br\/loja\/wp-json\/wp\/v2\/product\/38322","targetHints":{"allow":["GET"]}}],"collection":[{"href":"https:\/\/www.casadainjecao.com.br\/loja\/wp-json\/wp\/v2\/product"}],"about":[{"href":"https:\/\/www.casadainjecao.com.br\/loja\/wp-json\/wp\/v2\/types\/product"}],"wp:featuredmedia":[{"embeddable":true,"href":"https:\/\/www.casadainjecao.com.br\/loja\/wp-json\/wp\/v2\/media\/38324"}],"wp:attachment":[{"href":"https:\/\/www.casadainjecao.com.br\/loja\/wp-json\/wp\/v2\/media?parent=38322"}],"wp:term":[{"taxonomy":"product_brand","embeddable":true,"href":"https:\/\/www.casadainjecao.com.br\/loja\/wp-json\/wp\/v2\/product_brand?post=38322"},{"taxonomy":"product_cat","embeddable":true,"href":"https:\/\/www.casadainjecao.com.br\/loja\/wp-json\/wp\/v2\/product_cat?post=38322"},{"taxonomy":"product_tag","embeddable":true,"href":"https:\/\/www.casadainjecao.com.br\/loja\/wp-json\/wp\/v2\/product_tag?post=38322"},{"taxonomy":"berocket_brand","embeddable":true,"href":"https:\/\/www.casadainjecao.com.br\/loja\/wp-json\/wp\/v2\/berocket_brand?post=38322"}],"curies":[{"name":"wp","href":"https:\/\/api.w.org\/{rel}","templated":true}]}}