{"id":38502,"date":"2025-02-07T09:52:10","date_gmt":"2025-02-07T12:52:10","guid":{"rendered":"https:\/\/www.casadainjecao.com.br\/loja\/?post_type=product&#038;p=38502"},"modified":"2025-02-07T09:53:41","modified_gmt":"2025-02-07T12:53:41","slug":"parafuso-aco-sextavado-interno-renault-clio-8201373115","status":"publish","type":"product","link":"https:\/\/www.casadainjecao.com.br\/loja\/autopecas\/interior\/banco\/parafuso-aco-sextavado-interno-renault-clio-8201373115\/","title":{"rendered":"Parafuso Aco Sextavado Interno Renault Clio &#8211; 82013731"},"content":{"rendered":"<h2>Parafuso Aco Sextavado Interno<\/h2>\n<p><span lang=\"pt-PT\">Master III 2.3 16v 2001 a 2020<\/span><\/p>\n<h4><span lang=\"pt-PT\">C\u00f3digo de Refer\u00eancia:<\/span><\/h4>\n<p><span lang=\"pt-PT\">8201373115\u00a0<\/span><\/p>\n<h4><span lang=\"pt-PT\">Condi\u00e7\u00f5es:<\/span><\/h4>\n<p><span lang=\"pt-PT\">Novo Original \/ Marca Renault\u00a0<\/span><\/p>\n<h4><span lang=\"pt-PT\">Garantia:<\/span><\/h4>\n<p><span lang=\"pt-PT\">3 Meses<\/span><\/p>\n<h3><span lang=\"pt-PT\">ATEN\u00c7\u00c3O: Antes de efetuar a compra verifique o c\u00f3digo da pe\u00e7a que est\u00e1 instalada no seu ve\u00edculo.<\/span><\/h3>\n<p>&nbsp;<\/p>\n<p><span lang=\"pt-PT\">A Casa da Inje\u00e7\u00e3o oferece total garantia nos produtos comprados em nosso site.<\/span><\/p>\n<ol>\n<li><span lang=\"pt-PT\">Cada item \u00e9 rigorosamente testado antes do envio<\/span><\/li>\n<\/ol>\n<ol start=\"2\">\n<li><span lang=\"pt-PT\">Se os itens estiverem danificados ou parcialmente defeituosos, entre em contato conosco.<\/span><\/li>\n<\/ol>\n<p><span lang=\"pt-PT\">Se houver qualquer defeito, n\u00f3s lhe enviaremos uma substitui\u00e7\u00e3o ap\u00f3s receber o pacote ou devolvemos seu dinheiro.<\/span><\/p>\n<p><span lang=\"pt-PT\">Leia nossa <a href=\"https:\/\/www.casadainjecao.com.br\/loja\/politica-de-devolucao\" target=\"_blank\" rel=\"noopener\">pol\u00edtica de devolu\u00e7\u00e3o aqui<\/a><\/span><\/p>\n<p>\u2014\u2014\u2014\u2014\u2014\u2014\u2014\u2014\u2014\u2014\u2014\u2014\u2014\u2014\u2014\u2014\u2014\u2014\u2014\u2013<\/p>\n<p><span lang=\"pt-PT\">Tem alguma d\u00favida?<\/span><\/p>\n<p><span lang=\"pt-PT\">Entre em contato que podemos ajudar!<\/span><\/p>\n<p><span lang=\"pt-PT\">Confira as informa\u00e7\u00f5es adicionais abaixo:<\/span><\/p>\n<p><span lang=\"pt-PT\">Todos os nossos produtos s\u00e3o novos, semi-novos, originais, paralelos e possuem garantia.<\/span><\/p>\n<p><span lang=\"pt-PT\">Todos os produtos anunciados est\u00e3o dispon\u00edveis em estoque e s\u00e3o enviados com extrema rapidez.<\/span><\/p>\n<p><span lang=\"pt-PT\">O frete pode ser simulado antes de efetuar a compra, basta clicar em \u201cver custos de envio\u201d.<\/span><\/p>\n<p><span lang=\"pt-PT\">Verifique o endere\u00e7o de entrega cadastrado e atualize caso necess\u00e1rio.<\/span><\/p>\n<p><span lang=\"pt-PT\">Confirme se a pe\u00e7a \u00e9 correta para o seu modelo de ve\u00edculo.<\/span><\/p>\n<p><span lang=\"pt-PT\">Para pe\u00e7as automotivas, recomendamos a instala\u00e7\u00e3o por um profissional especializado.<\/span><\/p>\n<p><span lang=\"pt-PT\">Caso possua outras d\u00favidas, entre em contato.<\/span><\/p>\n","protected":false},"excerpt":{"rendered":"<h2>Parafuso Aco Sextavado Interno Renault Clio &#8211; 8201373115<\/h2>\n","protected":false},"featured_media":38506,"template":"","meta":{"_seopress_robots_primary_cat":"none","_seopress_titles_title":"","_seopress_titles_desc":"","_seopress_robots_index":"","_joinchat":[]},"product_cat":[340,24],"product_tag":[81],"berocket_brand":[394],"_links":{"self":[{"href":"https:\/\/www.casadainjecao.com.br\/loja\/wp-json\/wp\/v2\/product\/38502"}],"collection":[{"href":"https:\/\/www.casadainjecao.com.br\/loja\/wp-json\/wp\/v2\/product"}],"about":[{"href":"https:\/\/www.casadainjecao.com.br\/loja\/wp-json\/wp\/v2\/types\/product"}],"wp:featuredmedia":[{"embeddable":true,"href":"https:\/\/www.casadainjecao.com.br\/loja\/wp-json\/wp\/v2\/media\/38506"}],"wp:attachment":[{"href":"https:\/\/www.casadainjecao.com.br\/loja\/wp-json\/wp\/v2\/media?parent=38502"}],"wp:term":[{"taxonomy":"product_cat","embeddable":true,"href":"https:\/\/www.casadainjecao.com.br\/loja\/wp-json\/wp\/v2\/product_cat?post=38502"},{"taxonomy":"product_tag","embeddable":true,"href":"https:\/\/www.casadainjecao.com.br\/loja\/wp-json\/wp\/v2\/product_tag?post=38502"},{"taxonomy":"berocket_brand","embeddable":true,"href":"https:\/\/www.casadainjecao.com.br\/loja\/wp-json\/wp\/v2\/berocket_brand?post=38502"}],"curies":[{"name":"wp","href":"https:\/\/api.w.org\/{rel}","templated":true}]}}