{"id":38610,"date":"2025-02-11T11:42:19","date_gmt":"2025-02-11T14:42:19","guid":{"rendered":"https:\/\/www.casadainjecao.com.br\/loja\/?post_type=product&#038;p=38610"},"modified":"2026-04-18T18:07:26","modified_gmt":"2026-04-18T21:07:26","slug":"flange-polia-bomba-direcao-renault-clio-7700869009","status":"publish","type":"product","link":"https:\/\/www.casadainjecao.com.br\/loja\/autopecas\/motor\/polias\/flange-polia-bomba-direcao-renault-clio-7700869009\/","title":{"rendered":"Flange Polia Bomba Dire\u00e7\u00e3o Renault Clio 7700869009"},"content":{"rendered":"<h2><strong><span style=\"color: #000000;\"><span style=\"font-family: Proxima Nova, apple-system, Roboto, Arial, sans-serif;\"><span style=\"font-size: large;\">Flange Polia Bomba Dire\u00e7\u00e3o Hidr\u00e1ulica<\/span><\/span><\/span><\/strong><\/h2>\n<p><span style=\"color: #000000;\"><span style=\"font-family: Proxima Nova, apple-system, Roboto, Arial, sans-serif;\"><span style=\"font-size: large;\">Renault Clio motor 1.0 8v\/16v<\/span><\/span><\/span><strong><span style=\"color: #000000;\"><span style=\"font-family: Proxima Nova, apple-system, Roboto, Arial, sans-serif;\"><span style=\"font-size: large;\"><br \/>\n<\/span><\/span><\/span><\/strong><\/p>\n<h4><strong><span style=\"color: #000000;\"><span style=\"font-family: Arial, sans-serif;\"><span style=\"font-size: small;\">C\u00f3digo de Refer\u00eancia<\/span><\/span><\/span><\/strong><\/h4>\n<p class=\"western\">7700869009<\/p>\n<h4><strong><span style=\"color: #000000;\"><span style=\"font-family: Proxima Nova, apple-system, Roboto, Arial, sans-serif;\"><span style=\"font-size: large;\">Especifica\u00e7\u00f5es:<\/span><\/span><\/span><\/strong><\/h4>\n<p><span style=\"color: #000000;\"><span style=\"font-family: Proxima Nova, apple-system, Roboto, Arial, sans-serif;\"><span style=\"font-size: large;\">Flange de encaixe da polia adaptador da polia bomba dire\u00e7\u00e3o<\/span><\/span><\/span><\/p>\n<h4 class=\"western\"><strong><span style=\"font-family: Arial, sans-serif;\"><span style=\"font-size: small;\">Condi\u00e7\u00f5es:<\/span><\/span><\/strong><\/h4>\n<p><span style=\"font-family: Arial, sans-serif;\"><span style=\"font-size: small;\">Produto Novo Original \/ Marca Renault<\/span><\/span><\/p>\n<h4 class=\"western\"><strong><span style=\"font-family: Arial, sans-serif;\"><span style=\"font-size: small;\">Garantia:<\/span><\/span><\/strong><\/h4>\n<p><span style=\"font-family: Arial, sans-serif;\"><span style=\"font-size: small;\">3 Meses<\/span><\/span><\/p>\n<h3 class=\"western\"><strong><span style=\"font-family: Arial, sans-serif;\"><span style=\"font-size: small;\">ATEN\u00c7\u00c3O: Antes de efetuar a compra verifique o c\u00f3digo da sua pe\u00e7a que est\u00e1 instalada no seu ve\u00edculo.<\/span><\/span><\/strong><\/h3>\n<p>&nbsp;<\/p>\n<p><span style=\"font-family: Arial, sans-serif;\"><span style=\"font-size: small;\">A Casa da Inje\u00e7\u00e3o oferece total garantia nos produtos comprados em nosso site.<\/span><\/span><\/p>\n<ol>\n<li><span style=\"font-family: Arial, sans-serif;\"><span style=\"font-size: small;\">Cada item \u00e9 rigorosamente testado antes do envio<\/span><\/span><\/li>\n<li><span style=\"font-family: Arial, sans-serif;\"><span style=\"font-size: small;\">Se os itens estiverem danificados ou parcialmente defeituosos, entre em contato conosco.<\/span><\/span><\/li>\n<li><span style=\"font-family: Arial, sans-serif;\"><span style=\"font-size: small;\">Procure um profissional devidamente licenciado para a instala\u00e7\u00e3o e fa\u00e7a revis\u00f5es periodicamente. A empresa n\u00e3o se responsabiliza por problemas oriundos da m\u00e1 instala\u00e7\u00e3o ou com a falta de cuidados peri\u00f3dicos dos componentes.<\/span><\/span><\/li>\n<\/ol>\n<p><span style=\"font-family: Arial, sans-serif;\"><span style=\"font-size: small;\">Se houver qualquer defeito, n\u00f3s lhe enviaremos uma substitui\u00e7\u00e3o ap\u00f3s receber o pacote ou devolvemos seu dinheiro.<\/span><\/span><\/p>\n<p><span style=\"font-family: Arial, sans-serif;\"><span style=\"font-size: small;\">Leia nossa\u00a0<a href=\"https:\/\/www.casadainjecao.com.br\/loja\/politica-de-devolucao\">pol\u00edtica de devolu\u00e7\u00e3o aqui<\/a><\/span><\/span><\/p>\n<p>\u2014\u2014\u2014\u2014\u2014\u2014\u2014\u2014\u2014\u2014\u2014\u2014\u2014\u2014\u2014\u2014\u2014\u2014\u2014\u2013<\/p>\n<p><strong><span style=\"font-family: Arial, sans-serif;\"><span style=\"font-size: small;\">Tem alguma d\u00favida?<\/span><\/span><\/strong><\/p>\n<p><span style=\"font-family: Arial, sans-serif;\"><span style=\"font-size: small;\">Entre em contato que podemos ajudar!<\/span><\/span><\/p>\n<p><span style=\"font-family: Arial, sans-serif;\"><span style=\"font-size: small;\">Confira as informa\u00e7\u00f5es adicionais abaixo:<\/span><\/span><\/p>\n<ul>\n<li><span style=\"font-family: Arial, sans-serif;\"><span style=\"font-size: small;\">Todos os nossos produtos s\u00e3o novos, semi-novos, originais e paralelos possuem garantia.<\/span><\/span><\/li>\n<li><span style=\"font-family: Arial, sans-serif;\"><span style=\"font-size: small;\">Todos os produtos anunciados est\u00e3o dispon\u00edveis em estoque e s\u00e3o enviados com extrema rapidez.<\/span><\/span><\/li>\n<li><span style=\"font-family: Arial, sans-serif;\"><span style=\"font-size: small;\">O frete pode ser simulado antes de efetuar a compra, basta clicar em \u201cver custos de envio\u201d.<\/span><\/span><\/li>\n<li><span style=\"font-family: Arial, sans-serif;\"><span style=\"font-size: small;\">Verifique o endere\u00e7o de entrega cadastrado e atualize caso necess\u00e1rio.<\/span><\/span><\/li>\n<li><span style=\"font-family: Arial, sans-serif;\"><span style=\"font-size: small;\">Confirme se a pe\u00e7a \u00e9 correta para o seu modelo de ve\u00edculo.<\/span><\/span><\/li>\n<li><span style=\"font-family: Arial, sans-serif;\"><span style=\"font-size: small;\">Para pe\u00e7as automotivas, recomendamos a instala\u00e7\u00e3o por um profissional especializado.<\/span><\/span><\/li>\n<li><span style=\"font-family: Arial, sans-serif;\"><span style=\"font-size: small;\">Caso possua outras d\u00favidas, entre em contato.<\/span><\/span><\/li>\n<\/ul>\n","protected":false},"excerpt":{"rendered":"<h2>Flange Polia Bomba Dire\u00e7\u00e3o Renault Clio 7700869009<\/h2>\n","protected":false},"featured_media":38613,"template":"","meta":{"_seopress_robots_primary_cat":"none","_seopress_titles_title":"","_seopress_titles_desc":"","_seopress_robots_index":"","_kad_blocks_custom_css":"","_kad_blocks_head_custom_js":"","_kad_blocks_body_custom_js":"","_kad_blocks_footer_custom_js":"","_joinchat":[]},"product_cat":[22,231],"product_tag":[49],"berocket_brand":[394],"taxonomy_info":{"product_cat":[{"value":22,"label":"Motor"},{"value":231,"label":"Polias"}],"product_tag":[{"value":49,"label":"Clio"}],"berocket_brand":[{"value":394,"label":"Renault"}]},"featured_image_src_large":["https:\/\/www.casadainjecao.com.br\/loja\/wp-content\/uploads\/2025\/02\/Flange-Polia-Bomba-Direcao-Renault-Clio-7700869009-2-920x920.jpg",640,640,true],"author_info":[],"comment_info":"","_links":{"self":[{"href":"https:\/\/www.casadainjecao.com.br\/loja\/wp-json\/wp\/v2\/product\/38610"}],"collection":[{"href":"https:\/\/www.casadainjecao.com.br\/loja\/wp-json\/wp\/v2\/product"}],"about":[{"href":"https:\/\/www.casadainjecao.com.br\/loja\/wp-json\/wp\/v2\/types\/product"}],"wp:featuredmedia":[{"embeddable":true,"href":"https:\/\/www.casadainjecao.com.br\/loja\/wp-json\/wp\/v2\/media\/38613"}],"wp:attachment":[{"href":"https:\/\/www.casadainjecao.com.br\/loja\/wp-json\/wp\/v2\/media?parent=38610"}],"wp:term":[{"taxonomy":"product_cat","embeddable":true,"href":"https:\/\/www.casadainjecao.com.br\/loja\/wp-json\/wp\/v2\/product_cat?post=38610"},{"taxonomy":"product_tag","embeddable":true,"href":"https:\/\/www.casadainjecao.com.br\/loja\/wp-json\/wp\/v2\/product_tag?post=38610"},{"taxonomy":"berocket_brand","embeddable":true,"href":"https:\/\/www.casadainjecao.com.br\/loja\/wp-json\/wp\/v2\/berocket_brand?post=38610"}],"curies":[{"name":"wp","href":"https:\/\/api.w.org\/{rel}","templated":true}]}}