{"id":38620,"date":"2025-02-11T17:23:31","date_gmt":"2025-02-11T20:23:31","guid":{"rendered":"https:\/\/www.casadainjecao.com.br\/loja\/?post_type=product&#038;p=38620"},"modified":"2026-04-03T23:33:20","modified_gmt":"2026-04-04T02:33:20","slug":"grampo-presilha-plastica-fixacao-tubo-freio-renault-sandero-7703079763","status":"publish","type":"product","link":"https:\/\/www.casadainjecao.com.br\/loja\/autopecas\/freios\/grampo-presilha-plastica-fixacao-tubo-freio-renault-sandero-7703079763\/","title":{"rendered":"Grampo Presilha Plastica Fixacao Tubo Freio Renault Sandero "},"content":{"rendered":"<h2><span lang=\"pt-PT\">Grampo <\/span><span lang=\"pt-PT\">Presilha Pl\u00e1stica <\/span><span lang=\"pt-PT\">de <\/span><span lang=\"pt-PT\">F<\/span><span lang=\"pt-PT\">ixa\u00e7\u00e3o do <\/span><span lang=\"pt-PT\">T<\/span><span lang=\"pt-PT\">ubo d<\/span><span lang=\"pt-PT\">o<\/span> <span lang=\"pt-PT\">F<\/span><span lang=\"pt-PT\">reio<\/span><\/h2>\n<p align=\"left\"><span style=\"color: #000000;\"><span style=\"font-family: Tahoma, Verdana, Arial, sans-serif;\"><span style=\"font-size: small;\">R<\/span><\/span><\/span><span style=\"color: #000000;\"><span style=\"font-family: Tahoma, Verdana, Arial, sans-serif;\"><span style=\"font-size: small;\">E<\/span><\/span><\/span><span style=\"color: #000000;\"><span style=\"font-family: Tahoma, Verdana, Arial, sans-serif;\"><span style=\"font-size: small;\">NAULT M<\/span><\/span><\/span><span style=\"color: #000000;\"><span style=\"font-family: Tahoma, Verdana, Arial, sans-serif;\"><span style=\"font-size: small;\">\u00c9<\/span><\/span><\/span><span style=\"color: #000000;\"><span style=\"font-family: Tahoma, Verdana, Arial, sans-serif;\"><span style=\"font-size: small;\">GANE II <\/span><\/span><\/span><span style=\"color: #000000;\"><span style=\"font-family: Tahoma, Verdana, Arial, sans-serif;\"><span style=\"font-size: small;\">1.6 16V 2.0 16V 2001 A 2016<\/span><\/span><\/span><\/p>\n<p align=\"left\"><span style=\"color: #000000;\"><span style=\"font-family: Tahoma, Verdana, Arial, sans-serif;\"><span style=\"font-size: small;\">RENAULT <\/span><\/span><\/span><span style=\"color: #000000;\"><span style=\"font-family: Tahoma, Verdana, Arial, sans-serif;\"><span style=\"font-size: small;\">SANDERO II 1.0 12V 16V 1.6 8V 16V 2.0 16V 2013 A 2022<\/span><\/span><\/span><\/p>\n<p align=\"left\"><span style=\"color: #000000;\"><span style=\"font-family: Tahoma, Verdana, Arial, sans-serif;\"><span style=\"font-size: small;\">RENAULT <\/span><\/span><\/span><span style=\"color: #000000;\"><span style=\"font-family: Tahoma, Verdana, Arial, sans-serif;\"><span style=\"font-size: small;\">SANDERO 1.0 16V 1.6 8V 16V 2002 A 2013<\/span><\/span><\/span><\/p>\n<p align=\"left\"><span style=\"color: #000000;\"><span style=\"font-family: Tahoma, Verdana, Arial, sans-serif;\"><span style=\"font-size: small;\">RENAULT <\/span><\/span><\/span><span style=\"color: #000000;\"><span style=\"font-family: Tahoma, Verdana, Arial, sans-serif;\"><span style=\"font-size: small;\">LOGAN 1.0 16V 1.6 8V 16V 2002 A 2013<\/span><\/span><\/span><\/p>\n<p align=\"left\"><span style=\"color: #000000;\"><span style=\"font-family: Tahoma, Verdana, Arial, sans-serif;\"><span style=\"font-size: small;\">RENAULT <\/span><\/span><\/span><span style=\"color: #000000;\"><span style=\"font-family: Tahoma, Verdana, Arial, sans-serif;\"><span style=\"font-size: small;\">LOGAN II 1.0 16V 1.6 8V 16V 20<\/span><\/span><\/span><span style=\"color: #000000;\"><span style=\"font-family: Tahoma, Verdana, Arial, sans-serif;\"><span style=\"font-size: small;\">13<\/span><\/span><\/span><span style=\"color: #000000;\"><span style=\"font-family: Tahoma, Verdana, Arial, sans-serif;\"><span style=\"font-size: small;\"> A 20<\/span><\/span><\/span><span style=\"color: #000000;\"><span style=\"font-family: Tahoma, Verdana, Arial, sans-serif;\"><span style=\"font-size: small;\">22<\/span><\/span><\/span><\/p>\n<p align=\"left\"><span style=\"color: #000000;\"><span style=\"font-family: Tahoma, Verdana, Arial, sans-serif;\"><span style=\"font-size: small;\">RENAULT TWINGO <\/span><\/span><\/span><span style=\"color: #000000;\"><span style=\"font-family: Tahoma, Verdana, Arial, sans-serif;\"><span style=\"font-size: small;\">1.0 8V 16V 1.1 8V 1.2 8V 1993 A 2017<\/span><\/span><\/span><\/p>\n<p align=\"left\"><span style=\"color: #000000;\"><span style=\"font-family: Tahoma, Verdana, Arial, sans-serif;\"><span style=\"font-size: small;\">RENAULT <\/span><\/span><\/span><span style=\"color: #000000;\"><span style=\"font-family: Tahoma, Verdana, Arial, sans-serif;\"><span style=\"font-size: small;\">DUSTER 1.6 16V 2.0 16V 2001 A 2018<\/span><\/span><\/span><\/p>\n<p align=\"left\"><span style=\"color: #000000;\"><span style=\"font-family: Tahoma, Verdana, Arial, sans-serif;\"><span style=\"font-size: small;\">RENAULT GRAND SC\u00c9NIC <\/span><\/span><\/span><span style=\"color: #000000;\"><span style=\"font-family: Tahoma, Verdana, Arial, sans-serif;\"><span style=\"font-size: small;\">2.0 16V 2002 A 2018<\/span><\/span><\/span><\/p>\n<p align=\"left\"><span style=\"color: #000000;\"><span style=\"font-family: Tahoma, Verdana, Arial, sans-serif;\"><span style=\"font-size: small;\">RENAULT CAPTUR 1.6 16V 2.0 16V 2001 A 20<\/span><\/span><\/span><span style=\"color: #000000;\"><span style=\"font-family: Tahoma, Verdana, Arial, sans-serif;\"><span style=\"font-size: small;\">20<\/span><\/span><\/span><\/p>\n<p align=\"left\"><span style=\"color: #000000;\"><span style=\"font-family: Tahoma, Verdana, Arial, sans-serif;\"><span style=\"font-size: small;\">RENAULT KWID<\/span><\/span><\/span><span style=\"color: #000000;\"><span style=\"font-family: Tahoma, Verdana, Arial, sans-serif;\"><span style=\"font-size: small;\">1.0 2001 A 2020<\/span><\/span><\/span><\/p>\n<h4>C\u00f3digo de Refer\u00eancia:<\/h4>\n<p>7703079763<\/p>\n<p><strong>Condi\u00e7\u00f5es:<\/strong><\/p>\n<p>Novo Original \/ Marca Renault<\/p>\n<p><strong>Garantia:<\/strong><\/p>\n<p>3 Meses<\/p>\n<p><strong> ATEN\u00c7\u00c3O: Antes de efetuar a compra verifique o c\u00f3digo da sua pe\u00e7a que est\u00e1 instalada no seu ve\u00edculo.<\/strong><\/p>\n<h3><strong>APLICA\u00c7\u00c3O:<\/strong><\/h3>\n<p>Linha Renault<\/p>\n<p><strong>O que \u00e9 e para que serve Grampo Presilha Clip de Fixa\u00e7\u00e3o?<\/strong><\/p>\n<p>Ele \u00e9 utilizado para fixa\u00e7\u00e3o de soleiras forra\u00e7oes de portas tapetes etc.<\/p>\n<div class=\"woocommerce-product-gallery woocommerce-product-gallery--with-images woocommerce-product-gallery--columns-4 images\" data-columns=\"4\"><\/div>\n<div class=\"thunk-single-product-summary-wrap\">\n<div class=\"summary entry-summary\">\n<div class=\"woocommerce-tabs wc-tabs-wrapper\">\n<div id=\"tab-description\" class=\"woocommerce-Tabs-panel woocommerce-Tabs-panel--description panel entry-content wc-tab\" role=\"tabpanel\" aria-labelledby=\"tab-title-description\">\n<p>A Casa da Inje\u00e7\u00e3o oferece total garantia nos produtos comprados em nosso site.<\/p>\n<ol>\n<li>Cada item \u00e9 rigorosamente testado antes do envio<\/li>\n<li>Se os itens estiverem danificados ou parcialmente defeituosos, entre em contato conosco.<\/li>\n<\/ol>\n<p>Se houver qualquer defeito, n\u00f3s lhe enviaremos uma substitui\u00e7\u00e3o ap\u00f3s receber o pacote ou devolvemos seu dinheiro.<\/p>\n<p>Leia nossa<span style=\"color: #ff0000;\">\u00a0<a style=\"color: #ff0000;\" href=\"https:\/\/www.casadainjecao.com.br\/loja\/politica-de-devolucao\">pol\u00edtica de devolu\u00e7\u00e3o aqui<\/a><\/span><\/p>\n<p>\u2014\u2014\u2014\u2014\u2014\u2014\u2014\u2014\u2014\u2014\u2014\u2014\u2014\u2014\u2014\u2014\u2014\u2014\u2014\u2013<\/p>\n<p><strong>Tem alguma d\u00favida?<\/strong><\/p>\n<p>Entre em contato que podemos ajudar!<\/p>\n<p>Confira as informa\u00e7\u00f5es adicionais abaixo:<\/p>\n<ul>\n<li>Todos os nossos produtos s\u00e3o novos, semi-novos, originais e paralelos possuem garantia.<\/li>\n<li>Todos os produtos anunciados est\u00e3o dispon\u00edveis em estoque e s\u00e3o enviados com extrema rapidez.<\/li>\n<li>O frete pode ser simulado antes de efetuar a compra, basta clicar em \u201cver custos de envio\u201d.<\/li>\n<li>Verifique o endere\u00e7o de entrega cadastrado e atualize caso necess\u00e1rio.<\/li>\n<li>Confirme se a pe\u00e7a \u00e9 correta para o seu modelo de ve\u00edculo.<\/li>\n<li>Para pe\u00e7as automotivas, recomendamos a instala\u00e7\u00e3o por um profissional especializado.<\/li>\n<\/ul>\n<p>Caso possua outras d\u00favidas, entre em contato.<\/p>\n<\/div>\n<\/div>\n<\/div>\n<\/div>\n","protected":false},"excerpt":{"rendered":"<h2>Grampo Presilha Plastica Fixa\u00e7\u00e3o Tubo Freio Renault Sandero &#8211; 7703079763<\/h2>\n","protected":false},"featured_media":38621,"template":"","meta":{"_seopress_robots_primary_cat":"none","_seopress_titles_title":"","_seopress_titles_desc":"","_seopress_robots_index":"","_kad_blocks_custom_css":"","_kad_blocks_head_custom_js":"","_kad_blocks_body_custom_js":"","_kad_blocks_footer_custom_js":"","_joinchat":[]},"product_cat":[20],"product_tag":[173,1788,66,50,91,53],"berocket_brand":[394],"taxonomy_info":{"product_cat":[{"value":20,"label":"Freios"}],"product_tag":[{"value":173,"label":"Captur"},{"value":1788,"label":"Grand Scenic"},{"value":66,"label":"Logan"},{"value":50,"label":"Megane"},{"value":91,"label":"Sandero"},{"value":53,"label":"Twingo"}],"berocket_brand":[{"value":394,"label":"Renault"}]},"featured_image_src_large":["https:\/\/www.casadainjecao.com.br\/loja\/wp-content\/uploads\/2025\/02\/Grampo-Presilha-Plastica-Fixacao-Tubo-Freio-Renault-Sandero-7703079763-4-920x920.jpg",640,640,true],"author_info":[],"comment_info":"","_links":{"self":[{"href":"https:\/\/www.casadainjecao.com.br\/loja\/wp-json\/wp\/v2\/product\/38620"}],"collection":[{"href":"https:\/\/www.casadainjecao.com.br\/loja\/wp-json\/wp\/v2\/product"}],"about":[{"href":"https:\/\/www.casadainjecao.com.br\/loja\/wp-json\/wp\/v2\/types\/product"}],"wp:featuredmedia":[{"embeddable":true,"href":"https:\/\/www.casadainjecao.com.br\/loja\/wp-json\/wp\/v2\/media\/38621"}],"wp:attachment":[{"href":"https:\/\/www.casadainjecao.com.br\/loja\/wp-json\/wp\/v2\/media?parent=38620"}],"wp:term":[{"taxonomy":"product_cat","embeddable":true,"href":"https:\/\/www.casadainjecao.com.br\/loja\/wp-json\/wp\/v2\/product_cat?post=38620"},{"taxonomy":"product_tag","embeddable":true,"href":"https:\/\/www.casadainjecao.com.br\/loja\/wp-json\/wp\/v2\/product_tag?post=38620"},{"taxonomy":"berocket_brand","embeddable":true,"href":"https:\/\/www.casadainjecao.com.br\/loja\/wp-json\/wp\/v2\/berocket_brand?post=38620"}],"curies":[{"name":"wp","href":"https:\/\/api.w.org\/{rel}","templated":true}]}}