{"id":38750,"date":"2025-02-19T13:53:42","date_gmt":"2025-02-19T16:53:42","guid":{"rendered":"https:\/\/www.casadainjecao.com.br\/loja\/?post_type=product&#038;p=38750"},"modified":"2026-04-16T18:43:34","modified_gmt":"2026-04-16T21:43:34","slug":"parafuso-fixacao-motor-combustao-interna-renault-megane-7703002692","status":"publish","type":"product","link":"https:\/\/www.casadainjecao.com.br\/loja\/autopecas\/suspencao\/agregado\/parafuso-fixacao-motor-combustao-interna-renault-megane-7703002692\/","title":{"rendered":"Parafuso Fixa\u00e7\u00e3o Motor Suspen\u00e7\u00e3o Renault Megane &#8211; "},"content":{"rendered":"<h2>Parafuso Fixa\u00e7\u00e3o Motor Suspen\u00e7\u00e3o 10&#215;150-30 Original<\/h2>\n<p>Renault M\u00e9gane II 1.6 16v 2.0 16v 2001 a 2016<\/p>\n<p>Renault Clio 1.0 8v 16v 1.6 8v 16v 1998 a 2018<\/p>\n<p>Renault Sandero 1.0 16v 1.6 8v 16v 2002 a 2013<\/p>\n<p>Renault Laguna 2.0 16v 3.0 24v 2000 a 2016<\/p>\n<p>Renault Kangoo Express 1.0 8v 16v 1.6 8v 16v 1997 a 2018<\/p>\n<p>Renault Twingo 1.0 8v 16v 1.1 8v 1.2 8v 1993 a 2017<\/p>\n<p>Renault Master 2.3 16v 2001 a 2020<\/p>\n<p>Renault Master 2.5 16v 2.8 8v 1997 a 2018<\/p>\n<p>Renault Sc\u00e9nic 1.6 16v 2.0 8v 16v 1996 a 2017<\/p>\n<p>Renault Grand Sc\u00e9nic 2.0 16v 2002 a 2018<\/p>\n<p>Renault Kangoo 1.0 8v 16v 1.6 8v 16v 1997 a 2018<\/p>\n<p>Renault M\u00e9gane I Sedan 1.6 16v 2.0 8v 16v 1996 a 2017<\/p>\n<p>Renault M\u00e9gane I 1.6 8v 16v 2.0 8v 1995 a 2016<\/p>\n<h4>C\u00f3digo de Refer\u00eancia:<\/h4>\n<p>7703002692<\/p>\n<h4>Condi\u00e7\u00f5es:<\/h4>\n<p>Novo Original \/ Marca Renault<\/p>\n<h4 class=\"western\">Garantia:<\/h4>\n<p>3 Meses<\/p>\n<h3 class=\"western\">ATEN\u00c7\u00c3O: Antes de efetuar a compra verifique o c\u00f3digo da pe\u00e7a que est\u00e1 instalada no seu ve\u00edculo.<\/h3>\n<p>&nbsp;<\/p>\n<p>A Casa da Inje\u00e7\u00e3o oferece total garantia nos produtos comprados em nosso site.<\/p>\n<ol>\n<li>Cada item \u00e9 rigorosamente testado antes do envio<\/li>\n<li>Se os itens estiverem danificados ou parcialmente defeituosos, entre em contato conosco.<\/li>\n<\/ol>\n<p>Se houver qualquer defeito, n\u00f3s lhe enviaremos uma substitui\u00e7\u00e3o ap\u00f3s receber o pacote ou devolvemos seu dinheiro.<\/p>\n<p>Leia nossa\u00a0<a href=\"https:\/\/www.casadainjecao.com.br\/loja\/politica-de-devolucao\"><span style=\"color: #ff0000;\">pol\u00edtica de devolu\u00e7\u00e3o aqui<\/span><\/a><\/p>\n<p>\u2014\u2014\u2014\u2014\u2014\u2014\u2014\u2014\u2014\u2014\u2014\u2014\u2014\u2014\u2014\u2014\u2014\u2014\u2014\u2014-<\/p>\n<h4 class=\"western\">Tem alguma d\u00favida?<\/h4>\n<p>Entre em contato que podemos ajudar!<\/p>\n<p>Confira as informa\u00e7\u00f5es adicionais abaixo:<\/p>\n<ul>\n<li>Todos os nossos produtos s\u00e3o novos, semi-novos, originais, paralelos e possuem garantia.<\/li>\n<li>Todos os produtos anunciados est\u00e3o dispon\u00edveis em estoque e s\u00e3o enviados com extrema rapidez.<\/li>\n<li>O frete pode ser simulado antes de efetuar a compra, basta clicar em \u201cver custos de envio\u201d.<\/li>\n<li>Verifique o endere\u00e7o de entrega cadastrado e atualize caso necess\u00e1rio.<\/li>\n<li>Confirme se a pe\u00e7a \u00e9 correta para o seu modelo de ve\u00edculo.<\/li>\n<li>Para pe\u00e7as automotivas, recomendamos a instala\u00e7\u00e3o por um profissional especializado.<\/li>\n<\/ul>\n","protected":false},"excerpt":{"rendered":"<h2>Parafuso Fixa\u00e7\u00e3o Motor Combust\u00e3o Interna Renault Megane 7703002692<\/h2>\n","protected":false},"featured_media":38755,"template":"","meta":{"_seopress_robots_primary_cat":"none","_seopress_titles_title":"","_seopress_titles_desc":"","_seopress_robots_index":"","_joinchat":[]},"product_cat":[1145,22,1374,1146,1104],"product_tag":[49,57,81,50,91,51],"berocket_brand":[394],"_links":{"self":[{"href":"https:\/\/www.casadainjecao.com.br\/loja\/wp-json\/wp\/v2\/product\/38750"}],"collection":[{"href":"https:\/\/www.casadainjecao.com.br\/loja\/wp-json\/wp\/v2\/product"}],"about":[{"href":"https:\/\/www.casadainjecao.com.br\/loja\/wp-json\/wp\/v2\/types\/product"}],"wp:featuredmedia":[{"embeddable":true,"href":"https:\/\/www.casadainjecao.com.br\/loja\/wp-json\/wp\/v2\/media\/38755"}],"wp:attachment":[{"href":"https:\/\/www.casadainjecao.com.br\/loja\/wp-json\/wp\/v2\/media?parent=38750"}],"wp:term":[{"taxonomy":"product_cat","embeddable":true,"href":"https:\/\/www.casadainjecao.com.br\/loja\/wp-json\/wp\/v2\/product_cat?post=38750"},{"taxonomy":"product_tag","embeddable":true,"href":"https:\/\/www.casadainjecao.com.br\/loja\/wp-json\/wp\/v2\/product_tag?post=38750"},{"taxonomy":"berocket_brand","embeddable":true,"href":"https:\/\/www.casadainjecao.com.br\/loja\/wp-json\/wp\/v2\/berocket_brand?post=38750"}],"curies":[{"name":"wp","href":"https:\/\/api.w.org\/{rel}","templated":true}]}}