{"id":38797,"date":"2025-02-21T09:52:46","date_gmt":"2025-02-21T12:52:46","guid":{"rendered":"https:\/\/www.casadainjecao.com.br\/loja\/?post_type=product&#038;p=38797"},"modified":"2025-02-21T09:52:47","modified_gmt":"2025-02-21T12:52:47","slug":"kit-10-grampos-fixacao-parachoque-renault-laguna-7703077135","status":"publish","type":"product","link":"https:\/\/www.casadainjecao.com.br\/loja\/autopecas\/carroceria\/parachoque\/kit-10-grampos-fixacao-parachoque-renault-laguna-7703077135\/","title":{"rendered":"Kit 10 Grampos Fixacao Parachoque Renault Laguna 7703077135"},"content":{"rendered":"<h2>Kit 10 Grampos Fixacao Parachoque<\/h2>\n<p><strong>Renault<\/strong><\/p>\n<p>Laguna 2.0 8v 16v 3.0 13v 1993 a 2011<\/p>\n<p>Mater 2.5 16v 2.8 8v 1997 a 2018<\/p>\n<p>R21 2.2 8v 1986 a 1993<\/p>\n<p>Laguna Nevada 2.0 16v 1993 a 2011<\/p>\n<h4><span style=\"font-family: Arial, sans-serif;\"><span style=\"font-size: medium;\">C\u00f3digo de Refer\u00eancia: <\/span><\/span><\/h4>\n<p><span style=\"font-family: Arial, sans-serif;\"><span style=\"font-size: medium;\"><span style=\"color: #000000;\">7703077135<\/span><\/span><\/span><\/p>\n<h4><span style=\"font-family: Arial, sans-serif;\"><span style=\"font-size: medium;\">Condi\u00e7\u00f5es:<\/span><\/span><\/h4>\n<p><span style=\"font-family: Arial, sans-serif;\"><span style=\"font-size: medium;\">Novo \/ Marca Renault<\/span><\/span><\/p>\n<h4 class=\"western\"><span style=\"font-family: Arial, sans-serif;\"><span style=\"font-size: medium;\">Garantia:<\/span><\/span><\/h4>\n<p><span style=\"font-family: Arial, sans-serif;\"><span style=\"font-size: medium;\">3 Meses<\/span><\/span><\/p>\n<h3 class=\"western\"><span style=\"font-family: Arial, sans-serif;\"><span style=\"font-size: medium;\">ATEN\u00c7\u00c3O: Antes de efetuar a compra verifique o c\u00f3digo da pe\u00e7a que est\u00e1 instalada no seu ve\u00edculo.<\/span><\/span><\/h3>\n<p>&nbsp;<\/p>\n<p>A Casa da Inje\u00e7\u00e3o oferece total garantia nos produtos comprados em nosso site.<\/p>\n<ol>\n<li>Cada item \u00e9 rigorosamente testado antes do envio<\/li>\n<li>Se os itens estiverem danificados ou parcialmente defeituosos, entre em contato conosco.<\/li>\n<\/ol>\n<p>Se houver qualquer defeito, n\u00f3s lhe enviaremos uma substitui\u00e7\u00e3o ap\u00f3s receber o pacote ou devolvemos seu dinheiro.<\/p>\n<p>Leia nossa\u00a0<a href=\"https:\/\/www.casadainjecao.com.br\/loja\/politica-de-devolucao\"><span style=\"color: #ff0000;\">pol\u00edtica de devolu\u00e7\u00e3o aqui<\/span><\/a><\/p>\n<p>\u2014\u2014\u2014\u2014\u2014\u2014\u2014\u2014\u2014\u2014\u2014\u2014\u2014\u2014\u2014\u2014\u2014\u2014\u2014\u2014-<\/p>\n<h4 class=\"western\">Tem alguma d\u00favida?<\/h4>\n<p>Entre em contato que podemos ajudar!<\/p>\n<p>Confira as informa\u00e7\u00f5es adicionais abaixo:<\/p>\n<ul>\n<li>Todos os nossos produtos s\u00e3o novos, semi-novos, originais, paralelos e possuem garantia.<\/li>\n<li>Todos os produtos anunciados est\u00e3o dispon\u00edveis em estoque e s\u00e3o enviados com extrema rapidez.<\/li>\n<li>O frete pode ser simulado antes de efetuar a compra, basta clicar em \u201cver custos de envio\u201d.<\/li>\n<li>Verifique o endere\u00e7o de entrega cadastrado e atualize caso necess\u00e1rio.<\/li>\n<li>Confirme se a pe\u00e7a \u00e9 correta para o seu modelo de ve\u00edculo.<\/li>\n<li>Para pe\u00e7as automotivas, recomendamos a instala\u00e7\u00e3o por um profissional especializado.<\/li>\n<\/ul>\n","protected":false},"excerpt":{"rendered":"<h2>Kit 10 Grampos Fixacao Parachoque Renault Laguna 7703077135<\/h2>\n","protected":false},"featured_media":38802,"template":"","meta":{"_seopress_robots_primary_cat":"","_seopress_titles_title":"","_seopress_titles_desc":"","_seopress_robots_index":"","_joinchat":[]},"product_cat":[83,95],"product_tag":[128,81,1158],"berocket_brand":[394],"_links":{"self":[{"href":"https:\/\/www.casadainjecao.com.br\/loja\/wp-json\/wp\/v2\/product\/38797"}],"collection":[{"href":"https:\/\/www.casadainjecao.com.br\/loja\/wp-json\/wp\/v2\/product"}],"about":[{"href":"https:\/\/www.casadainjecao.com.br\/loja\/wp-json\/wp\/v2\/types\/product"}],"wp:featuredmedia":[{"embeddable":true,"href":"https:\/\/www.casadainjecao.com.br\/loja\/wp-json\/wp\/v2\/media\/38802"}],"wp:attachment":[{"href":"https:\/\/www.casadainjecao.com.br\/loja\/wp-json\/wp\/v2\/media?parent=38797"}],"wp:term":[{"taxonomy":"product_cat","embeddable":true,"href":"https:\/\/www.casadainjecao.com.br\/loja\/wp-json\/wp\/v2\/product_cat?post=38797"},{"taxonomy":"product_tag","embeddable":true,"href":"https:\/\/www.casadainjecao.com.br\/loja\/wp-json\/wp\/v2\/product_tag?post=38797"},{"taxonomy":"berocket_brand","embeddable":true,"href":"https:\/\/www.casadainjecao.com.br\/loja\/wp-json\/wp\/v2\/berocket_brand?post=38797"}],"curies":[{"name":"wp","href":"https:\/\/api.w.org\/{rel}","templated":true}]}}