{"id":38860,"date":"2025-02-22T09:09:03","date_gmt":"2025-02-22T12:09:03","guid":{"rendered":"https:\/\/www.casadainjecao.com.br\/loja\/?post_type=product&#038;p=38860"},"modified":"2025-03-27T15:16:05","modified_gmt":"2025-03-27T18:16:05","slug":"sensor-velocidade-toyota-rav4-89413-33010","status":"publish","type":"product","link":"https:\/\/www.casadainjecao.com.br\/loja\/autopecas\/injecao-eletronica\/sensor-de-velocidade\/sensor-velocidade-toyota-rav4-89413-33010\/","title":{"rendered":"Sensor Velocidade Toyota Rav4 &#8211; 89413-33010"},"content":{"rendered":"<h2>Sensor Velocidade 2 Pinos<\/h2>\n<p>LEXUS ES300 3.0L 1994-2003<\/p>\n<p>LEXUS ES330 3.3L 2004-2006<\/p>\n<p>LEXUS RX300 3.0L 1999-2003<\/p>\n<p>LEXUSRX330 3.3L 2004-2006<\/p>\n<p>LEXUS RX350 3.5L 2007-2009<\/p>\n<p>LEXUS SC300 3.0L 1992-1997<\/p>\n<p>TOYOTA4Runner 4.0L 2003-2004<\/p>\n<p>TOYOTA Avalon 3.0L 1995-2004<\/p>\n<p>TOYOTA Avalon 3.5L 2005-2007<\/p>\n<p>TOYOTA Camry 2.2L 1994-2001<\/p>\n<p>TOYOTA Camry 2.4L 2002-2009<\/p>\n<p>TOYOTA Camry 3.0L 1994-2006<\/p>\n<p>TOYOTA Camry 3.3L 2004-2006<\/p>\n<p>TOYOTA Celica 1.8L 2000-2005<\/p>\n<p>TOYOTA FJ Cruiser 4.0L 2007-2008<\/p>\n<p>TOYOTA Highlander 2.4L 2001-2007<\/p>\n<p>TOYOTA Highlander 3.0L 2001-2003<\/p>\n<p>TOYOTA Highlander 3.3L2004-2007<\/p>\n<p>OYOTA Highlander 3.5L 2008-2009T<\/p>\n<p>TOYOTA Matrix 1.8L 2003-2004<\/p>\n<p>TOYOTA Matrix 2.4L 2009<\/p>\n<p>TOYOTA RAV4 2.4L 2006-2008<\/p>\n<p>TOYOTARAV4 2.5L 2009<\/p>\n<p>TOYOTA RAV4 3.5L 2006-2009<\/p>\n<p>TOYOTA Sienna 3.0L 2001-2003<\/p>\n<p>Sienna 3.3L 2004-2006TOYOTA<\/p>\n<p>TOYOTASienna 3.5L 2007-2009<\/p>\n<p>TOYOTA Solara 2.4L 2002-2008<\/p>\n<p>TOYOTA Solara 3.0L 1999-2003<\/p>\n<p>TOYOTA Solara 3.3L 2004-2008<\/p>\n<p>TOYOTA Supra 3.0L 1993-1997<\/p>\n<p>SCION tC 2.4L 2005-2007<\/p>\n<p>SCIONxB 2.4L. 2008-2009<\/p>\n<h4>C\u00f3digo de Refer\u00eancia:<\/h4>\n<p>89413-33010,89413-08020, 8941308010, 8941333010, 8941324010, 5S4771,SU11047<\/p>\n<p>Modelos compat\u00edveis: 94-03 Es300, 04-06 Es330, 99-03 Rx300, 04-06 Rx330, 07-09 Rx350, 92-97 Sc300, 05-10 Scion Tc, 08-15 Scion Xb, 96-06 4Runner, 00-09 Avalon, 00-09 Camry, 09-10 Corolla, 01-13 Highlander, 10 Matrix 04-12 Rav4, 06-08 Solara, 95-97 Tacoma<\/p>\n<h4><strong>Condi\u00e7\u00f5es:<\/strong><\/h4>\n<p>Produto Semi-Novo \/ Marca Torken<\/p>\n<h4><strong>Garantia:<\/strong><\/h4>\n<p>3 Meses<\/p>\n<h3><strong>ATEN\u00c7\u00c3O: Antes de efetuar a compra verifique o c\u00f3digo da sua pe\u00e7a que est\u00e1 instalada no seu ve\u00edculo.<\/strong><\/h3>\n<p>&nbsp;<\/p>\n<p>A Casa da Inje\u00e7\u00e3o oferece total garantia nos produtos comprados em nosso site.<\/p>\n<p>Cada item \u00e9 rigorosamente testado antes do envio<\/p>\n<p>Se os itens estiverem danificados ou parcialmente defeituosos, entre em contato conosco.<\/p>\n<p>Procure um profissional devidamente licenciado para a instala\u00e7\u00e3o e fa\u00e7a revis\u00f5es periodicamente. A empresa n\u00e3o se responsabiliza por problemas oriundos da m\u00e1 instala\u00e7\u00e3o ou com a falta de cuidados peri\u00f3dicos dos componentes.<\/p>\n<p>Se houver qualquer defeito, n\u00f3s lhe enviaremos uma substitui\u00e7\u00e3o ap\u00f3s receber o pacote ou devolvemos seu dinheiro.<\/p>\n<p>Leia nossa\u00a0<a href=\"https:\/\/www.casadainjecao.com.br\/loja\/politica-de-devolucao\">pol\u00edtica de devolu\u00e7\u00e3o aqui<\/a><\/p>\n<p>\u2014\u2014\u2014\u2014\u2014\u2014\u2014\u2014\u2014\u2014\u2014\u2014\u2014\u2014\u2014\u2014\u2014\u2014\u2014\u2013<\/p>\n<p>Tem alguma d\u00favida?<\/p>\n<p>Entre em contato que podemos ajudar!<\/p>\n<p>Confira as informa\u00e7\u00f5es adicionais abaixo:<\/p>\n<p>Todos os nossos produtos s\u00e3o novos, semi-novos, originais e paralelos possuem garantia.<\/p>\n<p>Todos os produtos anunciados est\u00e3o dispon\u00edveis em estoque e s\u00e3o enviados com extrema rapidez.<\/p>\n<p>O frete pode ser simulado antes de efetuar a compra, basta clicar em \u201cver custos de envio\u201d.<\/p>\n<p>Verifique o endere\u00e7o de entrega cadastrado e atualize caso necess\u00e1rio.<\/p>\n<p>Confirme se a pe\u00e7a \u00e9 correta para o seu modelo de ve\u00edculo.<\/p>\n<p>Para pe\u00e7as automotivas, recomendamos a instala\u00e7\u00e3o por um profissional especializado.<\/p>\n<p>Caso possua outras d\u00favidas, entre em contato.<\/p>\n","protected":false},"excerpt":{"rendered":"<h2>Sensor Velocidade Toyota Rav4 &#8211; 89413-33010<\/h2>\n","protected":false},"featured_media":38864,"template":"","meta":{"_seopress_robots_primary_cat":"none","_seopress_titles_title":"","_seopress_titles_desc":"","_seopress_robots_index":"","_seopress_analysis_target_kw":"","_kad_blocks_custom_css":"","_kad_blocks_head_custom_js":"","_kad_blocks_body_custom_js":"","_kad_blocks_footer_custom_js":"","_kadence_starter_templates_imported_post":false,"_joinchat":[]},"product_brand":[],"product_cat":[21,1472],"product_tag":[2299,2296,2297,2298],"berocket_brand":[395],"class_list":{"0":"post-38860","1":"product","2":"type-product","3":"status-publish","4":"has-post-thumbnail","6":"product_cat-injecao-eletronica","7":"product_cat-sensor-de-velocidade","8":"product_tag-highlander","9":"product_tag-lexus","10":"product_tag-rav4","11":"product_tag-solara","12":"berocket_brand-toyota","13":"thunk-woo-product-list","14":"big-store-woo-hover-zoom","15":"open-single-product-tab-horizontal","16":"open-shadow-","17":"open-shadow-hover-","19":"first","20":"outofstock","21":"sale","22":"taxable","23":"shipping-taxable","24":"purchasable","25":"product-type-simple"},"taxonomy_info":{"product_cat":[{"value":21,"label":"Inje\u00e7\u00e3o Eletr\u00f4nica"},{"value":1472,"label":"Sensor de Velocidade"}],"product_tag":[{"value":2299,"label":"Highlander"},{"value":2296,"label":"Lexus"},{"value":2297,"label":"RAv4"},{"value":2298,"label":"Solara"}],"berocket_brand":[{"value":395,"label":"Toyota"}]},"featured_image_src_large":["https:\/\/www.casadainjecao.com.br\/loja\/wp-content\/uploads\/2025\/02\/Sensor-Velocidade-Toyota-Rav4-Highlander-89413-33010-920x920.jpg",640,640,true],"author_info":[],"comment_info":"","_links":{"self":[{"href":"https:\/\/www.casadainjecao.com.br\/loja\/wp-json\/wp\/v2\/product\/38860","targetHints":{"allow":["GET"]}}],"collection":[{"href":"https:\/\/www.casadainjecao.com.br\/loja\/wp-json\/wp\/v2\/product"}],"about":[{"href":"https:\/\/www.casadainjecao.com.br\/loja\/wp-json\/wp\/v2\/types\/product"}],"wp:featuredmedia":[{"embeddable":true,"href":"https:\/\/www.casadainjecao.com.br\/loja\/wp-json\/wp\/v2\/media\/38864"}],"wp:attachment":[{"href":"https:\/\/www.casadainjecao.com.br\/loja\/wp-json\/wp\/v2\/media?parent=38860"}],"wp:term":[{"taxonomy":"product_brand","embeddable":true,"href":"https:\/\/www.casadainjecao.com.br\/loja\/wp-json\/wp\/v2\/product_brand?post=38860"},{"taxonomy":"product_cat","embeddable":true,"href":"https:\/\/www.casadainjecao.com.br\/loja\/wp-json\/wp\/v2\/product_cat?post=38860"},{"taxonomy":"product_tag","embeddable":true,"href":"https:\/\/www.casadainjecao.com.br\/loja\/wp-json\/wp\/v2\/product_tag?post=38860"},{"taxonomy":"berocket_brand","embeddable":true,"href":"https:\/\/www.casadainjecao.com.br\/loja\/wp-json\/wp\/v2\/berocket_brand?post=38860"}],"curies":[{"name":"wp","href":"https:\/\/api.w.org\/{rel}","templated":true}]}}