{"id":38915,"date":"2025-02-25T15:06:30","date_gmt":"2025-02-25T18:06:30","guid":{"rendered":"https:\/\/www.casadainjecao.com.br\/loja\/?post_type=product&#038;p=38915"},"modified":"2025-02-25T16:16:01","modified_gmt":"2025-02-25T19:16:01","slug":"regulador-pressao-corsa-celta-prisma-f000dro216","status":"publish","type":"product","link":"https:\/\/www.casadainjecao.com.br\/loja\/autopecas\/injecao-eletronica\/regulador-de-pressao\/regulador-pressao-corsa-celta-prisma-f000dro216\/","title":{"rendered":"Regulador Press\u00e3o Corsa Celta Prisma &#8211; F000dro216"},"content":{"rendered":"<h2>Regulador de Press\u00e3o 3.8 bar<\/h2>\n<p><span style=\"color: #000000;\"><span style=\"font-family: Arial, sans-serif;\"><span style=\"font-size: small;\">Fiat Stilo 2.4 5Cil 20v Gasolina <\/span><\/span><\/span><span style=\"color: #000000;\"><span style=\"font-family: Arial, sans-serif;\"><span style=\"font-size: small;\">20<\/span><\/span><\/span><span style=\"color: #000000;\"><span style=\"font-family: Arial, sans-serif;\"><span style=\"font-size: small;\">02 <\/span><\/span><\/span><span style=\"color: #000000;\"><span style=\"font-family: Arial, sans-serif;\"><span style=\"font-size: small;\">em diante<\/span><\/span><\/span><span style=\"color: #000000;\"><span style=\"font-family: Arial, sans-serif;\"><span style=\"font-size: small;\"> MPI<\/span><\/span><\/span><\/p>\n<p><span style=\"font-family: Arial, sans-serif;\"><span style=\"font-size: small;\"><span style=\"color: #000000;\">F<\/span><span style=\"color: #000000;\">iat Stilo 1.8 4Cil 8v Gasolina <\/span><span style=\"color: #000000;\">20<\/span><span style=\"color: #000000;\">02 <\/span><span style=\"color: #000000;\">em diante<\/span><span style=\"color: #000000;\"> MPI<br \/>\n<\/span><\/span><\/span><\/p>\n<p><span style=\"font-family: Arial, sans-serif;\"><span style=\"font-size: small;\"><span style=\"color: #000000;\">Fiat Stilo 1.8 4Cil 8v Flex <\/span><span style=\"color: #000000;\">20<\/span><span style=\"color: #000000;\">05 <\/span><span style=\"color: #000000;\">a<\/span> <span style=\"color: #000000;\">20<\/span><span style=\"color: #000000;\">10 MPI<br \/>\n<\/span><\/span><\/span><\/p>\n<p><span style=\"font-family: Arial, sans-serif;\"><span style=\"font-size: small;\"><span style=\"color: #000000;\">Fiat Stilo 1.8 4Cil 16v Gasolina <\/span><span style=\"color: #000000;\">20<\/span><span style=\"color: #000000;\">02 <\/span><span style=\"color: #000000;\">em diante<\/span><span style=\"color: #000000;\"> MPI<br \/>\n<\/span><\/span><\/span><\/p>\n<p><span style=\"font-family: Arial, sans-serif;\"><span style=\"font-size: small;\"><span style=\"color: #000000;\">Ford Ecosport 2.0 4Cil 16v Flex <\/span><span style=\"color: #000000;\">20<\/span><span style=\"color: #000000;\">04 <\/span><span style=\"color: #000000;\">a<\/span> <span style=\"color: #000000;\">20<\/span><span style=\"color: #000000;\">12 Duratec<br \/>\n<\/span><\/span><\/span><\/p>\n<p><span style=\"font-family: Arial, sans-serif;\"><span style=\"font-size: small;\"><span style=\"color: #000000;\">Ford Ecosport 1.6 4Cil 8v Flex <\/span><span style=\"color: #000000;\">200<\/span><span style=\"color: #000000;\">5 <\/span><span style=\"color: #000000;\">a<\/span> <span style=\"color: #000000;\">20<\/span><span style=\"color: #000000;\">07<br \/>\n<\/span><\/span><\/span><\/p>\n<p><span style=\"font-family: Arial, sans-serif;\"><span style=\"font-size: small;\"><span style=\"color: #000000;\">Ford Focus 2.0 4Cil 16v Flex <\/span><span style=\"color: #000000;\">20<\/span><span style=\"color: #000000;\">05 <\/span><span style=\"color: #000000;\">a<\/span> <span style=\"color: #000000;\">20<\/span><span style=\"color: #000000;\">08 Duratec<br \/>\n<\/span><\/span><\/span><\/p>\n<p><span style=\"font-family: Arial, sans-serif;\"><span style=\"font-size: small;\"><span style=\"color: #000000;\">GM Celta 1.0 4Cil 8v Flex <\/span><span style=\"color: #000000;\">20<\/span><span style=\"color: #000000;\">05 <\/span><span style=\"color: #000000;\">a<\/span> <span style=\"color: #000000;\">20<\/span><span style=\"color: #000000;\">15<br \/>\n<\/span><\/span><\/span><\/p>\n<p><span style=\"font-family: Arial, sans-serif;\"><span style=\"font-size: small;\"><span style=\"color: #000000;\">GM Onix 1.4 4Cil 8v Flex <\/span><span style=\"color: #000000;\">20<\/span><span style=\"color: #000000;\">13 <\/span><span style=\"color: #000000;\">a<\/span> <span style=\"color: #000000;\">20<\/span><span style=\"color: #000000;\">15<br \/>\n<\/span><\/span><\/span><\/p>\n<p><span style=\"font-family: Arial, sans-serif;\"><span style=\"font-size: small;\"><span style=\"color: #000000;\">GM Astra 2.0 4Cil 8v Flex <\/span><span style=\"color: #000000;\">20<\/span><span style=\"color: #000000;\">04 <\/span><span style=\"color: #000000;\">a 20<\/span><span style=\"color: #000000;\">09<br \/>\n<\/span><\/span><\/span><\/p>\n<p><span style=\"font-family: Arial, sans-serif;\"><span style=\"font-size: small;\"><span style=\"color: #000000;\">GM Astra 2.0 4Cil 8v Tri-Combust\u00edvel (GNV, Gasolina, Etanol) <\/span><span style=\"color: #000000;\">20<\/span><span style=\"color: #000000;\">04 <\/span><span style=\"color: #000000;\">a<\/span> <span style=\"color: #000000;\">20<\/span><span style=\"color: #000000;\">06<br \/>\n<\/span><\/span><\/span><\/p>\n<p><span style=\"font-family: Arial, sans-serif;\"><span style=\"font-size: small;\"><span style=\"color: #000000;\">GM Zafira 2.0 4Cil 8v Flex <\/span><span style=\"color: #000000;\">20<\/span><span style=\"color: #000000;\">04 <\/span><span style=\"color: #000000;\">a<\/span> <span style=\"color: #000000;\">20<\/span><span style=\"color: #000000;\">12<br \/>\n<\/span><\/span><\/span><\/p>\n<p><span style=\"font-family: Arial, sans-serif;\"><span style=\"font-size: small;\"><span style=\"color: #000000;\">GM Vectra 2.4 4Cil 16v Flex 05 <\/span><span style=\"color: #000000;\">a<\/span><span style=\"color: #000000;\"> 09<br \/>\n<\/span><\/span><\/span><\/p>\n<p><span style=\"font-family: Arial, sans-serif;\"><span style=\"font-size: small;\"><span style=\"color: #000000;\">GM Vectra 2.0 4Cil 8v Flex 05 <\/span><span style=\"color: #000000;\">a<\/span><span style=\"color: #000000;\"> 11<br \/>\n<\/span><\/span><\/span><\/p>\n<p><span style=\"font-family: Arial, sans-serif;\"><span style=\"font-size: small;\"><span style=\"color: #000000;\">GM Vectra 2.0 4Cil 16v Flex 05 <\/span><span style=\"color: #000000;\">a<\/span><span style=\"color: #000000;\"> 06<br \/>\n<\/span><\/span><\/span><\/p>\n<p><span style=\"font-family: Arial, sans-serif;\"><span style=\"font-size: small;\"><span style=\"color: #000000;\">GM Spin 1.8 4Cil 8v Flex 12 <\/span><span style=\"color: #000000;\">a<\/span><span style=\"color: #000000;\"> 14<br \/>\n<\/span><\/span><\/span><\/p>\n<p><span style=\"font-family: Arial, sans-serif;\"><span style=\"font-size: small;\"><span style=\"color: #000000;\">GM Sonic 1.6 4Cil 16v Flex 12 <\/span><span style=\"color: #000000;\">a<\/span><span style=\"color: #000000;\"> 14<br \/>\n<\/span><\/span><\/span><\/p>\n<p><span style=\"font-family: Arial, sans-serif;\"><span style=\"font-size: small;\"><span style=\"color: #000000;\">GM S10 2.4 4Cil 8v Flex 07 <\/span><span style=\"color: #000000;\">a<\/span><span style=\"color: #000000;\"> 12<br \/>\n<\/span><\/span><\/span><\/p>\n<p><span style=\"font-family: Arial, sans-serif;\"><span style=\"font-size: small;\"><span style=\"color: #000000;\">GM Prisma 1.4 4Cil 8v Flex 06 <\/span><span style=\"color: #000000;\">a<\/span><span style=\"color: #000000;\"> 15<br \/>\n<\/span><\/span><\/span><\/p>\n<p><span style=\"font-family: Arial, sans-serif;\"><span style=\"font-size: small;\"><span style=\"color: #000000;\">GM Prisma 1.0 4Cil 8v Flex 09 <\/span><span style=\"color: #000000;\">a<\/span><span style=\"color: #000000;\"> 11<br \/>\n<\/span><\/span><\/span><\/p>\n<p><span style=\"font-family: Arial, sans-serif;\"><span style=\"font-size: small;\"><span style=\"color: #000000;\">GM Onix 1.0 4Cil 8v Flex 12 <\/span><span style=\"color: #000000;\">a<\/span><span style=\"color: #000000;\"> 14<br \/>\n<\/span><\/span><\/span><\/p>\n<p><span style=\"font-family: Arial, sans-serif;\"><span style=\"font-size: small;\"><span style=\"color: #000000;\">GM Cobalt 1.4 4Cil 8v Flex 12 <\/span><span style=\"color: #000000;\">a<\/span><span style=\"color: #000000;\"> 15<br \/>\n<\/span><\/span><\/span><\/p>\n<p><span style=\"font-family: Arial, sans-serif;\"><span style=\"font-size: small;\"><span style=\"color: #000000;\">GM Montana 1.8 4Cil 8v Flex 03 <\/span><span style=\"color: #000000;\">a<\/span><span style=\"color: #000000;\"> 07<br \/>\n<\/span><\/span><\/span><\/p>\n<p><span style=\"font-family: Arial, sans-serif;\"><span style=\"font-size: small;\"><span style=\"color: #000000;\">GM Montana 1.4 4Cil 8v Flex 07 <\/span><span style=\"color: #000000;\">a<\/span><span style=\"color: #000000;\"> 10<br \/>\n<\/span><\/span><\/span><\/p>\n<p><span style=\"font-family: Arial, sans-serif;\"><span style=\"font-size: small;\"><span style=\"color: #000000;\">GM Meriva 1.8 4Cil 8v Flex 03 <\/span><span style=\"color: #000000;\">a<\/span><span style=\"color: #000000;\"> 12<br \/>\n<\/span><\/span><\/span><\/p>\n<p><span style=\"font-family: Arial, sans-serif;\"><span style=\"font-size: small;\"><span style=\"color: #000000;\">GM Meriva 1.8 4Cil 16v Gasolina 02 <\/span><span style=\"color: #000000;\">a<\/span><span style=\"color: #000000;\"> 03<br \/>\n<\/span><\/span><\/span><\/p>\n<p><span style=\"font-family: Arial, sans-serif;\"><span style=\"font-size: small;\"><span style=\"color: #000000;\">GM Meriva 1.4 4Cil 8v Flex 08 <\/span><span style=\"color: #000000;\">a<\/span><span style=\"color: #000000;\"> 12<br \/>\n<\/span><\/span><\/span><\/p>\n<p><span style=\"font-family: Arial, sans-serif;\"><span style=\"font-size: small;\"><span style=\"color: #000000;\">GM Cruze 1.8 4Cil 16v Flex 12 <\/span><span style=\"color: #000000;\">a<\/span><span style=\"color: #000000;\"> 14<br \/>\n<\/span><\/span><\/span><\/p>\n<p><span style=\"font-family: Arial, sans-serif;\"><span style=\"font-size: small;\"><span style=\"color: #000000;\">GM Corsa 1.8 4Cil 8v Gasolina 02 <\/span><span style=\"color: #000000;\">a<\/span><span style=\"color: #000000;\"> 12<br \/>\n<\/span><\/span><\/span><\/p>\n<p><span style=\"font-family: Arial, sans-serif;\"><span style=\"font-size: small;\"><span style=\"color: #000000;\">GM Corsa 1.8 4Cil 8v Flex 03 <\/span><span style=\"color: #000000;\">a<\/span><span style=\"color: #000000;\"> 09<br \/>\n<\/span><\/span><\/span><\/p>\n<p><span style=\"font-family: Arial, sans-serif;\"><span style=\"font-size: small;\"><span style=\"color: #000000;\">GM Corsa 1.4 4Cil 8v Flex 07 <\/span><span style=\"color: #000000;\">a<\/span><span style=\"color: #000000;\"> 12<br \/>\n<\/span><\/span><\/span><\/p>\n<p><span style=\"font-family: Arial, sans-serif;\"><span style=\"font-size: small;\"><span style=\"color: #000000;\">GM Corsa 1.0 4Cil 8v Gasolina 02 <\/span><span style=\"color: #000000;\">a<\/span><span style=\"color: #000000;\"> 05<\/span><\/span><\/span><\/p>\n<p><span style=\"font-family: Arial, sans-serif;\"><span style=\"font-size: small;\"><span style=\"color: #000000;\">GM Corsa 1.0 4Cil 8v Flex 05 <\/span><span style=\"color: #000000;\">a<\/span><span style=\"color: #000000;\"> 09<br \/>\n<\/span><\/span><\/span><\/p>\n<p><span style=\"font-family: Arial, sans-serif;\"><span style=\"font-size: small;\"><span style=\"color: #000000;\">GM Cobalt 1.8 4Cil 8v Flex 12 <\/span><span style=\"color: #000000;\">a<\/span><span style=\"color: #000000;\"> 15<br \/>\n<\/span><\/span><\/span><\/p>\n<p><span style=\"font-family: Arial, sans-serif;\"><span style=\"font-size: small;\"><span style=\"color: #000000;\">GM Meriva 1.8 4Cil 8v Gasolina 02 <\/span><span style=\"color: #000000;\">a<\/span><span style=\"color: #000000;\"> 12<br \/>\n<\/span><\/span><\/span><\/p>\n<p><span style=\"font-family: Arial, sans-serif;\"><span style=\"font-size: small;\"><span style=\"color: #000000;\">Mercedes-Benz B200 2.0 4Cil 16v Gasolina 08 <\/span><span style=\"color: #000000;\">a<\/span><span style=\"color: #000000;\"> Turbo<br \/>\n<\/span><\/span><\/span><\/p>\n<h4><span style=\"font-family: Arial, sans-serif;\"><span style=\"font-size: small;\"><span style=\"color: #000000;\">C\u00f3digo de Refer\u00eancia<\/span><span style=\"color: #000000;\">: <\/span><\/span><\/span><\/h4>\n<p><span style=\"color: #000000;\"><span style=\"font-family: Arial, sans-serif;\"><span style=\"font-size: small;\">f<\/span><\/span><\/span><span style=\"color: #000000;\"><span style=\"font-family: Arial, sans-serif;\"><span style=\"font-size: small;\">000dro216, F000DRO216<\/span><\/span><\/span><\/p>\n<p><strong>Condi\u00e7\u00f5es:<\/strong><\/p>\n<p>Novo Original \/ Marca Torken<\/p>\n<h4><strong>Garantia:<\/strong><\/h4>\n<p>3 Meses<\/p>\n<h3>ATEN\u00c7\u00c3O: Antes de efetuar a compra verifique o c\u00f3digo da sua pe\u00e7a que est\u00e1 instalada no seu ve\u00edculo.<\/h3>\n<h4>O que \u00e9 e para que serve o Regulador de Press\u00e3o?<\/h4>\n<p>O Regulador de Press\u00e3o controla a press\u00e3o do combust\u00edvel no sistema de inje\u00e7\u00e3o ele mant\u00e9m a press\u00e3o do combust\u00edvel em um n\u00edvel constante, garantindo uma entrega precisa e consistente de combust\u00edvel para os injetores do motor, garantindo que a press\u00e3o do combust\u00edvel seja mantida dentro dos limites necess\u00e1rios para uma opera\u00e7\u00e3o eficiente e segura do motor.<\/p>\n<p>&nbsp;<\/p>\n<p>A Casa da Inje\u00e7\u00e3o oferece total garantia nos produtos comprados em nosso site.<\/p>\n<ol>\n<li>Cada item \u00e9 rigorosamente testado antes do envio<\/li>\n<li>Se os itens estiverem danificados ou parcialmente defeituosos, entre em contato conosco.<\/li>\n<\/ol>\n<p>Se houver qualquer defeito, n\u00f3s lhe enviaremos uma substitui\u00e7\u00e3o ap\u00f3s receber o pacote ou devolvemos seu dinheiro.<\/p>\n<p>Leia nossa<span style=\"color: #ff0000;\">\u00a0<a style=\"color: #ff0000;\" href=\"https:\/\/www.casadainjecao.com.br\/loja\/politica-de-devolucao\">pol\u00edtica de devolu\u00e7\u00e3o aqui<\/a><\/span><\/p>\n<p>\u2014\u2014\u2014\u2014\u2014\u2014\u2014\u2014\u2014\u2014\u2014\u2014\u2014\u2014\u2014\u2014\u2014\u2014\u2014\u2013<\/p>\n<p><strong>Tem alguma d\u00favida?<\/strong><\/p>\n<p>Entre em contato que podemos ajudar!<\/p>\n<p>Confira as informa\u00e7\u00f5es adicionais abaixo:<\/p>\n<ul>\n<li>Todos os nossos produtos s\u00e3o novos, semi-novos, originais e paralelos possuem garantia.<\/li>\n<li>Todos os produtos anunciados est\u00e3o dispon\u00edveis em estoque e s\u00e3o enviados com extrema rapidez.<\/li>\n<li>O frete pode ser simulado antes de efetuar a compra, basta clicar em \u201cver custos de envio\u201d.<\/li>\n<li>Verifique o endere\u00e7o de entrega cadastrado e atualize caso necess\u00e1rio.<\/li>\n<li>Confirme se a pe\u00e7a \u00e9 correta para o seu modelo de ve\u00edculo.<\/li>\n<li>Para pe\u00e7as automotivas, recomendamos a instala\u00e7\u00e3o por um profissional especializado.<\/li>\n<\/ul>\n<p>Caso possua outras d\u00favidas, entre em contato.<\/p>\n","protected":false},"excerpt":{"rendered":"<h2>Regulador Press\u00e3o Corsa Celta Prisma &#8211; F000dro216<\/h2>\n<h2><\/h2>\n<p>&nbsp;<\/p>\n","protected":false},"featured_media":38918,"template":"","meta":{"_seopress_robots_primary_cat":"none","_seopress_titles_title":"","_seopress_titles_desc":"","_seopress_robots_index":"","_joinchat":[]},"product_cat":[21,267],"product_tag":[274,2300,1263,110,1613],"berocket_brand":[381,383,384,390],"_links":{"self":[{"href":"https:\/\/www.casadainjecao.com.br\/loja\/wp-json\/wp\/v2\/product\/38915"}],"collection":[{"href":"https:\/\/www.casadainjecao.com.br\/loja\/wp-json\/wp\/v2\/product"}],"about":[{"href":"https:\/\/www.casadainjecao.com.br\/loja\/wp-json\/wp\/v2\/types\/product"}],"wp:featuredmedia":[{"embeddable":true,"href":"https:\/\/www.casadainjecao.com.br\/loja\/wp-json\/wp\/v2\/media\/38918"}],"wp:attachment":[{"href":"https:\/\/www.casadainjecao.com.br\/loja\/wp-json\/wp\/v2\/media?parent=38915"}],"wp:term":[{"taxonomy":"product_cat","embeddable":true,"href":"https:\/\/www.casadainjecao.com.br\/loja\/wp-json\/wp\/v2\/product_cat?post=38915"},{"taxonomy":"product_tag","embeddable":true,"href":"https:\/\/www.casadainjecao.com.br\/loja\/wp-json\/wp\/v2\/product_tag?post=38915"},{"taxonomy":"berocket_brand","embeddable":true,"href":"https:\/\/www.casadainjecao.com.br\/loja\/wp-json\/wp\/v2\/berocket_brand?post=38915"}],"curies":[{"name":"wp","href":"https:\/\/api.w.org\/{rel}","templated":true}]}}