{"id":38920,"date":"2025-02-25T17:02:20","date_gmt":"2025-02-25T20:02:20","guid":{"rendered":"https:\/\/www.casadainjecao.com.br\/loja\/?post_type=product&#038;p=38920"},"modified":"2025-02-25T17:02:20","modified_gmt":"2025-02-25T20:02:20","slug":"mangueira-trocador-calor-fiat-toro-55269958","status":"publish","type":"product","link":"https:\/\/www.casadainjecao.com.br\/loja\/autopecas\/motor\/mangueiras-motor\/mangueira-trocador-calor-fiat-toro-55269958\/","title":{"rendered":"Mangueira Trocador Calor Fiat Toro 55269958"},"content":{"rendered":"<h2 class=\"western\">Mangueira Trocador Calor Original<\/h2>\n<p><span style=\"color: #000000;\"><span style=\"font-family: Proxima Nova, apple-system, Roboto, Arial, sans-serif;\"><span style=\"font-size: small;\">FIAT TORO de 2016 a 2025<\/span><\/span><\/span><\/p>\n<p><span style=\"font-size: small;\"><span style=\"color: #000000;\"><span style=\"font-family: Proxima Nova, apple-system, Roboto, Arial, sans-serif;\">JEEP RENEGADE de 2015 a 2021<\/span><\/span><\/span><\/p>\n<p class=\"western\"><span style=\"font-size: small;\"><span style=\"color: #000000;\"><span style=\"font-family: Proxima Nova, apple-system, Roboto, Arial, sans-serif;\">JEEP COMMANDER de 2022 a 2025<\/span><\/span><\/span><\/p>\n<p class=\"western\"><span style=\"font-size: small;\"><span style=\"color: #000000;\"><span style=\"font-family: Proxima Nova, apple-system, Roboto, Arial, sans-serif;\">JEEP COMPASS de 2017 a 2025<\/span><\/span><\/span><\/p>\n<p class=\"western\"><span style=\"font-size: small;\"><span style=\"color: #000000;\"><span style=\"font-family: Proxima Nova, apple-system, Roboto, Arial, sans-serif;\">RAM RAM 1000 de 2019 a 2024<\/span><\/span><span style=\"color: #000000;\"><span style=\"font-family: Arial, sans-serif;\"><br \/>\n<\/span><\/span><\/span><\/p>\n<p class=\"western\"><span style=\"font-size: small;\"><span style=\"color: #000000;\"><span style=\"font-family: Proxima Nova, apple-system, Roboto, Arial, sans-serif;\">RAM RAMPAGE de 2023 a 2025<\/span><\/span> <\/span><\/p>\n<h4 class=\"western\"><span style=\"font-family: Arial, sans-serif;\"><span style=\"font-size: small;\"><span style=\"color: #000000;\">C\u00f3digo de Refer\u00eancia<\/span><span style=\"color: #000000;\">: <\/span><\/span><\/span><\/h4>\n<p class=\"western\"><span style=\"color: #000000;\"><span style=\"font-family: Arial, sans-serif;\"><span style=\"font-size: small;\">55269958\u00a0<\/span><\/span><\/span><\/p>\n<h4><span style=\"font-family: Arial, sans-serif;\"><span style=\"font-size: small;\">Condi\u00e7\u00f5es:<\/span><\/span><\/h4>\n<p><span style=\"font-family: Arial, sans-serif;\"><span style=\"font-size: small;\">Novo \/ Marca Mopar<\/span><\/span><\/p>\n<h4 class=\"western\"><span style=\"font-family: Arial, sans-serif;\"><span style=\"font-size: small;\">Garantia:<\/span><\/span><\/h4>\n<p><span style=\"font-family: Arial, sans-serif;\"><span style=\"font-size: small;\">3 Meses<\/span><\/span><\/p>\n<h3 class=\"western\"><span style=\"font-family: Arial, sans-serif;\"><span style=\"font-size: small;\">ATEN\u00c7\u00c3O: Antes de efetuar a compra verifique o c\u00f3digo da pe\u00e7a que est\u00e1 instalada no seu ve\u00edculo.<\/span><\/span><\/h3>\n<p>&nbsp;<\/p>\n<p><span style=\"font-size: small;\">A Casa da Inje\u00e7\u00e3o oferece total garantia nos produtos comprados em nosso site.<\/span><\/p>\n<ol>\n<li><span style=\"font-size: small;\">Cada item \u00e9 rigorosamente testado antes do envio<\/span><\/li>\n<li><span style=\"font-size: small;\">Se os itens estiverem danificados ou parcialmente defeituosos, entre em contato conosco.<\/span><\/li>\n<\/ol>\n<p><span style=\"font-size: small;\">Se houver qualquer defeito, n\u00f3s lhe enviaremos uma substitui\u00e7\u00e3o ap\u00f3s receber o pacote ou devolvemos seu dinheiro.<\/span><\/p>\n<p><span style=\"font-size: small;\">Leia nossa\u00a0<\/span><a href=\"https:\/\/www.casadainjecao.com.br\/loja\/politica-de-devolucao\"><span style=\"color: #ff0000;\"><span style=\"font-size: small;\">pol\u00edtica de devolu\u00e7\u00e3o aqui<\/span><\/span><\/a><\/p>\n<p>\u2014\u2014\u2014\u2014\u2014\u2014\u2014\u2014\u2014\u2014\u2014\u2014\u2014\u2014\u2014\u2014\u2014\u2014\u2014\u2014<span style=\"font-size: small;\">&#8211;<\/span><\/p>\n<h4 class=\"western\"><span style=\"font-size: small;\">Tem alguma d\u00favida?<\/span><\/h4>\n<p><span style=\"font-size: small;\">Entre em contato que podemos ajudar!<\/span><\/p>\n<p><span style=\"font-size: small;\">Confira as informa\u00e7\u00f5es adicionais abaixo:<\/span><\/p>\n<ul>\n<li><span style=\"font-size: small;\">Todos os nossos produtos s\u00e3o novos, semi-novos, originais, paralelos e possuem garantia.<\/span><\/li>\n<li><span style=\"font-size: small;\">Todos os produtos anunciados est\u00e3o dispon\u00edveis em estoque e s\u00e3o enviados com extrema rapidez.<\/span><\/li>\n<li><span style=\"font-size: small;\">O frete pode ser simulado antes de efetuar a compra, basta clicar em \u201cver custos de envio\u201d.<\/span><\/li>\n<li><span style=\"font-size: small;\">Verifique o endere\u00e7o de entrega cadastrado e atualize caso necess\u00e1rio.<\/span><\/li>\n<li><span style=\"font-size: small;\">Confirme se a pe\u00e7a \u00e9 correta para o seu modelo de ve\u00edculo.<\/span><\/li>\n<li><span style=\"font-size: small;\">Para pe\u00e7as automotivas, recomendamos a instala\u00e7\u00e3o por um profissional especializado.<\/span><\/li>\n<\/ul>\n","protected":false},"excerpt":{"rendered":"<h2 class=\"western\">Mangueira Trocador Calor Fiat Toro 55269958<\/h2>\n","protected":false},"featured_media":38924,"template":"","meta":{"_seopress_robots_primary_cat":"","_seopress_titles_title":"","_seopress_titles_desc":"","_seopress_robots_index":"","_joinchat":[]},"product_cat":[223,22],"product_tag":[2068,1383,1384,1041],"berocket_brand":[383,387],"_links":{"self":[{"href":"https:\/\/www.casadainjecao.com.br\/loja\/wp-json\/wp\/v2\/product\/38920"}],"collection":[{"href":"https:\/\/www.casadainjecao.com.br\/loja\/wp-json\/wp\/v2\/product"}],"about":[{"href":"https:\/\/www.casadainjecao.com.br\/loja\/wp-json\/wp\/v2\/types\/product"}],"wp:featuredmedia":[{"embeddable":true,"href":"https:\/\/www.casadainjecao.com.br\/loja\/wp-json\/wp\/v2\/media\/38924"}],"wp:attachment":[{"href":"https:\/\/www.casadainjecao.com.br\/loja\/wp-json\/wp\/v2\/media?parent=38920"}],"wp:term":[{"taxonomy":"product_cat","embeddable":true,"href":"https:\/\/www.casadainjecao.com.br\/loja\/wp-json\/wp\/v2\/product_cat?post=38920"},{"taxonomy":"product_tag","embeddable":true,"href":"https:\/\/www.casadainjecao.com.br\/loja\/wp-json\/wp\/v2\/product_tag?post=38920"},{"taxonomy":"berocket_brand","embeddable":true,"href":"https:\/\/www.casadainjecao.com.br\/loja\/wp-json\/wp\/v2\/berocket_brand?post=38920"}],"curies":[{"name":"wp","href":"https:\/\/api.w.org\/{rel}","templated":true}]}}