{"id":38971,"date":"2025-02-27T10:47:24","date_gmt":"2025-02-27T13:47:24","guid":{"rendered":"https:\/\/www.casadainjecao.com.br\/loja\/?post_type=product&#038;p=38971"},"modified":"2025-06-12T15:53:48","modified_gmt":"2025-06-12T18:53:48","slug":"bico-injetor-valvula-dosadora-arla-32-volvo-vw-0280158714","status":"publish","type":"product","link":"https:\/\/www.casadainjecao.com.br\/loja\/autopecas\/injecao-eletronica\/bico-injetor\/bico-injetor-valvula-dosadora-arla-32-volvo-vw-0280158714\/","title":{"rendered":"Bico Injetor Valvula Dosadora Arla 32 Volvo VW &#8211; 02801"},"content":{"rendered":"<h1>Bico Injetor Valvula Dosadora Arla 32<\/h1>\n<h4>Serve para Volkswagen modelos: Volvo<\/h4>\n<p>O Bico Injetor da V\u00e1lvula Dosadora Arla 32 est\u00e1 vinculado ao sistema do <a href=\"https:\/\/www.casadainjecao.com.br\/loja\/?s=0280158701&amp;product_cat=0&amp;post_type=product\">motor.<\/a><\/p>\n<h2><strong>APLICA\u00c7\u00c3O:<\/strong><\/h2>\n<p>O Bico Injetor da V\u00e1lvula Dosadora Arla 32 \u00e9 compat\u00edvel com os seguintes modelos:<\/p>\n<ul>\n<li><strong>VOLKSWAGEN<\/strong><\/li>\n<li>Volkswagen Volvo FH12<\/li>\n<li>Volkswagen Volvo\u00a0FH13<\/li>\n<li>Volkswagen Volvo\u00a0FH14<\/li>\n<li>Volkswagen Volvo\u00a0FH16<\/li>\n<li>Volkswagen Volvo\u00a0FMX<\/li>\n<\/ul>\n<h3>O que \u00e9 e para que serve o Arla 32?<\/h3>\n<p>Arla \u00e9 a sigla para Agente Redutor L\u00edquido Automotivo, uma subst\u00e2ncia composta por \u00e1gua e ureia utilizada em ve\u00edculos que t\u00eam a tecnologia do Sistema Redutor Catal\u00edtico (SCR). Nos ve\u00edculos a \u00f3leo diesel, como caminh\u00f5es e \u00f4nibus o SCR serve para limitar as emiss\u00f5es de gases t\u00f3xicos, conforme a fase P7 do Programa de Controle de Polui\u00e7\u00e3o do Ar por Ve\u00edculos Automotores (PROCONVE), que \u00e9 usada para reduzir a emiss\u00e3o de poluentes transformando os t\u00f3xicos \u00f3xidos de nitrog\u00eanio em materiais n\u00e3o-nocivos, como nitrog\u00eanio e \u00e1gua.<\/p>\n<h3>Codigo: 0280158701, 0280158714, 0444043016, 6025101045004, 2871880<\/h3>\n<h4>Condi\u00e7\u00f5es:<\/h4>\n<p>Novo\u00a0 \/ Marca Torken<\/p>\n<h4>Garantia:<\/h4>\n<p>3 Meses<\/p>\n<p>A Casa da Inje\u00e7\u00e3o oferece total garantia nos produtos comprados em nosso site.<\/p>\n<ol>\n<li>Cada item \u00e9 rigorosamente testado antes do envio<\/li>\n<li>Se os itens estiverem danificados ou parcialmente defeituosos, entre em contato conosco.<\/li>\n<\/ol>\n<p>Se houver qualquer defeito, n\u00f3s lhe enviaremos uma substitui\u00e7\u00e3o ap\u00f3s receber o pacote ou devolvemos seu dinheiro.<\/p>\n<p>Leia nossa <a href=\"https:\/\/www.casadainjecao.com.br\/loja\/politica-de-devolucao\">pol\u00edtica de devolu\u00e7\u00e3o aqui<\/a><\/p>\n<p>&#8212;&#8212;&#8212;&#8212;&#8212;&#8212;&#8212;&#8212;&#8212;&#8212;&#8212;&#8212;&#8212;&#8212;&#8212;&#8212;&#8212;&#8212;&#8212;&#8211;<\/p>\n<p><strong>ATEN\u00c7\u00c3O<\/strong>: Antes de efetuar a compra verifique o c\u00f3digo do Bico Injetor da V\u00e1lvula Dosadora Arla 32 que est\u00e1 instalado no seu ve\u00edculo.<\/p>\n<p>O Bico Injetor da V\u00e1lvula Dosadora Arla 32\u00a0 \u00e9 compat\u00edvel com as marcas Volkswagen Volvo FH12 FH13 FH14 FH16 FMX<\/p>\n<p>&#8212;&#8212;&#8212;&#8212;&#8212;&#8212;&#8212;&#8212;&#8212;&#8212;&#8212;&#8212;&#8212;&#8212;&#8212;&#8212;&#8212;&#8212;&#8212;&#8212;-<\/p>\n<h4>Tem alguma d\u00favida?<\/h4>\n<p>Entre em contato que podemos ajudar!<\/p>\n<p>Confira as informa\u00e7\u00f5es adicionais abaixo:<\/p>\n<ul>\n<li>Todos os nossos produtos s\u00e3o novos, semi-novos, originais, paralelos e possuem garantia.<\/li>\n<li>Todos os produtos anunciados est\u00e3o dispon\u00edveis em estoque e s\u00e3o enviados com extrema rapidez.<\/li>\n<li>O frete pode ser simulado antes de efetuar a compra, basta clicar em \u201cver custos de envio\u201d.<\/li>\n<li>Verifique o endere\u00e7o de entrega cadastrado e atualize caso necess\u00e1rio.<\/li>\n<li>Confirme se a pe\u00e7a \u00e9 correta para o seu modelo de ve\u00edculo.<\/li>\n<li>Para pe\u00e7as automotivas, recomendamos a instala\u00e7\u00e3o por um profissional especializado.<\/li>\n<\/ul>\n<p>Caso possua outras d\u00favidas, entre em contato.<\/p>\n<p>&nbsp;<\/p>\n<p>&nbsp;<\/p>\n","protected":false},"excerpt":{"rendered":"<h2>Bico Injetor Valvula Dosadora Arla 32\u00a0Volvo Volkswagen Delivery &#8211; 0280158714<\/h2>\n","protected":false},"featured_media":26572,"template":"","meta":{"_seopress_robots_primary_cat":"none","_seopress_titles_title":"","_seopress_titles_desc":"","_seopress_robots_index":"","_joinchat":[]},"product_cat":[256,21],"product_tag":[1893,1442],"berocket_brand":[396,397],"_links":{"self":[{"href":"https:\/\/www.casadainjecao.com.br\/loja\/wp-json\/wp\/v2\/product\/38971"}],"collection":[{"href":"https:\/\/www.casadainjecao.com.br\/loja\/wp-json\/wp\/v2\/product"}],"about":[{"href":"https:\/\/www.casadainjecao.com.br\/loja\/wp-json\/wp\/v2\/types\/product"}],"wp:featuredmedia":[{"embeddable":true,"href":"https:\/\/www.casadainjecao.com.br\/loja\/wp-json\/wp\/v2\/media\/26572"}],"wp:attachment":[{"href":"https:\/\/www.casadainjecao.com.br\/loja\/wp-json\/wp\/v2\/media?parent=38971"}],"wp:term":[{"taxonomy":"product_cat","embeddable":true,"href":"https:\/\/www.casadainjecao.com.br\/loja\/wp-json\/wp\/v2\/product_cat?post=38971"},{"taxonomy":"product_tag","embeddable":true,"href":"https:\/\/www.casadainjecao.com.br\/loja\/wp-json\/wp\/v2\/product_tag?post=38971"},{"taxonomy":"berocket_brand","embeddable":true,"href":"https:\/\/www.casadainjecao.com.br\/loja\/wp-json\/wp\/v2\/berocket_brand?post=38971"}],"curies":[{"name":"wp","href":"https:\/\/api.w.org\/{rel}","templated":true}]}}