{"id":39144,"date":"2025-03-10T17:29:55","date_gmt":"2025-03-10T20:29:55","guid":{"rendered":"https:\/\/www.casadainjecao.com.br\/loja\/?post_type=product&#038;p=39144"},"modified":"2025-03-12T14:03:08","modified_gmt":"2025-03-12T17:03:08","slug":"sensor-medidor-fluxo-ar-maf-fiat-toro-51831050","status":"publish","type":"product","link":"https:\/\/www.casadainjecao.com.br\/loja\/autopecas\/injecao-eletronica\/fluxo-de-ar\/sensor-medidor-fluxo-ar-maf-fiat-toro-51831050\/","title":{"rendered":"Sensor Medidor\u00a0Fluxo Ar (MAF) Fiat Toro 51831050"},"content":{"rendered":"<h2>Sensor\u00a0Medidor\u00a0Fluxo\u00a0Ar\u00a0(MAF)<\/h2>\n<p>FIAT &#8211; NOVO DUCATO DIESEL 2018 &#8211; 2021<\/p>\n<p>FIAT &#8211; TORO 2.0 DIESEL 2016 &#8211; 2022<\/p>\n<p>JEEP &#8211; COMPASS 2.0 DIESEL 2017 em diante<\/p>\n<p>JEEP &#8211; RENEGADE 2.0 DIESEL 2015 &#8211; 2021<\/p>\n<h4>C\u00f3digo de Refer\u00eancia:<\/h4>\n<p>51831050<\/p>\n<h4 class=\"western\">Condi\u00e7\u00f5es:<\/h4>\n<p>Produto Novo Original \/ Marca Fiat<\/p>\n<h4 class=\"western\"><strong>Garantia:<\/strong><\/h4>\n<p>3 Meses<\/p>\n<h3 class=\"western\">ATEN\u00c7\u00c3O: Antes de efetuar a compra verifique o c\u00f3digo da sua pe\u00e7a que est\u00e1 instalada no seu ve\u00edculo.<\/h3>\n<p>&nbsp;<\/p>\n<p><span style=\"font-family: Arial, sans-serif;\"><span style=\"font-size: small;\">A Casa da Inje\u00e7\u00e3o oferece total garantia nos produtos comprados em nosso site.<\/span><\/span><\/p>\n<ol>\n<li><span style=\"font-family: Arial, sans-serif;\"><span style=\"font-size: small;\">Cada item \u00e9 rigorosamente testado antes do envio<\/span><\/span><\/li>\n<li><span style=\"font-family: Arial, sans-serif;\"><span style=\"font-size: small;\">Se os itens estiverem danificados ou parcialmente defeituosos, entre em contato conosco.<\/span><\/span><\/li>\n<li><span style=\"font-family: Arial, sans-serif;\"><span style=\"font-size: small;\">Procure um profissional devidamente licenciado para a instala\u00e7\u00e3o e fa\u00e7a revis\u00f5es periodicamente. A empresa n\u00e3o se responsabiliza por problemas oriundos da m\u00e1 instala\u00e7\u00e3o ou com a falta de cuidados peri\u00f3dicos dos componentes.<\/span><\/span><\/li>\n<\/ol>\n<p><span style=\"font-family: Arial, sans-serif;\"><span style=\"font-size: small;\">Se houver qualquer defeito, n\u00f3s lhe enviaremos uma substitui\u00e7\u00e3o ap\u00f3s receber o pacote ou devolvemos seu dinheiro.<\/span><\/span><\/p>\n<p><span style=\"font-family: Arial, sans-serif;\"><span style=\"font-size: small;\">Leia nossa\u00a0<a href=\"https:\/\/www.casadainjecao.com.br\/loja\/politica-de-devolucao\">pol\u00edtica de devolu\u00e7\u00e3o aqui<\/a><\/span><\/span><\/p>\n<p>\u2014\u2014\u2014\u2014\u2014\u2014\u2014\u2014\u2014\u2014\u2014\u2014\u2014\u2014\u2014\u2014\u2014\u2014\u2014\u2013<\/p>\n<p><strong><span style=\"font-family: Arial, sans-serif;\"><span style=\"font-size: small;\">Tem alguma d\u00favida?<\/span><\/span><\/strong><\/p>\n<p><span style=\"font-family: Arial, sans-serif;\"><span style=\"font-size: small;\">Entre em contato que podemos ajudar!<\/span><\/span><\/p>\n<p><span style=\"font-family: Arial, sans-serif;\"><span style=\"font-size: small;\">Confira as informa\u00e7\u00f5es adicionais abaixo:<\/span><\/span><\/p>\n<ul>\n<li><span style=\"font-family: Arial, sans-serif;\"><span style=\"font-size: small;\">Todos os nossos produtos s\u00e3o novos, semi-novos, originais e paralelos possuem garantia.<\/span><\/span><\/li>\n<li><span style=\"font-family: Arial, sans-serif;\"><span style=\"font-size: small;\">Todos os produtos anunciados est\u00e3o dispon\u00edveis em estoque e s\u00e3o enviados com extrema rapidez.<\/span><\/span><\/li>\n<li><span style=\"font-family: Arial, sans-serif;\"><span style=\"font-size: small;\">O frete pode ser simulado antes de efetuar a compra, basta clicar em \u201cver custos de envio\u201d.<\/span><\/span><\/li>\n<li><span style=\"font-family: Arial, sans-serif;\"><span style=\"font-size: small;\">Verifique o endere\u00e7o de entrega cadastrado e atualize caso necess\u00e1rio.<\/span><\/span><\/li>\n<li><span style=\"font-family: Arial, sans-serif;\"><span style=\"font-size: small;\">Confirme se a pe\u00e7a \u00e9 correta para o seu modelo de ve\u00edculo.<\/span><\/span><\/li>\n<li><span style=\"font-family: Arial, sans-serif;\"><span style=\"font-size: small;\">Para pe\u00e7as automotivas, recomendamos a instala\u00e7\u00e3o por um profissional especializado.<\/span><\/span><\/li>\n<li><span style=\"font-family: Arial, sans-serif;\"><span style=\"font-size: small;\">Caso possua outras d\u00favidas, entre em contato.<\/span><\/span><\/li>\n<\/ul>\n","protected":false},"excerpt":{"rendered":"<h2>Sensor Medidor\u00a0Fluxo Ar (MAF) Fiat Toro 51831050<\/h2>\n","protected":false},"featured_media":39147,"template":"","meta":{"_seopress_robots_primary_cat":"","_seopress_titles_title":"","_seopress_titles_desc":"","_seopress_robots_index":"","_kad_blocks_custom_css":"","_kad_blocks_head_custom_js":"","_kad_blocks_body_custom_js":"","_kad_blocks_footer_custom_js":"","_joinchat":[]},"product_cat":[262,21],"product_tag":[1383,1384,2308,1041],"berocket_brand":[383,387],"taxonomy_info":{"product_cat":[{"value":262,"label":"Fluxo de AR"},{"value":21,"label":"Inje\u00e7\u00e3o Eletr\u00f4nica"}],"product_tag":[{"value":1383,"label":"Jeep Compass"},{"value":1384,"label":"Jeep Renegade"},{"value":2308,"label":"Novo Ducato"},{"value":1041,"label":"Toro"}],"berocket_brand":[{"value":383,"label":"Fiat"},{"value":387,"label":"Jeep"}]},"featured_image_src_large":["https:\/\/www.casadainjecao.com.br\/loja\/wp-content\/uploads\/2025\/03\/Sensor-Medidor-Fluxo-Ar-MAF-Fiat-Toro-51831050-6-920x920.jpg",640,640,true],"author_info":[],"comment_info":"","_links":{"self":[{"href":"https:\/\/www.casadainjecao.com.br\/loja\/wp-json\/wp\/v2\/product\/39144"}],"collection":[{"href":"https:\/\/www.casadainjecao.com.br\/loja\/wp-json\/wp\/v2\/product"}],"about":[{"href":"https:\/\/www.casadainjecao.com.br\/loja\/wp-json\/wp\/v2\/types\/product"}],"wp:featuredmedia":[{"embeddable":true,"href":"https:\/\/www.casadainjecao.com.br\/loja\/wp-json\/wp\/v2\/media\/39147"}],"wp:attachment":[{"href":"https:\/\/www.casadainjecao.com.br\/loja\/wp-json\/wp\/v2\/media?parent=39144"}],"wp:term":[{"taxonomy":"product_cat","embeddable":true,"href":"https:\/\/www.casadainjecao.com.br\/loja\/wp-json\/wp\/v2\/product_cat?post=39144"},{"taxonomy":"product_tag","embeddable":true,"href":"https:\/\/www.casadainjecao.com.br\/loja\/wp-json\/wp\/v2\/product_tag?post=39144"},{"taxonomy":"berocket_brand","embeddable":true,"href":"https:\/\/www.casadainjecao.com.br\/loja\/wp-json\/wp\/v2\/berocket_brand?post=39144"}],"curies":[{"name":"wp","href":"https:\/\/api.w.org\/{rel}","templated":true}]}}