{"id":39183,"date":"2025-03-11T16:27:43","date_gmt":"2025-03-11T19:27:43","guid":{"rendered":"https:\/\/www.casadainjecao.com.br\/loja\/?post_type=product&#038;p=39183"},"modified":"2025-07-07T19:05:08","modified_gmt":"2025-07-07T22:05:08","slug":"kit-6-bicos-injetores-volvo-3-0-6cc-freelander-2-motor-3-2-v6-7g9n-ac","status":"publish","type":"product","link":"https:\/\/www.casadainjecao.com.br\/loja\/autopecas\/injecao-eletronica\/bico-injetor\/kit-6-bicos-injetores-volvo-3-0-6cc-freelander-2-motor-3-2-v6-7g9n-ac\/","title":{"rendered":"Kit 6 Bicos Injetores Volvo 3.0 6cc Freelander 2 Motor 3.2 V"},"content":{"rendered":"<h2 class=\"ui-pdp-title\">Kit 6 Bicos Injetores<\/h2>\n<p class=\"ui-pdp-title\">Land Rover Freelander 2 Motor 3.2 V6 Gasolina 2006 em diante<\/p>\n<p>Volvo XC60 3.0 6cc Turbo T6 2009 a 2016<\/p>\n<p>Volvo S60 3.0 6cc Turbo 2011 a 2016<\/p>\n<p>Volvo S80 3.0 6cc Turbo 2008 a 2015<\/p>\n<p>Volvo S80 3.2 6cc 2007 a 2015<\/p>\n<p>Volvo V60 3.0 6cc Turbo 2014 a 2016<\/p>\n<p>Volvo V70 3.0 6cc Turbo 2008 a 2009<\/p>\n<p>Volvo V70 3.2 6cc 2008 a 2010<\/p>\n<h4>C\u00f3digo de Refer\u00eancia:<\/h4>\n<p>062009021, TG9N-AC, tg9nac, 7g9n-ac<\/p>\n<h4 class=\"western\"><span style=\"font-family: Arial, sans-serif;\"><span style=\"font-size: small;\">Condi\u00e7\u00f5es:<\/span><\/span><\/h4>\n<p><span style=\"font-family: Arial, sans-serif;\"><span style=\"font-size: small;\">Produto Novo Importado<\/span><\/span><span style=\"font-family: Arial, sans-serif;\"><span style=\"font-size: small;\"> \/ Marca Torken<\/span><\/span><\/p>\n<h4 class=\"western\"><strong><span style=\"font-family: Arial, sans-serif;\"><span style=\"font-size: small;\">Garantia:<\/span><\/span><\/strong><\/h4>\n<p><span style=\"font-family: Arial, sans-serif;\"><span style=\"font-size: small;\">3 Meses<\/span><\/span><\/p>\n<h4>O que \u00e9 e para que serve o Bico Injetor?<\/h4>\n<p>Bico Injetor tamb\u00e9m chamado de v\u00e1lvula injetora de combust\u00edvel, o bico injetor\u00a0\u00e9 respons\u00e1vel por pulverizar o combust\u00edvel de maneira estequiom\u00e9trica na c\u00e2mara de combust\u00e3o. Isso \u00e9 feito atrav\u00e9s de pulsos el\u00e9tricos comandados pelo m\u00f3dulo de inje\u00e7\u00e3o.<\/p>\n<h3 class=\"western\"><span style=\"font-family: Arial, sans-serif;\"><span style=\"font-size: small;\">ATEN\u00c7\u00c3O: Antes de efetuar a compra verifique o c\u00f3digo da sua pe\u00e7a que est\u00e1 instalada no seu ve\u00edculo.<\/span><\/span><\/h3>\n<p>&nbsp;<\/p>\n<p><span style=\"font-family: Arial, sans-serif;\"><span style=\"font-size: small;\">A Casa da Inje\u00e7\u00e3o oferece total garantia nos produtos comprados em nosso site.<\/span><\/span><\/p>\n<ol>\n<li><span style=\"font-family: Arial, sans-serif;\"><span style=\"font-size: small;\">Cada item \u00e9 rigorosamente testado antes do envio<\/span><\/span><\/li>\n<li><span style=\"font-family: Arial, sans-serif;\"><span style=\"font-size: small;\">Se os itens estiverem danificados ou parcialmente defeituosos, entre em contato conosco.<\/span><\/span><\/li>\n<li><span style=\"font-family: Arial, sans-serif;\"><span style=\"font-size: small;\">Procure um profissional devidamente licenciado para a instala\u00e7\u00e3o e fa\u00e7a revis\u00f5es periodicamente. A empresa n\u00e3o se responsabiliza por problemas oriundos da m\u00e1 instala\u00e7\u00e3o ou com a falta de cuidados peri\u00f3dicos dos componentes.<\/span><\/span><\/li>\n<\/ol>\n<p><span style=\"font-family: Arial, sans-serif;\"><span style=\"font-size: small;\">Se houver qualquer defeito, n\u00f3s lhe enviaremos uma substitui\u00e7\u00e3o ap\u00f3s receber o pacote ou devolvemos seu dinheiro.<\/span><\/span><\/p>\n<p><span style=\"font-family: Arial, sans-serif;\"><span style=\"font-size: small;\">Leia nossa\u00a0<a href=\"https:\/\/www.casadainjecao.com.br\/loja\/politica-de-devolucao\">pol\u00edtica de devolu\u00e7\u00e3o aqui<\/a><\/span><\/span><\/p>\n<p>\u2014\u2014\u2014\u2014\u2014\u2014\u2014\u2014\u2014\u2014\u2014\u2014\u2014\u2014\u2014\u2014\u2014\u2014\u2014\u2013<\/p>\n<p><strong><span style=\"font-family: Arial, sans-serif;\"><span style=\"font-size: small;\">Tem alguma d\u00favida?<\/span><\/span><\/strong><\/p>\n<p><span style=\"font-family: Arial, sans-serif;\"><span style=\"font-size: small;\">Entre em contato que podemos ajudar!<\/span><\/span><\/p>\n<p><span style=\"font-family: Arial, sans-serif;\"><span style=\"font-size: small;\">Confira as informa\u00e7\u00f5es adicionais abaixo:<\/span><\/span><\/p>\n<ul>\n<li><span style=\"font-family: Arial, sans-serif;\"><span style=\"font-size: small;\">Todos os nossos produtos s\u00e3o novos, semi-novos, originais e paralelos possuem garantia.<\/span><\/span><\/li>\n<li><span style=\"font-family: Arial, sans-serif;\"><span style=\"font-size: small;\">Todos os produtos anunciados est\u00e3o dispon\u00edveis em estoque e s\u00e3o enviados com extrema rapidez.<\/span><\/span><\/li>\n<li><span style=\"font-family: Arial, sans-serif;\"><span style=\"font-size: small;\">O frete pode ser simulado antes de efetuar a compra, basta clicar em \u201cver custos de envio\u201d.<\/span><\/span><\/li>\n<li><span style=\"font-family: Arial, sans-serif;\"><span style=\"font-size: small;\">Verifique o endere\u00e7o de entrega cadastrado e atualize caso necess\u00e1rio.<\/span><\/span><\/li>\n<li><span style=\"font-family: Arial, sans-serif;\"><span style=\"font-size: small;\">Confirme se a pe\u00e7a \u00e9 correta para o seu modelo de ve\u00edculo.<\/span><\/span><\/li>\n<li><span style=\"font-family: Arial, sans-serif;\"><span style=\"font-size: small;\">Para pe\u00e7as automotivas, recomendamos a instala\u00e7\u00e3o por um profissional especializado.<\/span><\/span><\/li>\n<li><span style=\"font-family: Arial, sans-serif;\"><span style=\"font-size: small;\">Caso possua outras d\u00favidas, entre em contato.<\/span><\/span><\/li>\n<\/ul>\n","protected":false},"excerpt":{"rendered":"<h2 class=\"ui-pdp-title\">Kit 6 Bicos Injetores Freelander 2 Motor 3.2 V6 Gasolina &#8211; 7g9n-ac<\/h2>\n","protected":false},"featured_media":39185,"template":"","meta":{"_seopress_robots_primary_cat":"none","_seopress_titles_title":"","_seopress_titles_desc":"","_seopress_robots_index":"","_kad_blocks_custom_css":"","_kad_blocks_head_custom_js":"","_kad_blocks_body_custom_js":"","_kad_blocks_footer_custom_js":"","_joinchat":[]},"product_cat":[256,261,21],"product_tag":[1701,143,144,145,142],"berocket_brand":[389,397],"taxonomy_info":{"product_cat":[{"value":256,"label":"Bico Injetor"},{"value":261,"label":"Flauta Bico Injetores"},{"value":21,"label":"Inje\u00e7\u00e3o Eletr\u00f4nica"}],"product_tag":[{"value":1701,"label":"Freelander 2"},{"value":143,"label":"VOLVO S60"},{"value":144,"label":"VOLVO S80"},{"value":145,"label":"VOLVO V60"},{"value":142,"label":"VOLVO XC60"}],"berocket_brand":[{"value":389,"label":"Land Rover"},{"value":397,"label":"Volvo"}]},"featured_image_src_large":["https:\/\/www.casadainjecao.com.br\/loja\/wp-content\/uploads\/2025\/03\/Bico-Injetor-Volvo-3.0-6cc-Freelander-2-Motor-3.2-V6-7g9n-ac-5-920x920.jpg",640,640,true],"author_info":[],"comment_info":"","_links":{"self":[{"href":"https:\/\/www.casadainjecao.com.br\/loja\/wp-json\/wp\/v2\/product\/39183"}],"collection":[{"href":"https:\/\/www.casadainjecao.com.br\/loja\/wp-json\/wp\/v2\/product"}],"about":[{"href":"https:\/\/www.casadainjecao.com.br\/loja\/wp-json\/wp\/v2\/types\/product"}],"wp:featuredmedia":[{"embeddable":true,"href":"https:\/\/www.casadainjecao.com.br\/loja\/wp-json\/wp\/v2\/media\/39185"}],"wp:attachment":[{"href":"https:\/\/www.casadainjecao.com.br\/loja\/wp-json\/wp\/v2\/media?parent=39183"}],"wp:term":[{"taxonomy":"product_cat","embeddable":true,"href":"https:\/\/www.casadainjecao.com.br\/loja\/wp-json\/wp\/v2\/product_cat?post=39183"},{"taxonomy":"product_tag","embeddable":true,"href":"https:\/\/www.casadainjecao.com.br\/loja\/wp-json\/wp\/v2\/product_tag?post=39183"},{"taxonomy":"berocket_brand","embeddable":true,"href":"https:\/\/www.casadainjecao.com.br\/loja\/wp-json\/wp\/v2\/berocket_brand?post=39183"}],"curies":[{"name":"wp","href":"https:\/\/api.w.org\/{rel}","templated":true}]}}