{"id":39579,"date":"2025-04-09T14:20:42","date_gmt":"2025-04-09T17:20:42","guid":{"rendered":"https:\/\/www.casadainjecao.com.br\/loja\/?post_type=product&#038;p=39579"},"modified":"2026-04-09T10:09:22","modified_gmt":"2026-04-09T13:09:22","slug":"bomba-combustivel-bosch-original-flex-uno-f000te159a","status":"publish","type":"product","link":"https:\/\/www.casadainjecao.com.br\/loja\/autopecas\/injecao-eletronica\/bomba-de-combustivel\/bomba-combustivel-bosch-original-flex-uno-f000te159a\/","title":{"rendered":"Bomba Combust\u00edvel Bosch Original Flex Uno F000TE159A"},"content":{"rendered":"<p><span style=\"color: #000000;\"><span style=\"font-family: Proxima Nova, apple-system, Roboto, Arial, sans-serif;\"><span style=\"font-size: x-large;\">Bomba Combust\u00edvel Bosch Original<\/span><\/span><\/span><\/p>\n<p><span style=\"color: #000000;\"><span style=\"font-family: Proxima Nova, apple-system, Roboto, Arial, sans-serif;\"><span style=\"font-size: large;\">F<\/span><\/span><\/span><span style=\"color: #000000;\"><span style=\"font-family: Proxima Nova, apple-system, Roboto, Arial, sans-serif;\"><span style=\"font-size: large;\">iat<\/span><\/span><\/span><\/p>\n<p><span style=\"color: #000000;\"><span style=\"font-family: Proxima Nova, apple-system, Roboto, Arial, sans-serif;\"><span style=\"font-size: large;\">Doblo 1.4 2012 2013 2014 2015 2016 2017 2018 2019 2020<\/span><\/span><\/span><\/p>\n<p><span style=\"color: #000000;\"><span style=\"font-family: Proxima Nova, apple-system, Roboto, Arial, sans-serif;\"><span style=\"font-size: large;\">Doblo 1.8 2006 2007 2008 2009<\/span><\/span><\/span><\/p>\n<p><span style=\"color: #000000;\"><span style=\"font-family: Proxima Nova, apple-system, Roboto, Arial, sans-serif;\"><span style=\"font-size: large;\">Fiorino 1.4 2014 2015 2016 2017 2018 2019 2020<\/span><\/span><\/span><\/p>\n<p><span style=\"color: #000000;\"><span style=\"font-family: Proxima Nova, apple-system, Roboto, Arial, sans-serif;\"><span style=\"font-size: large;\">Fiorino 1.3 2007 2008 2009 2010 2011 2012 2013<\/span><\/span><\/span><\/p>\n<p><span style=\"color: #000000;\"><span style=\"font-family: Proxima Nova, apple-system, Roboto, Arial, sans-serif;\"><span style=\"font-size: large;\">Grand Siena 1.4 2013 2014 2015 2016 2017 2018 2019 2020<\/span><\/span><\/span><\/p>\n<p><span style=\"color: #000000;\"><span style=\"font-family: Proxima Nova, apple-system, Roboto, Arial, sans-serif;\"><span style=\"font-size: large;\">Grand Siena 1.6 2013 2014 2015 2016 2017 2018 2019 2020<\/span><\/span><\/span><\/p>\n<p><span style=\"color: #000000;\"><span style=\"font-family: Proxima Nova, apple-system, Roboto, Arial, sans-serif;\"><span style=\"font-size: large;\">Idea 1.4 2005 2006 2007 2008 2009 2010 2011 2012 2013 2014 2015 2016<\/span><\/span><\/span><\/p>\n<p><span style=\"color: #000000;\"><span style=\"font-family: Proxima Nova, apple-system, Roboto, Arial, sans-serif;\"><span style=\"font-size: large;\">Idea 1.6 16V 2011 2012 2013 2014 2015 2016<br \/>\n<\/span><\/span><\/span><br \/>\n<span style=\"color: #000000;\"><span style=\"font-family: Proxima Nova, apple-system, Roboto, Arial, sans-serif;\"><span style=\"font-size: large;\">Idea 1.8 2006 2007 2008 2009 2010<\/span><\/span><\/span><\/p>\n<p><span style=\"color: #000000;\"><span style=\"font-family: Proxima Nova, apple-system, Roboto, Arial, sans-serif;\"><span style=\"font-size: large;\">Idea Adventure 1.8 2007 2008 2009 2010<\/span><\/span><\/span><\/p>\n<p><span style=\"color: #000000;\"><span style=\"font-family: Proxima Nova, apple-system, Roboto, Arial, sans-serif;\"><span style=\"font-size: large;\">Linea 1.8 16V 2011 2012 2013 2014 2015 2016 2017<\/span><\/span><\/span><\/p>\n<p><span style=\"color: #000000;\"><span style=\"font-family: Proxima Nova, apple-system, Roboto, Arial, sans-serif;\"><span style=\"font-size: large;\">Linea 1.9 16V 2009 2010<\/span><\/span><\/span><\/p>\n<p><span style=\"color: #000000;\"><span style=\"font-family: Proxima Nova, apple-system, Roboto, Arial, sans-serif;\"><span style=\"font-size: large;\">Palio 1.4 2005 2006 2007 2008 2009 2010 2011 2012 2013 2014 2015 <\/span><\/span><\/span><\/p>\n<p><span style=\"color: #000000;\"><span style=\"font-family: Proxima Nova, apple-system, Roboto, Arial, sans-serif;\"><span style=\"font-size: large;\">2016 2017 2018 2019<\/span><\/span><\/span><\/p>\n<p><span style=\"color: #000000;\"><span style=\"font-family: Proxima Nova, apple-system, Roboto, Arial, sans-serif;\"><span style=\"font-size: large;\">Palio 1.6 16V Flex 2010 2011 2012 2013 2014 2015 2016 2017 2018 <\/span><\/span><\/span><\/p>\n<p><span style=\"color: #000000;\"><span style=\"font-family: Proxima Nova, apple-system, Roboto, Arial, sans-serif;\"><span style=\"font-size: large;\">2019<\/span><\/span><\/span><\/p>\n<p><span style=\"color: #000000;\"><span style=\"font-family: Proxima Nova, apple-system, Roboto, Arial, sans-serif;\"><span style=\"font-size: large;\">Palio 1.0 2002 2003 2004 2005 2006 2007 2008 2009 2010 2011 2012 2013 2014 2015 2016 2017 2018<\/span><\/span><\/span><\/p>\n<p><span style=\"color: #000000;\"><span style=\"font-family: Proxima Nova, apple-system, Roboto, Arial, sans-serif;\"><span style=\"font-size: large;\">Palio 1.3 2002 2003 2004 2005<\/span><\/span><\/span><\/p>\n<p><span style=\"color: #000000;\"><span style=\"font-family: Proxima Nova, apple-system, Roboto, Arial, sans-serif;\"><span style=\"font-size: large;\">Palio 1.6 16V 2002 2003<\/span><\/span><\/span><\/p>\n<p><span style=\"color: #000000;\"><span style=\"font-family: Proxima Nova, apple-system, Roboto, Arial, sans-serif;\"><span style=\"font-size: large;\">Palio 1.8 2003 2004 2005 2006 2007 2008 2009 2010<\/span><\/span><\/span><\/p>\n<p><span style=\"color: #000000;\"><span style=\"font-family: Proxima Nova, apple-system, Roboto, Arial, sans-serif;\"><span style=\"font-size: large;\">Palio Adventure 1.8 2003 2004 2005 2006 2007 2008 2009 2010 2011 2012<\/span><\/span><\/span><\/p>\n<p><span style=\"color: #000000;\"><span style=\"font-family: Proxima Nova, apple-system, Roboto, Arial, sans-serif;\"><span style=\"font-size: large;\">Palio Adventure 1.6 2000 2001 2002 2003<\/span><\/span><\/span><\/p>\n<p><span style=\"color: #000000;\"><span style=\"font-family: Proxima Nova, apple-system, Roboto, Arial, sans-serif;\"><span style=\"font-size: large;\">Palio Weekend 1.0 2000 2001 2002<\/span><\/span><\/span><\/p>\n<p><span style=\"color: #000000;\"><span style=\"font-family: Proxima Nova, apple-system, Roboto, Arial, sans-serif;\"><span style=\"font-size: large;\">Palio Weekend 1.3 2004 2005<\/span><\/span><\/span><\/p>\n<p><span style=\"color: #000000;\"><span style=\"font-family: Proxima Nova, apple-system, Roboto, Arial, sans-serif;\"><span style=\"font-size: large;\">Palio Weekend 1.4 2005 2006 2007 2008 2009 2010 2011 2012 2013 <\/span><\/span><\/span><\/p>\n<p><span style=\"color: #000000;\"><span style=\"font-family: Proxima Nova, apple-system, Roboto, Arial, sans-serif;\"><span style=\"font-size: large;\">2014 2015 2016 2017<\/span><\/span><\/span><\/p>\n<p><span style=\"color: #000000;\"><span style=\"font-family: Proxima Nova, apple-system, Roboto, Arial, sans-serif;\"><span style=\"font-size: large;\">Palio Weekend 1.6 2010 2011 2012<\/span><\/span><\/span><\/p>\n<p><span style=\"color: #000000;\"><span style=\"font-family: Proxima Nova, apple-system, Roboto, Arial, sans-serif;\"><span style=\"font-size: large;\">Palio Weekend 1.8 2004 2005 2006 2007 2008<\/span><\/span><\/span><\/p>\n<p><span style=\"color: #000000;\"><span style=\"font-family: Proxima Nova, apple-system, Roboto, Arial, sans-serif;\"><span style=\"font-size: large;\">Punto 1.4 2007 2008 2009 2010 2011 2012 2013 2014 2016 2016<\/span><\/span><\/span><\/p>\n<p><span style=\"color: #000000;\"><span style=\"font-family: Proxima Nova, apple-system, Roboto, Arial, sans-serif;\"><span style=\"font-size: large;\">Punto 1.6 16V 2010 2011 2012 2013 2014 2016 2016<\/span><\/span><\/span><\/p>\n<p><span style=\"color: #000000;\"><span style=\"font-family: Proxima Nova, apple-system, Roboto, Arial, sans-serif;\"><span style=\"font-size: large;\">Punto 1.8 16V 2007 2008 2009 2010<\/span><\/span><\/span><\/p>\n<p><span style=\"color: #000000;\"><span style=\"font-family: Proxima Nova, apple-system, Roboto, Arial, sans-serif;\"><span style=\"font-size: large;\">Siena 1.0 2002 2003 2004 2005 2006 2007 2008 2009 2010 2011 2012 <\/span><\/span><\/span><\/p>\n<p><span style=\"color: #000000;\"><span style=\"font-family: Proxima Nova, apple-system, Roboto, Arial, sans-serif;\"><span style=\"font-size: large;\">2013 2014 2015 2016<\/span><\/span><\/span><\/p>\n<p><span style=\"color: #000000;\"><span style=\"font-family: Proxima Nova, apple-system, Roboto, Arial, sans-serif;\"><span style=\"font-size: large;\">Siena 1.3 2002 2003 2004 2005<\/span><\/span><\/span><\/p>\n<p><span style=\"color: #000000;\"><span style=\"font-family: Proxima Nova, apple-system, Roboto, Arial, sans-serif;\"><span style=\"font-size: large;\">Siena 1.4 2006 2007 2008 2009 2010 2011 2012 2013 2014 2015 2016<\/span><\/span><\/span><\/p>\n<p><span style=\"color: #000000;\"><span style=\"font-family: Proxima Nova, apple-system, Roboto, Arial, sans-serif;\"><span style=\"font-size: large;\">Siena 1.6 16V 2010 2011 2012<\/span><\/span><\/span><\/p>\n<p><span style=\"color: #000000;\"><span style=\"font-family: Proxima Nova, apple-system, Roboto, Arial, sans-serif;\"><span style=\"font-size: large;\">Siena 1.8 2003 2004 2005 2006 2007 2008 2009 2010<\/span><\/span><\/span><\/p>\n<p><span style=\"color: #000000;\"><span style=\"font-family: Proxima Nova, apple-system, Roboto, Arial, sans-serif;\"><span style=\"font-size: large;\">Stilo 1.8 2005 2006 2007 2008 2009 2010<\/span><\/span><\/span><\/p>\n<p><span style=\"color: #000000;\"><span style=\"font-family: Proxima Nova, apple-system, Roboto, Arial, sans-serif;\"><span style=\"font-size: large;\">Strada 1.4 2005 2006 2007 2008 2009 2010 2011 2012 2013 2014 2015 <\/span><\/span><\/span><\/p>\n<p><span style=\"color: #000000;\"><span style=\"font-family: Proxima Nova, apple-system, Roboto, Arial, sans-serif;\"><span style=\"font-size: large;\">2016 2017 2018 2019 2020<\/span><\/span><\/span><\/p>\n<p><span style=\"color: #000000;\"><span style=\"font-family: Proxima Nova, apple-system, Roboto, Arial, sans-serif;\"><span style=\"font-size: large;\">Strada 1.8 2004 2005 2006 2007 2008 2009 2010 2011 2012<\/span><\/span><\/span><\/p>\n<p><span style=\"color: #000000;\"><span style=\"font-family: Proxima Nova, apple-system, Roboto, Arial, sans-serif;\"><span style=\"font-size: large;\">Strada Adventure 1.8 2004 2005 2006 2007 2008 2009 2010 2011 2012<\/span><\/span><\/span><\/p>\n<p><span style=\"color: #000000;\"><span style=\"font-family: Proxima Nova, apple-system, Roboto, Arial, sans-serif;\"><span style=\"font-size: large;\">Uno 1.0 2004 2005 2006 2007 2008 2009 2010 2011 2012 2013 2014<\/span><\/span><\/span><\/p>\n<p><span style=\"color: #000000;\"><span style=\"font-family: Proxima Nova, apple-system, Roboto, Arial, sans-serif;\"><span style=\"font-size: large;\">Uno 1.4 2010 2011 2012 2013 2014<\/span><\/span><\/span><\/p>\n<h4><span style=\"font-family: Arial, sans-serif;\"><span style=\"font-size: medium;\">C\u00f3digo de Refer\u00eancia:<\/span><\/span><\/h4>\n<p class=\"western\"><span style=\"color: #000000;\"><span style=\"font-family: Proxima Nova, apple-system, Roboto, Arial, sans-serif;\"><span style=\"font-size: x-large;\">F000TE159A, F 000 TE1 59A<\/span><\/span><\/span><\/p>\n<h4 class=\"western\"><span style=\"color: #1c1d1e;\"><span style=\"font-family: Arial, sans-serif;\"><span style=\"font-size: medium;\">Condi\u00e7\u00f5es:<\/span><\/span><\/span><\/h4>\n<p><span style=\"color: #1c1d1e;\"><span style=\"font-family: Arial, sans-serif;\"><span style=\"font-size: medium;\">Produto Novo Original \/ Marca Bosch<\/span><\/span><\/span><\/p>\n<p><span style=\"color: #1c1d1e;\"><span style=\"font-family: Arial, sans-serif;\"><span style=\"font-size: medium;\"><span style=\"color: #000000;\"><span style=\"font-family: Proxima Nova, apple-system, Roboto, Arial, sans-serif;\"><span style=\"font-size: large;\">Espeficica\u00e7\u00f5es T\u00e9cnicas:<\/span><\/span><\/span><br \/>\n<\/span><\/span><\/span><\/p>\n<p><span style=\"color: #1c1d1e;\"><span style=\"font-family: Arial, sans-serif;\"><span style=\"font-size: medium;\"><span style=\"color: #000000;\"><span style=\"font-family: Proxima Nova, apple-system, Roboto, Arial, sans-serif;\"><span style=\"font-size: large;\">PRESS\u00c3O: DE 3 BAR EM LINHA<\/span><\/span><\/span> <span style=\"color: #000000;\"><span style=\"font-family: Proxima Nova, apple-system, Roboto, Arial, sans-serif;\"><span style=\"font-size: large;\">PRESS\u00c3O FINAL: DE 5,5 a 7 BAR(EM ESTANQUE)<\/span><\/span><\/span> <span style=\"color: #000000;\"><span style=\"font-family: Proxima Nova, apple-system, Roboto, Arial, sans-serif;\"><span style=\"font-size: large;\">VAZ\u00c3O: 105L\/H POR HORA(DE ACORDO COM A PRESS\u00c3O DE TRABALHO)<\/span><\/span><\/span> <span style=\"color: #000000;\"><span style=\"font-family: Proxima Nova, apple-system, Roboto, Arial, sans-serif;\"><span style=\"font-size: large;\">VOLTAGEM: DE 12 a 14,5 VOLTS <\/span><\/span><\/span><span style=\"color: #000000;\"><span style=\"font-family: Proxima Nova, apple-system, Roboto, Arial, sans-serif;\"><span style=\"font-size: large;\">AMPERAGEM: DE 6,5 a 9 AMPERES(DE ACORDO COM A PRESS\u00c3O DE TRABALHO<\/span><\/span><\/span> <\/span><\/span><\/span><\/p>\n<p><span style=\"color: #1c1d1e;\"><span style=\"font-family: Arial, sans-serif;\"><span style=\"font-size: medium;\">Garantia:<\/span><\/span><\/span><\/p>\n<p><span style=\"color: #1c1d1e;\"><span style=\"font-family: Arial, sans-serif;\"><span style=\"font-size: medium;\">3 Meses<\/span><\/span><\/span><\/p>\n<h3 class=\"western\"><span style=\"color: #1c1d1e;\"><span style=\"font-family: Arial, sans-serif;\"><span style=\"font-size: medium;\">ATEN\u00c7\u00c3O: Antes de efetuar a compra verifique o c\u00f3digo da sua pe\u00e7a que est\u00e1 instalada no seu ve\u00edculo.<\/span><\/span><\/span><\/h3>\n<p><span style=\"color: #1c1d1e;\">\u00a0<\/span><\/p>\n<p><span style=\"color: #1c1d1e;\"><span style=\"font-family: Arial, sans-serif;\"><span style=\"font-size: medium;\">A Casa da Inje\u00e7\u00e3o oferece total garantia nos produtos comprados em nosso site.<\/span><\/span><\/span><\/p>\n<p><span style=\"color: #1c1d1e;\"><span style=\"font-family: Arial, sans-serif;\"><span style=\"font-size: medium;\">1. Cada item \u00e9 rigorosamente testado antes do envio<\/span><\/span><\/span><\/p>\n<p><span style=\"color: #1c1d1e;\"><span style=\"font-family: Arial, sans-serif;\"><span style=\"font-size: medium;\">2. Se os itens estiverem danificados ou parcialmente defeituosos, entre em contato conosco.<\/span><\/span><\/span><\/p>\n<p><span style=\"color: #1c1d1e;\"><span style=\"font-family: Arial, sans-serif;\"><span style=\"font-size: medium;\">3. Procure um profissional devidamente licenciado para a instala\u00e7\u00e3o e fa\u00e7a revis\u00f5es periodicamente. A empresa n\u00e3o se responsabiliza por problemas oriundos da m\u00e1 instala\u00e7\u00e3o ou com a falta de cuidados peri\u00f3dicos dos componentes.<\/span><\/span><\/span><\/p>\n<p><span style=\"color: #1c1d1e;\"><span style=\"font-family: Arial, sans-serif;\"><span style=\"font-size: medium;\">Se houver qualquer defeito, n\u00f3s lhe enviaremos uma substitui\u00e7\u00e3o ap\u00f3s receber o pacote ou devolvemos seu dinheiro.<\/span><\/span><\/span><\/p>\n<p><span style=\"color: #1c1d1e;\"><span style=\"font-family: Arial, sans-serif;\"><span style=\"font-size: medium;\">Leia nossa\u00a0pol\u00edtica de devolu\u00e7\u00e3o aqui<br \/>\n\u2014\u2014\u2014\u2014\u2014\u2014\u2014\u2014\u2014\u2014\u2014\u2014\u2014\u2014\u2014\u2014\u2014\u2014\u2014\u2013<\/span><\/span><\/span><\/p>\n<p><span style=\"color: #1c1d1e;\"><span style=\"font-family: Arial, sans-serif;\"><span style=\"font-size: medium;\">Tem alguma d\u00favida?<\/span><\/span><\/span><\/p>\n<p><span style=\"color: #1c1d1e;\"><span style=\"font-family: Arial, sans-serif;\"><span style=\"font-size: medium;\">Entre em contato que podemos ajudar!<\/span><\/span><\/span><\/p>\n<p><span style=\"color: #1c1d1e;\"><span style=\"font-family: Arial, sans-serif;\"><span style=\"font-size: medium;\">Confira as informa\u00e7\u00f5es adicionais abaixo:<\/span><\/span><\/span><\/p>\n<p><span style=\"color: #1c1d1e;\">\u2022 <span style=\"font-family: Arial, sans-serif;\"><span style=\"font-size: medium;\">Todos os nossos produtos s\u00e3o novos, semi-novos, originais e paralelos possuem garantia.<\/span><\/span><\/span><\/p>\n<p><span style=\"color: #1c1d1e;\">\u2022 <span style=\"font-family: Arial, sans-serif;\"><span style=\"font-size: medium;\">Todos os produtos anunciados est\u00e3o dispon\u00edveis em estoque e s\u00e3o enviados com extrema rapidez.<\/span><\/span><\/span><\/p>\n<p><span style=\"color: #1c1d1e;\">\u2022 <span style=\"font-family: Arial, sans-serif;\"><span style=\"font-size: medium;\">O frete pode ser simulado antes de efetuar a compra, basta clicar em \u201cver custos de envio\u201d.<\/span><\/span><\/span><\/p>\n<p><span style=\"color: #1c1d1e;\">\u2022 <span style=\"font-family: Arial, sans-serif;\"><span style=\"font-size: medium;\">Verifique o endere\u00e7o de entrega cadastrado e atualize caso necess\u00e1rio.<br \/>\n\u2022 Confirme se a pe\u00e7a \u00e9 correta para o seu modelo de ve\u00edculo.<\/span><\/span><\/span><\/p>\n<p><span style=\"color: #1c1d1e;\">\u2022 <span style=\"font-family: Arial, sans-serif;\"><span style=\"font-size: medium;\">Para pe\u00e7as automotivas, recomendamos a instala\u00e7\u00e3o por um profissional especializado.<\/span><\/span><\/span><\/p>\n<p><span style=\"color: #1c1d1e;\">\u2022 <\/span><span style=\"font-family: Arial, sans-serif;\"><span style=\"font-size: medium;\"><span style=\"color: #1c1d1e;\">Caso possua outras d\u00favidas, entre em contato.<\/span><\/span><\/span><\/p>\n","protected":false},"excerpt":{"rendered":"<h2>Bomba Combust\u00edvel Bosch Original Flex Uno F000TE159A<\/h2>\n","protected":false},"featured_media":39586,"template":"","meta":{"_seopress_robots_primary_cat":"","_seopress_titles_title":"","_seopress_titles_desc":"","_seopress_robots_index":"","_joinchat":[]},"product_cat":[257,21],"product_tag":[1713,709,2313,119],"berocket_brand":[383],"_links":{"self":[{"href":"https:\/\/www.casadainjecao.com.br\/loja\/wp-json\/wp\/v2\/product\/39579"}],"collection":[{"href":"https:\/\/www.casadainjecao.com.br\/loja\/wp-json\/wp\/v2\/product"}],"about":[{"href":"https:\/\/www.casadainjecao.com.br\/loja\/wp-json\/wp\/v2\/types\/product"}],"wp:featuredmedia":[{"embeddable":true,"href":"https:\/\/www.casadainjecao.com.br\/loja\/wp-json\/wp\/v2\/media\/39586"}],"wp:attachment":[{"href":"https:\/\/www.casadainjecao.com.br\/loja\/wp-json\/wp\/v2\/media?parent=39579"}],"wp:term":[{"taxonomy":"product_cat","embeddable":true,"href":"https:\/\/www.casadainjecao.com.br\/loja\/wp-json\/wp\/v2\/product_cat?post=39579"},{"taxonomy":"product_tag","embeddable":true,"href":"https:\/\/www.casadainjecao.com.br\/loja\/wp-json\/wp\/v2\/product_tag?post=39579"},{"taxonomy":"berocket_brand","embeddable":true,"href":"https:\/\/www.casadainjecao.com.br\/loja\/wp-json\/wp\/v2\/berocket_brand?post=39579"}],"curies":[{"name":"wp","href":"https:\/\/api.w.org\/{rel}","templated":true}]}}