{"id":39622,"date":"2025-04-11T08:58:03","date_gmt":"2025-04-11T11:58:03","guid":{"rendered":"https:\/\/www.casadainjecao.com.br\/loja\/?post_type=product&#038;p=39622"},"modified":"2025-04-11T08:59:20","modified_gmt":"2025-04-11T11:59:20","slug":"bomba-combustivel-gasolina-honda-fit-1-4-2005-0580454094","status":"publish","type":"product","link":"https:\/\/www.casadainjecao.com.br\/loja\/autopecas\/injecao-eletronica\/bomba-de-combustivel\/bomba-combustivel-gasolina-honda-fit-1-4-2005-0580454094\/","title":{"rendered":"Bomba Combust\u00edvel Gasolina Honda Fit 1.4 2005 &#8211; 05804"},"content":{"rendered":"<h2>Bomba Combust\u00edvel Bosch Original<\/h2>\n<p>Honda\u00a0Fit 1.4 8v 2003\u00a0a 2007 Gasolina<\/p>\n<p>Honda\u00a0Fit 1.5 16v 2003\u00a0a 2007 Gasolina<\/p>\n<h4>C\u00f3digo de Refer\u00eancia:<\/h4>\n<p>0580454094, 0 580 454 094<\/p>\n<h4 class=\"western\">Condi\u00e7\u00f5es:<\/h4>\n<p>Produto Novo Original \/ Marca Bosch<\/p>\n<h4>Especifica\u00e7\u00f5es:<\/h4>\n<p>Press\u00e3o: 3,5 a 4,8 Bar press\u00e3o<\/p>\n<h4>Garantia:<\/h4>\n<p>3 Meses<\/p>\n<h3 class=\"western\">ATEN\u00c7\u00c3O: Antes de efetuar a compra verifique o c\u00f3digo da sua pe\u00e7a que est\u00e1 instalada no seu ve\u00edculo.<\/h3>\n<p>&nbsp;<\/p>\n<p><span style=\"color: #1c1d1e;\"><span style=\"font-family: Arial, sans-serif;\"><span style=\"font-size: medium;\">A Casa da Inje\u00e7\u00e3o oferece total garantia nos produtos comprados em nosso site.<\/span><\/span><\/span><\/p>\n<p><span style=\"color: #1c1d1e;\"><span style=\"font-family: Arial, sans-serif;\"><span style=\"font-size: medium;\">1. Cada item \u00e9 rigorosamente testado antes do envio<\/span><\/span><\/span><\/p>\n<p><span style=\"color: #1c1d1e;\"><span style=\"font-family: Arial, sans-serif;\"><span style=\"font-size: medium;\">2. Se os itens estiverem danificados ou parcialmente defeituosos, entre em contato conosco.<\/span><\/span><\/span><\/p>\n<p><span style=\"color: #1c1d1e;\"><span style=\"font-family: Arial, sans-serif;\"><span style=\"font-size: medium;\">3. Procure um profissional devidamente licenciado para a instala\u00e7\u00e3o e fa\u00e7a revis\u00f5es periodicamente. A empresa n\u00e3o se responsabiliza por problemas oriundos da m\u00e1 instala\u00e7\u00e3o ou com a falta de cuidados peri\u00f3dicos dos componentes.<\/span><\/span><\/span><\/p>\n<p><span style=\"color: #1c1d1e;\"><span style=\"font-family: Arial, sans-serif;\"><span style=\"font-size: medium;\">Se houver qualquer defeito, n\u00f3s lhe enviaremos uma substitui\u00e7\u00e3o ap\u00f3s receber o pacote ou devolvemos seu dinheiro.<\/span><\/span><\/span><\/p>\n<p><span style=\"color: #1c1d1e;\"><span style=\"font-family: Arial, sans-serif;\"><span style=\"font-size: medium;\">Leia nossa\u00a0pol\u00edtica de devolu\u00e7\u00e3o aqui<br \/>\n\u2014\u2014\u2014\u2014\u2014\u2014\u2014\u2014\u2014\u2014\u2014\u2014\u2014\u2014\u2014\u2014\u2014\u2014\u2014\u2013<\/span><\/span><\/span><\/p>\n<p><span style=\"color: #1c1d1e;\"><span style=\"font-family: Arial, sans-serif;\"><span style=\"font-size: medium;\">Tem alguma d\u00favida?<\/span><\/span><\/span><\/p>\n<p><span style=\"color: #1c1d1e;\"><span style=\"font-family: Arial, sans-serif;\"><span style=\"font-size: medium;\">Entre em contato que podemos ajudar!<\/span><\/span><\/span><\/p>\n<p><span style=\"color: #1c1d1e;\"><span style=\"font-family: Arial, sans-serif;\"><span style=\"font-size: medium;\">Confira as informa\u00e7\u00f5es adicionais abaixo:<\/span><\/span><\/span><\/p>\n<p><span style=\"color: #1c1d1e;\">\u2022 <span style=\"font-family: Arial, sans-serif;\"><span style=\"font-size: medium;\">Todos os nossos produtos s\u00e3o novos, semi-novos, originais e paralelos possuem garantia.<\/span><\/span><\/span><\/p>\n<p><span style=\"color: #1c1d1e;\">\u2022 <span style=\"font-family: Arial, sans-serif;\"><span style=\"font-size: medium;\">Todos os produtos anunciados est\u00e3o dispon\u00edveis em estoque e s\u00e3o enviados com extrema rapidez.<\/span><\/span><\/span><\/p>\n<p><span style=\"color: #1c1d1e;\">\u2022 <span style=\"font-family: Arial, sans-serif;\"><span style=\"font-size: medium;\">O frete pode ser simulado antes de efetuar a compra, basta clicar em \u201cver custos de envio\u201d.<\/span><\/span><\/span><\/p>\n<p><span style=\"color: #1c1d1e;\">\u2022 <span style=\"font-family: Arial, sans-serif;\"><span style=\"font-size: medium;\">Verifique o endere\u00e7o de entrega cadastrado e atualize caso necess\u00e1rio.<br \/>\n\u2022 Confirme se a pe\u00e7a \u00e9 correta para o seu modelo de ve\u00edculo.<\/span><\/span><\/span><\/p>\n<p><span style=\"color: #1c1d1e;\">\u2022 <span style=\"font-family: Arial, sans-serif;\"><span style=\"font-size: medium;\">Para pe\u00e7as automotivas, recomendamos a instala\u00e7\u00e3o por um profissional especializado.<\/span><\/span><\/span><\/p>\n<p><span style=\"color: #1c1d1e;\">\u2022 <\/span><span style=\"font-family: Arial, sans-serif;\"><span style=\"font-size: medium;\"><span style=\"color: #1c1d1e;\">Caso possua outras d\u00favidas, entre em contato.<\/span><\/span><\/span><\/p>\n","protected":false},"excerpt":{"rendered":"<h2>Bomba Combust\u00edvel Gasolina Honda Fit 1.4 2005 &#8211; 0580454094<\/h2>\n","protected":false},"featured_media":39628,"template":"","meta":{"_seopress_robots_primary_cat":"none","_seopress_titles_title":"","_seopress_titles_desc":"","_seopress_robots_index":"","_seopress_analysis_target_kw":"","_kad_blocks_custom_css":"","_kad_blocks_head_custom_js":"","_kad_blocks_body_custom_js":"","_kad_blocks_footer_custom_js":"","_kadence_starter_templates_imported_post":false,"_joinchat":[]},"product_brand":[],"product_cat":[257,21],"product_tag":[1122],"berocket_brand":[385],"class_list":{"0":"post-39622","1":"product","2":"type-product","3":"status-publish","4":"has-post-thumbnail","6":"product_cat-bomba-de-combustivel","7":"product_cat-injecao-eletronica","8":"product_tag-fit","9":"berocket_brand-honda","10":"thunk-woo-product-list","11":"big-store-woo-hover-zoom","12":"open-single-product-tab-horizontal","13":"open-shadow-","14":"open-shadow-hover-","16":"first","17":"instock","18":"sale","19":"taxable","20":"shipping-taxable","21":"purchasable","22":"product-type-simple"},"taxonomy_info":{"product_cat":[{"value":257,"label":"Bomba de Combustivel"},{"value":21,"label":"Inje\u00e7\u00e3o Eletr\u00f4nica"}],"product_tag":[{"value":1122,"label":"Fit"}],"berocket_brand":[{"value":385,"label":"Honda"}]},"featured_image_src_large":["https:\/\/www.casadainjecao.com.br\/loja\/wp-content\/uploads\/2025\/04\/Bomba-Combustivel-Gasolina-Honda-Fit-1.4-2005-0580454094-920x920.jpg",640,640,true],"author_info":[],"comment_info":"","_links":{"self":[{"href":"https:\/\/www.casadainjecao.com.br\/loja\/wp-json\/wp\/v2\/product\/39622","targetHints":{"allow":["GET"]}}],"collection":[{"href":"https:\/\/www.casadainjecao.com.br\/loja\/wp-json\/wp\/v2\/product"}],"about":[{"href":"https:\/\/www.casadainjecao.com.br\/loja\/wp-json\/wp\/v2\/types\/product"}],"wp:featuredmedia":[{"embeddable":true,"href":"https:\/\/www.casadainjecao.com.br\/loja\/wp-json\/wp\/v2\/media\/39628"}],"wp:attachment":[{"href":"https:\/\/www.casadainjecao.com.br\/loja\/wp-json\/wp\/v2\/media?parent=39622"}],"wp:term":[{"taxonomy":"product_brand","embeddable":true,"href":"https:\/\/www.casadainjecao.com.br\/loja\/wp-json\/wp\/v2\/product_brand?post=39622"},{"taxonomy":"product_cat","embeddable":true,"href":"https:\/\/www.casadainjecao.com.br\/loja\/wp-json\/wp\/v2\/product_cat?post=39622"},{"taxonomy":"product_tag","embeddable":true,"href":"https:\/\/www.casadainjecao.com.br\/loja\/wp-json\/wp\/v2\/product_tag?post=39622"},{"taxonomy":"berocket_brand","embeddable":true,"href":"https:\/\/www.casadainjecao.com.br\/loja\/wp-json\/wp\/v2\/berocket_brand?post=39622"}],"curies":[{"name":"wp","href":"https:\/\/api.w.org\/{rel}","templated":true}]}}