{"id":39788,"date":"2025-04-22T17:37:10","date_gmt":"2025-04-22T20:37:10","guid":{"rendered":"https:\/\/www.casadainjecao.com.br\/loja\/?post_type=product&#038;p=39788"},"modified":"2026-05-08T17:04:44","modified_gmt":"2026-05-08T20:04:44","slug":"kit-4-bicos-injetores-citroen-c4-c5-picasso-2-0-16v-9660275780","status":"publish","type":"product","link":"https:\/\/www.casadainjecao.com.br\/loja\/autopecas\/injecao-eletronica\/bico-injetor\/kit-4-bicos-injetores-citroen-c4-c5-picasso-2-0-16v-9660275780\/","title":{"rendered":"Kit 4 Bicos Injetores Citroen C4 C5 Picasso 2.0 16v &#8211; "},"content":{"rendered":"<h2>Kit 4 Bicos Injetores Gasolina Deka<\/h2>\n<p>PEUGEOT<\/p>\n<p>307 2.0 16V Gasolina 2004 a 2010<\/p>\n<p>308 2.0 16V Gasolina 2004 a 2010<\/p>\n<p>407 2.0 16V Gasolina 2004 a 2010<\/p>\n<p>408 2.0 16V Gasolina 2004 a 2010<\/p>\n<p>CITROEN<\/p>\n<p>C4 Pallas\u00a0 2.0 16V Gasolina 2007 a 2013<\/p>\n<p>C5 2.0 16V Gasolina 2001 a 2010<\/p>\n<p>C8 PICASSO 2.0 16V Gasolina 2001 a 2010<\/p>\n<p>C\u00f3digo de Refer\u00eancia:<\/p>\n<h4>Original: Deka 7_1<\/h4>\n<p>Compat\u00edveis: 1984F8, 9660275780<\/p>\n<h4 class=\"western\">Condi\u00e7\u00f5es:<\/h4>\n<p>Produto Novo \/ Marca Deka<\/p>\n<h4>Especifica\u00e7\u00f5es T\u00e9cnicas:<\/h4>\n<p>Marca: DEKA<\/p>\n<p>Condi\u00e7\u00e3o do item: N ovo<\/p>\n<p>Modelo: Bico Injetor<\/p>\n<p>OEM: 9660275780<\/p>\n<h4 class=\"western\">Garantia:<\/h4>\n<p>3 Meses<\/p>\n<h3 class=\"western\">ATEN\u00c7\u00c3O: Antes de efetuar a compra verifique o c\u00f3digo da sua pe\u00e7a que est\u00e1 instalada no seu ve\u00edculo.<\/h3>\n<h4 class=\"western\"><\/h4>\n<p>A Casa da Inje\u00e7\u00e3o oferece total garantia nos produtos comprados em nosso site.<\/p>\n<p>Cada item \u00e9 rigorosamente testado antes do envio<\/p>\n<p>Se os itens estiverem danificados ou parcialmente defeituosos, entre em contato conosco.<\/p>\n<p>Procure um profissional devidamente licenciado para a instala\u00e7\u00e3o e fa\u00e7a revis\u00f5es periodicamente. A empresa n\u00e3o se responsabiliza por problemas oriundos da m\u00e1 instala\u00e7\u00e3o ou com a falta de cuidados peri\u00f3dicos dos componentes.<\/p>\n<p>Se houver qualquer defeito, n\u00f3s lhe enviaremos uma substitui\u00e7\u00e3o ap\u00f3s receber o pacote ou devolvemos seu dinheiro.<\/p>\n<p>Leia nossa\u00a0<a href=\"https:\/\/www.casadainjecao.com.br\/loja\/politica-de-devolucao\">pol\u00edtica de devolu\u00e7\u00e3o aqui<\/a><\/p>\n<p>\u2014\u2014\u2014\u2014\u2014\u2014\u2014\u2014\u2014\u2014\u2014\u2014\u2014\u2014\u2014\u2014\u2014\u2014\u2014\u2013<\/p>\n<p>Tem alguma d\u00favida?<\/p>\n<p>Entre em contato que podemos ajudar!<\/p>\n<p>Confira as informa\u00e7\u00f5es adicionais abaixo:<\/p>\n<p>Todos os nossos produtos s\u00e3o novos, semi-novos, originais e paralelos possuem garantia.<\/p>\n<p>Todos os produtos anunciados est\u00e3o dispon\u00edveis em estoque e s\u00e3o enviados com extrema rapidez.<\/p>\n<p>O frete pode ser simulado antes de efetuar a compra, basta clicar em \u201cver custos de envio\u201d.<\/p>\n<p>Verifique o endere\u00e7o de entrega cadastrado e atualize caso necess\u00e1rio.<\/p>\n<p>Confirme se a pe\u00e7a \u00e9 correta para o seu modelo de ve\u00edculo.<\/p>\n<p>Para pe\u00e7as automotivas, recomendamos a instala\u00e7\u00e3o por um profissional especializado.<\/p>\n<p><span style=\"color: #000000;\"><span style=\"font-family: Proxima Nova, apple-system, Roboto, Arial, sans-serif;\"><span style=\"font-size: large;\">Caso possua outras d\u00favidas, entre em contato.<\/span><\/span><\/span><\/p>\n","protected":false},"excerpt":{"rendered":"<h2>Kit 4 Bicos Injetores Peugeot 408 Citroen C4 C5 Picasso 2.0 16v &#8211; 9660275780<\/h2>\n","protected":false},"featured_media":39792,"template":"","meta":{"_seopress_robots_primary_cat":"none","_seopress_titles_title":"","_seopress_titles_desc":"","_seopress_robots_index":"","_kad_blocks_custom_css":"","_kad_blocks_head_custom_js":"","_kad_blocks_body_custom_js":"","_kad_blocks_footer_custom_js":"","_joinchat":[]},"product_cat":[256,21],"product_tag":[1756,1757,1758,1679,1676,1387,245,1759],"berocket_brand":[382,393],"taxonomy_info":{"product_cat":[{"value":256,"label":"Bico Injetor"},{"value":21,"label":"Inje\u00e7\u00e3o Eletr\u00f4nica"}],"product_tag":[{"value":1756,"label":"308"},{"value":1757,"label":"407"},{"value":1758,"label":"408"},{"value":1679,"label":"C5"},{"value":1676,"label":"C8"},{"value":1387,"label":"Citroen C4"},{"value":245,"label":"Peugeot 307"},{"value":1759,"label":"PICASSO 2.0"}],"berocket_brand":[{"value":382,"label":"Citroen"},{"value":393,"label":"Peugeot"}]},"featured_image_src_large":["https:\/\/www.casadainjecao.com.br\/loja\/wp-content\/uploads\/2025\/04\/Bico-Injetor-Citroen-C4-C5-Picasso-2.0-16v-9660275780-5-1-920x920.jpg",640,640,true],"author_info":[],"comment_info":"","_links":{"self":[{"href":"https:\/\/www.casadainjecao.com.br\/loja\/wp-json\/wp\/v2\/product\/39788"}],"collection":[{"href":"https:\/\/www.casadainjecao.com.br\/loja\/wp-json\/wp\/v2\/product"}],"about":[{"href":"https:\/\/www.casadainjecao.com.br\/loja\/wp-json\/wp\/v2\/types\/product"}],"wp:featuredmedia":[{"embeddable":true,"href":"https:\/\/www.casadainjecao.com.br\/loja\/wp-json\/wp\/v2\/media\/39792"}],"wp:attachment":[{"href":"https:\/\/www.casadainjecao.com.br\/loja\/wp-json\/wp\/v2\/media?parent=39788"}],"wp:term":[{"taxonomy":"product_cat","embeddable":true,"href":"https:\/\/www.casadainjecao.com.br\/loja\/wp-json\/wp\/v2\/product_cat?post=39788"},{"taxonomy":"product_tag","embeddable":true,"href":"https:\/\/www.casadainjecao.com.br\/loja\/wp-json\/wp\/v2\/product_tag?post=39788"},{"taxonomy":"berocket_brand","embeddable":true,"href":"https:\/\/www.casadainjecao.com.br\/loja\/wp-json\/wp\/v2\/berocket_brand?post=39788"}],"curies":[{"name":"wp","href":"https:\/\/api.w.org\/{rel}","templated":true}]}}