{"id":39965,"date":"2025-05-01T12:14:52","date_gmt":"2025-05-01T15:14:52","guid":{"rendered":"https:\/\/www.casadainjecao.com.br\/loja\/?post_type=product&#038;p=39965"},"modified":"2025-09-10T11:35:52","modified_gmt":"2025-09-10T14:35:52","slug":"tanque-combustivel-duster-captur-sandero-oroch-172026529r","status":"publish","type":"product","link":"https:\/\/www.casadainjecao.com.br\/loja\/autopecas\/injecao-eletronica\/bomba-de-combustivel\/tanque-combustivel-duster-captur-sandero-oroch-172026529r\/","title":{"rendered":"Tanque Combustivel Logan Duster Captur Sandero &#8211; 17202"},"content":{"rendered":"<h1>Tanque Combustivel<\/h1>\n<h3>Renault Duster,Logan, Captur, Sandero, Oroch<\/h3>\n<h3 data-start=\"710\" data-end=\"752\"><strong data-start=\"718\" data-end=\"752\">C\u00f3digos Originais Compat\u00edveis:<\/strong><\/h3>\n<ul data-start=\"754\" data-end=\"870\">\n<li data-start=\"754\" data-end=\"768\">\n<p data-start=\"756\" data-end=\"768\"><strong>172026529R<\/strong><\/p>\n<\/li>\n<li data-start=\"769\" data-end=\"782\">\n<p data-start=\"771\" data-end=\"782\"><strong>100043810<\/strong><\/p>\n<\/li>\n<li data-start=\"783\" data-end=\"797\">\n<p data-start=\"785\" data-end=\"797\"><strong>172024980R<\/strong><\/p>\n<\/li>\n<li data-start=\"798\" data-end=\"812\">\n<p data-start=\"800\" data-end=\"812\"><strong>172021257R<\/strong><\/p>\n<\/li>\n<li data-start=\"813\" data-end=\"827\">\n<p data-start=\"815\" data-end=\"827\"><strong>172026918R<\/strong><\/p>\n<\/li>\n<li data-start=\"828\" data-end=\"842\">\n<p data-start=\"830\" data-end=\"842\"><strong>172023936R<\/strong><\/p>\n<\/li>\n<li data-start=\"843\" data-end=\"857\">\n<p data-start=\"845\" data-end=\"857\"><strong>172023055R<\/strong><\/p>\n<\/li>\n<li data-start=\"858\" data-end=\"870\">\n<p data-start=\"860\" data-end=\"870\"><strong>172020597R<\/strong><\/p>\n<\/li>\n<\/ul>\n<h5><strong>Condi\u00e7\u00f5es:<\/strong><\/h5>\n<h5><strong>Produto Novo Original<\/strong><\/h5>\n<h5><strong>Garantia:<\/strong><\/h5>\n<h5><strong>3 Meses<\/strong><\/h5>\n<h5><strong>ATEN\u00c7\u00c3O: Antes de efetuar a compra verifique o c\u00f3digo da sua pe\u00e7a que est\u00e1 instalado no seu ve\u00edculo.<\/strong><\/h5>\n<h5><strong>A Casa da Inje\u00e7\u00e3o oferece total garantia nos produtos comprados em nosso site.<\/strong><\/h5>\n<h5><strong>Cada item \u00e9 rigorosamente testado antes do envio<\/strong><\/h5>\n<h5><strong>Se os itens estiverem danificados ou parcialmente defeituosos, entre em contato conosco.<\/strong><\/h5>\n<h5><strong>Procure um profissional devidamente licenciado para a instala\u00e7\u00e3o e fa\u00e7a revis\u00f5es periodicamente. A empresa n\u00e3o se responsabiliza por problemas oriundos da m\u00e1 instala\u00e7\u00e3o ou com a falta de cuidados peri\u00f3dicos dos componentes.<\/strong><\/h5>\n<h5><strong>Se houver qualquer defeito, n\u00f3s lhe enviaremos uma substitui\u00e7\u00e3o ap\u00f3s receber o pacote ou devolvemos seu dinheiro.<\/strong><\/h5>\n<h5><strong>Leia nossa\u00a0<\/strong><a href=\"https:\/\/www.casadainjecao.com.br\/loja\/politica-de-devolucao\"><strong>pol\u00edtica de devolu\u00e7\u00e3o aqui<\/strong><\/a><\/h5>\n<h5><strong>\u2014\u2014\u2014\u2014\u2014\u2014\u2014\u2014\u2014\u2014\u2014\u2014\u2014\u2014\u2014\u2014\u2014\u2014\u2014\u2013<\/strong><\/h5>\n<h5><strong>Tem alguma d\u00favida?<\/strong><\/h5>\n<h5><strong>Entre em contato que podemos ajudar!<\/strong><\/h5>\n<h5><strong>Confira as informa\u00e7\u00f5es adicionais abaixo:<\/strong><\/h5>\n<h5><strong>Todos os nossos produtos s\u00e3o novos, semi-novos, originais e paralelos possuem garantia.<\/strong><\/h5>\n<h5><strong>Todos os produtos anunciados est\u00e3o dispon\u00edveis em estoque e s\u00e3o enviados com extrema rapidez.<\/strong><\/h5>\n<h5><strong>O frete pode ser simulado antes de efetuar a compra, basta clicar em \u201cver custos de envio\u201d.<\/strong><\/h5>\n<h5><strong>Verifique o endere\u00e7o de entrega cadastrado e atualize caso necess\u00e1rio.<\/strong><\/h5>\n<h5><strong>Confirme se a pe\u00e7a \u00e9 correta para o seu modelo de ve\u00edculo.<\/strong><\/h5>\n<h5><strong>Para pe\u00e7as automotivas, recomendamos a instala\u00e7\u00e3o por um profissional especializado.<\/strong><\/h5>\n<h5><strong>Caso possua outras d\u00favidas, entre em contato.<\/strong><\/h5>\n","protected":false},"excerpt":{"rendered":"<h2>Tanque Combustivel Duster Captur Sandero Oroch &#8211; 172026529r<\/h2>\n","protected":false},"featured_media":41218,"template":"","meta":{"_seopress_robots_primary_cat":"none","_seopress_titles_title":"","_seopress_titles_desc":"","_seopress_robots_index":"","_joinchat":[]},"product_cat":[257,21,2191,1385],"product_tag":[52,66,91],"berocket_brand":[394],"_links":{"self":[{"href":"https:\/\/www.casadainjecao.com.br\/loja\/wp-json\/wp\/v2\/product\/39965"}],"collection":[{"href":"https:\/\/www.casadainjecao.com.br\/loja\/wp-json\/wp\/v2\/product"}],"about":[{"href":"https:\/\/www.casadainjecao.com.br\/loja\/wp-json\/wp\/v2\/types\/product"}],"wp:featuredmedia":[{"embeddable":true,"href":"https:\/\/www.casadainjecao.com.br\/loja\/wp-json\/wp\/v2\/media\/41218"}],"wp:attachment":[{"href":"https:\/\/www.casadainjecao.com.br\/loja\/wp-json\/wp\/v2\/media?parent=39965"}],"wp:term":[{"taxonomy":"product_cat","embeddable":true,"href":"https:\/\/www.casadainjecao.com.br\/loja\/wp-json\/wp\/v2\/product_cat?post=39965"},{"taxonomy":"product_tag","embeddable":true,"href":"https:\/\/www.casadainjecao.com.br\/loja\/wp-json\/wp\/v2\/product_tag?post=39965"},{"taxonomy":"berocket_brand","embeddable":true,"href":"https:\/\/www.casadainjecao.com.br\/loja\/wp-json\/wp\/v2\/berocket_brand?post=39965"}],"curies":[{"name":"wp","href":"https:\/\/api.w.org\/{rel}","templated":true}]}}