{"id":40143,"date":"2025-05-09T11:05:55","date_gmt":"2025-05-09T14:05:55","guid":{"rendered":"https:\/\/www.casadainjecao.com.br\/loja\/?post_type=product&#038;p=40143"},"modified":"2026-04-27T22:57:36","modified_gmt":"2026-04-28T01:57:36","slug":"kit-4-bicos-injetores-gol-1-0-8v-power-gasolina-0280156144","status":"publish","type":"product","link":"https:\/\/www.casadainjecao.com.br\/loja\/autopecas\/injecao-eletronica\/bico-injetor\/kit-4-bicos-injetores-gol-1-0-8v-power-gasolina-0280156144\/","title":{"rendered":"Kit 4 Bicos Injetores Gol 1.0 8v Power Gasolina &#8211; 0280"},"content":{"rendered":"<h1 class=\"ui-pdp-title\">Kit 4 Bicos Injetores \/ V\u00e1lvulas de Inje\u00e7\u00e3o<\/h1>\n<h3 class=\"ui-pdp-title\">Volkswagen Gol G3 1.0Mi 1.0 8v (1999 a 2005)<\/h3>\n<h3><strong>C\u00f3digo de refer\u00eancia:<\/strong><\/h3>\n<h3>0280156144<\/h3>\n<h5>Condi\u00e7\u00f5es:<\/h5>\n<h5>Novo \/ Marca: Torken<\/h5>\n<h5><strong>Garantia:<\/strong><\/h5>\n<h5>3 Meses<strong>\u00a0<\/strong><\/h5>\n<h5>ATEN\u00c7\u00c3O: IMPORTANTE confirmar a numera\u00e7\u00e3o antes da compra, e se a mesma bate com o c\u00f3digo original do carro. C\u00f3digo igual pe\u00e7a correta, caso seja diferente entre em contato conosco para confirma\u00e7\u00e3o do mesmo e para tirar suas duvidas.<\/h5>\n<h5><strong>\u00a0O que \u00e9 e para que serve o bico injetor?<\/strong><\/h5>\n<h5>Portanto, a fun\u00e7\u00e3o do bico injetor\u00a0\u00e9 fazer com que o combust\u00edvel se espalhe e se misture com o ar de forma r\u00e1pida, pulverizando de acordo com intervalos espec\u00edficos, de modo a garantir que a queima de combust\u00edvel aconte\u00e7a o mais pr\u00f3ximo do ideal, otimizando o funcionamento do motor do ve\u00edculo.<\/h5>\n<h5><\/h5>\n<h5>A Casa da Inje\u00e7\u00e3o oferece total garantia nos produtos comprados em nosso site.<\/h5>\n<ol>\n<li>\n<h5>Cada item \u00e9 rigorosamente testado antes do envio<\/h5>\n<\/li>\n<li>\n<h5>Se os itens estiverem danificados ou parcialmente defeituosos, entre em contato conosco.<\/h5>\n<\/li>\n<\/ol>\n<h5>Se houver qualquer defeito, n\u00f3s lhe enviaremos uma substitui\u00e7\u00e3o ap\u00f3s receber o pacote ou devolvemos seu dinheiro.<\/h5>\n<h5>Leia nossa <span style=\"color: #ff0000;\"><a style=\"color: #ff0000;\" href=\"https:\/\/www.casadainjecao.com.br\/loja\/politica-de-devolucao\">pol\u00edtica de devolu\u00e7\u00e3o aqui<\/a><\/span><\/h5>\n<h5>&#8212;&#8212;&#8212;&#8212;&#8212;&#8212;&#8212;&#8212;&#8212;&#8212;&#8212;&#8212;&#8212;&#8212;&#8212;&#8212;&#8212;&#8212;&#8212;&#8212;-<\/h5>\n<h5><strong>Tem alguma d\u00favida?<\/strong><\/h5>\n<h5>Entre em contato que podemos ajudar!<\/h5>\n<h5>Confira as informa\u00e7\u00f5es adicionais abaixo:<\/h5>\n<ul>\n<li>\n<h5>Todos os nossos produtos s\u00e3o novos, semi-novos, originais e paralelos possuem garantia.<\/h5>\n<\/li>\n<li>\n<h5>Todos os produtos anunciados est\u00e3o dispon\u00edveis em estoque e s\u00e3o enviados com extrema rapidez.<\/h5>\n<\/li>\n<li>\n<h5>O frete pode ser simulado antes de efetuar a compra, basta clicar em \u201cver custos de envio\u201d.<\/h5>\n<\/li>\n<li>\n<h5>Verifique o endere\u00e7o de entrega cadastrado e atualize caso necess\u00e1rio.<\/h5>\n<\/li>\n<li>\n<h5>Confirme se a pe\u00e7a \u00e9 correta para o seu modelo de ve\u00edculo.<\/h5>\n<\/li>\n<li>\n<h5>Para pe\u00e7as automotivas, recomendamos a instala\u00e7\u00e3o por um profissional especializado.<\/h5>\n<\/li>\n<\/ul>\n<h5>Caso possua outras d\u00favidas, entre em contato.<\/h5>\n","protected":false},"excerpt":{"rendered":"<h2>Kit 4 Bicos Injetores Gol 1.0 8v Power Gasolina &#8211; 0280156144<\/h2>\n","protected":false},"featured_media":43873,"template":"","meta":{"_seopress_robots_primary_cat":"none","_seopress_titles_title":"","_seopress_titles_desc":"","_seopress_robots_index":"","_joinchat":[]},"product_cat":[256,21],"product_tag":[1742],"berocket_brand":[396],"_links":{"self":[{"href":"https:\/\/www.casadainjecao.com.br\/loja\/wp-json\/wp\/v2\/product\/40143"}],"collection":[{"href":"https:\/\/www.casadainjecao.com.br\/loja\/wp-json\/wp\/v2\/product"}],"about":[{"href":"https:\/\/www.casadainjecao.com.br\/loja\/wp-json\/wp\/v2\/types\/product"}],"wp:featuredmedia":[{"embeddable":true,"href":"https:\/\/www.casadainjecao.com.br\/loja\/wp-json\/wp\/v2\/media\/43873"}],"wp:attachment":[{"href":"https:\/\/www.casadainjecao.com.br\/loja\/wp-json\/wp\/v2\/media?parent=40143"}],"wp:term":[{"taxonomy":"product_cat","embeddable":true,"href":"https:\/\/www.casadainjecao.com.br\/loja\/wp-json\/wp\/v2\/product_cat?post=40143"},{"taxonomy":"product_tag","embeddable":true,"href":"https:\/\/www.casadainjecao.com.br\/loja\/wp-json\/wp\/v2\/product_tag?post=40143"},{"taxonomy":"berocket_brand","embeddable":true,"href":"https:\/\/www.casadainjecao.com.br\/loja\/wp-json\/wp\/v2\/berocket_brand?post=40143"}],"curies":[{"name":"wp","href":"https:\/\/api.w.org\/{rel}","templated":true}]}}