{"id":40176,"date":"2025-05-12T17:30:25","date_gmt":"2025-05-12T20:30:25","guid":{"rendered":"https:\/\/www.casadainjecao.com.br\/loja\/?post_type=product&#038;p=40176"},"modified":"2026-04-23T12:22:29","modified_gmt":"2026-04-23T15:22:29","slug":"bico-injetor-chevrolet-omega-silverado-4-1-0280150975","status":"publish","type":"product","link":"https:\/\/www.casadainjecao.com.br\/loja\/autopecas\/injecao-eletronica\/bico-injetor\/bico-injetor-chevrolet-omega-silverado-4-1-0280150975\/","title":{"rendered":"Bico Injetor Chevrolet Omega Silverado 4.1 0280150975"},"content":{"rendered":"<h2 class=\"western\"><strong>Bico Injetor<\/strong><\/h2>\n<p>OMEGA 4.1 1995\u00a0a\u00a01998<\/p>\n<p>SILVERADO 4.1 1995\u00a0a\u00a01998<\/p>\n<p>BLAZER 4.1 1995\u00a0a\u00a01998<\/p>\n<h4 class=\"western\"><strong>C\u00f3digo de Refer\u00eancia:<\/strong><\/h4>\n<p>0280150975,\u00a093225087<\/p>\n<h4 class=\"western\"><strong>Condi\u00e7\u00f5es:<\/strong><\/h4>\n<p>Novo \/ Marca Torken<\/p>\n<h4 class=\"western\"><strong>Garantia:<\/strong><\/h4>\n<p>3 Meses<strong>\u00a0<\/strong><\/p>\n<h3 class=\"western\">ATEN\u00c7\u00c3O: Antes de efetuar a compra verifique o c\u00f3digo da sua pe\u00e7a que est\u00e1 instalada no seu ve\u00edculo.<\/h3>\n<p>&nbsp;<\/p>\n<p><span style=\"color: #1c1d1e;\"><span style=\"font-family: Roboto-Regular, sans-serif;\"><span style=\"font-size: large;\">A Casa da Inje\u00e7\u00e3o oferece total garantia nos produtos comprados em nosso site.<\/span><\/span><\/span><\/p>\n<ol>\n<li><span style=\"color: #1c1d1e;\"><span style=\"font-family: Roboto-Regular, sans-serif;\"><span style=\"font-size: large;\">Cada item \u00e9 rigorosamente testado antes do envio<\/span><\/span><\/span><\/li>\n<li><span style=\"color: #1c1d1e;\"><span style=\"font-family: Roboto-Regular, sans-serif;\"><span style=\"font-size: large;\">Se os itens estiverem danificados ou parcialmente defeituosos, entre em contato conosco.<\/span><\/span><\/span><\/li>\n<\/ol>\n<p><span style=\"color: #1c1d1e;\"><span style=\"font-family: Roboto-Regular, sans-serif;\"><span style=\"font-size: large;\">Se houver qualquer defeito, n\u00f3s lhe enviaremos uma substitui\u00e7\u00e3o ap\u00f3s receber o pacote ou devolvemos seu dinheiro.<\/span><\/span><\/span><\/p>\n<p><span style=\"color: #1c1d1e;\"><span style=\"font-family: Roboto-Regular, sans-serif;\"><span style=\"font-size: large;\">Leia nossa\u00a0<\/span><\/span><\/span><a href=\"https:\/\/www.casadainjecao.com.br\/loja\/politica-de-devolucao\"><span style=\"color: #ff0000;\"><span style=\"font-family: Roboto-Regular, sans-serif;\"><span style=\"font-size: large;\">pol\u00edtica de devolu\u00e7\u00e3o aqui<\/span><\/span><\/span><\/a><\/p>\n<p><span style=\"color: #1c1d1e;\">\u2014\u2014\u2014\u2014\u2014\u2014\u2014\u2014\u2014\u2014\u2014\u2014\u2014\u2014\u2014\u2014\u2014\u2014\u2014\u2013<\/span><\/p>\n<p><strong><span style=\"color: #1c1d1e;\"><span style=\"font-family: Roboto-Bold, sans-serif;\"><span style=\"font-size: large;\">Tem alguma d\u00favida?<\/span><\/span><\/span><\/strong><\/p>\n<p><span style=\"color: #1c1d1e;\"><span style=\"font-family: Roboto-Regular, sans-serif;\"><span style=\"font-size: large;\">Entre em contato que podemos ajudar!<\/span><\/span><\/span><\/p>\n<ul>\n<li><span style=\"color: #1c1d1e;\"><span style=\"font-family: Roboto-Regular, sans-serif;\"><span style=\"font-size: large;\">Confira as informa\u00e7\u00f5es adicionais abaixo:<\/span><\/span><\/span><\/li>\n<li><span style=\"color: #1c1d1e;\"><span style=\"font-family: Roboto-Regular, sans-serif;\"><span style=\"font-size: large;\">Todos os nossos produtos s\u00e3o novos, semi-novos, originais e paralelos possuem garantia.<\/span><\/span><\/span><\/li>\n<li><span style=\"color: #1c1d1e;\"><span style=\"font-family: Roboto-Regular, sans-serif;\"><span style=\"font-size: large;\">Todos os produtos anunciados est\u00e3o dispon\u00edveis em estoque e s\u00e3o enviados com extrema rapidez.<\/span><\/span><\/span><\/li>\n<li><span style=\"color: #1c1d1e;\"><span style=\"font-family: Roboto-Regular, sans-serif;\"><span style=\"font-size: large;\">O frete pode ser simulado antes de efetuar a compra, basta clicar em \u201cver custos de envio\u201d.<\/span><\/span><\/span><\/li>\n<li><span style=\"color: #1c1d1e;\"><span style=\"font-family: Roboto-Regular, sans-serif;\"><span style=\"font-size: large;\">Verifique o endere\u00e7o de entrega cadastrado e atualize caso necess\u00e1rio.<\/span><\/span><\/span><\/li>\n<li><span style=\"color: #1c1d1e;\"><span style=\"font-family: Roboto-Regular, sans-serif;\"><span style=\"font-size: large;\">Confirme se a pe\u00e7a \u00e9 correta para o seu modelo de ve\u00edculo.<\/span><\/span><\/span><\/li>\n<li><span style=\"color: #1c1d1e;\"><span style=\"font-family: Roboto-Regular, sans-serif;\"><span style=\"font-size: large;\">Para pe\u00e7as automotivas, recomendamos a instala\u00e7\u00e3o por um profissional especializado.<\/span><\/span><\/span><\/li>\n<\/ul>\n<p><span style=\"color: #1c1d1e;\"><span style=\"font-family: Roboto-Regular, sans-serif;\"><span style=\"font-size: large;\">Caso possua outras d\u00favidas, entre em contato.<\/span><\/span><\/span><\/p>\n","protected":false},"excerpt":{"rendered":"<h2>Bico Injetor Chevrolet Omega Silverado 4.1 0280150975<\/h2>\n","protected":false},"featured_media":44746,"template":"","meta":{"_seopress_robots_primary_cat":"none","_seopress_titles_title":"","_seopress_titles_desc":"","_seopress_robots_index":"","_joinchat":[]},"product_cat":[256,21],"product_tag":[1421,1526,1405],"berocket_brand":[381],"_links":{"self":[{"href":"https:\/\/www.casadainjecao.com.br\/loja\/wp-json\/wp\/v2\/product\/40176"}],"collection":[{"href":"https:\/\/www.casadainjecao.com.br\/loja\/wp-json\/wp\/v2\/product"}],"about":[{"href":"https:\/\/www.casadainjecao.com.br\/loja\/wp-json\/wp\/v2\/types\/product"}],"wp:featuredmedia":[{"embeddable":true,"href":"https:\/\/www.casadainjecao.com.br\/loja\/wp-json\/wp\/v2\/media\/44746"}],"wp:attachment":[{"href":"https:\/\/www.casadainjecao.com.br\/loja\/wp-json\/wp\/v2\/media?parent=40176"}],"wp:term":[{"taxonomy":"product_cat","embeddable":true,"href":"https:\/\/www.casadainjecao.com.br\/loja\/wp-json\/wp\/v2\/product_cat?post=40176"},{"taxonomy":"product_tag","embeddable":true,"href":"https:\/\/www.casadainjecao.com.br\/loja\/wp-json\/wp\/v2\/product_tag?post=40176"},{"taxonomy":"berocket_brand","embeddable":true,"href":"https:\/\/www.casadainjecao.com.br\/loja\/wp-json\/wp\/v2\/berocket_brand?post=40176"}],"curies":[{"name":"wp","href":"https:\/\/api.w.org\/{rel}","templated":true}]}}