{"id":40386,"date":"2025-05-21T10:26:34","date_gmt":"2025-05-21T13:26:34","guid":{"rendered":"https:\/\/www.casadainjecao.com.br\/loja\/?post_type=product&#038;p=40386"},"modified":"2025-05-21T10:35:11","modified_gmt":"2025-05-21T13:35:11","slug":"regulador-de-voltagem-alternador-chevrolet-omega-10463096","status":"publish","type":"product","link":"https:\/\/www.casadainjecao.com.br\/loja\/autopecas\/eletrica\/alternadores\/regulador-de-voltagem-alternador-chevrolet-omega-10463096\/","title":{"rendered":"Regulador De Voltagem Alternador Chevrolet Omega &#8211; 104"},"content":{"rendered":"<h1 class=\"ui-pdp-title\">Regulador De Voltagem Alternador com Ar Condicionado<\/h1>\n<h3 class=\"ui-pdp-title\">Chevrolet Omega 1995 a 1999<\/h3>\n<h3>Regulador de Tens\u00e3o, 4 Terminais PLFS, para Alternadores Delco CS130 CS144<\/h3>\n<h3>Codigo:- 10463096,10463119,10463122,10463108,10463121<\/h3>\n<p>Delco 1116413, 1116430, 1116445, 445, D600A, D681, Delco ASVR 19009730, Delco Electronics 16130939, 16219841, DE113, DE130, DE145, N\u00famero de refer\u00eancia original 113, 130, 145, 430, 9730, Outro D445XHD<\/p>\n<p>Buick (1996-1999) Cadillac (1986-2002) Chevrolet (1995-1999) Oldsmobile (1996-1999) Pontiac (1995-1999)<\/p>\n<h3>Unidades n\u00bas<\/h3>\n<p>Delco 10463096, 10463108, 10463119, 10463121, 10463122, 10463189, 10463189, 10463190, 10463294, 10463295, 10463377, 10463385, 10463442, 10463604, 10463640, 10463681, 10463844, 10464076, 10464079, 10464080, 10464088, 10464089, 10464094, 10464403, 10464426, 10479995, 10479996, 10480008, 10480009, 10480048, 10480055, 10480116, 10480172, 10480205, 10480227, 10480265, 10480278, 10480296, 10480297, 10480310, 10480311, 10480313, 10480347, 10480363, 10480366, 1101294, 1101296, 1101350, 1101490, 1101518, 1101519, 1101578, 1101579, 1101847, 19244773; GM 10463096, 10463108, 10463119, 10463121, 10463122, 10463189, 10463190, 10463294, 10463295, 10463377, 10463385, 10463442, 10463604, 10463640, 10463681, 10463844, 10464076, 10464079, 10464080, 10464088, 10464089, 10464094, 10464403, 10464426; N\u00famero de refer\u00eancia original 10480363W<\/p>\n<h5><strong>Condi\u00e7\u00f5es:<\/strong><\/h5>\n<h5><strong>Produto Novo Original<\/strong><\/h5>\n<h5><strong>Garantia:<\/strong><\/h5>\n<h5><strong>3 Meses<\/strong><\/h5>\n<h5><strong>ATEN\u00c7\u00c3O: Antes de efetuar a compra verifique o c\u00f3digo da sua pe\u00e7a que est\u00e1 instalado no seu ve\u00edculo.<\/strong><\/h5>\n<h5><strong>A Casa da Inje\u00e7\u00e3o oferece total garantia nos produtos comprados em nosso site.<\/strong><\/h5>\n<h5><strong>Cada item \u00e9 rigorosamente testado antes do envio<\/strong><\/h5>\n<h5><strong>Se os itens estiverem danificados ou parcialmente defeituosos, entre em contato conosco.<\/strong><\/h5>\n<h5><strong>Procure um profissional devidamente licenciado para a instala\u00e7\u00e3o e fa\u00e7a revis\u00f5es periodicamente. A empresa n\u00e3o se responsabiliza por problemas oriundos da m\u00e1 instala\u00e7\u00e3o ou com a falta de cuidados peri\u00f3dicos dos componentes.<\/strong><\/h5>\n<h5><strong>Se houver qualquer defeito, n\u00f3s lhe enviaremos uma substitui\u00e7\u00e3o ap\u00f3s receber o pacote ou devolvemos seu dinheiro.<\/strong><\/h5>\n<h5><strong>Leia nossa\u00a0<\/strong><a href=\"https:\/\/www.casadainjecao.com.br\/loja\/politica-de-devolucao\"><strong>pol\u00edtica de devolu\u00e7\u00e3o aqui<\/strong><\/a><\/h5>\n<h5><strong>Tem alguma d\u00favida?<\/strong><\/h5>\n<h5><strong>Entre em contato que podemos ajudar!<\/strong><\/h5>\n<h5><strong>Confira as informa\u00e7\u00f5es adicionais abaixo:<\/strong><\/h5>\n<h5><strong>Todos os nossos produtos s\u00e3o novos, semi-novos, originais e paralelos possuem garantia.<\/strong><\/h5>\n<h5><strong>Todos os produtos anunciados est\u00e3o dispon\u00edveis em estoque e s\u00e3o enviados com extrema rapidez.<\/strong><\/h5>\n<h5><strong>O frete pode ser simulado antes de efetuar a compra, basta clicar em \u201cver custos de envio\u201d.<\/strong><\/h5>\n<h5><strong>Verifique o endere\u00e7o de entrega cadastrado e atualize caso necess\u00e1rio.<\/strong><\/h5>\n<h5><strong>Confirme se a pe\u00e7a \u00e9 correta para o seu modelo de ve\u00edculo.<\/strong><\/h5>\n<h5><strong>Para pe\u00e7as automotivas, recomendamos a instala\u00e7\u00e3o por um profissional especializado.<\/strong><\/h5>\n<h5><strong>Caso possua outras d\u00favidas, entre em contato.<\/strong><\/h5>\n","protected":false},"excerpt":{"rendered":"<h2>Regulador De Voltagem Alternador Chevrolet Omega com Ar &#8211; 10463096<\/h2>\n","protected":false},"featured_media":40392,"template":"","meta":{"_seopress_robots_primary_cat":"none","_seopress_titles_title":"","_seopress_titles_desc":"","_seopress_robots_index":"","_joinchat":[]},"product_cat":[99,17,1522],"product_tag":[1526],"berocket_brand":[381],"_links":{"self":[{"href":"https:\/\/www.casadainjecao.com.br\/loja\/wp-json\/wp\/v2\/product\/40386"}],"collection":[{"href":"https:\/\/www.casadainjecao.com.br\/loja\/wp-json\/wp\/v2\/product"}],"about":[{"href":"https:\/\/www.casadainjecao.com.br\/loja\/wp-json\/wp\/v2\/types\/product"}],"wp:featuredmedia":[{"embeddable":true,"href":"https:\/\/www.casadainjecao.com.br\/loja\/wp-json\/wp\/v2\/media\/40392"}],"wp:attachment":[{"href":"https:\/\/www.casadainjecao.com.br\/loja\/wp-json\/wp\/v2\/media?parent=40386"}],"wp:term":[{"taxonomy":"product_cat","embeddable":true,"href":"https:\/\/www.casadainjecao.com.br\/loja\/wp-json\/wp\/v2\/product_cat?post=40386"},{"taxonomy":"product_tag","embeddable":true,"href":"https:\/\/www.casadainjecao.com.br\/loja\/wp-json\/wp\/v2\/product_tag?post=40386"},{"taxonomy":"berocket_brand","embeddable":true,"href":"https:\/\/www.casadainjecao.com.br\/loja\/wp-json\/wp\/v2\/berocket_brand?post=40386"}],"curies":[{"name":"wp","href":"https:\/\/api.w.org\/{rel}","templated":true}]}}