{"id":40442,"date":"2025-05-24T13:12:29","date_gmt":"2025-05-24T16:12:29","guid":{"rendered":"https:\/\/www.casadainjecao.com.br\/loja\/?post_type=product&#038;p=40442"},"modified":"2025-07-09T11:16:53","modified_gmt":"2025-07-09T14:16:53","slug":"conector-completo-sonda-lambda-chevrolet-corsa-original-25162753","status":"publish","type":"product","link":"https:\/\/www.casadainjecao.com.br\/loja\/autopecas\/injecao-eletronica\/sonda-lambda\/conector-completo-sonda-lambda-chevrolet-corsa-original-25162753\/","title":{"rendered":"Conector Completo Sonda Lambda Chevrolet Corsa Original &#82"},"content":{"rendered":"<h1 class=\"ui-pdp-title\">Conector Sonda Lambda Completo<\/h1>\n<h3>Chevrolet<\/h3>\n<h3>Corsa 1.0 16v 1.4 1.6 16v\u00a0 1.8 Sedan 1.0 Pick-up &#8211; 1994 a 2002<\/h3>\n<h3>Vectra 2.0 2.2 &#8211; 1993 a 2005<\/h3>\n<h3>Celta\u00a0 &#8211; 2001<\/h3>\n<h3>Omega &#8211; 1996 a 1999<\/h3>\n<h3>S10 2.0 2.4 &#8211; 1995 a 2007<\/h3>\n<h3>Blazer 2.2 2.4 &#8211; 1995 a 2007<\/h3>\n<h3>Classic 1.0 &#8211; 2003 a 2005<\/h3>\n<h3>Ipanema 2.0 1996 a 1997<\/h3>\n<h3>Astra 1.8 2.0 Sedan 1.8 2.0 &#8211; 1998 a 2004<\/h3>\n<h3>Kadett 2.0 &#8211; 1996 a 1998<\/h3>\n<h3>Monza 2.0 &#8211; 1991 a 1996<\/h3>\n<h3><strong>C\u00f3digo refer\u00eancia:<\/strong><\/h3>\n<h3>SOD00139, 25162753, 25162754, 25106073, 932332414<\/h3>\n<h5><strong>O que \u00e9 e para que serve o Conector de Sonda Lambda?<\/strong><\/h5>\n<h5>O conector da sonda lambda \u00e9 uma parte importante do sistema de controle de emiss\u00f5es de um ve\u00edculo. A sonda lambda, tamb\u00e9m conhecida como sensor de oxig\u00eanio, desempenha um papel crucial na gest\u00e3o do combust\u00edvel e na redu\u00e7\u00e3o de emiss\u00f5es. Permitindo a comunica\u00e7\u00e3o entre a sonda e o sistema de controle do motor, desempenhando um papel cr\u00edtico na otimiza\u00e7\u00e3o da mistura ar-combust\u00edvel, na redu\u00e7\u00e3o de emiss\u00f5es e no monitoramento do sistema de escape.<\/h5>\n<h5><strong>Condi\u00e7\u00f5es:<\/strong><\/h5>\n<h5 class=\"ui-pdp-title\">Novo Original \/ Marca Torken<\/h5>\n<h5>Garantia:<\/h5>\n<h5>3 Meses<\/h5>\n<h5>A Casa da Inje\u00e7\u00e3o oferece total garantia nos produtos comprados em nosso site.<\/h5>\n<ol>\n<li>\n<h5>Cada item \u00e9 rigorosamente testado antes do envio<\/h5>\n<\/li>\n<li>\n<h5>Se os itens estiverem danificados ou parcialmente defeituosos, entre em contato conosco.<\/h5>\n<\/li>\n<\/ol>\n<h5>Se houver qualquer defeito, n\u00f3s lhe enviaremos uma substitui\u00e7\u00e3o ap\u00f3s receber o pacote ou devolvemos seu dinheiro.<\/h5>\n<h5>Leia nossa <a href=\"https:\/\/www.casadainjecao.com.br\/loja\/politica-de-devolucao\">pol\u00edtica de devolu\u00e7\u00e3o aqui<\/a><\/h5>\n<h5>&#8212;&#8212;&#8212;&#8212;&#8212;&#8212;&#8212;&#8212;&#8212;&#8212;&#8212;&#8212;&#8212;&#8212;&#8212;&#8212;&#8212;&#8212;&#8212;&#8211;<\/h5>\n<h5><strong>ATEN\u00c7\u00c3O<\/strong>: Antes de efetuar a compra verifique o c\u00f3digo da pe\u00e7a que est\u00e1 instalada no seu ve\u00edculo.<\/h5>\n<h5>Tem alguma d\u00favida?<\/h5>\n<h5>Entre em contato que podemos ajudar!<\/h5>\n<h5>Confira as informa\u00e7\u00f5es adicionais abaixo:<\/h5>\n<ul>\n<li>\n<h5>Todos os nossos produtos s\u00e3o novos, semi-novos, originais, paralelos e possuem garantia.<\/h5>\n<\/li>\n<li>\n<h5>Todos os produtos anunciados est\u00e3o dispon\u00edveis em estoque e s\u00e3o enviados com extrema rapidez.<\/h5>\n<\/li>\n<li>\n<h5>O frete pode ser simulado antes de efetuar a compra, basta clicar em \u201cver custos de envio\u201d.<\/h5>\n<\/li>\n<li>\n<h5>Verifique o endere\u00e7o de entrega cadastrado e atualize caso necess\u00e1rio.<\/h5>\n<\/li>\n<li>\n<h5>Confirme se a pe\u00e7a \u00e9 correta para o seu modelo de ve\u00edculo.<\/h5>\n<\/li>\n<li>\n<h5>Para pe\u00e7as automotivas, recomendamos a instala\u00e7\u00e3o por um profissional especializado.<\/h5>\n<\/li>\n<\/ul>\n<h5>Caso possua outras d\u00favidas, entre em contato.<\/h5>\n","protected":false},"excerpt":{"rendered":"<h2>Conector Sonda Lambda Completo Chevrolet Corsa Original &#8211; 25162753<\/h2>\n<p>&nbsp;<\/p>\n","protected":false},"featured_media":40444,"template":"","meta":{"_seopress_robots_primary_cat":"none","_seopress_titles_title":"","_seopress_titles_desc":"","_seopress_robots_index":"","_joinchat":[]},"product_cat":[1834,17,21,270],"product_tag":[1829,295,115,1526,1828,109],"berocket_brand":[381],"_links":{"self":[{"href":"https:\/\/www.casadainjecao.com.br\/loja\/wp-json\/wp\/v2\/product\/40442"}],"collection":[{"href":"https:\/\/www.casadainjecao.com.br\/loja\/wp-json\/wp\/v2\/product"}],"about":[{"href":"https:\/\/www.casadainjecao.com.br\/loja\/wp-json\/wp\/v2\/types\/product"}],"wp:featuredmedia":[{"embeddable":true,"href":"https:\/\/www.casadainjecao.com.br\/loja\/wp-json\/wp\/v2\/media\/40444"}],"wp:attachment":[{"href":"https:\/\/www.casadainjecao.com.br\/loja\/wp-json\/wp\/v2\/media?parent=40442"}],"wp:term":[{"taxonomy":"product_cat","embeddable":true,"href":"https:\/\/www.casadainjecao.com.br\/loja\/wp-json\/wp\/v2\/product_cat?post=40442"},{"taxonomy":"product_tag","embeddable":true,"href":"https:\/\/www.casadainjecao.com.br\/loja\/wp-json\/wp\/v2\/product_tag?post=40442"},{"taxonomy":"berocket_brand","embeddable":true,"href":"https:\/\/www.casadainjecao.com.br\/loja\/wp-json\/wp\/v2\/berocket_brand?post=40442"}],"curies":[{"name":"wp","href":"https:\/\/api.w.org\/{rel}","templated":true}]}}