{"id":40719,"date":"2025-06-13T12:02:17","date_gmt":"2025-06-13T15:02:17","guid":{"rendered":"https:\/\/www.casadainjecao.com.br\/loja\/?post_type=product&#038;p=40719"},"modified":"2025-06-13T13:33:16","modified_gmt":"2025-06-13T16:33:16","slug":"regulador-pressao-vw-gol-kombi-peugeot-307-f000dr0222","status":"publish","type":"product","link":"https:\/\/www.casadainjecao.com.br\/loja\/autopecas\/injecao-eletronica\/bomba-de-combustivel\/regulador-pressao-vw-gol-kombi-peugeot-307-f000dr0222\/","title":{"rendered":"Regulador Pressao Vw Gol kombi Peugeot 307 F000DR0222"},"content":{"rendered":"<h2 class=\"western\"><span style=\"color: #000000;\"><span style=\"font-family: Proxima Nova, apple-system, Roboto, Arial, sans-serif;\"><span style=\"font-size: x-large;\">Regulador Pressao\u00a0<\/span><\/span><\/span><\/h2>\n<h3 class=\"western\"><span style=\"color: #000000;\"><span style=\"font-family: Proxima Nova, apple-system, Roboto, Arial, sans-serif;\"><span style=\"font-size: large;\">CITROEN C3 1.4 2005 EM DIANTE<\/span><\/span><\/span><\/h3>\n<h3 class=\"western\"><span style=\"color: #000000;\"><span style=\"font-family: Proxima Nova, apple-system, Roboto, Arial, sans-serif;\"><span style=\"font-size: large;\">PEUGEOT 307 1.6 2006 EM DIANTE<\/span><\/span><\/span><\/h3>\n<h3 class=\"western\"><span style=\"color: #000000;\"><span style=\"font-family: Proxima Nova, apple-system, Roboto, Arial, sans-serif;\"><span style=\"font-size: large;\">VOLKSWAGEN<\/span><\/span><\/span><\/h3>\n<h3 class=\"western\"><span style=\"color: #000000;\"><span style=\"font-family: Proxima Nova, apple-system, Roboto, Arial, sans-serif;\"><span style=\"font-size: large;\">CROSSFOX 1.6 2006 EM DIANTE<\/span><\/span><\/span><\/h3>\n<h3 class=\"western\"><span style=\"color: #000000;\"><span style=\"font-family: Proxima Nova, apple-system, Roboto, Arial, sans-serif;\"><span style=\"font-size: large;\">FOX 1.0 2003 EM DIANTE<\/span><\/span><\/span><\/h3>\n<h3 class=\"western\"><span style=\"color: #000000;\"><span style=\"font-family: Proxima Nova, apple-system, Roboto, Arial, sans-serif;\"><span style=\"font-size: large;\">GOL 1.0 2006 EM DIANTE<\/span><\/span><\/span><\/h3>\n<h3 class=\"western\"><span style=\"color: #000000;\"><span style=\"font-family: Proxima Nova, apple-system, Roboto, Arial, sans-serif;\"><span style=\"font-size: large;\">KOMBI 1.4<\/span><\/span><\/span><\/h3>\n<h3 class=\"western\"><span style=\"color: #000000;\"><span style=\"font-family: Proxima Nova, apple-system, Roboto, Arial, sans-serif;\"><span style=\"font-size: large;\">POLO 1.6 2004 EM DIANTE<\/span><\/span><\/span><\/h3>\n<h3><span style=\"color: #000000;\"><span style=\"font-family: Proxima Nova, apple-system, Roboto, Arial, sans-serif;\"><span style=\"font-size: large;\">C\u00f3digo <\/span><\/span><\/span><span style=\"color: #000000;\"><span style=\"font-family: Proxima Nova, apple-system, Roboto, Arial, sans-serif;\"><span style=\"font-size: large;\">de Refer\u00eancia:<\/span><\/span><\/span><\/h3>\n<h3 class=\"western\"><span style=\"color: #000000;\"><span style=\"font-family: Proxima Nova, apple-system, Roboto, Arial, sans-serif;\"><span style=\"font-size: large;\">F000DR0222, F 000 DR0 222<\/span><\/span><\/span><\/h3>\n<h5 class=\"western\"><strong>Condi\u00e7\u00f5es:<\/strong><\/h5>\n<h5 class=\"western\">Produto Novo \/ Marca Torken<\/h5>\n<h5 class=\"western\">Especifica\u00e7\u00f5es:<\/h5>\n<h5><span style=\"font-family: Proxima Nova, apple-system, Roboto, Arial, sans-serif;\"><span style=\"font-size: x-large;\">4.2 bar<\/span><\/span><\/h5>\n<h5 class=\"western\"><strong>Garantia:<\/strong><\/h5>\n<h5 class=\"western\">3 Meses<\/h5>\n<h5 class=\"western\"><strong>ATEN\u00c7\u00c3O: Antes de efetuar a compra verifique o c\u00f3digo da sua pe\u00e7a que est\u00e1 instalado no seu ve\u00edculo.<\/strong><\/h5>\n<h5 class=\"western\">A Casa da Inje\u00e7\u00e3o oferece total garantia nos produtos comprados em nosso site.<\/h5>\n<h5 class=\"western\">Cada item \u00e9 rigorosamente testado antes do envio<\/h5>\n<h5 class=\"western\">Se os itens estiverem danificados ou parcialmente defeituosos, entre em contato conosco.<\/h5>\n<h5 class=\"western\">Procure um profissional devidamente licenciado para a instala\u00e7\u00e3o e fa\u00e7a revis\u00f5es periodicamente. A empresa n\u00e3o se responsabiliza por problemas oriundos da m\u00e1 instala\u00e7\u00e3o ou com a falta de cuidados peri\u00f3dicos dos componentes.<\/h5>\n<h5 class=\"western\">Se houver qualquer defeito, n\u00f3s lhe enviaremos uma substitui\u00e7\u00e3o ap\u00f3s receber o pacote ou devolvemos seu dinheiro.<\/h5>\n<h5 class=\"western\">Leia nossa\u00a0<span style=\"color: #0000ff;\"><a href=\"https:\/\/www.casadainjecao.com.br\/loja\/politica-de-devolucao\"><span style=\"color: #243f60;\">pol\u00edtica de devolu\u00e7\u00e3o aqui<\/span><\/a><\/span><\/h5>\n<h5 class=\"western\"><strong>Tem alguma d\u00favida?<\/strong><\/h5>\n<h5 class=\"western\">Entre em contato que podemos ajudar!<\/h5>\n<h5 class=\"western\">Confira as informa\u00e7\u00f5es adicionais abaixo:<\/h5>\n<h5 class=\"western\">Todos os nossos produtos s\u00e3o novos, semi-novos, originais e paralelos possuem garantia.<\/h5>\n<h5 class=\"western\">Todos os produtos anunciados est\u00e3o dispon\u00edveis em estoque e s\u00e3o enviados com extrema rapidez.<\/h5>\n<h5 class=\"western\">O frete pode ser simulado antes de efetuar a compra, basta clicar em \u201cver custos de envio\u201d.<\/h5>\n<h5 class=\"western\">Verifique o endere\u00e7o de entrega cadastrado e atualize caso necess\u00e1rio.<\/h5>\n<h5 class=\"western\">Confirme se a pe\u00e7a \u00e9 correta para o seu modelo de ve\u00edculo.<\/h5>\n<h5 class=\"western\">Para pe\u00e7as automotivas, recomendamos a instala\u00e7\u00e3o por um profissional especializado.<\/h5>\n<h5 class=\"western\">Caso possua outras d\u00favidas, entre em contato.<\/h5>\n","protected":false},"excerpt":{"rendered":"<h2>Regulador Pressao Vw Gol kombi Peugeot 307 F000DR0222<\/h2>\n","protected":false},"featured_media":40720,"template":"","meta":{"_seopress_robots_primary_cat":"none","_seopress_titles_title":"","_seopress_titles_desc":"","_seopress_robots_index":"","_kad_blocks_custom_css":"","_kad_blocks_head_custom_js":"","_kad_blocks_body_custom_js":"","_kad_blocks_footer_custom_js":"","_joinchat":[]},"product_cat":[257,21,267],"product_tag":[787,246,76,59,757],"berocket_brand":[382,393,396],"taxonomy_info":{"product_cat":[{"value":257,"label":"Bomba de Combustivel"},{"value":21,"label":"Inje\u00e7\u00e3o Eletr\u00f4nica"},{"value":267,"label":"Regulador de Press\u00e3o"}],"product_tag":[{"value":787,"label":"307"},{"value":246,"label":"Citroen C3"},{"value":76,"label":"fox"},{"value":59,"label":"gol"},{"value":757,"label":"Kombi"}],"berocket_brand":[{"value":382,"label":"Citroen"},{"value":393,"label":"Peugeot"},{"value":396,"label":"Volkswagen"}]},"featured_image_src_large":["https:\/\/www.casadainjecao.com.br\/loja\/wp-content\/uploads\/2025\/06\/Regulador-Pressao-Vw-Gol-kombi-Peugeot-307-F000DR0222-3-920x920.jpg",640,640,true],"author_info":[],"comment_info":"","_links":{"self":[{"href":"https:\/\/www.casadainjecao.com.br\/loja\/wp-json\/wp\/v2\/product\/40719"}],"collection":[{"href":"https:\/\/www.casadainjecao.com.br\/loja\/wp-json\/wp\/v2\/product"}],"about":[{"href":"https:\/\/www.casadainjecao.com.br\/loja\/wp-json\/wp\/v2\/types\/product"}],"wp:featuredmedia":[{"embeddable":true,"href":"https:\/\/www.casadainjecao.com.br\/loja\/wp-json\/wp\/v2\/media\/40720"}],"wp:attachment":[{"href":"https:\/\/www.casadainjecao.com.br\/loja\/wp-json\/wp\/v2\/media?parent=40719"}],"wp:term":[{"taxonomy":"product_cat","embeddable":true,"href":"https:\/\/www.casadainjecao.com.br\/loja\/wp-json\/wp\/v2\/product_cat?post=40719"},{"taxonomy":"product_tag","embeddable":true,"href":"https:\/\/www.casadainjecao.com.br\/loja\/wp-json\/wp\/v2\/product_tag?post=40719"},{"taxonomy":"berocket_brand","embeddable":true,"href":"https:\/\/www.casadainjecao.com.br\/loja\/wp-json\/wp\/v2\/berocket_brand?post=40719"}],"curies":[{"name":"wp","href":"https:\/\/api.w.org\/{rel}","templated":true}]}}