{"id":40724,"date":"2025-06-13T15:20:54","date_gmt":"2025-06-13T18:20:54","guid":{"rendered":"https:\/\/www.casadainjecao.com.br\/loja\/?post_type=product&#038;p=40724"},"modified":"2025-06-13T16:59:33","modified_gmt":"2025-06-13T19:59:33","slug":"regulador-pressao-gm-corsa-celta-fiat-stilo-f000dr0218","status":"publish","type":"product","link":"https:\/\/www.casadainjecao.com.br\/loja\/autopecas\/injecao-eletronica\/bomba-de-combustivel\/regulador-pressao-gm-corsa-celta-fiat-stilo-f000dr0218\/","title":{"rendered":"Regulador Press\u00e3o Gm Corsa Celta Fiat Stilo F000DR0218"},"content":{"rendered":"<h1 class=\"western\">Regulador Pressao<\/h1>\n<h3 class=\"western\"><span style=\"color: #000000;\"><span style=\"font-family: Proxima Nova, apple-system, Roboto, Arial, sans-serif;\"><span style=\"font-size: x-large;\"> Gm<\/span><\/span><\/span><span style=\"color: #000000;\"><span style=\"font-family: Proxima Nova, apple-system, Roboto, Arial, sans-serif;\"><span style=\"font-size: large;\"><br \/>\n<\/span><\/span><\/span><\/h3>\n<h3 class=\"western\" align=\"left\"><span style=\"color: #ff0000;\"><span style=\"font-family: Arial, sans-serif;\"><span style=\"font-size: large;\"><span style=\"color: #000000;\"><span style=\"font-family: Proxima Nova, apple-system, Roboto, Arial, sans-serif;\">Celta 1.0 8V (Flex) 05..15<\/span><\/span><b><br \/>\n<\/b><\/span><\/span><\/span><\/h3>\n<h3 class=\"western\" align=\"left\"><span style=\"color: #ff0000;\"><span style=\"font-family: Arial, sans-serif;\"><span style=\"font-size: large;\"><span style=\"color: #000000;\"><span style=\"font-family: Proxima Nova, apple-system, Roboto, Arial, sans-serif;\">Cobalt 1.4 4cil 8v (Flex) 12..15<\/span><\/span><b><br \/>\n<\/b><\/span><\/span><\/span><\/h3>\n<h3 class=\"western\" align=\"left\"><span style=\"color: #ff0000;\"><span style=\"font-family: Arial, sans-serif;\"><span style=\"font-size: large;\"><span style=\"color: #000000;\"><span style=\"font-family: Proxima Nova, apple-system, Roboto, Arial, sans-serif;\">Cobalt 1.8 8v (Flex) 12..15<\/span><\/span><b><br \/>\n<\/b><\/span><\/span><\/span><\/h3>\n<h3 class=\"western\" align=\"left\"><span style=\"color: #ff0000;\"><span style=\"font-family: Arial, sans-serif;\"><span style=\"font-size: large;\"><span style=\"color: #000000;\"><span style=\"font-family: Proxima Nova, apple-system, Roboto, Arial, sans-serif;\">Corsa 1.0 8V (Gasolina) 02..05<\/span><\/span><b><br \/>\n<\/b><\/span><\/span><\/span><\/h3>\n<h3 class=\"western\" align=\"left\"><span style=\"color: #ff0000;\"><span style=\"font-family: Arial, sans-serif;\"><span style=\"font-size: large;\"><span style=\"color: #000000;\"><span style=\"font-family: Proxima Nova, apple-system, Roboto, Arial, sans-serif;\">Corsa 1.0 8V (Flex) 05..09<\/span><\/span><b><br \/>\n<\/b><\/span><\/span><\/span><\/h3>\n<h3 class=\"western\" align=\"left\"><span style=\"color: #ff0000;\"><span style=\"font-family: Arial, sans-serif;\"><span style=\"font-size: large;\"><span style=\"color: #000000;\"><span style=\"font-family: Proxima Nova, apple-system, Roboto, Arial, sans-serif;\">Corsa 1.4 4cil 8v (Flex) 07..12<\/span><\/span><b><br \/>\n<\/b><\/span><\/span><\/span><\/h3>\n<h3 class=\"western\" align=\"left\"><span style=\"color: #ff0000;\"><span style=\"font-family: Arial, sans-serif;\"><span style=\"font-size: large;\"><span style=\"color: #000000;\"><span style=\"font-family: Proxima Nova, apple-system, Roboto, Arial, sans-serif;\">Corsa 1.8 8v (Gasolina) 02..12<\/span><\/span><b><br \/>\n<\/b><\/span><\/span><\/span><\/h3>\n<h3 class=\"western\" align=\"left\"><span style=\"color: #ff0000;\"><span style=\"font-family: Arial, sans-serif;\"><span style=\"font-size: large;\"><span style=\"color: #000000;\"><span style=\"font-family: Proxima Nova, apple-system, Roboto, Arial, sans-serif;\">Corsa 1.8 8v (Flex) 03..09<\/span><\/span><b><br \/>\n<\/b><\/span><\/span><\/span><\/h3>\n<h3 class=\"western\" align=\"left\"><span style=\"color: #ff0000;\"><span style=\"font-family: Arial, sans-serif;\"><span style=\"font-size: large;\"><span style=\"color: #000000;\"><span style=\"font-family: Proxima Nova, apple-system, Roboto, Arial, sans-serif;\">Cruze 1.8 16v (Flex) 12..14<\/span><\/span><b><br \/>\n<\/b><\/span><\/span><\/span><\/h3>\n<h3 class=\"western\" align=\"left\"><span style=\"color: #ff0000;\"><span style=\"font-family: Arial, sans-serif;\"><span style=\"font-size: large;\"><span style=\"color: #000000;\"><span style=\"font-family: Proxima Nova, apple-system, Roboto, Arial, sans-serif;\">Onix 1.0 8V (Flex) 12..14<\/span><\/span><b><br \/>\n<\/b><\/span><\/span><\/span><\/h3>\n<h3 class=\"western\" align=\"left\"><span style=\"color: #ff0000;\"><span style=\"font-family: Arial, sans-serif;\"><span style=\"font-size: large;\"><span style=\"color: #000000;\"><span style=\"font-family: Proxima Nova, apple-system, Roboto, Arial, sans-serif;\">Onix 1.4 4cil 8v (Flex) 13..15<\/span><\/span><b><br \/>\n<\/b><\/span><\/span><\/span><\/h3>\n<h3 class=\"western\" align=\"left\"><span style=\"color: #ff0000;\"><span style=\"font-family: Arial, sans-serif;\"><span style=\"font-size: large;\"><span style=\"color: #000000;\"><span style=\"font-family: Proxima Nova, apple-system, Roboto, Arial, sans-serif;\">Prisma 1.0 8V (Flex) 09..11<\/span><\/span><b><br \/>\n<\/b><\/span><\/span><\/span><\/h3>\n<h3 class=\"western\" align=\"left\"><span style=\"color: #ff0000;\"><span style=\"font-family: Arial, sans-serif;\"><span style=\"font-size: large;\"><span style=\"color: #000000;\"><span style=\"font-family: Proxima Nova, apple-system, Roboto, Arial, sans-serif;\">Prisma 1.4 4cil 8v (Flex) 06..15<\/span><\/span><b><br \/>\n<\/b><\/span><\/span><\/span><\/h3>\n<h3 class=\"western\" align=\"left\"><span style=\"color: #ff0000;\"><span style=\"font-family: Arial, sans-serif;\"><span style=\"font-size: large;\"><span style=\"color: #000000;\"><span style=\"font-family: Proxima Nova, apple-system, Roboto, Arial, sans-serif;\">Sonic 1.6 16V (Flex) 12..14<\/span><\/span><b><br \/>\n<\/b><\/span><\/span><\/span><\/h3>\n<h3 class=\"western\" align=\"left\"><span style=\"color: #ff0000;\"><span style=\"font-family: Arial, sans-serif;\"><span style=\"font-size: large;\"><span style=\"color: #000000;\"><span style=\"font-family: Proxima Nova, apple-system, Roboto, Arial, sans-serif;\">Spin 1.8 8v (Flex) 12..14<\/span><\/span><b><br \/>\n<\/b><\/span><\/span><\/span><\/h3>\n<h3 class=\"western\" align=\"left\"><span style=\"color: #ff0000;\"><span style=\"font-family: Arial, sans-serif;\"><span style=\"font-size: large;\"><span style=\"color: #000000;\"><span style=\"font-family: Proxima Nova, apple-system, Roboto, Arial, sans-serif;\">Zafira 2.0 8v (Flex) 04..12<\/span><\/span><b><br \/>\n<\/b><\/span><\/span><\/span><\/h3>\n<h3 class=\"western\" align=\"left\"><span style=\"color: #ff0000;\"><span style=\"font-family: Arial, sans-serif;\"><span style=\"font-size: large;\"><span style=\"color: #000000;\"><span style=\"font-family: Proxima Nova, apple-system, Roboto, Arial, sans-serif;\">Blazer 2.4 8v (Flex) 07..12<\/span><\/span><b><br \/>\n<\/b><\/span><\/span><\/span><\/h3>\n<h3 class=\"western\" align=\"left\"><span style=\"color: #ff0000;\"><span style=\"font-family: Arial, sans-serif;\"><span style=\"font-size: large;\"><span style=\"color: #000000;\"><span style=\"font-family: Proxima Nova, apple-system, Roboto, Arial, sans-serif;\">Meriva 1.4 4cil 8v (Flex) 08..12<\/span><\/span><b><br \/>\n<\/b><\/span><\/span><\/span><\/h3>\n<h3 class=\"western\" align=\"left\"><span style=\"color: #ff0000;\"><span style=\"font-family: Arial, sans-serif;\"><span style=\"font-size: large;\"><span style=\"color: #000000;\"><span style=\"font-family: Proxima Nova, apple-system, Roboto, Arial, sans-serif;\">Meriva 1.8 16v (Gasolina) 02..03<\/span><\/span><b><br \/>\n<\/b><\/span><\/span><\/span><\/h3>\n<h3 class=\"western\" align=\"left\"><span style=\"color: #ff0000;\"><span style=\"font-family: Arial, sans-serif;\"><span style=\"font-size: large;\"><span style=\"color: #000000;\"><span style=\"font-family: Proxima Nova, apple-system, Roboto, Arial, sans-serif;\">Meriva 1.8 8v (Gasolina) 02..12<\/span><\/span><b><br \/>\n<\/b><\/span><\/span><\/span><\/h3>\n<h3 class=\"western\" align=\"left\"><span style=\"color: #ff0000;\"><span style=\"font-family: Arial, sans-serif;\"><span style=\"font-size: large;\"><span style=\"color: #000000;\"><span style=\"font-family: Proxima Nova, apple-system, Roboto, Arial, sans-serif;\">Meriva 1.8 8v (Flex) 03..12<\/span><\/span><b><br \/>\n<\/b><\/span><\/span><\/span><\/h3>\n<h3 class=\"western\" align=\"left\"><span style=\"color: #ff0000;\"><span style=\"font-family: Arial, sans-serif;\"><span style=\"font-size: large;\"><span style=\"color: #000000;\"><span style=\"font-family: Proxima Nova, apple-system, Roboto, Arial, sans-serif;\">Montana 1.4 4cil 8v (Flex) 07..10<\/span><\/span><b><br \/>\n<\/b><\/span><\/span><\/span><\/h3>\n<h3 class=\"western\" align=\"left\"><span style=\"color: #ff0000;\"><span style=\"font-family: Arial, sans-serif;\"><span style=\"font-size: large;\"><span style=\"color: #000000;\"><span style=\"font-family: Proxima Nova, apple-system, Roboto, Arial, sans-serif;\">Montana 1.8 8v (Flex) 03..07<\/span><\/span><b><br \/>\n<\/b><\/span><\/span><\/span><\/h3>\n<h3 class=\"western\" align=\"left\"><span style=\"color: #ff0000;\"><span style=\"font-family: Arial, sans-serif;\"><span style=\"font-size: large;\"><span style=\"color: #000000;\"><span style=\"font-family: Proxima Nova, apple-system, Roboto, Arial, sans-serif;\">S10 2.4 8v (Flex) 07..12<\/span><\/span><b><br \/>\n<\/b><\/span><\/span><\/span><\/h3>\n<h3 class=\"western\" align=\"left\"><span style=\"color: #ff0000;\"><span style=\"font-family: Arial, sans-serif;\"><span style=\"font-size: large;\"><span style=\"color: #000000;\"><span style=\"font-family: Proxima Nova, apple-system, Roboto, Arial, sans-serif;\">Vectra 2.0 16V (Flex) 05..06<\/span><\/span><b><br \/>\n<\/b><\/span><\/span><\/span><\/h3>\n<h3 class=\"western\" align=\"left\"><span style=\"color: #ff0000;\"><span style=\"font-family: Arial, sans-serif;\"><span style=\"font-size: large;\"><span style=\"color: #000000;\"><span style=\"font-family: Proxima Nova, apple-system, Roboto, Arial, sans-serif;\">Vectra 2.0 8v (Flex) 05..11<\/span><\/span><b><br \/>\n<\/b><\/span><\/span><\/span><\/h3>\n<h3 class=\"western\" align=\"left\"><span style=\"color: #ff0000;\"><span style=\"font-family: Arial, sans-serif;\"><span style=\"font-size: large;\"><span style=\"color: #000000;\"><span style=\"font-family: Proxima Nova, apple-system, Roboto, Arial, sans-serif;\">Vectra 2.4 16v (Flex) 05..09<\/span><\/span><b><br \/>\n<\/b><\/span><\/span><\/span><\/h3>\n<h3 class=\"western\" align=\"left\"><span style=\"color: #ff0000;\"><span style=\"font-family: Arial, sans-serif;\"><span style=\"font-size: large;\"><span style=\"color: #000000;\"><span style=\"font-family: Proxima Nova, apple-system, Roboto, Arial, sans-serif;\">Astra 2.0 8v (Flex) 04..09<\/span><\/span><\/span><\/span><\/span><\/h3>\n<h3 class=\"western\" align=\"left\"><b><\/b><span style=\"color: #ff0000;\"><span style=\"font-family: Arial, sans-serif;\"><span style=\"font-size: large;\"><b><\/b><span style=\"color: #000000;\"><span style=\"font-family: Proxima Nova, apple-system, Roboto, Arial, sans-serif;\">FORD<\/span><\/span><b><br \/>\n<\/b><\/span><\/span><\/span><\/h3>\n<h3 class=\"western\" align=\"left\"><span style=\"color: #ff0000;\"><span style=\"font-family: Arial, sans-serif;\"><span style=\"font-size: large;\"><span style=\"color: #000000;\"><span style=\"font-family: Proxima Nova, apple-system, Roboto, Arial, sans-serif;\">Ecosport 1.6 8V (Flex) 05..07<\/span><\/span><b><br \/>\n<\/b><\/span><\/span><\/span><\/h3>\n<h3 class=\"western\" align=\"left\"><span style=\"color: #ff0000;\"><span style=\"font-family: Arial, sans-serif;\"><span style=\"font-size: large;\"><span style=\"color: #000000;\"><span style=\"font-family: Proxima Nova, apple-system, Roboto, Arial, sans-serif;\">Ecosport 2.0 16v Duratec (Flex) 04..12<\/span><\/span><b><br \/>\n<\/b><\/span><\/span><\/span><\/h3>\n<h3 class=\"western\" align=\"left\"><span style=\"color: #ff0000;\"><span style=\"font-family: Arial, sans-serif;\"><span style=\"font-size: large;\"><span style=\"color: #000000;\"><span style=\"font-family: Proxima Nova, apple-system, Roboto, Arial, sans-serif;\">Focus 2.0 16v Duratec (Flex) 05..08<\/span><\/span><b><\/b><\/span><\/span><\/span><\/h3>\n<h3 class=\"western\" align=\"left\"><span style=\"color: #ff0000;\"><span style=\"font-family: Arial, sans-serif;\"><span style=\"font-size: large;\"><b><\/b><span style=\"color: #000000;\"><span style=\"font-family: Proxima Nova, apple-system, Roboto, Arial, sans-serif;\">FIAT<\/span><\/span><b><br \/>\n<\/b><\/span><\/span><\/span><\/h3>\n<h3 class=\"western\" align=\"left\"><span style=\"color: #ff0000;\"><span style=\"font-family: Arial, sans-serif;\"><span style=\"font-size: large;\"><span style=\"color: #000000;\"><span style=\"font-family: Proxima Nova, apple-system, Roboto, Arial, sans-serif;\">Stilo 1.8 <\/span><\/span><span style=\"color: #000000;\"><span style=\"font-family: Proxima Nova, apple-system, Roboto, Arial, sans-serif;\">8v <\/span><\/span><span style=\"color: #000000;\"><span style=\"font-family: Proxima Nova, apple-system, Roboto, Arial, sans-serif;\">16v MPI (Gasolina) <\/span><\/span><span style=\"color: #000000;\"><span style=\"font-family: Proxima Nova, apple-system, Roboto, Arial, sans-serif;\">20<\/span><\/span><span style=\"color: #000000;\"><span style=\"font-family: Proxima Nova, apple-system, Roboto, Arial, sans-serif;\">02 <\/span><\/span><span style=\"color: #000000;\"><span style=\"font-family: Proxima Nova, apple-system, Roboto, Arial, sans-serif;\">em diante<\/span><\/span><b><br \/>\n<\/b><\/span><\/span><\/span><\/h3>\n<h3 class=\"western\" align=\"left\"><span style=\"color: #ff0000;\"><span style=\"font-family: Arial, sans-serif;\"><span style=\"font-size: large;\"><span style=\"color: #000000;\"><span style=\"font-family: Proxima Nova, apple-system, Roboto, Arial, sans-serif;\">Stilo 1.8 8v MPI (Flex) 05..10<\/span><\/span><b><\/b><\/span><\/span><\/span><\/h3>\n<h3 class=\"western\" align=\"left\"><span style=\"color: #ff0000;\"><span style=\"font-family: Arial, sans-serif;\"><span style=\"font-size: large;\"><span style=\"color: #000000;\"><span style=\"font-family: Proxima Nova, apple-system, Roboto, Arial, sans-serif;\">Stilo 2.4 5Cil 20v MPI (Gasolina) 2002 <\/span><\/span><span style=\"color: #000000;\"><span style=\"font-family: Proxima Nova, apple-system, Roboto, Arial, sans-serif;\">em diante<\/span><\/span><b><\/b><\/span><\/span><\/span><\/h3>\n<h3 class=\"western\" align=\"left\"><span style=\"color: #ff0000;\"><span style=\"font-family: Arial, sans-serif;\"><span style=\"font-size: large;\"><b><\/b><span style=\"color: #000000;\"><span style=\"font-family: Proxima Nova, apple-system, Roboto, Arial, sans-serif;\">MERCEDES BENZ<\/span><\/span><b><br \/>\n<\/b><\/span><\/span><\/span><\/h3>\n<h3 class=\"western\" align=\"left\"><span style=\"color: #ff0000;\"><span style=\"font-family: Arial, sans-serif;\"><span style=\"font-size: large;\"><span style=\"color: #000000;\"><span style=\"font-family: Proxima Nova, apple-system, Roboto, Arial, sans-serif;\">B200 2.0 16v Turbo (Gasolina) 2008<\/span><\/span><\/span><\/span><\/span><b><\/b><\/h3>\n<h3><span style=\"color: #000000;\"><span style=\"font-family: Proxima Nova, apple-system, Roboto, Arial, sans-serif;\"><span style=\"font-size: large;\">C\u00f3digo <\/span><\/span><\/span><span style=\"color: #000000;\"><span style=\"font-family: Proxima Nova, apple-system, Roboto, Arial, sans-serif;\"><span style=\"font-size: large;\">de Refer\u00eancia:<\/span><\/span><\/span><\/h3>\n<h3 class=\"western\"><span style=\"color: #000000;\"><span style=\"font-family: Proxima Nova, apple-system, Roboto, Arial, sans-serif;\"><span style=\"font-size: large;\">F000DR0218, F 000 DR0 218<\/span><\/span><\/span><\/h3>\n<h5 class=\"western\"><strong>Condi\u00e7\u00f5es:<\/strong><\/h5>\n<h5 class=\"western\">Produto Novo \/ Marca Torken<\/h5>\n<h5 class=\"western\">Especifica\u00e7\u00f5es:<\/h5>\n<h5 class=\"western\"><span style=\"font-family: Proxima Nova, apple-system, Roboto, Arial, sans-serif;\"><span style=\"font-size: x-large;\">3.8 Bar<\/span><\/span><\/h5>\n<h5 class=\"western\"><strong>Garantia:<\/strong><\/h5>\n<h5 class=\"western\">3 Meses<\/h5>\n<h5 class=\"western\"><strong>ATEN\u00c7\u00c3O: Antes de efetuar a compra verifique o c\u00f3digo da sua pe\u00e7a que est\u00e1 instalado no seu ve\u00edculo.<\/strong><\/h5>\n<h5 class=\"western\">A Casa da Inje\u00e7\u00e3o oferece total garantia nos produtos comprados em nosso site.<\/h5>\n<h5 class=\"western\">Cada item \u00e9 rigorosamente testado antes do envio<\/h5>\n<h5 class=\"western\">Se os itens estiverem danificados ou parcialmente defeituosos, entre em contato conosco.<\/h5>\n<h5 class=\"western\">Procure um profissional devidamente licenciado para a instala\u00e7\u00e3o e fa\u00e7a revis\u00f5es periodicamente. A empresa n\u00e3o se responsabiliza por problemas oriundos da m\u00e1 instala\u00e7\u00e3o ou com a falta de cuidados peri\u00f3dicos dos componentes.<\/h5>\n<h5 class=\"western\">Se houver qualquer defeito, n\u00f3s lhe enviaremos uma substitui\u00e7\u00e3o ap\u00f3s receber o pacote ou devolvemos seu dinheiro.<\/h5>\n<h5 class=\"western\">Leia nossa\u00a0<span style=\"color: #0000ff;\"><a href=\"https:\/\/www.casadainjecao.com.br\/loja\/politica-de-devolucao\"><span style=\"color: #243f60;\">pol\u00edtica de devolu\u00e7\u00e3o aqui<\/span><\/a><\/span><\/h5>\n<h5 class=\"western\"><strong>Tem alguma d\u00favida?<\/strong><\/h5>\n<h5 class=\"western\">Entre em contato que podemos ajudar!<\/h5>\n<h5 class=\"western\">Confira as informa\u00e7\u00f5es adicionais abaixo:<\/h5>\n<h5 class=\"western\">Todos os nossos produtos s\u00e3o novos, semi-novos, originais e paralelos possuem garantia.<\/h5>\n<h5 class=\"western\">Todos os produtos anunciados est\u00e3o dispon\u00edveis em estoque e s\u00e3o enviados com extrema rapidez.<\/h5>\n<h5 class=\"western\">O frete pode ser simulado antes de efetuar a compra, basta clicar em \u201cver custos de envio\u201d.<\/h5>\n<h5 class=\"western\">Verifique o endere\u00e7o de entrega cadastrado e atualize caso necess\u00e1rio.<\/h5>\n<h5 class=\"western\">Confirme se a pe\u00e7a \u00e9 correta para o seu modelo de ve\u00edculo.<\/h5>\n<h5 class=\"western\">Para pe\u00e7as automotivas, recomendamos a instala\u00e7\u00e3o por um profissional especializado.<\/h5>\n<h5 class=\"western\">Caso possua outras d\u00favidas, entre em contato.<\/h5>\n","protected":false},"excerpt":{"rendered":"<h2>Regulador Press\u00e3o Gm Corsa Celta Fiat Stilo F000DR0218<\/h2>\n","protected":false},"featured_media":40729,"template":"","meta":{"_seopress_robots_primary_cat":"none","_seopress_titles_title":"","_seopress_titles_desc":"","_seopress_robots_index":"","_joinchat":[]},"product_cat":[257,21,267],"product_tag":[2340,1421,2339,110,113],"berocket_brand":[381,383,384,390],"_links":{"self":[{"href":"https:\/\/www.casadainjecao.com.br\/loja\/wp-json\/wp\/v2\/product\/40724"}],"collection":[{"href":"https:\/\/www.casadainjecao.com.br\/loja\/wp-json\/wp\/v2\/product"}],"about":[{"href":"https:\/\/www.casadainjecao.com.br\/loja\/wp-json\/wp\/v2\/types\/product"}],"wp:featuredmedia":[{"embeddable":true,"href":"https:\/\/www.casadainjecao.com.br\/loja\/wp-json\/wp\/v2\/media\/40729"}],"wp:attachment":[{"href":"https:\/\/www.casadainjecao.com.br\/loja\/wp-json\/wp\/v2\/media?parent=40724"}],"wp:term":[{"taxonomy":"product_cat","embeddable":true,"href":"https:\/\/www.casadainjecao.com.br\/loja\/wp-json\/wp\/v2\/product_cat?post=40724"},{"taxonomy":"product_tag","embeddable":true,"href":"https:\/\/www.casadainjecao.com.br\/loja\/wp-json\/wp\/v2\/product_tag?post=40724"},{"taxonomy":"berocket_brand","embeddable":true,"href":"https:\/\/www.casadainjecao.com.br\/loja\/wp-json\/wp\/v2\/berocket_brand?post=40724"}],"curies":[{"name":"wp","href":"https:\/\/api.w.org\/{rel}","templated":true}]}}