{"id":40919,"date":"2025-07-21T15:21:11","date_gmt":"2025-07-21T18:21:11","guid":{"rendered":"https:\/\/www.casadainjecao.com.br\/loja\/?post_type=product&#038;p=40919"},"modified":"2025-07-21T15:21:12","modified_gmt":"2025-07-21T18:21:12","slug":"tensor-fixo-correia-dentada-duster-original-130775630r","status":"publish","type":"product","link":"https:\/\/www.casadainjecao.com.br\/loja\/autopecas\/motor\/correias\/tensor-fixo-correia-dentada-duster-original-130775630r\/","title":{"rendered":"Tensor Fixo Correia Dentada Duster Original &#8211; 13077563"},"content":{"rendered":"<h1 class=\"ui-pdp-title\">Tensor Fixo Correia Dentada<\/h1>\n<h3 class=\"ui-pdp-title\">Renault<\/h3>\n<h3 class=\"ui-pdp-title\">Captur 2.0 16V F4R &#8211; 2016 A &#8230;.<br \/>\nDuster\u00a0 2.0 16V F4R &#8211; 2015 A &#8230;.<br \/>\nFluence 2.0 16V F4R &#8211; 2011 A 2018<br \/>\nGrand Scenic\u00a0 2.0 16V F4R &#8211; 2008 A 2012<br \/>\nLaguna\u00a0 2.0 16V F4R &#8211; 1998 A 2001<br \/>\nLaguna II\u00a0 2.0 16V F4R &#8211; 2002 A 2004<br \/>\nMegane I Sedan 2.0 16v F4R &#8211; 2001 A 2005<br \/>\nMegane II 2.0 16V F4R &#8211; 2006 A 2013<br \/>\nOroch\u00a0 2.0 16V F4R &#8211; 2015 A &#8230;.<br \/>\nSandero II\u00a0 2.0 16V F4R &#8211; 2016 A &#8230;.<br \/>\nScenic I\u00a0 2.0 16V F4R &#8211; 2001 A 2009<\/h3>\n<h3 class=\"ui-pdp-title\">Codigo:-130775630r<\/h3>\n<h5><strong>Condi\u00e7\u00f5es:<\/strong><\/h5>\n<h5>Produto Novo Original<\/h5>\n<h5><strong>Garantia:<\/strong><\/h5>\n<h5>3 Meses<\/h5>\n<h5><strong>ATEN\u00c7\u00c3O: Antes de efetuar a compra verifique o c\u00f3digo da sua pe\u00e7a que est\u00e1 instalado no seu ve\u00edculo.<\/strong><\/h5>\n<h5>A Casa da Inje\u00e7\u00e3o SP oferece total garantia nos produtos comprados em nosso site.<\/h5>\n<h5>Cada item \u00e9 rigorosamente inspecionado \u00a0antes do envio<\/h5>\n<h5>Se os itens estiverem danificados ou parcialmente defeituosos, entre em contato conosco.<\/h5>\n<h5>Procure um profissional devidamente licenciado para a instala\u00e7\u00e3o e fa\u00e7a revis\u00f5es periodicamente. A empresa n\u00e3o se responsabiliza por problemas oriundos da m\u00e1 instala\u00e7\u00e3o ou com a falta de cuidados peri\u00f3dicos dos componentes.<\/h5>\n<h5>Se houver qualquer defeito, ficamos a disposi\u00e7\u00e3o para a substitui\u00e7\u00e3o ou devolvemos seu dinheiro.<\/h5>\n<h5><strong>Tem alguma d\u00favida?<\/strong><\/h5>\n<h5>Entre em contato que podemos ajudar!<\/h5>\n<h5>Confira as informa\u00e7\u00f5es adicionais abaixo:<\/h5>\n<h5>Todos os produtos anunciados est\u00e3o dispon\u00edveis em estoque e s\u00e3o enviados com extrema rapidez .<\/h5>\n<h5>O frete pode ser simulado antes de efetuar a compra, basta clicar em \u201cver custos de envio\u201d.<\/h5>\n<h5>Verifique o endere\u00e7o de entrega cadastrado e atualize caso necess\u00e1rio.<\/h5>\n<h5>Confirme se a pe\u00e7a \u00e9 correta para o seu modelo de ve\u00edculo.<\/h5>\n<h5>Para pe\u00e7as automotivas, recomendamos a instala\u00e7\u00e3o por um profissional especializado.<\/h5>\n<h5>Caso possua outras d\u00favidas, entre em contato.<\/h5>\n<h1 class=\"ui-pdp-title\"><\/h1>\n","protected":false},"excerpt":{"rendered":"<h2>Tensor Fixo Correia Dentada Duster Original &#8211; 130775630r<\/h2>\n","protected":false},"featured_media":40926,"template":"","meta":{"_seopress_robots_primary_cat":"none","_seopress_titles_title":"","_seopress_titles_desc":"","_seopress_robots_index":"","_joinchat":[]},"product_cat":[213,22,1523],"product_tag":[173,52,128,50,1203,91,51],"berocket_brand":[394],"_links":{"self":[{"href":"https:\/\/www.casadainjecao.com.br\/loja\/wp-json\/wp\/v2\/product\/40919"}],"collection":[{"href":"https:\/\/www.casadainjecao.com.br\/loja\/wp-json\/wp\/v2\/product"}],"about":[{"href":"https:\/\/www.casadainjecao.com.br\/loja\/wp-json\/wp\/v2\/types\/product"}],"wp:featuredmedia":[{"embeddable":true,"href":"https:\/\/www.casadainjecao.com.br\/loja\/wp-json\/wp\/v2\/media\/40926"}],"wp:attachment":[{"href":"https:\/\/www.casadainjecao.com.br\/loja\/wp-json\/wp\/v2\/media?parent=40919"}],"wp:term":[{"taxonomy":"product_cat","embeddable":true,"href":"https:\/\/www.casadainjecao.com.br\/loja\/wp-json\/wp\/v2\/product_cat?post=40919"},{"taxonomy":"product_tag","embeddable":true,"href":"https:\/\/www.casadainjecao.com.br\/loja\/wp-json\/wp\/v2\/product_tag?post=40919"},{"taxonomy":"berocket_brand","embeddable":true,"href":"https:\/\/www.casadainjecao.com.br\/loja\/wp-json\/wp\/v2\/berocket_brand?post=40919"}],"curies":[{"name":"wp","href":"https:\/\/api.w.org\/{rel}","templated":true}]}}