{"id":41086,"date":"2025-08-26T10:34:41","date_gmt":"2025-08-26T13:34:41","guid":{"rendered":"https:\/\/www.casadainjecao.com.br\/loja\/?post_type=product&#038;p=41086"},"modified":"2026-04-13T11:14:52","modified_gmt":"2026-04-13T14:14:52","slug":"rele-mini-auxiliar-4-pinos-12v-30a-fiesta-vectra-escort-86ag7k057aa","status":"publish","type":"product","link":"https:\/\/www.casadainjecao.com.br\/loja\/autopecas\/eletrica\/reles\/rele-mini-auxiliar-4-pinos-12v-30a-fiesta-vectra-escort-86ag7k057aa\/","title":{"rendered":"Rele Mini Auxiliar 4 Pinos 12v 30a Fiesta Vectra Escort 86AG"},"content":{"rendered":"<h1>Rele Auxiliar 4 Pinos<\/h1>\n<h3>Fiat<\/h3>\n<h3>Uno<\/h3>\n<h3>\u00a0Elba<\/h3>\n<h3>\u00a0Tempra<\/h3>\n<h3>Ford Mondeo clx 1995<\/h3>\n<h3>Del Rey<\/h3>\n<h3>Escort Argentino<\/h3>\n<h3>Escort<\/h3>\n<h3>Verona<\/h3>\n<h3>Fiesta<\/h3>\n<h3>\u00a0GM<\/h3>\n<h3>Ipanema<\/h3>\n<h3>Corsa Todos<\/h3>\n<h3>\u00a0Monza<\/h3>\n<h3>Kadett<\/h3>\n<h3>Omega<\/h3>\n<h3>Vectra<\/h3>\n<h3>S-10<\/h3>\n<h3>VW<\/h3>\n<h3>Pointer<\/h3>\n<h3>Gol<\/h3>\n<h3>Santana<\/h3>\n<h3>Logus<\/h3>\n<h3>Saveiro<\/h3>\n<h3>C\u00f3digo de Refer\u00eancia:<\/h3>\n<h3>86AG7K057AA<\/h3>\n<h5><strong>Condi\u00e7\u00f5es:<\/strong><\/h5>\n<h5><strong>Produto Novo Original \/ Marca Ford<\/strong><\/h5>\n<h5>Especifica\u00e7\u00f5es:<\/h5>\n<h5>Voltagem: 12v, Corrente\u00a030\u00aa, 4 terminais<\/h5>\n<h5><strong>Garantia:<\/strong><\/h5>\n<h5><strong>3 Meses<\/strong><\/h5>\n<h5><strong>ATEN\u00c7\u00c3O: Antes de efetuar a compra verifique o c\u00f3digo da sua pe\u00e7a que est\u00e1 instalado no seu ve\u00edculo.<\/strong><\/h5>\n<h5><strong>A Casa da Inje\u00e7\u00e3o oferece total garantia nos produtos comprados em nosso site.<\/strong><\/h5>\n<h5><strong>Cada item \u00e9 rigorosamente testado antes do envio<\/strong><\/h5>\n<h5><strong>Se os itens estiverem danificados ou parcialmente defeituosos, entre em contato conosco.<\/strong><\/h5>\n<h5><strong>Procure um profissional devidamente licenciado para a instala\u00e7\u00e3o e fa\u00e7a revis\u00f5es periodicamente. A empresa n\u00e3o se responsabiliza por problemas oriundos da m\u00e1 instala\u00e7\u00e3o ou com a falta de cuidados peri\u00f3dicos dos componentes.<\/strong><\/h5>\n<h5><strong>Se houver qualquer defeito, n\u00f3s lhe enviaremos uma substitui\u00e7\u00e3o ap\u00f3s receber o pacote ou devolvemos seu dinheiro.<\/strong><\/h5>\n<h5><strong>Leia nossa\u00a0<\/strong><a href=\"https:\/\/www.casadainjecao.com.br\/loja\/politica-de-devolucao\"><strong>pol\u00edtica de devolu\u00e7\u00e3o aqui<\/strong><\/a><\/h5>\n<h5><strong>Tem alguma d\u00favida?<\/strong><\/h5>\n<h5><strong>Entre em contato que podemos ajudar!<\/strong><\/h5>\n<h5><strong>Confira as informa\u00e7\u00f5es adicionais abaixo:<\/strong><\/h5>\n<h5><strong>Todos os nossos produtos s\u00e3o novos, semi-novos, originais e paralelos possuem garantia.<\/strong><\/h5>\n<h5><strong>Todos os produtos anunciados est\u00e3o dispon\u00edveis em estoque e s\u00e3o enviados com extrema rapidez.<\/strong><\/h5>\n<h5><strong>O frete pode ser simulado antes de efetuar a compra, basta clicar em \u201cver custos de envio\u201d.<\/strong><\/h5>\n<h5><strong>Verifique o endere\u00e7o de entrega cadastrado e atualize caso necess\u00e1rio.<\/strong><\/h5>\n<h5><strong>Confirme se a pe\u00e7a \u00e9 correta para o seu modelo de ve\u00edculo.<\/strong><\/h5>\n<h5><strong>Para pe\u00e7as automotivas, recomendamos a instala\u00e7\u00e3o por um profissional especializado.<\/strong><\/h5>\n<h5><strong>Caso possua outras d\u00favidas, entre em contato.<\/strong><\/h5>\n","protected":false},"excerpt":{"rendered":"<h2>Rel\u00e9 Auxiliar 4 Pinos 12v 30a Fiesta Vectra Escort 86AG7K057AA<\/h2>\n","protected":false},"featured_media":41088,"template":"","meta":{"_seopress_robots_primary_cat":"none","_seopress_titles_title":"","_seopress_titles_desc":"","_seopress_robots_index":"","_joinchat":[]},"product_cat":[17,153],"product_tag":[850,1368,59,1647,1525,283,1548,1526,282,159,60],"berocket_brand":[381,383,384,396],"_links":{"self":[{"href":"https:\/\/www.casadainjecao.com.br\/loja\/wp-json\/wp\/v2\/product\/41086"}],"collection":[{"href":"https:\/\/www.casadainjecao.com.br\/loja\/wp-json\/wp\/v2\/product"}],"about":[{"href":"https:\/\/www.casadainjecao.com.br\/loja\/wp-json\/wp\/v2\/types\/product"}],"wp:featuredmedia":[{"embeddable":true,"href":"https:\/\/www.casadainjecao.com.br\/loja\/wp-json\/wp\/v2\/media\/41088"}],"wp:attachment":[{"href":"https:\/\/www.casadainjecao.com.br\/loja\/wp-json\/wp\/v2\/media?parent=41086"}],"wp:term":[{"taxonomy":"product_cat","embeddable":true,"href":"https:\/\/www.casadainjecao.com.br\/loja\/wp-json\/wp\/v2\/product_cat?post=41086"},{"taxonomy":"product_tag","embeddable":true,"href":"https:\/\/www.casadainjecao.com.br\/loja\/wp-json\/wp\/v2\/product_tag?post=41086"},{"taxonomy":"berocket_brand","embeddable":true,"href":"https:\/\/www.casadainjecao.com.br\/loja\/wp-json\/wp\/v2\/berocket_brand?post=41086"}],"curies":[{"name":"wp","href":"https:\/\/api.w.org\/{rel}","templated":true}]}}